{"id":3295,"date":"2025-06-03T22:52:23","date_gmt":"2025-06-03T19:52:23","guid":{"rendered":"https:\/\/tammetorubbq.ee\/?post_type=product&#038;p=3295"},"modified":"2026-04-28T05:00:17","modified_gmt":"2026-04-28T02:00:17","slug":"grillep-premium-grila-granulas-alksnis-8kg-fsc100","status":"publish","type":"product","link":"https:\/\/tammetorubbq.ee\/lv\/toode\/grillep-premium-grillpellet-lepp-8kg-fsc100\/","title":{"rendered":"GRILLEP premium grila granulas LEPP 8kg (FSC100%)"},"content":{"rendered":"<h3 data-start=\"1451\" data-end=\"1471\">\ud83d\udce6 <strong data-start=\"1458\" data-end=\"1471\">Inform\u0101cija par produktu<\/strong><\/h3>\n<ul data-start=\"1473\" data-end=\"1665\">\n<li data-start=\"1473\" data-end=\"1495\">\n<p data-start=\"1475\" data-end=\"1495\"><strong data-start=\"1475\" data-end=\"1484\">Z\u012bmols<\/strong>: GRILLEP<\/p>\n<\/li>\n<li data-start=\"1496\" data-end=\"1528\">\n<p data-start=\"1498\" data-end=\"1528\"><strong data-start=\"1498\" data-end=\"1511\">Produkta veids<\/strong>: Grila granulas<\/p>\n<\/li>\n<li data-start=\"1529\" data-end=\"1547\">\n<p data-start=\"1531\" data-end=\"1547\"><strong data-start=\"1531\" data-end=\"1539\">Puit<\/strong>: Lepp<\/p>\n<\/li>\n<li data-start=\"1548\" data-end=\"1566\">\n<p data-start=\"1550\" data-end=\"1566\"><strong data-start=\"1550\" data-end=\"1558\">Svars<\/strong>: 8 kg<\/p>\n<\/li>\n<li data-start=\"1567\" data-end=\"1597\">\n<p data-start=\"1569\" data-end=\"1597\"><strong data-start=\"1569\" data-end=\"1584\">Sertifik\u0101ts<\/strong>: FSC\u00ae 100%<\/p>\n<\/li>\n<li data-start=\"1598\" data-end=\"1665\">\n<p data-start=\"1600\" data-end=\"1665\"><strong data-start=\"1600\" data-end=\"1611\">Pieejams vietn\u0113<\/strong>: D\u016bmu kr\u0101snis, D\u016bmu kr\u0101snis, D\u016bmu detektori, D\u016bmu grili, Granulu grili<\/p>\n<\/li>\n<\/ul>\n<h3 data-start=\"1231\" data-end=\"1274\">\ud83c\udf31 <strong data-start=\"1238\" data-end=\"1274\">Dabiski lab\u0101ka gril\u0113\u0161anas pieredze<\/strong><\/h3>\n<p data-start=\"1276\" data-end=\"1444\">Ciedra koksne ir viena no vispla\u0161\u0101k izmantotaj\u0101m k\u016bpin\u0101taj\u0101m koksn\u0113m Zieme\u013cvalst\u012bs, un tam ir pamatots iemesls. T\u0101s d\u016bmi ir maigi un l\u012bdzsvaroti, t\u0101p\u0113c t\u0101 ir univers\u0101la izv\u0113le ikvienam grila meistaram.<\/p>","protected":false},"excerpt":{"rendered":"<p data-start=\"109\" data-end=\"190\"><strong data-start=\"109\" data-end=\"190\">Klasiska d\u016bmu gar\u0161a no dab\u012bgas cietkoksnes - t\u012bra, stabila un efekt\u012bva!<\/strong><\/p>\n<p data-start=\"192\" data-end=\"523\">GRILLEP Premium pap\u012bra kartona b\u0101rbekj\u016b granulas ir lieliska izv\u0113le tiem, kas v\u0113las \u0113dieniem pie\u0161\u0137irt autentisku un maigu d\u016bmu gar\u0161u. Izgatavotas no 100% dab\u012bgas cietkoksnes bez \u0137\u012bmisk\u0101m piedev\u0101m vai l\u012bmes. Ide\u0101li piem\u0113rotas ga\u013cas, zivju un d\u0101rze\u0146u k\u016bpin\u0101\u0161anai uz granulu griliem vai d\u016bmus saturo\u0161iem griliem.<\/p>\n<p><strong>GRILLEP Premium grila granulas - jaunais slepenais ierocis j\u016bsu grilam!<\/strong><\/p>\n<p><strong>Piem\u0113rots izmanto\u0161anai granulu gril\u0113s, d\u016bmu un picu kr\u0101sn\u012bs.<\/strong><\/p>\n<h3 data-start=\"905\" data-end=\"922\"><strong data-start=\"911\" data-end=\"922\">Ieguvumi<\/strong><\/h3>\n<p data-start=\"926\" data-end=\"957\">\u2714\ufe0f \u0100tra un vienm\u0113r\u012bga aizdeg\u0161an\u0101s<\/p>\n<p>\u2714\ufe0f Zems pelnu saturs - viegli t\u012br\u0101ms<\/p>\n<p>\u2714\ufe0f Ide\u0101li piem\u0113rots c\u016bkga\u013cas, zivju, m\u0101jputnu ga\u013cas un d\u0101rze\u0146u k\u016bpin\u0101\u0161anai.<\/p>\n<p data-start=\"1084\" data-end=\"1163\">\u2714\ufe0f Maigais gar\u0161as profils - nedomin\u0113, bet papildina \u0113diena dabisko gar\u0161u.<\/p>\n<p data-start=\"1084\" data-end=\"1163\">\u2714\ufe0f FSC sertifik\u0101cija - ilgtsp\u0113j\u012bga un videi draudz\u012bga izv\u0113le<\/p>\n<h3 data-start=\"530\" data-end=\"555\"><strong data-start=\"537\" data-end=\"555\">Produkta \u012bpa\u0161\u012bbas<\/strong><\/h3>\n<ul data-start=\"557\" data-end=\"898\">\n<li data-start=\"557\" data-end=\"642\">\n<p data-start=\"559\" data-end=\"642\"><strong data-start=\"559\" data-end=\"567\">Puit<\/strong>: 100% dabisk\u0101 alksne - nesatur saistvielas, \u0137imik\u0101lijas vai pildvielas.<\/p>\n<\/li>\n<li data-start=\"643\" data-end=\"697\">\n<p data-start=\"645\" data-end=\"697\"><strong data-start=\"645\" data-end=\"653\">Svars<\/strong>: 8 kg - pietiek vair\u0101kiem griliem<\/p>\n<\/li>\n<li data-start=\"698\" data-end=\"761\">\n<p data-start=\"700\" data-end=\"761\"><strong data-start=\"700\" data-end=\"717\">Gar\u0161as profils<\/strong>: Klasiska, viegla un maiga d\u016bmu gar\u0161a<\/p>\n<\/li>\n<li data-start=\"762\" data-end=\"825\">\n<p data-start=\"764\" data-end=\"825\"><strong data-start=\"764\" data-end=\"772\">Tips<\/strong>: Premium klases granulas - vien\u0101da izm\u0113ra un t\u012bra sadeg\u0161ana<\/p>\n<\/li>\n<li data-start=\"826\" data-end=\"898\">\n<p data-start=\"828\" data-end=\"898\"><strong data-start=\"828\" data-end=\"843\">Sertifik\u0101ts<\/strong>: <strong data-start=\"845\" data-end=\"858\">FSC\u00ae 100%<\/strong> - atbild\u012bga me\u017eu apsaimnieko\u0161ana<\/p>\n<\/li>\n<\/ul>\n<p><img loading=\"lazy\" decoding=\"async\" class=\"alignnone wp-image-3290\" src=\"http:\/\/tammetorubbq.ee\/wp-content\/uploads\/2023\/12\/Grillep_Logo-300x200.png\" alt=\"FSC 100%\" width=\"150\" height=\"100\" srcset=\"https:\/\/tammetorubbq.ee\/wp-content\/uploads\/2023\/12\/Grillep_Logo-300x200.png 300w, https:\/\/tammetorubbq.ee\/wp-content\/uploads\/2023\/12\/Grillep_Logo-1024x681.png 1024w, https:\/\/tammetorubbq.ee\/wp-content\/uploads\/2023\/12\/Grillep_Logo-768x511.png 768w, https:\/\/tammetorubbq.ee\/wp-content\/uploads\/2023\/12\/Grillep_Logo-18x12.png 18w, https:\/\/tammetorubbq.ee\/wp-content\/uploads\/2023\/12\/Grillep_Logo-600x399.png 600w, https:\/\/tammetorubbq.ee\/wp-content\/uploads\/2023\/12\/Grillep_Logo-64x43.png 64w, https:\/\/tammetorubbq.ee\/wp-content\/uploads\/2023\/12\/Grillep_Logo.png 1203w\" sizes=\"auto, (max-width: 150px) 100vw, 150px\" \/><img loading=\"lazy\" decoding=\"async\" class=\"alignnone wp-image-3289\" src=\"http:\/\/tammetorubbq.ee\/wp-content\/uploads\/2023\/12\/FSC-100.svg\" alt=\"\" width=\"67\" height=\"97\" \/><\/p>","protected":false},"featured_media":3296,"comment_status":"open","ping_status":"closed","template":"","meta":{"_uf_show_specific_survey":0,"_uf_disable_surveys":false},"pwb-brand":[151],"product_brand":[],"product_cat":[54],"product_tag":[],"class_list":{"0":"post-3295","1":"product","2":"type-product","3":"status-publish","4":"has-post-thumbnail","6":"pwb-brand-grillep","7":"product_cat-puidupellet","9":"first","10":"instock","11":"taxable","12":"shipping-taxable","13":"purchasable","14":"product-type-simple"},"brands":[{"id":151,"name":"Krikets","slug":"barbekju-2"}],"_links":{"self":[{"href":"https:\/\/tammetorubbq.ee\/lv\/wp-json\/wp\/v2\/product\/3295","targetHints":{"allow":["GET"]}}],"collection":[{"href":"https:\/\/tammetorubbq.ee\/lv\/wp-json\/wp\/v2\/product"}],"about":[{"href":"https:\/\/tammetorubbq.ee\/lv\/wp-json\/wp\/v2\/types\/product"}],"replies":[{"embeddable":true,"href":"https:\/\/tammetorubbq.ee\/lv\/wp-json\/wp\/v2\/comments?post=3295"}],"wp:featuredmedia":[{"embeddable":true,"href":"https:\/\/tammetorubbq.ee\/lv\/wp-json\/wp\/v2\/media\/3296"}],"wp:attachment":[{"href":"https:\/\/tammetorubbq.ee\/lv\/wp-json\/wp\/v2\/media?parent=3295"}],"wp:term":[{"taxonomy":"pwb-brand","embeddable":true,"href":"https:\/\/tammetorubbq.ee\/lv\/wp-json\/wp\/v2\/pwb-brand?post=3295"},{"taxonomy":"product_brand","embeddable":true,"href":"https:\/\/tammetorubbq.ee\/lv\/wp-json\/wp\/v2\/product_brand?post=3295"},{"taxonomy":"product_cat","embeddable":true,"href":"https:\/\/tammetorubbq.ee\/lv\/wp-json\/wp\/v2\/product_cat?post=3295"},{"taxonomy":"product_tag","embeddable":true,"href":"https:\/\/tammetorubbq.ee\/lv\/wp-json\/wp\/v2\/product_tag?post=3295"}],"curies":[{"name":"wp","href":"https:\/\/api.w.org\/{rel}","templated":true}]}}