{"id":3309,"date":"2025-06-06T16:33:26","date_gmt":"2025-06-06T13:33:26","guid":{"rendered":"https:\/\/tammetorubbq.ee\/?post_type=product&#038;p=3309"},"modified":"2026-04-15T04:00:09","modified_gmt":"2026-04-15T01:00:09","slug":"kosmos-q-medus-chipotle-killer-bee-rub-357g","status":"publish","type":"product","link":"https:\/\/tammetorubbq.ee\/lv\/product-2\/kosmos-q-medus-chipotle-killer-bee-rub-357g\/","title":{"rendered":"Kosmo`s Q Honey Chipotle Killer Bee Rub 357g"},"content":{"rendered":"<p>Sast\u0101vs: cukurs, s\u0101ls, medus pulveris (rafin\u0113ts s\u012brups, medus), gar\u0161vielas, tostarp paprika, \u010dipotle, dekstroze, kalt\u0113ti \u0137iploki, selerijas, ne vair\u0101k k\u0101 2% sil\u012bcija dioks\u012bda, lai nov\u0113rstu sa\u0137ep\u0161anu, un paprikas ekstrakts.<\/p>\n<p>Bez lipek\u013ca | BBQ-tested by experts<\/p>","protected":false},"excerpt":{"rendered":"<p><strong>Salds, d\u016bmakains un pikants ar pareizo l\u012bdzsvaru.<\/strong><\/p>\n<p>Atkl\u0101jiet Kosmo Q Honey \ud83c\udf6f Honey Chipotle Killer \ud83d\udc1dBee Rub - augst\u0101k\u0101s kvalit\u0101tes BBQ gar\u0161vielu mais\u012bjumu, kas apvieno dab\u012bg\u0101 medus saldumu ar d\u016bmakaino chipotle piparu pikantumu. \u0160is pasaules klases rub\u012bns ir lieliski piem\u0113rots c\u016bkga\u013cai, vistas ga\u013cai, liellopu ga\u013cai, ribi\u0146\u0101m un pat d\u0101rze\u0146iem. Killer Bee Rub nesatur lipekli un ir izstr\u0101d\u0101ts sacens\u012bbu l\u012bme\u0146a rezult\u0101tu sasnieg\u0161anai.<\/p>\n<p>\ud83d\udca3 Lieliski piem\u0113rots ribi\u0146u, c\u016bkga\u013cas, liellopu ga\u013cas, vistas ga\u013cas un pat d\u0101rze\u0146u gar\u0161vielu pagatavo\u0161anai.<br data-start=\"555\" data-end=\"558\" \/>\ud83d\udc1d Medus + chipotle = gar\u0161as bumba, kas jebkuru gril\u0113\u0161anu padar\u012bs par piedz\u012bvojumu!<br data-start=\"623\" data-end=\"626\" \/>\ud83c\udfc6 Viens no amerik\u0101\u0146u BBQ konkursu favor\u012btiem - tagad pieejams ar\u012b Igaunij\u0101!<\/p>\n<p>Kosmo`s Q \ud83c\udf6f Honey Chipotle Killer \ud83d\udc1d Bee ir ide\u0101la BBQ gar\u0161viela tiem, kam pat\u012bk l\u012bdzsvars starp saldumu un d\u016bmakainu karstumu. Medus izce\u013c bag\u0101t\u012bgu karame\u013cu m\u0101ku, savuk\u0101rt \u010dipotle pie\u0161\u0137ir perfektu d\u016bmakainu gar\u0161vielu, kas atmodina visas ma\u0146as.<\/p>\n<p><em>\"Killer Bee ir k\u0101 salds sk\u016bpsts, kam seko pikanta \u0161\u0137ipsna!\"<\/em><\/p>\n<p><strong data-start=\"0\" data-end=\"12\" data-is-only-node=\"\">\ud83d\udca1 Pro-tip:<\/strong> Uzkl\u0101jiet Killer Bee berz\u0113jumu uz ga\u013cas 30-60 min\u016btes pirms cep\u0161anas uz grila vai k\u016bpin\u0101\u0161anas, lai ga\u013ca patie\u0161\u0101m ies\u016bktos. Lai ieg\u016btu v\u0113l intens\u012bv\u0101ku rezult\u0101tu, \u013caujiet ga\u013cai ar gar\u0161viel\u0101m nost\u0101v\u0113ties ledusskap\u012b visu nakti. Un, ja v\u0113laties ieg\u016bt piln\u012bgi jauna l\u012bme\u0146a gar\u0161u, kombin\u0113jiet to ar Kosmo`s Q BBQ m\u0113rci.<\/p>\n<p><img loading=\"lazy\" decoding=\"async\" class=\"wp-image-1698\" src=\"http:\/\/tammetorubbq.ee\/wp-content\/uploads\/2024\/05\/Kosmos-Q-logo.avif\" alt=\"Kosmo Q\" width=\"120\" height=\"90\" srcset=\"https:\/\/tammetorubbq.ee\/wp-content\/uploads\/2024\/05\/Kosmos-Q-logo.avif 258w, https:\/\/tammetorubbq.ee\/wp-content\/uploads\/2024\/05\/Kosmos-Q-logo-16x12.avif 16w, https:\/\/tammetorubbq.ee\/wp-content\/uploads\/2024\/05\/Kosmos-Q-logo-64x48.avif 64w\" sizes=\"auto, (max-width: 120px) 100vw, 120px\" \/><\/p>","protected":false},"featured_media":3310,"comment_status":"open","ping_status":"closed","template":"","meta":{"_uf_show_specific_survey":0,"_uf_disable_surveys":false},"pwb-brand":[81],"product_brand":[],"product_cat":[21],"product_tag":[118,159,121,166,114,122],"class_list":{"0":"post-3309","1":"product","2":"type-product","3":"status-publish","4":"has-post-thumbnail","6":"pwb-brand-kosmos-q","7":"product_cat-maitseainesegud","8":"product_tag-kanaliha","9":"product_tag-kanatiivad","10":"product_tag-koogiviljad","11":"product_tag-rebitudliha","12":"product_tag-sealiha","13":"product_tag-searibi","15":"first","16":"outofstock","17":"taxable","18":"shipping-taxable","19":"purchasable","20":"product-type-simple"},"brands":[{"id":81,"name":"Kosmo Q","slug":"kosmos-q"}],"_links":{"self":[{"href":"https:\/\/tammetorubbq.ee\/lv\/wp-json\/wp\/v2\/product\/3309","targetHints":{"allow":["GET"]}}],"collection":[{"href":"https:\/\/tammetorubbq.ee\/lv\/wp-json\/wp\/v2\/product"}],"about":[{"href":"https:\/\/tammetorubbq.ee\/lv\/wp-json\/wp\/v2\/types\/product"}],"replies":[{"embeddable":true,"href":"https:\/\/tammetorubbq.ee\/lv\/wp-json\/wp\/v2\/comments?post=3309"}],"wp:featuredmedia":[{"embeddable":true,"href":"https:\/\/tammetorubbq.ee\/lv\/wp-json\/wp\/v2\/media\/3310"}],"wp:attachment":[{"href":"https:\/\/tammetorubbq.ee\/lv\/wp-json\/wp\/v2\/media?parent=3309"}],"wp:term":[{"taxonomy":"pwb-brand","embeddable":true,"href":"https:\/\/tammetorubbq.ee\/lv\/wp-json\/wp\/v2\/pwb-brand?post=3309"},{"taxonomy":"product_brand","embeddable":true,"href":"https:\/\/tammetorubbq.ee\/lv\/wp-json\/wp\/v2\/product_brand?post=3309"},{"taxonomy":"product_cat","embeddable":true,"href":"https:\/\/tammetorubbq.ee\/lv\/wp-json\/wp\/v2\/product_cat?post=3309"},{"taxonomy":"product_tag","embeddable":true,"href":"https:\/\/tammetorubbq.ee\/lv\/wp-json\/wp\/v2\/product_tag?post=3309"}],"curies":[{"name":"wp","href":"https:\/\/api.w.org\/{rel}","templated":true}]}}