{"id":3370,"date":"2025-06-17T11:15:15","date_gmt":"2025-06-17T08:15:15","guid":{"rendered":"https:\/\/tammetorubbq.ee\/?post_type=product&#038;p=3370"},"modified":"2026-04-15T03:00:02","modified_gmt":"2026-04-15T00:00:02","slug":"suncity-bbq-francu-fri-kartupelu-grila-berzesana-280g","status":"publish","type":"product","link":"https:\/\/tammetorubbq.ee\/lv\/product-2\/suncity-bbq-francu-fri-kartupelu-grila-berzesana-280g\/","title":{"rendered":"SunCity BBQ French Fry Grill Rub 280g"},"content":{"rendered":"<p><strong data-start=\"305\" data-end=\"321\">Sast\u0101vda\u013cas:<\/strong> galda s\u0101ls, malta paprika, br\u016bnais cukurs, \u0137iploku granulas, rozmar\u012bns, malti melnie pipari.<\/p>\n<p>&nbsp;<\/p>\n<p><strong data-start=\"56\" data-end=\"100\">Vid\u0113j\u0101 uzturv\u0113rt\u012bba uz 100 g produkta:<\/strong><\/p>\n<p>Ener\u0123ija: 473 kJ \/ 113 kcal<br data-start=\"128\" data-end=\"131\" \/>Tauki: 2,4 g, tostarp pies\u0101tin\u0101t\u0101s tauksk\u0101bes: 0,6 g.<br data-start=\"203\" data-end=\"206\" \/>Og\u013chidr\u0101ti: 14,0 g, t. sk. cukuru: 11,5 g<br data-start=\"270\" data-end=\"273\" \/>Olbaltumvielas: 4,2 g<br data-start=\"286\" data-end=\"289\" \/>S\u0101ls: 60,0 g<\/p>\n<p>&nbsp;<\/p>","protected":false},"excerpt":{"rendered":"<p data-start=\"114\" data-end=\"329\">Padariet savus fr\u012b kartupe\u013cus par \u012bstu gar\u0161as baud\u012bjumu! <strong data-start=\"164\" data-end=\"200\">SunCity BBQ Fran\u010du fr\u012b grils Grilu berz\u0113jums<\/strong> ir \u012bpa\u0161i izstr\u0101d\u0101ts, lai parastos kartupe\u013cus padar\u012btu jaun\u0101 l\u012bmen\u012b - neatkar\u012bgi no t\u0101, vai tie tiek gatavoti cepe\u0161kr\u0101sn\u012b, pann\u0101 vai uz grila.<\/p>\n<p data-start=\"331\" data-end=\"580\">\u0160is gar\u0161\u012bgais mais\u012bjums apvieno <strong data-start=\"362\" data-end=\"400\">\u0137iploki, melnie pipari un timi\u0101ns<\/strong>, radot perfektu l\u012bdzsvaru starp pikantumu un zemes gar\u0161u. Lieliski piem\u0113rots ne tikai fr\u012b kartupe\u013ciem, bet ar\u012b <strong data-start=\"505\" data-end=\"561\">tvaic\u0113ti kartupe\u013ci, vistas ga\u013ca, pikanti p\u012br\u0101gi un p\u012br\u0101dzi\u0146i.<\/strong> gar\u0161viel\u0101m.<\/p>\n<p data-start=\"331\" data-end=\"580\">\ud83d\udca1 <strong data-start=\"595\" data-end=\"607\">Profesion\u0101\u013cu padoms: <\/strong>Sajauc ar nedaudz e\u013c\u013cas, lai pagatavotu vienk\u0101r\u0161u un gardu marin\u0101di ga\u013cai vai d\u0101rze\u0146iem.<\/p>\n<p><img loading=\"lazy\" decoding=\"async\" class=\"wp-image-2024\" src=\"http:\/\/tammetorubbq.ee\/wp-content\/uploads\/2024\/11\/SunCity-BBQ-logo-1-300x251.png\" alt=\"SunCity BBQ logotips\" width=\"118\" height=\"99\" srcset=\"https:\/\/tammetorubbq.ee\/wp-content\/uploads\/2024\/11\/SunCity-BBQ-logo-1-300x251.png 300w, https:\/\/tammetorubbq.ee\/wp-content\/uploads\/2024\/11\/SunCity-BBQ-logo-1-768x644.png 768w, https:\/\/tammetorubbq.ee\/wp-content\/uploads\/2024\/11\/SunCity-BBQ-logo-1-14x12.png 14w, https:\/\/tammetorubbq.ee\/wp-content\/uploads\/2024\/11\/SunCity-BBQ-logo-1-600x503.png 600w, https:\/\/tammetorubbq.ee\/wp-content\/uploads\/2024\/11\/SunCity-BBQ-logo-1-64x54.png 64w, https:\/\/tammetorubbq.ee\/wp-content\/uploads\/2024\/11\/SunCity-BBQ-logo-1.png 940w\" sizes=\"auto, (max-width: 118px) 100vw, 118px\" \/><\/p>","protected":false},"featured_media":3372,"comment_status":"open","ping_status":"closed","template":"","meta":{"_uf_show_specific_survey":0,"_uf_disable_surveys":false},"pwb-brand":[180],"product_brand":[],"product_cat":[21],"product_tag":[179,118,121],"class_list":{"0":"post-3370","1":"product","2":"type-product","3":"status-publish","4":"has-post-thumbnail","6":"pwb-brand-suncity-bbq","7":"product_cat-maitseainesegud","8":"product_tag-friikartul","9":"product_tag-kanaliha","10":"product_tag-koogiviljad","12":"first","13":"instock","14":"taxable","15":"shipping-taxable","16":"purchasable","17":"product-type-simple"},"brands":[{"id":180,"name":"SunCity BBQ","slug":"suncity-bbq"}],"_links":{"self":[{"href":"https:\/\/tammetorubbq.ee\/lv\/wp-json\/wp\/v2\/product\/3370","targetHints":{"allow":["GET"]}}],"collection":[{"href":"https:\/\/tammetorubbq.ee\/lv\/wp-json\/wp\/v2\/product"}],"about":[{"href":"https:\/\/tammetorubbq.ee\/lv\/wp-json\/wp\/v2\/types\/product"}],"replies":[{"embeddable":true,"href":"https:\/\/tammetorubbq.ee\/lv\/wp-json\/wp\/v2\/comments?post=3370"}],"wp:featuredmedia":[{"embeddable":true,"href":"https:\/\/tammetorubbq.ee\/lv\/wp-json\/wp\/v2\/media\/3372"}],"wp:attachment":[{"href":"https:\/\/tammetorubbq.ee\/lv\/wp-json\/wp\/v2\/media?parent=3370"}],"wp:term":[{"taxonomy":"pwb-brand","embeddable":true,"href":"https:\/\/tammetorubbq.ee\/lv\/wp-json\/wp\/v2\/pwb-brand?post=3370"},{"taxonomy":"product_brand","embeddable":true,"href":"https:\/\/tammetorubbq.ee\/lv\/wp-json\/wp\/v2\/product_brand?post=3370"},{"taxonomy":"product_cat","embeddable":true,"href":"https:\/\/tammetorubbq.ee\/lv\/wp-json\/wp\/v2\/product_cat?post=3370"},{"taxonomy":"product_tag","embeddable":true,"href":"https:\/\/tammetorubbq.ee\/lv\/wp-json\/wp\/v2\/product_tag?post=3370"}],"curies":[{"name":"wp","href":"https:\/\/api.w.org\/{rel}","templated":true}]}}