{"id":3399,"date":"2025-06-26T15:45:33","date_gmt":"2025-06-26T12:45:33","guid":{"rendered":"https:\/\/tammetorubbq.ee\/?post_type=product&#038;p=3399"},"modified":"2026-04-15T03:00:21","modified_gmt":"2026-04-15T00:00:21","slug":"angus-oink-ranco-berzet-170g","status":"publish","type":"product","link":"https:\/\/tammetorubbq.ee\/lv\/product-2\/angus-oink-ranco-berzet-170g\/","title":{"rendered":"Angus &amp; Oink Ranch Rub 170g"},"content":{"rendered":"<p><strong>Sast\u0101vda\u013cas:<\/strong> v<span class=\"Y2IQFc\" lang=\"et\">e\u013c\u013cas pulveris, cukurs, selerijas s\u0101ls, s\u012bpols, melnie pipari, dilles, \u0137iploki, p\u0113ters\u012b\u013ci, maurloki, citrons, citronsk\u0101be, n\u0101trija glutam\u0101ts, din\u0101trija inosin\u0101ts.<\/span><\/p>","protected":false},"excerpt":{"rendered":"<p><strong>Kr\u0113m\u012bga un arom\u0101tiska BBQ gar\u0161viela.<\/strong><\/p>\n<p data-start=\"143\" data-end=\"397\"><strong data-start=\"143\" data-end=\"169\">Angus &amp; Oink Ranch Rub<\/strong> ir iedvesmojies no klasisk\u0101s amerik\u0101\u0146u \"ran\u010do\" gar\u0161as - kr\u0113m\u012bga, gar\u0161augu un nedaudz pikanta. \u0160\u012b unik\u0101l\u0101 saus\u0101 gar\u0161viela ir ide\u0101li piem\u0113rota vistas ga\u013cas, c\u016bkga\u013cas, kartupe\u013cu, d\u0101rze\u0146u un pat popkorna gar\u0161o\u0161anai.<\/p>\n<p data-start=\"399\" data-end=\"657\">\u0160\u012b BBQ ekspertu rad\u012bt\u0101 sm\u0113re apvieno gar\u0161augus, \u0137iplokus, s\u012bpolus un smalku gar\u0161vielu siner\u0123iju, lai izceltu \u0113dienu dabisk\u0101s gar\u0161as un pie\u0161\u0137irtu tiem bag\u0101t\u012bgu, pies\u0101tin\u0101tu gar\u0161u. Ide\u0101li piem\u0113rots ar\u012b m\u0113r\u010du un m\u0113r\u010du pagatavo\u0161anai!<\/p>\n<p data-start=\"399\" data-end=\"657\">\ud83d\udca1\u00a0<strong data-start=\"595\" data-end=\"607\">Profesion\u0101\u013cu padoms: <\/strong>Pirms gatavo\u0161anas p\u0101rkaisa ga\u013cu vai d\u0101rze\u0146us. Ja v\u0113laties, sajauciet ar sk\u0101bo kr\u0113jumu vai majon\u0113zi, lai pagatavotu gardu m\u0113rci, kas lieliski sader ar \u010dipsiem vai gril\u0113tiem \u0113dieniem.<\/p>\n<p data-start=\"399\" data-end=\"657\"><img loading=\"lazy\" decoding=\"async\" class=\"alignnone wp-image-279\" src=\"http:\/\/tammetorubbq.ee\/wp-content\/uploads\/2023\/11\/Angus-Oink.png\" alt=\"\" width=\"138\" height=\"138\" srcset=\"https:\/\/tammetorubbq.ee\/wp-content\/uploads\/2023\/11\/Angus-Oink.png 225w, https:\/\/tammetorubbq.ee\/wp-content\/uploads\/2023\/11\/Angus-Oink-150x150.png 150w, https:\/\/tammetorubbq.ee\/wp-content\/uploads\/2023\/11\/Angus-Oink-12x12.png 12w, https:\/\/tammetorubbq.ee\/wp-content\/uploads\/2023\/11\/Angus-Oink-64x64.png 64w\" sizes=\"auto, (max-width: 138px) 100vw, 138px\" \/><\/p>","protected":false},"featured_media":3400,"comment_status":"open","ping_status":"closed","template":"","meta":{"_uf_show_specific_survey":0,"_uf_disable_surveys":false},"pwb-brand":[105],"product_brand":[],"product_cat":[21],"product_tag":[118,159,121],"class_list":{"0":"post-3399","1":"product","2":"type-product","3":"status-publish","4":"has-post-thumbnail","6":"pwb-brand-angus-oink","7":"product_cat-maitseainesegud","8":"product_tag-kanaliha","9":"product_tag-kanatiivad","10":"product_tag-koogiviljad","12":"first","13":"instock","14":"taxable","15":"shipping-taxable","16":"purchasable","17":"product-type-simple"},"brands":[{"id":105,"name":"Angus &amp; Oink","slug":"angus-oink"}],"_links":{"self":[{"href":"https:\/\/tammetorubbq.ee\/lv\/wp-json\/wp\/v2\/product\/3399","targetHints":{"allow":["GET"]}}],"collection":[{"href":"https:\/\/tammetorubbq.ee\/lv\/wp-json\/wp\/v2\/product"}],"about":[{"href":"https:\/\/tammetorubbq.ee\/lv\/wp-json\/wp\/v2\/types\/product"}],"replies":[{"embeddable":true,"href":"https:\/\/tammetorubbq.ee\/lv\/wp-json\/wp\/v2\/comments?post=3399"}],"wp:featuredmedia":[{"embeddable":true,"href":"https:\/\/tammetorubbq.ee\/lv\/wp-json\/wp\/v2\/media\/3400"}],"wp:attachment":[{"href":"https:\/\/tammetorubbq.ee\/lv\/wp-json\/wp\/v2\/media?parent=3399"}],"wp:term":[{"taxonomy":"pwb-brand","embeddable":true,"href":"https:\/\/tammetorubbq.ee\/lv\/wp-json\/wp\/v2\/pwb-brand?post=3399"},{"taxonomy":"product_brand","embeddable":true,"href":"https:\/\/tammetorubbq.ee\/lv\/wp-json\/wp\/v2\/product_brand?post=3399"},{"taxonomy":"product_cat","embeddable":true,"href":"https:\/\/tammetorubbq.ee\/lv\/wp-json\/wp\/v2\/product_cat?post=3399"},{"taxonomy":"product_tag","embeddable":true,"href":"https:\/\/tammetorubbq.ee\/lv\/wp-json\/wp\/v2\/product_tag?post=3399"}],"curies":[{"name":"wp","href":"https:\/\/api.w.org\/{rel}","templated":true}]}}