{"id":3401,"date":"2025-06-26T15:55:37","date_gmt":"2025-06-26T12:55:37","guid":{"rendered":"https:\/\/tammetorubbq.ee\/?post_type=product&#038;p=3401"},"modified":"2026-04-14T22:00:21","modified_gmt":"2026-04-14T19:00:21","slug":"angus-oink-cure-me-old-italian-style-bacon-cure-300g","status":"publish","type":"product","link":"https:\/\/tammetorubbq.ee\/lv\/product-2\/angus-oink-cure-me-old-italian-style-bacon-cure-300g\/","title":{"rendered":"Angus &amp; Oink (Cure Me) Old Italian Style Bacon Cure 300g"},"content":{"rendered":"<p data-start=\"1010\" data-end=\"1169\"><strong data-start=\"1010\" data-end=\"1026\">Sast\u0101vda\u013cas: <\/strong>j\u016bras s\u0101ls, br\u016bnais cukurs, \u0137iploki, melnie pipari, lauru lapas, rozmar\u012bns, sarkanie pipari, salvija, timi\u0101ns, n\u0101trija nitr\u012bts (E250) - konserv\u0113\u0161anai.<\/p>\n<p data-start=\"1171\" data-end=\"1223\"><strong data-start=\"1171\" data-end=\"1187\">Alerg\u0113ni:<\/strong> Nesatur zin\u0101mus alerg\u0113nus.<\/p>","protected":false},"excerpt":{"rendered":"<p data-start=\"165\" data-end=\"464\"><strong>It\u0101\u013cu stila b\u0113ru mais\u012bjums k\u016bpin\u0101tai ga\u013cai.\u00a0<\/strong><\/p>\n<p data-start=\"165\" data-end=\"464\">Sagatavojiet m\u0101j\u0101s \u012bstu <strong data-start=\"186\" data-end=\"212\">It\u0101\u013cu tipa bekons\/ k\u016bpin\u0101ta ga\u013ca<\/strong> Angus &amp; Oink'i <strong data-start=\"228\" data-end=\"270\">\"Iz\u0101rst\u0113t mani\" Vec\u0101 it\u0101\u013cu stila bekona iz\u0101rst\u0113t<\/strong> l\u012bdz! \u0160is trad\u012bciju iedvesmotais gar\u0161vielu mais\u012bjums ir rad\u012bts ar m\u012blest\u012bbu, izmantojot vec\u0101s skolas gar\u0161vielu gatavo\u0161anas pa\u0146\u0113mienus, un tas ir lieliski piem\u0113rots c\u016bkga\u013cas v\u0113dera, kakla vai ribi\u0146u \u017e\u0101v\u0113\u0161anai un gar\u0161vielu pagatavo\u0161anai.<\/p>\n<p data-start=\"466\" data-end=\"701\">Mais\u012bjum\u0101 ir gar\u0161augi, gar\u0161vielas un arom\u0101tiskas sast\u0101vda\u013cas, kas pie\u0161\u0137ir ga\u013cai dzi\u013cu, bag\u0101t\u012bgu gar\u0161u un skaistu tekst\u016bru.<\/p>\n<p data-start=\"466\" data-end=\"701\">Rezult\u0101ts ir autentisks amatniecisks bekons, ko var izmantot brokast\u012bs, past\u0113t\u0113s, sal\u0101tos vai vienk\u0101r\u0161i k\u0101 uzkodu.<\/p>\n<p data-start=\"466\" data-end=\"701\">\ud83d\udca1\u00a0<strong data-start=\"595\" data-end=\"607\">Profesion\u0101\u013cu padoms: <\/strong>P\u0113c iz\u017e\u0101v\u0113\u0161anas un noskalo\u0161anas sloti\u0146u spe\u0137a pl\u0101n\u0101 k\u0101rti\u0146\u0101 apsm\u0113r\u0113 ar <strong data-start=\"1215\" data-end=\"1232\">k\u013cavu s\u012brups<\/strong> vai <strong data-start=\"1237\" data-end=\"1263\">ar medus un sinepju glaz\u016bru<\/strong>, tad k\u016bpina zem\u0101 90-100 \u00b0C temperat\u016br\u0101, l\u012bdz vid\u0113j\u0101 temperat\u016bra sasniedz 65 \u00b0C - rezult\u0101ts ir \u0161\u0101ds. <strong data-start=\"1368\" data-end=\"1424\">lieliski sabalans\u0113ts salds-s\u0101l\u012bts k\u016bpin\u0101ts spe\u0137is<\/strong>!<\/p>\n<p data-start=\"466\" data-end=\"701\"><img loading=\"lazy\" decoding=\"async\" class=\"alignnone wp-image-279\" src=\"http:\/\/tammetorubbq.ee\/wp-content\/uploads\/2023\/11\/Angus-Oink.png\" alt=\"\" width=\"118\" height=\"118\" srcset=\"https:\/\/tammetorubbq.ee\/wp-content\/uploads\/2023\/11\/Angus-Oink.png 225w, https:\/\/tammetorubbq.ee\/wp-content\/uploads\/2023\/11\/Angus-Oink-150x150.png 150w, https:\/\/tammetorubbq.ee\/wp-content\/uploads\/2023\/11\/Angus-Oink-12x12.png 12w, https:\/\/tammetorubbq.ee\/wp-content\/uploads\/2023\/11\/Angus-Oink-64x64.png 64w\" sizes=\"auto, (max-width: 118px) 100vw, 118px\" \/><\/p>","protected":false},"featured_media":3402,"comment_status":"open","ping_status":"closed","template":"","meta":{"_uf_show_specific_survey":0,"_uf_disable_surveys":false},"pwb-brand":[105],"product_brand":[],"product_cat":[21],"product_tag":[175,122],"class_list":{"0":"post-3401","1":"product","2":"type-product","3":"status-publish","4":"has-post-thumbnail","6":"pwb-brand-angus-oink","7":"product_cat-maitseainesegud","8":"product_tag-sealih","9":"product_tag-searibi","11":"first","12":"instock","13":"taxable","14":"shipping-taxable","15":"purchasable","16":"product-type-simple"},"brands":[{"id":105,"name":"Angus &amp; Oink","slug":"angus-oink"}],"_links":{"self":[{"href":"https:\/\/tammetorubbq.ee\/lv\/wp-json\/wp\/v2\/product\/3401","targetHints":{"allow":["GET"]}}],"collection":[{"href":"https:\/\/tammetorubbq.ee\/lv\/wp-json\/wp\/v2\/product"}],"about":[{"href":"https:\/\/tammetorubbq.ee\/lv\/wp-json\/wp\/v2\/types\/product"}],"replies":[{"embeddable":true,"href":"https:\/\/tammetorubbq.ee\/lv\/wp-json\/wp\/v2\/comments?post=3401"}],"wp:featuredmedia":[{"embeddable":true,"href":"https:\/\/tammetorubbq.ee\/lv\/wp-json\/wp\/v2\/media\/3402"}],"wp:attachment":[{"href":"https:\/\/tammetorubbq.ee\/lv\/wp-json\/wp\/v2\/media?parent=3401"}],"wp:term":[{"taxonomy":"pwb-brand","embeddable":true,"href":"https:\/\/tammetorubbq.ee\/lv\/wp-json\/wp\/v2\/pwb-brand?post=3401"},{"taxonomy":"product_brand","embeddable":true,"href":"https:\/\/tammetorubbq.ee\/lv\/wp-json\/wp\/v2\/product_brand?post=3401"},{"taxonomy":"product_cat","embeddable":true,"href":"https:\/\/tammetorubbq.ee\/lv\/wp-json\/wp\/v2\/product_cat?post=3401"},{"taxonomy":"product_tag","embeddable":true,"href":"https:\/\/tammetorubbq.ee\/lv\/wp-json\/wp\/v2\/product_tag?post=3401"}],"curies":[{"name":"wp","href":"https:\/\/api.w.org\/{rel}","templated":true}]}}