{"id":3403,"date":"2025-06-26T16:04:22","date_gmt":"2025-06-26T13:04:22","guid":{"rendered":"https:\/\/tammetorubbq.ee\/?post_type=product&#038;p=3403"},"modified":"2026-04-14T22:00:30","modified_gmt":"2026-04-14T19:00:30","slug":"jds-karsti-kupinats-medus-ar-cipotles-piedevu-350g","status":"publish","type":"product","link":"https:\/\/tammetorubbq.ee\/lv\/product-2\/jds-karsti-kupinats-medus-ar-cipotles-piedevu-350g\/","title":{"rendered":"JD`s Smoked HOT Honey Honey Chipotle Infused 350g"},"content":{"rendered":"<p><strong>Sast\u0101vda\u013cas<\/strong>: Medus (\u010dipoto \u010dilli bieze\u0146a mais\u012bjums (satur \u016bdeni, sarkano d\u017ealapeno \u010dilli, \u010dipoto \u010dilli, s\u0101li, eti\u0137sk\u0101bi), balzameti\u0137i, balzameti\u0137i, d\u016bmu arom\u0101tu, dab\u012bg\u0101s aromatiz\u0113t\u0101jvielas, gar\u0161vielu ekstraktus (paprika, \u0137imenes).<\/p>\n<p><strong>Uzturv\u0113rt\u012bbas inform\u0101cija uz 100 g<\/strong>:<\/p>\n<p>ener\u0123ija: 1210 kJ\/288 kcal<\/p>\n<p>tauki 0,1 g, no tiem pies\u0101tin\u0101t\u0101s tauksk\u0101bes: 0 g<\/p>\n<p>og\u013chidr\u0101ti 77,5 g, no tiem cukuri 77 g<\/p>\n<p>olbaltumvielas 0,3 g; s\u0101ls 0 g.<\/p>","protected":false},"excerpt":{"rendered":"<p data-start=\"145\" data-end=\"503\"><strong data-start=\"145\" data-end=\"170\">JD's Smoked HOT Honey medus<\/strong> ir roku darbs <strong data-start=\"196\" data-end=\"227\">ugun\u012bgs un d\u016bmakains medus mais\u012bjums<\/strong>, kas apvieno dab\u012bg\u0101 medus saldumu, k\u016bpin\u0101ta \u010dipotle \u010dilli gar\u0161u un pat\u012bkamu karstumu. Rezult\u0101ts ir atkar\u012bbu izraiso\u0161a glaz\u016bra, m\u0113rce vai piedeva, kas ir ide\u0101li piem\u0113rota gril\u0113tiem \u0113dieniem, picai, vistas ga\u013cai, sieram, d\u0101rze\u0146iem - vai pat r\u012bta pank\u016bk\u0101m!<\/p>\n<p data-start=\"505\" data-end=\"605\">Produkts ir <strong data-start=\"514\" data-end=\"528\">dabas<\/strong>, <strong data-start=\"530\" data-end=\"546\">bez lipek\u013ca<\/strong> un <strong data-start=\"550\" data-end=\"566\">gar\u0161as pilns<\/strong>kas katru \u0113dienu padara v\u0113l lab\u0101ku.<\/p>\n<p data-start=\"505\" data-end=\"605\">\ud83d\udca1\u00a0<strong data-start=\"595\" data-end=\"607\">Profesion\u0101\u013cu padoms: <\/strong>Sajauciet 2 da\u013cas JD's HOT Honey medus ar 1 da\u013cu laima sulas un \u0161\u0137ipsni\u0146u s\u0101ls - ieg\u016bsiet. <strong data-start=\"1434\" data-end=\"1499\">lieliska m\u0113rce gril\u0113t\u0101m garnel\u0113m vai pikantai vistas ga\u013cai.<\/strong>!<\/p>\n<p data-start=\"505\" data-end=\"605\"><img loading=\"lazy\" decoding=\"async\" class=\"alignnone wp-image-3002\" src=\"http:\/\/tammetorubbq.ee\/wp-content\/uploads\/2025\/04\/JDs-logo.avif\" alt=\"\" width=\"105\" height=\"92\" srcset=\"https:\/\/tammetorubbq.ee\/wp-content\/uploads\/2025\/04\/JDs-logo.avif 120w, https:\/\/tammetorubbq.ee\/wp-content\/uploads\/2025\/04\/JDs-logo-14x12.avif 14w, https:\/\/tammetorubbq.ee\/wp-content\/uploads\/2025\/04\/JDs-logo-64x56.avif 64w\" sizes=\"auto, (max-width: 105px) 100vw, 105px\" \/><\/p>","protected":false},"featured_media":3404,"comment_status":"open","ping_status":"closed","template":"","meta":{"_uf_show_specific_survey":0,"_uf_disable_surveys":false},"pwb-brand":[160],"product_brand":[],"product_cat":[22],"product_tag":[163,118,159,121,120],"class_list":{"0":"post-3403","1":"product","2":"type-product","3":"status-publish","4":"has-post-thumbnail","6":"pwb-brand-jds","7":"product_cat-kastmed-ja-marinaadid","8":"product_tag-kala","9":"product_tag-kanaliha","10":"product_tag-kanatiivad","11":"product_tag-koogiviljad","12":"product_tag-mereannid","14":"first","15":"outofstock","16":"taxable","17":"shipping-taxable","18":"purchasable","19":"product-type-simple"},"brands":[{"id":160,"name":"JD`s","slug":"jds"}],"_links":{"self":[{"href":"https:\/\/tammetorubbq.ee\/lv\/wp-json\/wp\/v2\/product\/3403","targetHints":{"allow":["GET"]}}],"collection":[{"href":"https:\/\/tammetorubbq.ee\/lv\/wp-json\/wp\/v2\/product"}],"about":[{"href":"https:\/\/tammetorubbq.ee\/lv\/wp-json\/wp\/v2\/types\/product"}],"replies":[{"embeddable":true,"href":"https:\/\/tammetorubbq.ee\/lv\/wp-json\/wp\/v2\/comments?post=3403"}],"wp:featuredmedia":[{"embeddable":true,"href":"https:\/\/tammetorubbq.ee\/lv\/wp-json\/wp\/v2\/media\/3404"}],"wp:attachment":[{"href":"https:\/\/tammetorubbq.ee\/lv\/wp-json\/wp\/v2\/media?parent=3403"}],"wp:term":[{"taxonomy":"pwb-brand","embeddable":true,"href":"https:\/\/tammetorubbq.ee\/lv\/wp-json\/wp\/v2\/pwb-brand?post=3403"},{"taxonomy":"product_brand","embeddable":true,"href":"https:\/\/tammetorubbq.ee\/lv\/wp-json\/wp\/v2\/product_brand?post=3403"},{"taxonomy":"product_cat","embeddable":true,"href":"https:\/\/tammetorubbq.ee\/lv\/wp-json\/wp\/v2\/product_cat?post=3403"},{"taxonomy":"product_tag","embeddable":true,"href":"https:\/\/tammetorubbq.ee\/lv\/wp-json\/wp\/v2\/product_tag?post=3403"}],"curies":[{"name":"wp","href":"https:\/\/api.w.org\/{rel}","templated":true}]}}