{"id":3405,"date":"2025-06-26T16:32:24","date_gmt":"2025-06-26T13:32:24","guid":{"rendered":"https:\/\/tammetorubbq.ee\/?post_type=product&#038;p=3405"},"modified":"2026-04-15T05:00:08","modified_gmt":"2026-04-15T02:00:08","slug":"heath-riles-medus-cipotle-berze-340g","status":"publish","type":"product","link":"https:\/\/tammetorubbq.ee\/lv\/product-2\/heath-riles-medus-cipotle-berze-340g\/","title":{"rendered":"Heath Riles Honey Chipotle Medus Chipotle Rub 340g"},"content":{"rendered":"<p><strong data-start=\"29\" data-end=\"45\">Sast\u0101vda\u013cas: <\/strong>cukurs, s\u0101ls, dehidr\u0113ts medus, paprika, gar\u0161vielas, dehidr\u0113ti \u0137iploki, dab\u012bgs aromatiz\u0113t\u0101js (chipotle pulveris), rafin\u0113ta sojas e\u013c\u013ca un maz\u0101k nek\u0101 2% sil\u012bcija dioks\u012bda (lai nov\u0113rstu sa\u0137ep\u0161anu).<\/p>","protected":false},"excerpt":{"rendered":"<p data-start=\"150\" data-end=\"391\">H\u012bts Railzs ir v\u012brs, kur\u0161 ir izc\u012bn\u012bjis neskait\u0101mus titulus pasaules \u010dempion\u0101ta ribu kategorij\u0101.<\/p>\n<p data-start=\"150\" data-end=\"391\">Heath Riles BBQ Honey Chipotle ir godalgots medus berz\u0113jums, kas pied\u0101v\u0101 perfektu salduma, d\u016bmu gar\u0161as un skaistas kr\u0101sas kombin\u0101ciju, padarot to par lab\u0101ko pikanto medus berz\u0113jumu. Medus gar\u0161a un zeltain\u0101 kr\u0101sa apvienojum\u0101 ar kvalitat\u012bviem maltiem \u010dipotle \u010dilli pipariem pie\u0161\u0137ir gar\u0161\u012bgu gar\u0161u - \u0161is mais\u012bjums ir k\u013cuvis par standartu gan BBQ komandu, gan m\u0101jas gril\u0113\u0161anas meistaru vid\u016b!<\/p>\n<p data-start=\"393\" data-end=\"594\">Lieliski sader ar c\u016bkga\u013cu, vistas ga\u013cu, liellopu ga\u013cu, ziv\u012bm, d\u0101rze\u0146iem un pat popkornu.<\/p>\n<p>\u0160im produktam vajadz\u0113tu b\u016bt nopietna gril\u0113\u0161anas entuziasta izv\u0113l\u0113.<\/p>\n<p>\ud83d\udca1\u00a0<strong data-start=\"595\" data-end=\"607\">Profesion\u0101\u013cu padoms: <\/strong>Apvienot <strong data-start=\"98\" data-end=\"132\">Heath Riles Honey Chipotle Medus Chipotle Rub<\/strong> Ar <strong data-start=\"138\" data-end=\"175\">Heath Riles BBQ Sweet BBQ m\u0113rce <\/strong>- p\u0101rberiet ga\u013cu un gatavo\u0161anas beig\u0101s p\u0101rlejiet ar m\u0113rci. Tas rada <strong data-start=\"249\" data-end=\"293\">ar perfektu karameliz\u0113tas glaz\u016bras k\u0101rtu.<\/strong>, kas jebkurai BBQ ga\u013cai pie\u0161\u0137irs lielisku gar\u0161u un izskatu!<\/p>\n<p><img loading=\"lazy\" decoding=\"async\" class=\"alignnone  wp-image-5481\" src=\"https:\/\/tammetorubbq.ee\/wp-content\/uploads\/2024\/02\/Heath-Riles-Logo-SQ-300x300.png\" alt=\"\" width=\"166\" height=\"166\" srcset=\"https:\/\/tammetorubbq.ee\/wp-content\/uploads\/2024\/02\/Heath-Riles-Logo-SQ-300x300.png 300w, https:\/\/tammetorubbq.ee\/wp-content\/uploads\/2024\/02\/Heath-Riles-Logo-SQ-150x150.png 150w, https:\/\/tammetorubbq.ee\/wp-content\/uploads\/2024\/02\/Heath-Riles-Logo-SQ-768x768.png 768w, https:\/\/tammetorubbq.ee\/wp-content\/uploads\/2024\/02\/Heath-Riles-Logo-SQ-12x12.png 12w, https:\/\/tammetorubbq.ee\/wp-content\/uploads\/2024\/02\/Heath-Riles-Logo-SQ-600x600.png 600w, https:\/\/tammetorubbq.ee\/wp-content\/uploads\/2024\/02\/Heath-Riles-Logo-SQ-64x64.png 64w, https:\/\/tammetorubbq.ee\/wp-content\/uploads\/2024\/02\/Heath-Riles-Logo-SQ.png 1000w\" sizes=\"auto, (max-width: 166px) 100vw, 166px\" \/><\/p>","protected":false},"featured_media":3410,"comment_status":"open","ping_status":"closed","template":"","meta":{"_uf_show_specific_survey":0,"_uf_disable_surveys":false},"pwb-brand":[84],"product_brand":[],"product_cat":[21],"product_tag":[347,118,159,121,120,114,122],"class_list":{"0":"post-3405","1":"product","2":"type-product","3":"status-publish","4":"has-post-thumbnail","6":"pwb-brand-heath-riles","7":"product_cat-maitseainesegud","8":"product_tag-heath-riles","9":"product_tag-kanaliha","10":"product_tag-kanatiivad","11":"product_tag-koogiviljad","12":"product_tag-mereannid","13":"product_tag-sealiha","14":"product_tag-searibi","16":"first","17":"instock","18":"taxable","19":"shipping-taxable","20":"purchasable","21":"product-type-simple"},"brands":[{"id":84,"name":"Heath Riles","slug":"heath-riles"}],"_links":{"self":[{"href":"https:\/\/tammetorubbq.ee\/lv\/wp-json\/wp\/v2\/product\/3405","targetHints":{"allow":["GET"]}}],"collection":[{"href":"https:\/\/tammetorubbq.ee\/lv\/wp-json\/wp\/v2\/product"}],"about":[{"href":"https:\/\/tammetorubbq.ee\/lv\/wp-json\/wp\/v2\/types\/product"}],"replies":[{"embeddable":true,"href":"https:\/\/tammetorubbq.ee\/lv\/wp-json\/wp\/v2\/comments?post=3405"}],"wp:featuredmedia":[{"embeddable":true,"href":"https:\/\/tammetorubbq.ee\/lv\/wp-json\/wp\/v2\/media\/3410"}],"wp:attachment":[{"href":"https:\/\/tammetorubbq.ee\/lv\/wp-json\/wp\/v2\/media?parent=3405"}],"wp:term":[{"taxonomy":"pwb-brand","embeddable":true,"href":"https:\/\/tammetorubbq.ee\/lv\/wp-json\/wp\/v2\/pwb-brand?post=3405"},{"taxonomy":"product_brand","embeddable":true,"href":"https:\/\/tammetorubbq.ee\/lv\/wp-json\/wp\/v2\/product_brand?post=3405"},{"taxonomy":"product_cat","embeddable":true,"href":"https:\/\/tammetorubbq.ee\/lv\/wp-json\/wp\/v2\/product_cat?post=3405"},{"taxonomy":"product_tag","embeddable":true,"href":"https:\/\/tammetorubbq.ee\/lv\/wp-json\/wp\/v2\/product_tag?post=3405"}],"curies":[{"name":"wp","href":"https:\/\/api.w.org\/{rel}","templated":true}]}}