{"id":3445,"date":"2025-07-10T14:43:05","date_gmt":"2025-07-10T11:43:05","guid":{"rendered":"https:\/\/tammetorubbq.ee\/?post_type=product&#038;p=3445"},"modified":"2026-04-14T22:01:01","modified_gmt":"2026-04-14T19:01:01","slug":"butcher-bbq-pikantais-pekanriekstu-berze-340g","status":"publish","type":"product","link":"https:\/\/tammetorubbq.ee\/lv\/product-2\/butcher-bbq-pikantais-pekanriekstu-berze-340g\/","title":{"rendered":"Butcher BBQ Pikantais pekanriekstu sm\u0113r\u0113jums 340g"},"content":{"rendered":"<p data-start=\"0\" data-end=\"153\"><strong>Sast\u0101vda\u013cas:<\/strong> cukurs, s\u0101ls, \u0137iploki, s\u012bpoli, koriandrs, rozmar\u012bns, p\u0113ters\u012b\u013ci, timi\u0101ns, melnie pipari, sarkanie pipari, melase, paprika, pekanriekstu gar\u0161vielas.<\/p>\n<p data-start=\"155\" data-end=\"203\" data-is-last-node=\"\" data-is-only-node=\"\">Nesatur glut\u0113nu un n\u0101trija glutam\u0101tu (MNG).<\/p>","protected":false},"excerpt":{"rendered":"<p data-start=\"0\" data-end=\"218\"><strong data-start=\"0\" data-end=\"46\">Butcher BBQ Pikantais pekanriekstu konkursa mais\u012bjums<\/strong> - profesion\u0101\u013cu rad\u012bts sacens\u012bbu kvalit\u0101tes gar\u0161vielu mais\u012bjums, kas apvieno pilnv\u0113rt\u012bgu riekstu gar\u0161u un bag\u0101t\u012bgu BBQ gar\u0161vielu mais\u012bjumu, lai izceltu lab\u0101ko no katra \u0113diena.<\/p>\n<p data-start=\"220\" data-end=\"535\">\u0160is unik\u0101lais mais\u012bjums satur <strong data-start=\"249\" data-end=\"270\">pekanriekstu milti<\/strong>, \u0137iplokiem, s\u012bpoliem, papriku un r\u016bp\u012bgi sabalans\u0113tu gar\u0161augu un gar\u0161vielu mais\u012bjumu, kas pied\u0101v\u0101... <strong data-start=\"357\" data-end=\"399\">ide\u0101ls sald\u0101 un pikant\u0101 apvienojums<\/strong>. Mais\u012bjums rada dzi\u013cu, d\u016bmakainu un nedaudz saldu gar\u0161u, t\u0101p\u0113c tas ir ide\u0101li piem\u0113rots da\u017e\u0101du ga\u013cas un gril\u0113tu \u0113dienu pagatavo\u0161anai.<\/p>\n<p data-start=\"912\" data-end=\"1217\" data-is-last-node=\"\" data-is-only-node=\"\">ASV ra\u017eots atz\u012bts Butcher BBQ - kvalit\u0101ti nov\u0113rt\u0113 gan profesion\u0101\u013ci, gan m\u0101jas pav\u0101ri.<\/p>\n<p data-start=\"912\" data-end=\"1217\" data-is-last-node=\"\" data-is-only-node=\"\">\ud83d\udca1 <strong data-start=\"843\" data-end=\"855\">Profesion\u0101\u013cu padoms:<\/strong> Lietojiet kop\u0101 ar sinep\u0113m vai pl\u0101nu e\u013c\u013cas k\u0101rti\u0146u, lai mais\u012bjums cep\u0161anas laik\u0101 k\u013c\u016btu e\u013c\u013cain\u0101ks un karameliz\u0113tos, t\u0101d\u0113j\u0101di ieg\u016bstot krauk\u0161\u0137\u012bgu un arom\u0101tisku garozu.<\/p>\n<p><img loading=\"lazy\" decoding=\"async\" class=\"wp-image-3451\" src=\"http:\/\/tammetorubbq.ee\/wp-content\/uploads\/2025\/07\/Butcher-BBQ-300x276.webp\" alt=\"Ga\u013cas ceptuve Butcher BBQ\" width=\"160\" height=\"147\" srcset=\"https:\/\/tammetorubbq.ee\/wp-content\/uploads\/2025\/07\/Butcher-BBQ-300x276.webp 300w, https:\/\/tammetorubbq.ee\/wp-content\/uploads\/2025\/07\/Butcher-BBQ-1024x943.webp 1024w, https:\/\/tammetorubbq.ee\/wp-content\/uploads\/2025\/07\/Butcher-BBQ-768x707.webp 768w, https:\/\/tammetorubbq.ee\/wp-content\/uploads\/2025\/07\/Butcher-BBQ-13x12.webp 13w, https:\/\/tammetorubbq.ee\/wp-content\/uploads\/2025\/07\/Butcher-BBQ-600x553.webp 600w, https:\/\/tammetorubbq.ee\/wp-content\/uploads\/2025\/07\/Butcher-BBQ-64x59.webp 64w, https:\/\/tammetorubbq.ee\/wp-content\/uploads\/2025\/07\/Butcher-BBQ.webp 1180w\" sizes=\"auto, (max-width: 160px) 100vw, 160px\" \/><\/p>","protected":false},"featured_media":3446,"comment_status":"open","ping_status":"closed","template":"","meta":{"_uf_show_specific_survey":0,"_uf_disable_surveys":false},"pwb-brand":[181],"product_brand":[],"product_cat":[21],"product_tag":[118,121,182,120,114,122,139,119],"class_list":{"0":"post-3445","1":"product","2":"type-product","3":"status-publish","4":"has-post-thumbnail","6":"pwb-brand-butcher-bbq","7":"product_cat-maitseainesegud","8":"product_tag-kanaliha","9":"product_tag-koogiviljad","10":"product_tag-linnuliha","11":"product_tag-mereannid","12":"product_tag-sealiha","13":"product_tag-searibi","14":"product_tag-ulukiliha","15":"product_tag-veiseliha","17":"first","18":"instock","19":"taxable","20":"shipping-taxable","21":"purchasable","22":"product-type-simple"},"brands":[{"id":181,"name":"Ga\u013cas ceptuve Butcher BBQ","slug":"butcher-bbq"}],"_links":{"self":[{"href":"https:\/\/tammetorubbq.ee\/lv\/wp-json\/wp\/v2\/product\/3445","targetHints":{"allow":["GET"]}}],"collection":[{"href":"https:\/\/tammetorubbq.ee\/lv\/wp-json\/wp\/v2\/product"}],"about":[{"href":"https:\/\/tammetorubbq.ee\/lv\/wp-json\/wp\/v2\/types\/product"}],"replies":[{"embeddable":true,"href":"https:\/\/tammetorubbq.ee\/lv\/wp-json\/wp\/v2\/comments?post=3445"}],"wp:featuredmedia":[{"embeddable":true,"href":"https:\/\/tammetorubbq.ee\/lv\/wp-json\/wp\/v2\/media\/3446"}],"wp:attachment":[{"href":"https:\/\/tammetorubbq.ee\/lv\/wp-json\/wp\/v2\/media?parent=3445"}],"wp:term":[{"taxonomy":"pwb-brand","embeddable":true,"href":"https:\/\/tammetorubbq.ee\/lv\/wp-json\/wp\/v2\/pwb-brand?post=3445"},{"taxonomy":"product_brand","embeddable":true,"href":"https:\/\/tammetorubbq.ee\/lv\/wp-json\/wp\/v2\/product_brand?post=3445"},{"taxonomy":"product_cat","embeddable":true,"href":"https:\/\/tammetorubbq.ee\/lv\/wp-json\/wp\/v2\/product_cat?post=3445"},{"taxonomy":"product_tag","embeddable":true,"href":"https:\/\/tammetorubbq.ee\/lv\/wp-json\/wp\/v2\/product_tag?post=3445"}],"curies":[{"name":"wp","href":"https:\/\/api.w.org\/{rel}","templated":true}]}}