{"id":3452,"date":"2025-07-10T14:54:54","date_gmt":"2025-07-10T11:54:54","guid":{"rendered":"https:\/\/tammetorubbq.ee\/?post_type=product&#038;p=3452"},"modified":"2026-04-14T22:00:37","modified_gmt":"2026-04-14T19:00:37","slug":"miesnieka-bbq-savvalas-kirsu-berze-340g","status":"publish","type":"product","link":"https:\/\/tammetorubbq.ee\/lv\/product-2\/miesnieka-bbq-savvalas-kirsu-berze-340g\/","title":{"rendered":"Butcher BBQ Wild Cherry Rub 340g"},"content":{"rendered":"<p data-start=\"0\" data-end=\"176\"><strong data-start=\"0\" data-end=\"16\">Sast\u0101vda\u013cas:<\/strong> cukurs, s\u0101ls, \u0137iploki, s\u012bpoli, d\u016bmu pulveris, koriandrs, rozmar\u012bns, p\u0113ters\u012b\u013ci, timi\u0101ns, melnie pipari, sarkanie pipari, melases pulveris, paprika, dab\u012bgais \u0137ir\u0161u pulveris.<\/p>\n<p data-start=\"178\" data-end=\"234\" data-is-last-node=\"\" data-is-only-node=\"\">Nesatur glut\u0113nu un n\u0101trija glutam\u0101tu (MNG).<\/p>","protected":false},"excerpt":{"rendered":"<p data-start=\"0\" data-end=\"176\"><strong data-start=\"0\" data-end=\"45\">Butcher BBQ Wild Cherry konkursa mais\u012bjums<\/strong> - sacens\u012bbu kvalit\u0101tes gar\u0161vielu mais\u012bjums, kas apvieno saldas, d\u016bmu un aug\u013cu gar\u0161as vien\u0101 perfekt\u0101 BBQ baud\u012bjum\u0101.<\/p>\n<p data-start=\"178\" data-end=\"468\">\u0160o unik\u0101lo mais\u012bjumu ir rad\u012bju\u0161i miesnieki un gril\u0113\u0161anas entuziasti, un t\u0101 gar\u0161a p\u0101rsteigs gan tiesne\u0161us, gan m\u0101jas gril\u0113\u0161anas cien\u012bt\u0101jus. Saldie \u0137ir\u0161u arom\u0101ti mijas ar \u0137iploku, s\u012bpolu un pikant\u0101m not\u012bm, radot dzi\u013cu, l\u012bdzsvarotu un neaizmirstamu gar\u0161as profilu.<\/p>\n<p data-start=\"1080\" data-end=\"1249\" data-is-last-node=\"\" data-is-only-node=\"\">ASV ra\u017eots atz\u012bts Butcher BBQ - kvalit\u0101ti nov\u0113rt\u0113 gan profesion\u0101\u013ci, gan m\u0101jas pav\u0101ri.<\/p>\n<p data-start=\"1080\" data-end=\"1249\" data-is-last-node=\"\" data-is-only-node=\"\">\ud83d\udca1 <strong data-start=\"774\" data-end=\"786\">Profesion\u0101\u013cu padoms:<\/strong> Vismaz 30 min\u016btes pirms gatavo\u0161anas p\u0101rkaisiet ar mais\u012bjumu ga\u013cu vai atst\u0101jiet marin\u0113ties ledusskap\u012b uz nakti, lai ieg\u016btu maksim\u0101lu gar\u0161as dzi\u013cumu.<\/p>\n<p><img loading=\"lazy\" decoding=\"async\" class=\"wp-image-3451\" src=\"http:\/\/tammetorubbq.ee\/wp-content\/uploads\/2025\/07\/Butcher-BBQ-300x276.webp\" alt=\"Ga\u013cas ceptuve Butcher BBQ\" width=\"161\" height=\"148\" srcset=\"https:\/\/tammetorubbq.ee\/wp-content\/uploads\/2025\/07\/Butcher-BBQ-300x276.webp 300w, https:\/\/tammetorubbq.ee\/wp-content\/uploads\/2025\/07\/Butcher-BBQ-1024x943.webp 1024w, https:\/\/tammetorubbq.ee\/wp-content\/uploads\/2025\/07\/Butcher-BBQ-768x707.webp 768w, https:\/\/tammetorubbq.ee\/wp-content\/uploads\/2025\/07\/Butcher-BBQ-13x12.webp 13w, https:\/\/tammetorubbq.ee\/wp-content\/uploads\/2025\/07\/Butcher-BBQ-600x553.webp 600w, https:\/\/tammetorubbq.ee\/wp-content\/uploads\/2025\/07\/Butcher-BBQ-64x59.webp 64w, https:\/\/tammetorubbq.ee\/wp-content\/uploads\/2025\/07\/Butcher-BBQ.webp 1180w\" sizes=\"auto, (max-width: 161px) 100vw, 161px\" \/><\/p>","protected":false},"featured_media":3457,"comment_status":"open","ping_status":"closed","template":"","meta":{"_uf_show_specific_survey":0,"_uf_disable_surveys":false},"pwb-brand":[181],"product_brand":[],"product_cat":[21],"product_tag":[118,182,114,122,139,119],"class_list":{"0":"post-3452","1":"product","2":"type-product","3":"status-publish","4":"has-post-thumbnail","6":"pwb-brand-butcher-bbq","7":"product_cat-maitseainesegud","8":"product_tag-kanaliha","9":"product_tag-linnuliha","10":"product_tag-sealiha","11":"product_tag-searibi","12":"product_tag-ulukiliha","13":"product_tag-veiseliha","15":"first","16":"instock","17":"taxable","18":"shipping-taxable","19":"purchasable","20":"product-type-simple"},"brands":[{"id":181,"name":"Ga\u013cas ceptuve Butcher BBQ","slug":"butcher-bbq"}],"_links":{"self":[{"href":"https:\/\/tammetorubbq.ee\/lv\/wp-json\/wp\/v2\/product\/3452","targetHints":{"allow":["GET"]}}],"collection":[{"href":"https:\/\/tammetorubbq.ee\/lv\/wp-json\/wp\/v2\/product"}],"about":[{"href":"https:\/\/tammetorubbq.ee\/lv\/wp-json\/wp\/v2\/types\/product"}],"replies":[{"embeddable":true,"href":"https:\/\/tammetorubbq.ee\/lv\/wp-json\/wp\/v2\/comments?post=3452"}],"wp:featuredmedia":[{"embeddable":true,"href":"https:\/\/tammetorubbq.ee\/lv\/wp-json\/wp\/v2\/media\/3457"}],"wp:attachment":[{"href":"https:\/\/tammetorubbq.ee\/lv\/wp-json\/wp\/v2\/media?parent=3452"}],"wp:term":[{"taxonomy":"pwb-brand","embeddable":true,"href":"https:\/\/tammetorubbq.ee\/lv\/wp-json\/wp\/v2\/pwb-brand?post=3452"},{"taxonomy":"product_brand","embeddable":true,"href":"https:\/\/tammetorubbq.ee\/lv\/wp-json\/wp\/v2\/product_brand?post=3452"},{"taxonomy":"product_cat","embeddable":true,"href":"https:\/\/tammetorubbq.ee\/lv\/wp-json\/wp\/v2\/product_cat?post=3452"},{"taxonomy":"product_tag","embeddable":true,"href":"https:\/\/tammetorubbq.ee\/lv\/wp-json\/wp\/v2\/product_tag?post=3452"}],"curies":[{"name":"wp","href":"https:\/\/api.w.org\/{rel}","templated":true}]}}