{"id":3474,"date":"2025-07-14T13:05:43","date_gmt":"2025-07-14T10:05:43","guid":{"rendered":"https:\/\/tammetorubbq.ee\/?post_type=product&#038;p=3474"},"modified":"2026-04-15T03:00:25","modified_gmt":"2026-04-15T00:00:25","slug":"apelsinu-marmelades-bbq-berzesana-850g","status":"publish","type":"product","link":"https:\/\/tammetorubbq.ee\/lv\/product-2\/apelsinu-marmelades-bbq-berzesana-850g\/","title":{"rendered":"Apels\u012bnu arom\u0101ta BBQ Rub 850g"},"content":{"rendered":"<p><strong>Sast\u0101vda\u013cas<\/strong>: s\u0101ls (31%), \u017e\u0101v\u0113ts glikozes s\u012brups, cukurs, gar\u0161vielas (t.sk. <b class=\"\">sinep, p\u0101rdev\u0113js<\/b>), s\u012bpolu pulveris, \u0137iploku pulveris, sk\u0101buma regulators E330 vai citronsk\u0101be, dabisk\u0101s aromatiz\u0113t\u0101jvielas, citronu sulas pulveris, salvija.<\/p>\n<p>Uzglab\u0101t istabas temperat\u016br\u0101 saus\u0101 viet\u0101.<\/p>\n<p>Ra\u017eots Apvienotaj\u0101 Karalist\u0113.<\/p>","protected":false},"excerpt":{"rendered":"<p>Enn Tobrelutsu rad\u012bts gar\u0161vielu mais\u012bjums, kas pie\u0161\u0137ir ga\u013cai sul\u012bgu apels\u012bnu un pikantu BBQ gar\u0161u.<\/p>\n<p>Unik\u0101ls, nedaudz pikants gar\u0161u mais\u012bjums ar apels\u012bnu piegar\u0161u.<\/p>\n<p>Ga\u013cai pie\u0161\u0137ir zeltainu kr\u0101su un \u0101tri ies\u016bcas, saglab\u0101jot ga\u013cas sul\u012bgumu un dab\u012bgumu.<\/p>\n<p>Lieliski der uz m\u0101jputnu ga\u013cas, c\u016bkga\u013cas, ribi\u0146\u0101m, la\u0161a, k\u0101 ar\u012b uz olu \u0113dieniem, kartupe\u013ciem un makaroniem.<\/p>\n<p><img loading=\"lazy\" decoding=\"async\" class=\"wp-image-3475\" src=\"http:\/\/tammetorubbq.ee\/wp-content\/uploads\/2025\/07\/BBQ-Entertainment-N-Catering-Enn-Tobreluts-Logo-300x127.png\" alt=\"BBQ izklaide\" width=\"206\" height=\"87\" srcset=\"https:\/\/tammetorubbq.ee\/wp-content\/uploads\/2025\/07\/BBQ-Entertainment-N-Catering-Enn-Tobreluts-Logo-300x127.png 300w, https:\/\/tammetorubbq.ee\/wp-content\/uploads\/2025\/07\/BBQ-Entertainment-N-Catering-Enn-Tobreluts-Logo-18x8.png 18w, https:\/\/tammetorubbq.ee\/wp-content\/uploads\/2025\/07\/BBQ-Entertainment-N-Catering-Enn-Tobreluts-Logo-600x254.png 600w, https:\/\/tammetorubbq.ee\/wp-content\/uploads\/2025\/07\/BBQ-Entertainment-N-Catering-Enn-Tobreluts-Logo-64x27.png 64w, https:\/\/tammetorubbq.ee\/wp-content\/uploads\/2025\/07\/BBQ-Entertainment-N-Catering-Enn-Tobreluts-Logo.png 628w\" sizes=\"auto, (max-width: 206px) 100vw, 206px\" \/><\/p>","protected":false},"featured_media":3476,"comment_status":"open","ping_status":"closed","template":"","meta":{"_uf_show_specific_survey":0,"_uf_disable_surveys":false},"pwb-brand":[183],"product_brand":[],"product_cat":[21],"product_tag":[280,118,182,120,114,122],"class_list":{"0":"post-3474","1":"product","2":"type-product","3":"status-publish","4":"has-post-thumbnail","6":"pwb-brand-bbq-entertainment","7":"product_cat-maitseainesegud","8":"product_tag-enn-tobreluts","9":"product_tag-kanaliha","10":"product_tag-linnuliha","11":"product_tag-mereannid","12":"product_tag-sealiha","13":"product_tag-searibi","15":"first","16":"instock","17":"taxable","18":"shipping-taxable","19":"purchasable","20":"product-type-simple"},"brands":[{"id":183,"name":"BBQ izklaide","slug":"bbq-entertainment"}],"_links":{"self":[{"href":"https:\/\/tammetorubbq.ee\/lv\/wp-json\/wp\/v2\/product\/3474","targetHints":{"allow":["GET"]}}],"collection":[{"href":"https:\/\/tammetorubbq.ee\/lv\/wp-json\/wp\/v2\/product"}],"about":[{"href":"https:\/\/tammetorubbq.ee\/lv\/wp-json\/wp\/v2\/types\/product"}],"replies":[{"embeddable":true,"href":"https:\/\/tammetorubbq.ee\/lv\/wp-json\/wp\/v2\/comments?post=3474"}],"wp:featuredmedia":[{"embeddable":true,"href":"https:\/\/tammetorubbq.ee\/lv\/wp-json\/wp\/v2\/media\/3476"}],"wp:attachment":[{"href":"https:\/\/tammetorubbq.ee\/lv\/wp-json\/wp\/v2\/media?parent=3474"}],"wp:term":[{"taxonomy":"pwb-brand","embeddable":true,"href":"https:\/\/tammetorubbq.ee\/lv\/wp-json\/wp\/v2\/pwb-brand?post=3474"},{"taxonomy":"product_brand","embeddable":true,"href":"https:\/\/tammetorubbq.ee\/lv\/wp-json\/wp\/v2\/product_brand?post=3474"},{"taxonomy":"product_cat","embeddable":true,"href":"https:\/\/tammetorubbq.ee\/lv\/wp-json\/wp\/v2\/product_cat?post=3474"},{"taxonomy":"product_tag","embeddable":true,"href":"https:\/\/tammetorubbq.ee\/lv\/wp-json\/wp\/v2\/product_tag?post=3474"}],"curies":[{"name":"wp","href":"https:\/\/api.w.org\/{rel}","templated":true}]}}