{"id":3481,"date":"2025-07-14T14:22:17","date_gmt":"2025-07-14T11:22:17","guid":{"rendered":"https:\/\/tammetorubbq.ee\/?post_type=product&#038;p=3481"},"modified":"2026-04-15T03:00:14","modified_gmt":"2026-04-15T00:00:14","slug":"piri-piri-bbq-berzet-850g","status":"publish","type":"product","link":"https:\/\/tammetorubbq.ee\/lv\/product-2\/piri-piri-bbq-berzet-850g\/","title":{"rendered":"Piri-Piri BBQ Rub 850g"},"content":{"rendered":"<p data-start=\"568\" data-end=\"760\"><strong data-start=\"568\" data-end=\"580\">Sast\u0101vda\u013cas: <\/strong>s\u0101ls, r\u012bvmaize (NISU), sarkanie pipari, gar\u0161vielas (paprika, \u010dilli), s\u012bpolu pulveris, \u0137iploku pulveris, citronu sulas pulveris, gar\u0161vielu ekstrakti, rauga ekstrakti, grauzd\u0113tu s\u012bpolu ekstrakts.<\/p>\n<p data-start=\"762\" data-end=\"783\"><strong data-start=\"762\" data-end=\"778\">Alerg\u0113ni:<\/strong> NISU<\/p>\n<p>Uzglab\u0101t istabas temperat\u016br\u0101 saus\u0101 viet\u0101.<\/p>\n<p>Ra\u017eots Apvienotaj\u0101 Karalist\u0113.<\/p>","protected":false},"excerpt":{"rendered":"<p>Popul\u0101rais Piri-Piri gar\u0161vielu mais\u012bjums, ko rad\u012bjis Enn Tobrelutsu, ir \u012bpa\u0161i gar\u0161\u012bgs un nedaudz pikants mais\u012bjums ar unik\u0101lu arom\u0101tu un gar\u0161u, kas lieliski piem\u0113rots visiem ga\u013cas un j\u016bras vel\u0161u veidiem.<\/p>\n<p>Piem\u0113rots maltai ga\u013cai, burgeriem, c\u016bkga\u013cai, vistas ga\u013cai, liellopu ga\u013cai un j\u016bras velt\u0113m (piem\u0113ram, garnel\u0113m).<\/p>\n<p>Izm\u0113\u0123iniet to ar\u012b ar citiem \u0113dieniem!<\/p>\n<p><img loading=\"lazy\" decoding=\"async\" class=\"wp-image-3475\" src=\"http:\/\/tammetorubbq.ee\/wp-content\/uploads\/2025\/07\/BBQ-Entertainment-N-Catering-Enn-Tobreluts-Logo-300x127.png\" alt=\"BBQ izklaide\" width=\"170\" height=\"72\" srcset=\"https:\/\/tammetorubbq.ee\/wp-content\/uploads\/2025\/07\/BBQ-Entertainment-N-Catering-Enn-Tobreluts-Logo-300x127.png 300w, https:\/\/tammetorubbq.ee\/wp-content\/uploads\/2025\/07\/BBQ-Entertainment-N-Catering-Enn-Tobreluts-Logo-18x8.png 18w, https:\/\/tammetorubbq.ee\/wp-content\/uploads\/2025\/07\/BBQ-Entertainment-N-Catering-Enn-Tobreluts-Logo-600x254.png 600w, https:\/\/tammetorubbq.ee\/wp-content\/uploads\/2025\/07\/BBQ-Entertainment-N-Catering-Enn-Tobreluts-Logo-64x27.png 64w, https:\/\/tammetorubbq.ee\/wp-content\/uploads\/2025\/07\/BBQ-Entertainment-N-Catering-Enn-Tobreluts-Logo.png 628w\" sizes=\"auto, (max-width: 170px) 100vw, 170px\" \/><\/p>","protected":false},"featured_media":3482,"comment_status":"open","ping_status":"closed","template":"","meta":{"_uf_show_specific_survey":0,"_uf_disable_surveys":false},"pwb-brand":[183],"product_brand":[],"product_cat":[21],"product_tag":[280,118,120,114,122,119],"class_list":{"0":"post-3481","1":"product","2":"type-product","3":"status-publish","4":"has-post-thumbnail","6":"pwb-brand-bbq-entertainment","7":"product_cat-maitseainesegud","8":"product_tag-enn-tobreluts","9":"product_tag-kanaliha","10":"product_tag-mereannid","11":"product_tag-sealiha","12":"product_tag-searibi","13":"product_tag-veiseliha","15":"first","16":"instock","17":"taxable","18":"shipping-taxable","19":"purchasable","20":"product-type-simple"},"brands":[{"id":183,"name":"BBQ izklaide","slug":"bbq-entertainment"}],"_links":{"self":[{"href":"https:\/\/tammetorubbq.ee\/lv\/wp-json\/wp\/v2\/product\/3481","targetHints":{"allow":["GET"]}}],"collection":[{"href":"https:\/\/tammetorubbq.ee\/lv\/wp-json\/wp\/v2\/product"}],"about":[{"href":"https:\/\/tammetorubbq.ee\/lv\/wp-json\/wp\/v2\/types\/product"}],"replies":[{"embeddable":true,"href":"https:\/\/tammetorubbq.ee\/lv\/wp-json\/wp\/v2\/comments?post=3481"}],"wp:featuredmedia":[{"embeddable":true,"href":"https:\/\/tammetorubbq.ee\/lv\/wp-json\/wp\/v2\/media\/3482"}],"wp:attachment":[{"href":"https:\/\/tammetorubbq.ee\/lv\/wp-json\/wp\/v2\/media?parent=3481"}],"wp:term":[{"taxonomy":"pwb-brand","embeddable":true,"href":"https:\/\/tammetorubbq.ee\/lv\/wp-json\/wp\/v2\/pwb-brand?post=3481"},{"taxonomy":"product_brand","embeddable":true,"href":"https:\/\/tammetorubbq.ee\/lv\/wp-json\/wp\/v2\/product_brand?post=3481"},{"taxonomy":"product_cat","embeddable":true,"href":"https:\/\/tammetorubbq.ee\/lv\/wp-json\/wp\/v2\/product_cat?post=3481"},{"taxonomy":"product_tag","embeddable":true,"href":"https:\/\/tammetorubbq.ee\/lv\/wp-json\/wp\/v2\/product_tag?post=3481"}],"curies":[{"name":"wp","href":"https:\/\/api.w.org\/{rel}","templated":true}]}}