{"id":3490,"date":"2025-07-16T09:21:22","date_gmt":"2025-07-16T06:21:22","guid":{"rendered":"https:\/\/tammetorubbq.ee\/?post_type=product&#038;p=3490"},"modified":"2026-04-18T11:00:28","modified_gmt":"2026-04-18T08:00:28","slug":"turnpike-black-magic-cajun-garsvielas-235g","status":"publish","type":"product","link":"https:\/\/tammetorubbq.ee\/lv\/product-2\/turnpike-black-magic-cajun-garsvielas-235g\/","title":{"rendered":"Turnpike Black Magic Cajun gar\u0161viela 235g"},"content":{"rendered":"<p><strong data-start=\"72\" data-end=\"88\">Sast\u0101vda\u013cas: <\/strong>\u0137iploki, s\u012bpoli, paprika, s\u012bpolu pulveris, \u0137iploku pulveris, paprika, oregano, baltie pipari, \u010dilli pulveris, timi\u0101ns, \u010dilli, ingvers, jap\u0101\u0146u pipari, baziliks, melnie pipari, \u0137imenes, koriandrs, kurkuma, sinepju s\u0113klas, muskatrieksts, krustnagli\u0146as, p\u0113ters\u012b\u013ci, gar\u0161vielas, kardamons, muskatrieksts, s\u0101ls, cukurs, j\u016bras a\u013c\u0123es, apels\u012bna mizi\u0146a, sezama s\u0113klas (balt\u0101s un meln\u0101s), d\u016bmu arom\u0101ts, dabisk\u0101s gar\u0161vielas.<\/p>","protected":false},"excerpt":{"rendered":"<p data-start=\"155\" data-end=\"201\"><strong data-start=\"155\" data-end=\"201\">Pikants mais\u012bjums ar autentisku Luizi\u0101nas gar\u0161u<\/strong><\/p>\n<p data-start=\"203\" data-end=\"478\">Atkl\u0101jiet patieso Amerikas dienvidu burv\u012bbu ar Turnpike Black Magic Cajun gar\u0161vielu!<\/p>\n<p data-start=\"203\" data-end=\"478\">\u0160is bag\u0101t\u012bgais un drosm\u012bgais gar\u0161u mais\u012bjums apvieno d\u016bmakainus piparus, pikantus \u010dilli, arom\u0101tiskus gar\u0161augus un s\u0101li - tie\u0161i t\u0101d\u0101 l\u012bdzsvar\u0101, kas ir \u012bsta cajun gar\u0161viela.<\/p>\n<p data-start=\"203\" data-end=\"478\">\u2714 Autentiska Luizi\u0101nas recepte<br data-start=\"743\" data-end=\"746\" \/>\u2714 Nesatur m\u0101ksl\u012bgus aromatiz\u0113t\u0101jus un arom\u0101tus<br data-start=\"793\" data-end=\"796\" \/>\u2714 Piem\u0113rots bezglut\u0113na di\u0113t\u0101m<br data-start=\"830\" data-end=\"833\" \/>\u2714 Ide\u0101ls l\u012bdzsvars starp pikantumu un dzi\u013cumu<\/p>\n<p><img loading=\"lazy\" decoding=\"async\" class=\"wp-image-2719\" src=\"http:\/\/tammetorubbq.ee\/wp-content\/uploads\/2025\/04\/Turnpike-BBQ-logo-300x300.webp\" alt=\"Turnpike BBQ logotips\" width=\"173\" height=\"173\" srcset=\"https:\/\/tammetorubbq.ee\/wp-content\/uploads\/2025\/04\/Turnpike-BBQ-logo-300x300.webp 300w, https:\/\/tammetorubbq.ee\/wp-content\/uploads\/2025\/04\/Turnpike-BBQ-logo-150x150.webp 150w, https:\/\/tammetorubbq.ee\/wp-content\/uploads\/2025\/04\/Turnpike-BBQ-logo-12x12.webp 12w, https:\/\/tammetorubbq.ee\/wp-content\/uploads\/2025\/04\/Turnpike-BBQ-logo-600x600.webp 600w, https:\/\/tammetorubbq.ee\/wp-content\/uploads\/2025\/04\/Turnpike-BBQ-logo-64x64.webp 64w, https:\/\/tammetorubbq.ee\/wp-content\/uploads\/2025\/04\/Turnpike-BBQ-logo.webp 720w\" sizes=\"auto, (max-width: 173px) 100vw, 173px\" \/><\/p>","protected":false},"featured_media":3491,"comment_status":"open","ping_status":"closed","template":"","meta":{"_uf_show_specific_survey":0,"_uf_disable_surveys":false},"pwb-brand":[117],"product_brand":[],"product_cat":[21,20],"product_tag":[121,182,120,114],"class_list":{"0":"post-3490","1":"product","2":"type-product","3":"status-publish","4":"has-post-thumbnail","6":"pwb-brand-turnpike-bbq","7":"product_cat-maitseainesegud","8":"product_cat-kampaania","9":"product_tag-koogiviljad","10":"product_tag-linnuliha","11":"product_tag-mereannid","12":"product_tag-sealiha","14":"first","15":"instock","16":"sale","17":"taxable","18":"shipping-taxable","19":"purchasable","20":"product-type-simple"},"brands":[{"id":117,"name":"Turnpike BBQ","slug":"turnpike-bbq"}],"_links":{"self":[{"href":"https:\/\/tammetorubbq.ee\/lv\/wp-json\/wp\/v2\/product\/3490","targetHints":{"allow":["GET"]}}],"collection":[{"href":"https:\/\/tammetorubbq.ee\/lv\/wp-json\/wp\/v2\/product"}],"about":[{"href":"https:\/\/tammetorubbq.ee\/lv\/wp-json\/wp\/v2\/types\/product"}],"replies":[{"embeddable":true,"href":"https:\/\/tammetorubbq.ee\/lv\/wp-json\/wp\/v2\/comments?post=3490"}],"wp:featuredmedia":[{"embeddable":true,"href":"https:\/\/tammetorubbq.ee\/lv\/wp-json\/wp\/v2\/media\/3491"}],"wp:attachment":[{"href":"https:\/\/tammetorubbq.ee\/lv\/wp-json\/wp\/v2\/media?parent=3490"}],"wp:term":[{"taxonomy":"pwb-brand","embeddable":true,"href":"https:\/\/tammetorubbq.ee\/lv\/wp-json\/wp\/v2\/pwb-brand?post=3490"},{"taxonomy":"product_brand","embeddable":true,"href":"https:\/\/tammetorubbq.ee\/lv\/wp-json\/wp\/v2\/product_brand?post=3490"},{"taxonomy":"product_cat","embeddable":true,"href":"https:\/\/tammetorubbq.ee\/lv\/wp-json\/wp\/v2\/product_cat?post=3490"},{"taxonomy":"product_tag","embeddable":true,"href":"https:\/\/tammetorubbq.ee\/lv\/wp-json\/wp\/v2\/product_tag?post=3490"}],"curies":[{"name":"wp","href":"https:\/\/api.w.org\/{rel}","templated":true}]}}