{"id":3492,"date":"2025-07-16T09:28:48","date_gmt":"2025-07-16T06:28:48","guid":{"rendered":"https:\/\/tammetorubbq.ee\/?post_type=product&#038;p=3492"},"modified":"2026-04-17T04:00:17","modified_gmt":"2026-04-17T01:00:17","slug":"turnpike-golden-dust-garsvielas-235g","status":"publish","type":"product","link":"https:\/\/tammetorubbq.ee\/lv\/product-2\/turnpike-golden-dust-garsvielas-235g\/","title":{"rendered":"Turnpike Golden Dust gar\u0161viela 235g"},"content":{"rendered":"<p><strong data-start=\"44\" data-end=\"60\">Sast\u0101vda\u013cas: <\/strong>gar\u0161augi un gar\u0161vielas (karijs, k\u016bpin\u0101ta paprika, kurkuma, koriandrs, jap\u0101\u0146u pipari, sinepes, ingvers, kardamons, pipari, muskatrieksti, krustnagli\u0146as, \u010dilli, \u0137imenes, gar\u0161vielas, muskatrieksts), s\u0101ls, \u0137iploku pulveris, augu e\u013c\u013ca (saulespu\u0137u e\u013c\u013ca), sezama s\u0113klas (balt\u0101s un meln\u0101s), apels\u012bna mizi\u0146as, sk\u0101be (E330), j\u016bras a\u013c\u0123es, kr\u0101sviela (E160c), gar\u0161vielas (selerijas).<\/p>","protected":false},"excerpt":{"rendered":"<p data-start=\"176\" data-end=\"494\">Turnpike Zelta putek\u013ci par <strong>daudzpus\u012bgs un arom\u0101tisks gar\u0161u mais\u012bjums.<\/strong>, kas j\u016bsu \u0113dieniem pie\u0161\u0137irs zeltainu mirdzumu gan kr\u0101sas, gan gar\u0161as zi\u0146\u0101.<\/p>\n<p data-start=\"176\" data-end=\"494\">\u0160aj\u0101 r\u016bp\u012bgi sabalans\u0113taj\u0101 mais\u012bjum\u0101 apvienotas karija gar\u0161vielas, k\u016bpin\u0101ta paprika, gur\u0137is, koriandrs, ingvers un citas eksotiskas gar\u0161as, kam pikantu gar\u0161u pie\u0161\u0137ir \u010dilli un jap\u0101\u0146u pipari.<\/p>\n<p data-start=\"496\" data-end=\"693\">Papildus gar\u0161viel\u0101m mais\u012bjum\u0101 ir ar\u012b \u0137iploku pulveris, apels\u012bna mizi\u0146as, sezama s\u0113klas un j\u016bras a\u013c\u0123es, kas veido bag\u0101t\u012bgu gar\u0161as profilu, kas piem\u0113rots ga\u013cas, zivju un d\u0101rze\u0146u gar\u0161vielu pagatavo\u0161anai.<\/p>\n<p><img loading=\"lazy\" decoding=\"async\" class=\"wp-image-2719\" src=\"http:\/\/tammetorubbq.ee\/wp-content\/uploads\/2025\/04\/Turnpike-BBQ-logo-300x300.webp\" alt=\"Turnpike BBQ logotips\" width=\"171\" height=\"171\" srcset=\"https:\/\/tammetorubbq.ee\/wp-content\/uploads\/2025\/04\/Turnpike-BBQ-logo-300x300.webp 300w, https:\/\/tammetorubbq.ee\/wp-content\/uploads\/2025\/04\/Turnpike-BBQ-logo-150x150.webp 150w, https:\/\/tammetorubbq.ee\/wp-content\/uploads\/2025\/04\/Turnpike-BBQ-logo-12x12.webp 12w, https:\/\/tammetorubbq.ee\/wp-content\/uploads\/2025\/04\/Turnpike-BBQ-logo-600x600.webp 600w, https:\/\/tammetorubbq.ee\/wp-content\/uploads\/2025\/04\/Turnpike-BBQ-logo-64x64.webp 64w, https:\/\/tammetorubbq.ee\/wp-content\/uploads\/2025\/04\/Turnpike-BBQ-logo.webp 720w\" sizes=\"auto, (max-width: 171px) 100vw, 171px\" \/><\/p>","protected":false},"featured_media":3493,"comment_status":"open","ping_status":"closed","template":"","meta":{"_uf_show_specific_survey":0,"_uf_disable_surveys":false},"pwb-brand":[117],"product_brand":[],"product_cat":[21,20],"product_tag":[121,182,120,114],"class_list":{"0":"post-3492","1":"product","2":"type-product","3":"status-publish","4":"has-post-thumbnail","6":"pwb-brand-turnpike-bbq","7":"product_cat-maitseainesegud","8":"product_cat-kampaania","9":"product_tag-koogiviljad","10":"product_tag-linnuliha","11":"product_tag-mereannid","12":"product_tag-sealiha","14":"first","15":"instock","16":"sale","17":"taxable","18":"shipping-taxable","19":"purchasable","20":"product-type-simple"},"brands":[{"id":117,"name":"Turnpike BBQ","slug":"turnpike-bbq"}],"_links":{"self":[{"href":"https:\/\/tammetorubbq.ee\/lv\/wp-json\/wp\/v2\/product\/3492","targetHints":{"allow":["GET"]}}],"collection":[{"href":"https:\/\/tammetorubbq.ee\/lv\/wp-json\/wp\/v2\/product"}],"about":[{"href":"https:\/\/tammetorubbq.ee\/lv\/wp-json\/wp\/v2\/types\/product"}],"replies":[{"embeddable":true,"href":"https:\/\/tammetorubbq.ee\/lv\/wp-json\/wp\/v2\/comments?post=3492"}],"wp:featuredmedia":[{"embeddable":true,"href":"https:\/\/tammetorubbq.ee\/lv\/wp-json\/wp\/v2\/media\/3493"}],"wp:attachment":[{"href":"https:\/\/tammetorubbq.ee\/lv\/wp-json\/wp\/v2\/media?parent=3492"}],"wp:term":[{"taxonomy":"pwb-brand","embeddable":true,"href":"https:\/\/tammetorubbq.ee\/lv\/wp-json\/wp\/v2\/pwb-brand?post=3492"},{"taxonomy":"product_brand","embeddable":true,"href":"https:\/\/tammetorubbq.ee\/lv\/wp-json\/wp\/v2\/product_brand?post=3492"},{"taxonomy":"product_cat","embeddable":true,"href":"https:\/\/tammetorubbq.ee\/lv\/wp-json\/wp\/v2\/product_cat?post=3492"},{"taxonomy":"product_tag","embeddable":true,"href":"https:\/\/tammetorubbq.ee\/lv\/wp-json\/wp\/v2\/product_tag?post=3492"}],"curies":[{"name":"wp","href":"https:\/\/api.w.org\/{rel}","templated":true}]}}