{"id":3494,"date":"2025-07-16T10:32:59","date_gmt":"2025-07-16T07:32:59","guid":{"rendered":"https:\/\/tammetorubbq.ee\/?post_type=product&#038;p=3494"},"modified":"2026-04-18T15:00:40","modified_gmt":"2026-04-18T12:00:40","slug":"serijveida-grillaz-cukgalas-pilniba-300g","status":"publish","type":"product","link":"https:\/\/tammetorubbq.ee\/lv\/product-2\/serijveida-grillaz-cukgalas-pilniba-300g\/","title":{"rendered":"Seri\u0101ls Grillaz Pork Perfection 300g"},"content":{"rendered":"<p data-start=\"54\" data-end=\"228\"><strong data-start=\"54\" data-end=\"70\">Sast\u0101vda\u013cas: <\/strong>s\u0101ls, dzeltenais p\u016bdercukurs, gar\u0161augi un gar\u0161vielas (paprika, kan\u0113lis, baltie pipari, \u010dilli, \u010dilli pulveris, pipari), d\u0101rze\u0146i (\u0137iploki, s\u012bpoli), cukurs.<\/p>\n<p data-start=\"230\" data-end=\"280\"><strong data-start=\"230\" data-end=\"246\">Alerg\u0113ni:<\/strong> Var satur\u0113t zemesriekstu atliekas.<\/p>\n<p data-start=\"282\" data-end=\"327\" data-is-last-node=\"\" data-is-only-node=\"\"><strong data-start=\"282\" data-end=\"297\">Nav iek\u013cauts:<\/strong> MNG, laktozi un lipekli.<\/p>","protected":false},"excerpt":{"rendered":"<p data-start=\"124\" data-end=\"153\"><strong data-start=\"124\" data-end=\"153\">Lieliska c\u016bkga\u013cas gar\u0161a!<\/strong><\/p>\n<p data-start=\"155\" data-end=\"457\">Serial Grillaz Pork Perfection ir \u012bpa\u0161i c\u016bkga\u013cai rad\u012bts gar\u0161vielu mais\u012bjums, kas izce\u013c lab\u0101k\u0101s ga\u013cas \u012bpa\u0161\u012bbas.<\/p>\n<p data-start=\"155\" data-end=\"457\">Sald\u0101 un d\u016bmakain\u0101 gar\u0161a ir r\u016bp\u012bgi sabalans\u0113ta ar vieglu pikantumu un gar\u0161augu gar\u0161u, radot perfektu gar\u0161as profilu ribi\u0146\u0101m, kakla karbon\u0101dei vai jebkuram c\u016bkga\u013cas gabalam.<\/p>\n<p data-start=\"155\" data-end=\"457\">\u2714 Ide\u0101ls saldo, d\u016bmu un pikantu l\u012bdzsvars<br data-start=\"548\" data-end=\"551\" \/>\u2714 Piem\u0113rots gril\u0113\u0161anai, gatavo\u0161anai cepe\u0161kr\u0101sn\u012b un cep\u0161anai uz pannas<br data-start=\"615\" data-end=\"618\" \/>\u2714 Izgatavots ar gril\u0113\u0161anas meistaru pieredzi un kaisl\u012bgu precizit\u0101ti<\/p>\n<p><img loading=\"lazy\" decoding=\"async\" class=\"wp-image-3496\" src=\"http:\/\/tammetorubbq.ee\/wp-content\/uploads\/2025\/07\/Serial-Grillaz-logo.png\" alt=\"Seri\u0101ls Grillaz\" width=\"181\" height=\"149\" srcset=\"https:\/\/tammetorubbq.ee\/wp-content\/uploads\/2025\/07\/Serial-Grillaz-logo.png 299w, https:\/\/tammetorubbq.ee\/wp-content\/uploads\/2025\/07\/Serial-Grillaz-logo-15x12.png 15w, https:\/\/tammetorubbq.ee\/wp-content\/uploads\/2025\/07\/Serial-Grillaz-logo-64x53.png 64w\" sizes=\"auto, (max-width: 181px) 100vw, 181px\" \/><\/p>","protected":false},"featured_media":3495,"comment_status":"open","ping_status":"closed","template":"","meta":{"_uf_show_specific_survey":0,"_uf_disable_surveys":false},"pwb-brand":[184],"product_brand":[],"product_cat":[21,20],"product_tag":[114,122,211],"class_list":{"0":"post-3494","1":"product","2":"type-product","3":"status-publish","4":"has-post-thumbnail","6":"pwb-brand-serial-grillaz","7":"product_cat-maitseainesegud","8":"product_cat-kampaania","9":"product_tag-sealiha","10":"product_tag-searibi","11":"product_tag-serial-grillaz","13":"first","14":"instock","15":"sale","16":"taxable","17":"shipping-taxable","18":"purchasable","19":"product-type-simple"},"brands":[{"id":184,"name":"Seri\u0101ls Grillaz","slug":"serijveida-grillaz"}],"_links":{"self":[{"href":"https:\/\/tammetorubbq.ee\/lv\/wp-json\/wp\/v2\/product\/3494","targetHints":{"allow":["GET"]}}],"collection":[{"href":"https:\/\/tammetorubbq.ee\/lv\/wp-json\/wp\/v2\/product"}],"about":[{"href":"https:\/\/tammetorubbq.ee\/lv\/wp-json\/wp\/v2\/types\/product"}],"replies":[{"embeddable":true,"href":"https:\/\/tammetorubbq.ee\/lv\/wp-json\/wp\/v2\/comments?post=3494"}],"wp:featuredmedia":[{"embeddable":true,"href":"https:\/\/tammetorubbq.ee\/lv\/wp-json\/wp\/v2\/media\/3495"}],"wp:attachment":[{"href":"https:\/\/tammetorubbq.ee\/lv\/wp-json\/wp\/v2\/media?parent=3494"}],"wp:term":[{"taxonomy":"pwb-brand","embeddable":true,"href":"https:\/\/tammetorubbq.ee\/lv\/wp-json\/wp\/v2\/pwb-brand?post=3494"},{"taxonomy":"product_brand","embeddable":true,"href":"https:\/\/tammetorubbq.ee\/lv\/wp-json\/wp\/v2\/product_brand?post=3494"},{"taxonomy":"product_cat","embeddable":true,"href":"https:\/\/tammetorubbq.ee\/lv\/wp-json\/wp\/v2\/product_cat?post=3494"},{"taxonomy":"product_tag","embeddable":true,"href":"https:\/\/tammetorubbq.ee\/lv\/wp-json\/wp\/v2\/product_tag?post=3494"}],"curies":[{"name":"wp","href":"https:\/\/api.w.org\/{rel}","templated":true}]}}