{"id":3497,"date":"2025-07-16T10:46:19","date_gmt":"2025-07-16T07:46:19","guid":{"rendered":"https:\/\/tammetorubbq.ee\/?post_type=product&#038;p=3497"},"modified":"2026-04-17T09:00:35","modified_gmt":"2026-04-17T06:00:35","slug":"serijveida-grillaz-cajun-kiploku-berzet-300g","status":"publish","type":"product","link":"https:\/\/tammetorubbq.ee\/lv\/product-2\/serijveida-grillaz-cajun-kiploku-berzet-300g\/","title":{"rendered":"Seri\u0101ls Grillaz Cajun \u0137iploku rub\u012bns 300g"},"content":{"rendered":"<p data-start=\"94\" data-end=\"248\"><strong data-start=\"94\" data-end=\"110\">Sast\u0101vda\u013cas: <\/strong>s\u0101ls, paprika, \u0137iploki, s\u012bpoli, melnie pipari, baltie pipari, \u010dilli pulveris, oregano, timi\u0101ns, kaj\u0113nas pipari, cukurs, dab\u012bg\u0101s gar\u0161vielas.<\/p>\n<p data-start=\"250\" data-end=\"334\"><strong data-start=\"250\" data-end=\"266\">Alerg\u0113ni:<\/strong> Var satur\u0113t sezama s\u0113klu, sinepju un selerijas p\u0113das.<\/p>","protected":false},"excerpt":{"rendered":"<p data-start=\"120\" data-end=\"176\"><strong data-start=\"120\" data-end=\"176\">Pikanta \u0137iploku gar\u0161a dienvidu stil\u0101<\/strong><\/p>\n<p data-start=\"178\" data-end=\"472\">Seri\u0101ls Grillaz Cajun Garlic Rub ir gar\u0161\u012bgi pikants un \u0137iploku gar\u0161vielu mais\u012bjums, kas radies, iedvesmojoties no autentiskas cajun virtuves. T\u0101 apvieno perfektu paprikas, \u0137iploku, s\u012bpolu, melno piparu, balto piparu, kaj\u0113nas piparu un gar\u0161augu mais\u012bjumu, kas pie\u0161\u0137ir dzi\u013cu un pikantu gar\u0161u.<\/p>\n<p data-start=\"474\" data-end=\"575\">Ide\u0101li piem\u0113rots ga\u013cas, vistas ga\u013cas, zivju un d\u0101rze\u0146u pagatavo\u0161anai uz grila, pann\u0101 vai cepe\u0161kr\u0101sn\u012b.<\/p>\n<p><img loading=\"lazy\" decoding=\"async\" class=\"wp-image-3496\" src=\"http:\/\/tammetorubbq.ee\/wp-content\/uploads\/2025\/07\/Serial-Grillaz-logo.png\" alt=\"Seri\u0101ls Grillaz\" width=\"167\" height=\"137\" srcset=\"https:\/\/tammetorubbq.ee\/wp-content\/uploads\/2025\/07\/Serial-Grillaz-logo.png 299w, https:\/\/tammetorubbq.ee\/wp-content\/uploads\/2025\/07\/Serial-Grillaz-logo-15x12.png 15w, https:\/\/tammetorubbq.ee\/wp-content\/uploads\/2025\/07\/Serial-Grillaz-logo-64x53.png 64w\" sizes=\"auto, (max-width: 167px) 100vw, 167px\" \/><\/p>","protected":false},"featured_media":3498,"comment_status":"open","ping_status":"closed","template":"","meta":{"_uf_show_specific_survey":0,"_uf_disable_surveys":false},"pwb-brand":[184],"product_brand":[],"product_cat":[21,20],"product_tag":[121,182,120,114,211],"class_list":{"0":"post-3497","1":"product","2":"type-product","3":"status-publish","4":"has-post-thumbnail","6":"pwb-brand-serial-grillaz","7":"product_cat-maitseainesegud","8":"product_cat-kampaania","9":"product_tag-koogiviljad","10":"product_tag-linnuliha","11":"product_tag-mereannid","12":"product_tag-sealiha","13":"product_tag-serial-grillaz","15":"first","16":"instock","17":"sale","18":"taxable","19":"shipping-taxable","20":"purchasable","21":"product-type-simple"},"brands":[{"id":184,"name":"Seri\u0101ls Grillaz","slug":"serijveida-grillaz"}],"_links":{"self":[{"href":"https:\/\/tammetorubbq.ee\/lv\/wp-json\/wp\/v2\/product\/3497","targetHints":{"allow":["GET"]}}],"collection":[{"href":"https:\/\/tammetorubbq.ee\/lv\/wp-json\/wp\/v2\/product"}],"about":[{"href":"https:\/\/tammetorubbq.ee\/lv\/wp-json\/wp\/v2\/types\/product"}],"replies":[{"embeddable":true,"href":"https:\/\/tammetorubbq.ee\/lv\/wp-json\/wp\/v2\/comments?post=3497"}],"wp:featuredmedia":[{"embeddable":true,"href":"https:\/\/tammetorubbq.ee\/lv\/wp-json\/wp\/v2\/media\/3498"}],"wp:attachment":[{"href":"https:\/\/tammetorubbq.ee\/lv\/wp-json\/wp\/v2\/media?parent=3497"}],"wp:term":[{"taxonomy":"pwb-brand","embeddable":true,"href":"https:\/\/tammetorubbq.ee\/lv\/wp-json\/wp\/v2\/pwb-brand?post=3497"},{"taxonomy":"product_brand","embeddable":true,"href":"https:\/\/tammetorubbq.ee\/lv\/wp-json\/wp\/v2\/product_brand?post=3497"},{"taxonomy":"product_cat","embeddable":true,"href":"https:\/\/tammetorubbq.ee\/lv\/wp-json\/wp\/v2\/product_cat?post=3497"},{"taxonomy":"product_tag","embeddable":true,"href":"https:\/\/tammetorubbq.ee\/lv\/wp-json\/wp\/v2\/product_tag?post=3497"}],"curies":[{"name":"wp","href":"https:\/\/api.w.org\/{rel}","templated":true}]}}