{"id":3499,"date":"2025-07-16T10:50:55","date_gmt":"2025-07-16T07:50:55","guid":{"rendered":"https:\/\/tammetorubbq.ee\/?post_type=product&#038;p=3499"},"modified":"2026-04-17T04:01:10","modified_gmt":"2026-04-17T01:01:10","slug":"serijveida-grillaz-vistas-putekli-250g","status":"publish","type":"product","link":"https:\/\/tammetorubbq.ee\/lv\/product-2\/serijveida-grillaz-vistas-putekli-250g\/","title":{"rendered":"Seri\u0101ls Grillaz Vistas putek\u013ci 250g"},"content":{"rendered":"<p data-start=\"88\" data-end=\"225\"><strong data-start=\"88\" data-end=\"104\">Sast\u0101vda\u013cas: <\/strong>s\u0101ls, paprika, \u0137iploki, s\u012bpoli, melnie pipari, baltie pipari, \u010dilli pulveris, timi\u0101ns, oregano, cukurs, dab\u012bg\u0101s gar\u0161vielas.<\/p>\n<p data-start=\"227\" data-end=\"296\"><strong data-start=\"227\" data-end=\"243\">Alerg\u0113ni:<\/strong> Var satur\u0113t sezama s\u0113klas, sinepes un seleriju.<\/p>","protected":false},"excerpt":{"rendered":"<p data-start=\"122\" data-end=\"170\"><strong data-start=\"122\" data-end=\"170\">Arom\u0101tiskas vistas ga\u013cas gar\u0161vielas grilam un virtuvei<\/strong><\/p>\n<p data-start=\"172\" data-end=\"444\">Serial Grillaz Chicken Dust ir gar\u0161vielu mais\u012bjums, kas \u012bpa\u0161i rad\u012bts vistas ga\u013cai un padara katru vistas ga\u013cas \u0113dienu sul\u012bgu un arom\u0101tisku. Mais\u012bjum\u0101 apvienota paprika, \u0137iploki, s\u012bpoli, pipari un gar\u0161augi, lai izceltu ga\u013cas dabisko gar\u0161u un pie\u0161\u0137irtu tai vieglu pikantumu.<\/p>\n<p data-start=\"446\" data-end=\"567\">Ide\u0101li piem\u0113rots veselu c\u0101\u013cu, vistas sp\u0101rnu, filejas un vistas ciskas aug\u0161stilbu gar\u0161vielu pagatavo\u0161anai - gan uz grila, gan cepe\u0161kr\u0101sn\u012b vai uz pannas.<\/p>\n<p><img loading=\"lazy\" decoding=\"async\" class=\"wp-image-3496\" src=\"http:\/\/tammetorubbq.ee\/wp-content\/uploads\/2025\/07\/Serial-Grillaz-logo.png\" alt=\"Seri\u0101ls Grillaz\" width=\"173\" height=\"142\" srcset=\"https:\/\/tammetorubbq.ee\/wp-content\/uploads\/2025\/07\/Serial-Grillaz-logo.png 299w, https:\/\/tammetorubbq.ee\/wp-content\/uploads\/2025\/07\/Serial-Grillaz-logo-15x12.png 15w, https:\/\/tammetorubbq.ee\/wp-content\/uploads\/2025\/07\/Serial-Grillaz-logo-64x53.png 64w\" sizes=\"auto, (max-width: 173px) 100vw, 173px\" \/><\/p>","protected":false},"featured_media":3500,"comment_status":"open","ping_status":"closed","template":"","meta":{"_uf_show_specific_survey":0,"_uf_disable_surveys":false},"pwb-brand":[184],"product_brand":[],"product_cat":[21,20],"product_tag":[118,159,211],"class_list":{"0":"post-3499","1":"product","2":"type-product","3":"status-publish","4":"has-post-thumbnail","6":"pwb-brand-serial-grillaz","7":"product_cat-maitseainesegud","8":"product_cat-kampaania","9":"product_tag-kanaliha","10":"product_tag-kanatiivad","11":"product_tag-serial-grillaz","13":"first","14":"instock","15":"sale","16":"taxable","17":"shipping-taxable","18":"purchasable","19":"product-type-simple"},"brands":[{"id":184,"name":"Seri\u0101ls Grillaz","slug":"serijveida-grillaz"}],"_links":{"self":[{"href":"https:\/\/tammetorubbq.ee\/lv\/wp-json\/wp\/v2\/product\/3499","targetHints":{"allow":["GET"]}}],"collection":[{"href":"https:\/\/tammetorubbq.ee\/lv\/wp-json\/wp\/v2\/product"}],"about":[{"href":"https:\/\/tammetorubbq.ee\/lv\/wp-json\/wp\/v2\/types\/product"}],"replies":[{"embeddable":true,"href":"https:\/\/tammetorubbq.ee\/lv\/wp-json\/wp\/v2\/comments?post=3499"}],"wp:featuredmedia":[{"embeddable":true,"href":"https:\/\/tammetorubbq.ee\/lv\/wp-json\/wp\/v2\/media\/3500"}],"wp:attachment":[{"href":"https:\/\/tammetorubbq.ee\/lv\/wp-json\/wp\/v2\/media?parent=3499"}],"wp:term":[{"taxonomy":"pwb-brand","embeddable":true,"href":"https:\/\/tammetorubbq.ee\/lv\/wp-json\/wp\/v2\/pwb-brand?post=3499"},{"taxonomy":"product_brand","embeddable":true,"href":"https:\/\/tammetorubbq.ee\/lv\/wp-json\/wp\/v2\/product_brand?post=3499"},{"taxonomy":"product_cat","embeddable":true,"href":"https:\/\/tammetorubbq.ee\/lv\/wp-json\/wp\/v2\/product_cat?post=3499"},{"taxonomy":"product_tag","embeddable":true,"href":"https:\/\/tammetorubbq.ee\/lv\/wp-json\/wp\/v2\/product_tag?post=3499"}],"curies":[{"name":"wp","href":"https:\/\/api.w.org\/{rel}","templated":true}]}}