{"id":3521,"date":"2025-07-25T14:47:54","date_gmt":"2025-07-25T11:47:54","guid":{"rendered":"https:\/\/tammetorubbq.ee\/?post_type=product&#038;p=3521"},"modified":"2026-04-08T06:00:17","modified_gmt":"2026-04-08T03:00:17","slug":"saldva-steiku-garsviela-spg-rozmarina-berze-200g","status":"publish","type":"product","link":"https:\/\/tammetorubbq.ee\/lv\/product-2\/saldva-steiku-garsviela-spg-rozmarina-berze-200g\/","title":{"rendered":"Saldva Steiku gar\u0161viela SPG Rosemary Rub 200g"},"content":{"rendered":"<p><strong data-start=\"502\" data-end=\"518\">Sast\u0101vda\u013cas:<\/strong> s\u0101ls, melnie pipari, \u0137iploki, rozmar\u012bns.<\/p>","protected":false},"excerpt":{"rendered":"<p data-start=\"79\" data-end=\"327\"><strong data-start=\"0\" data-end=\"33\" data-is-only-node=\"\">Steigi gar\u0161vielas SPG Rozmar\u012bns<\/strong> - gar\u0161\u012bga gar\u0161viela, kas apvieno klasisko SPG (s\u0101ls, pipari, \u0137iploki) b\u0101zi ar svaiga rozmar\u012bna arom\u0101tu.<\/p>\n<p data-start=\"79\" data-end=\"327\">\u0160is sabalans\u0113tais mais\u012bjums izce\u013c ga\u013cas dabisk\u0101s gar\u0161as un pie\u0161\u0137ir tai elegantu gar\u0161augu piesk\u0101rienu.<\/p>\n<p data-start=\"329\" data-end=\"500\">Ide\u0101li piem\u0113rots liellopu ga\u013cas, j\u0113ra ga\u013cas, vistas ga\u013cas un pat d\u0101rze\u0146u pagatavo\u0161anai. Iet\u012briet ga\u013c\u0101 pirms gatavo\u0161anas, lai g\u016btu perfektu gar\u0161u uz grila, pann\u0101 vai cepe\u0161kr\u0101sn\u012b.<\/p>\n<p><img loading=\"lazy\" decoding=\"async\" class=\"wp-image-3517\" src=\"http:\/\/tammetorubbq.ee\/wp-content\/uploads\/2025\/07\/Saldva-logo-300x300.avif\" alt=\"Saldva\" width=\"163\" height=\"163\" srcset=\"https:\/\/tammetorubbq.ee\/wp-content\/uploads\/2025\/07\/Saldva-logo-300x300.avif 300w, https:\/\/tammetorubbq.ee\/wp-content\/uploads\/2025\/07\/Saldva-logo-1024x1024.avif 1024w, https:\/\/tammetorubbq.ee\/wp-content\/uploads\/2025\/07\/Saldva-logo-150x150.avif 150w, https:\/\/tammetorubbq.ee\/wp-content\/uploads\/2025\/07\/Saldva-logo-768x768.avif 768w, https:\/\/tammetorubbq.ee\/wp-content\/uploads\/2025\/07\/Saldva-logo-1536x1536.avif 1536w, https:\/\/tammetorubbq.ee\/wp-content\/uploads\/2025\/07\/Saldva-logo-2048x2048.avif 2048w, https:\/\/tammetorubbq.ee\/wp-content\/uploads\/2025\/07\/Saldva-logo-12x12.avif 12w, https:\/\/tammetorubbq.ee\/wp-content\/uploads\/2025\/07\/Saldva-logo-600x600.avif 600w, https:\/\/tammetorubbq.ee\/wp-content\/uploads\/2025\/07\/Saldva-logo-64x64.avif 64w\" sizes=\"auto, (max-width: 163px) 100vw, 163px\" \/><\/p>\n<p data-start=\"329\" data-end=\"500\">","protected":false},"featured_media":3522,"comment_status":"open","ping_status":"closed","template":"","meta":{"_uf_show_specific_survey":0,"_uf_disable_surveys":false},"pwb-brand":[185],"product_brand":[],"product_cat":[21],"product_tag":[112,319,123,139,119],"class_list":{"0":"post-3521","1":"product","2":"type-product","3":"status-publish","4":"has-post-thumbnail","6":"pwb-brand-saldva","7":"product_cat-maitseainesegud","8":"product_tag-lambaliha","9":"product_tag-pardi-rinnafilee","10":"product_tag-steik","11":"product_tag-ulukiliha","12":"product_tag-veiseliha","14":"first","15":"instock","16":"taxable","17":"shipping-taxable","18":"purchasable","19":"product-type-simple"},"brands":[{"id":185,"name":"Saldva","slug":"saldva"}],"_links":{"self":[{"href":"https:\/\/tammetorubbq.ee\/lv\/wp-json\/wp\/v2\/product\/3521","targetHints":{"allow":["GET"]}}],"collection":[{"href":"https:\/\/tammetorubbq.ee\/lv\/wp-json\/wp\/v2\/product"}],"about":[{"href":"https:\/\/tammetorubbq.ee\/lv\/wp-json\/wp\/v2\/types\/product"}],"replies":[{"embeddable":true,"href":"https:\/\/tammetorubbq.ee\/lv\/wp-json\/wp\/v2\/comments?post=3521"}],"wp:featuredmedia":[{"embeddable":true,"href":"https:\/\/tammetorubbq.ee\/lv\/wp-json\/wp\/v2\/media\/3522"}],"wp:attachment":[{"href":"https:\/\/tammetorubbq.ee\/lv\/wp-json\/wp\/v2\/media?parent=3521"}],"wp:term":[{"taxonomy":"pwb-brand","embeddable":true,"href":"https:\/\/tammetorubbq.ee\/lv\/wp-json\/wp\/v2\/pwb-brand?post=3521"},{"taxonomy":"product_brand","embeddable":true,"href":"https:\/\/tammetorubbq.ee\/lv\/wp-json\/wp\/v2\/product_brand?post=3521"},{"taxonomy":"product_cat","embeddable":true,"href":"https:\/\/tammetorubbq.ee\/lv\/wp-json\/wp\/v2\/product_cat?post=3521"},{"taxonomy":"product_tag","embeddable":true,"href":"https:\/\/tammetorubbq.ee\/lv\/wp-json\/wp\/v2\/product_tag?post=3521"}],"curies":[{"name":"wp","href":"https:\/\/api.w.org\/{rel}","templated":true}]}}