{"id":3523,"date":"2025-07-25T14:54:59","date_gmt":"2025-07-25T11:54:59","guid":{"rendered":"https:\/\/tammetorubbq.ee\/?post_type=product&#038;p=3523"},"modified":"2026-04-15T03:00:03","modified_gmt":"2026-04-15T00:00:03","slug":"saldva-universala-garsviela-melno-kiploku-uzlejums-230g","status":"publish","type":"product","link":"https:\/\/tammetorubbq.ee\/lv\/product-2\/saldva-universala-garsviela-melno-kiploku-uzlejums-230g\/","title":{"rendered":"Saldva Univers\u0101l\u0101 gar\u0161viela Melno \u0137iploku uzl\u0113jums 230g"},"content":{"rendered":"<p><strong data-start=\"553\" data-end=\"569\">Sast\u0101vda\u013cas:<\/strong> s\u0101ls, melnie \u0137iploki, melnie pipari, s\u012bpoli, gar\u0161augi un gar\u0161vielas.<\/p>","protected":false},"excerpt":{"rendered":"<p data-start=\"88\" data-end=\"346\"><strong>Universal Seasoning Melno \u0137iploku uzl\u0113jums<\/strong> ir daudzpus\u012bgs gar\u0161vielu mais\u012bjums, ko var izmantot ikdienas \u0113dienu uzlabo\u0161anai.<\/p>\n<p data-start=\"88\" data-end=\"346\">\u0160\u012b gar\u0161vielu mais\u012bjuma pamat\u0101 ir melno \u0137iploku dzi\u013c\u0101, karame\u013cu gar\u0161a, kas jebkuram \u0113dienam pie\u0161\u0137ir bag\u0101t\u012bgu un nedaudz saldu umami gar\u0161u.<\/p>\n<p data-start=\"348\" data-end=\"551\">Ide\u0101li piem\u0113rots ga\u013cas, vistas ga\u013cas, d\u0101rze\u0146u, d\u0101rze\u0146u, m\u0113r\u010du, zupu un pat makaronu \u0113dienu pagatavo\u0161anai.<\/p>\n<p data-start=\"348\" data-end=\"551\">T\u0101 daudzpus\u012bba padara to par neaizst\u0101jamu virtuves skapi gan m\u0101jas pav\u0101ram, gan nopietnam \u0113diena cien\u012bt\u0101jam.<\/p>\n<p><img loading=\"lazy\" decoding=\"async\" class=\"wp-image-3517\" src=\"http:\/\/tammetorubbq.ee\/wp-content\/uploads\/2025\/07\/Saldva-logo-300x300.avif\" alt=\"Saldva\" width=\"167\" height=\"167\" srcset=\"https:\/\/tammetorubbq.ee\/wp-content\/uploads\/2025\/07\/Saldva-logo-300x300.avif 300w, https:\/\/tammetorubbq.ee\/wp-content\/uploads\/2025\/07\/Saldva-logo-1024x1024.avif 1024w, https:\/\/tammetorubbq.ee\/wp-content\/uploads\/2025\/07\/Saldva-logo-150x150.avif 150w, https:\/\/tammetorubbq.ee\/wp-content\/uploads\/2025\/07\/Saldva-logo-768x768.avif 768w, https:\/\/tammetorubbq.ee\/wp-content\/uploads\/2025\/07\/Saldva-logo-1536x1536.avif 1536w, https:\/\/tammetorubbq.ee\/wp-content\/uploads\/2025\/07\/Saldva-logo-2048x2048.avif 2048w, https:\/\/tammetorubbq.ee\/wp-content\/uploads\/2025\/07\/Saldva-logo-12x12.avif 12w, https:\/\/tammetorubbq.ee\/wp-content\/uploads\/2025\/07\/Saldva-logo-600x600.avif 600w, https:\/\/tammetorubbq.ee\/wp-content\/uploads\/2025\/07\/Saldva-logo-64x64.avif 64w\" sizes=\"auto, (max-width: 167px) 100vw, 167px\" \/><\/p>","protected":false},"featured_media":3524,"comment_status":"open","ping_status":"closed","template":"","meta":{"_uf_show_specific_survey":0,"_uf_disable_surveys":false},"pwb-brand":[185],"product_brand":[],"product_cat":[21],"product_tag":[118,121,114,139,119],"class_list":{"0":"post-3523","1":"product","2":"type-product","3":"status-publish","4":"has-post-thumbnail","6":"pwb-brand-saldva","7":"product_cat-maitseainesegud","8":"product_tag-kanaliha","9":"product_tag-koogiviljad","10":"product_tag-sealiha","11":"product_tag-ulukiliha","12":"product_tag-veiseliha","14":"first","15":"outofstock","16":"taxable","17":"shipping-taxable","18":"purchasable","19":"product-type-simple"},"brands":[{"id":185,"name":"Saldva","slug":"saldva"}],"_links":{"self":[{"href":"https:\/\/tammetorubbq.ee\/lv\/wp-json\/wp\/v2\/product\/3523","targetHints":{"allow":["GET"]}}],"collection":[{"href":"https:\/\/tammetorubbq.ee\/lv\/wp-json\/wp\/v2\/product"}],"about":[{"href":"https:\/\/tammetorubbq.ee\/lv\/wp-json\/wp\/v2\/types\/product"}],"replies":[{"embeddable":true,"href":"https:\/\/tammetorubbq.ee\/lv\/wp-json\/wp\/v2\/comments?post=3523"}],"wp:featuredmedia":[{"embeddable":true,"href":"https:\/\/tammetorubbq.ee\/lv\/wp-json\/wp\/v2\/media\/3524"}],"wp:attachment":[{"href":"https:\/\/tammetorubbq.ee\/lv\/wp-json\/wp\/v2\/media?parent=3523"}],"wp:term":[{"taxonomy":"pwb-brand","embeddable":true,"href":"https:\/\/tammetorubbq.ee\/lv\/wp-json\/wp\/v2\/pwb-brand?post=3523"},{"taxonomy":"product_brand","embeddable":true,"href":"https:\/\/tammetorubbq.ee\/lv\/wp-json\/wp\/v2\/product_brand?post=3523"},{"taxonomy":"product_cat","embeddable":true,"href":"https:\/\/tammetorubbq.ee\/lv\/wp-json\/wp\/v2\/product_cat?post=3523"},{"taxonomy":"product_tag","embeddable":true,"href":"https:\/\/tammetorubbq.ee\/lv\/wp-json\/wp\/v2\/product_tag?post=3523"}],"curies":[{"name":"wp","href":"https:\/\/api.w.org\/{rel}","templated":true}]}}