{"id":3527,"date":"2025-07-25T15:18:10","date_gmt":"2025-07-25T12:18:10","guid":{"rendered":"https:\/\/tammetorubbq.ee\/?post_type=product&#038;p=3527"},"modified":"2026-05-17T10:00:03","modified_gmt":"2026-05-17T07:00:03","slug":"virtuves-burvestibas-prince-charming-steiku-berzet-200g","status":"publish","type":"product","link":"https:\/\/tammetorubbq.ee\/lv\/toode\/kitchen-spells-prince-charming-steak-rub-200g\/","title":{"rendered":"Virtuves burvest\u012bbas Prince Charming Steak Rub 200g"},"content":{"rendered":"<p><strong data-start=\"588\" data-end=\"604\">Sast\u0101vda\u013cas:<\/strong> s\u0101ls, melnie pipari, paprika, \u0137iploki, s\u012bpoli, gar\u0161augi un gar\u0161vielas.<\/p>","protected":false},"excerpt":{"rendered":"<p data-start=\"80\" data-end=\"372\">Virtuves burvest\u012bbas <strong data-start=\"95\" data-end=\"114\">Burv\u012bgais princis<\/strong> Steik Rub ir gar\u0161vielu mais\u012bjums, kas ir \u012bpa\u0161i rad\u012bts tiem, kuri nov\u0113rt\u0113 patiesi burv\u012bgu steiku baud\u012b\u0161anu.<\/p>\n<p data-start=\"80\" data-end=\"372\">\u0160is r\u016bp\u012bgi atlas\u012btais sast\u0101vda\u013cu mais\u012bjums pie\u0161\u0137ir ga\u013cai dzi\u013cu, bag\u0101t\u012bgu un viegli d\u016bmakainu gar\u0161u, kas j\u016bs apburs jau no pirm\u0101 kumosa.<\/p>\n<p data-start=\"374\" data-end=\"586\">Ide\u0101li piem\u0113rots liellopu, c\u016bkga\u013cas un j\u0113ra ga\u013cas gar\u0161vielu pagatavo\u0161anai pirms cep\u0161anas uz grila vai cep\u0161anas. Smar\u017eu mais\u012bjums nodro\u0161ina, ka gar\u0161as dzi\u013ci ies\u016bcas ga\u013c\u0101, radot gan sp\u0113c\u012bgu, gan izsmalcin\u0101tu kulin\u0101rijas rezult\u0101tu.<\/p>\n<p data-start=\"374\" data-end=\"586\"><strong>Pie\u0161\u0137iriet savai virtuvei mazliet burv\u012bbas - prin\u010da burv\u012bbas steiku ieziede padar\u012bs katru \u0113dienu karalisku!<\/strong><\/p>\n<p><img loading=\"lazy\" decoding=\"async\" class=\"wp-image-3517\" src=\"http:\/\/tammetorubbq.ee\/wp-content\/uploads\/2025\/07\/Saldva-logo-300x300.avif\" alt=\"Saldva\" width=\"166\" height=\"166\" srcset=\"https:\/\/tammetorubbq.ee\/wp-content\/uploads\/2025\/07\/Saldva-logo-300x300.avif 300w, https:\/\/tammetorubbq.ee\/wp-content\/uploads\/2025\/07\/Saldva-logo-1024x1024.avif 1024w, https:\/\/tammetorubbq.ee\/wp-content\/uploads\/2025\/07\/Saldva-logo-150x150.avif 150w, https:\/\/tammetorubbq.ee\/wp-content\/uploads\/2025\/07\/Saldva-logo-768x768.avif 768w, https:\/\/tammetorubbq.ee\/wp-content\/uploads\/2025\/07\/Saldva-logo-1536x1536.avif 1536w, https:\/\/tammetorubbq.ee\/wp-content\/uploads\/2025\/07\/Saldva-logo-2048x2048.avif 2048w, https:\/\/tammetorubbq.ee\/wp-content\/uploads\/2025\/07\/Saldva-logo-12x12.avif 12w, https:\/\/tammetorubbq.ee\/wp-content\/uploads\/2025\/07\/Saldva-logo-600x600.avif 600w, https:\/\/tammetorubbq.ee\/wp-content\/uploads\/2025\/07\/Saldva-logo-64x64.avif 64w\" sizes=\"auto, (max-width: 166px) 100vw, 166px\" \/><\/p>","protected":false},"featured_media":3528,"comment_status":"open","ping_status":"closed","template":"","meta":{"_uf_show_specific_survey":0,"_uf_disable_surveys":false},"pwb-brand":[185],"product_brand":[],"product_cat":[21,20],"product_tag":[255,112,114,123,119],"class_list":{"0":"post-3527","1":"product","2":"type-product","3":"status-publish","4":"has-post-thumbnail","6":"pwb-brand-saldva","7":"product_cat-maitseainesegud","8":"product_cat-kampaania","9":"product_tag-kitchen-spells","10":"product_tag-lambaliha","11":"product_tag-sealiha","12":"product_tag-steik","13":"product_tag-veiseliha","15":"first","16":"instock","17":"sale","18":"taxable","19":"shipping-taxable","20":"purchasable","21":"product-type-simple"},"brands":[{"id":185,"name":"Saldva","slug":"saldva"}],"_links":{"self":[{"href":"https:\/\/tammetorubbq.ee\/lv\/wp-json\/wp\/v2\/product\/3527","targetHints":{"allow":["GET"]}}],"collection":[{"href":"https:\/\/tammetorubbq.ee\/lv\/wp-json\/wp\/v2\/product"}],"about":[{"href":"https:\/\/tammetorubbq.ee\/lv\/wp-json\/wp\/v2\/types\/product"}],"replies":[{"embeddable":true,"href":"https:\/\/tammetorubbq.ee\/lv\/wp-json\/wp\/v2\/comments?post=3527"}],"wp:featuredmedia":[{"embeddable":true,"href":"https:\/\/tammetorubbq.ee\/lv\/wp-json\/wp\/v2\/media\/3528"}],"wp:attachment":[{"href":"https:\/\/tammetorubbq.ee\/lv\/wp-json\/wp\/v2\/media?parent=3527"}],"wp:term":[{"taxonomy":"pwb-brand","embeddable":true,"href":"https:\/\/tammetorubbq.ee\/lv\/wp-json\/wp\/v2\/pwb-brand?post=3527"},{"taxonomy":"product_brand","embeddable":true,"href":"https:\/\/tammetorubbq.ee\/lv\/wp-json\/wp\/v2\/product_brand?post=3527"},{"taxonomy":"product_cat","embeddable":true,"href":"https:\/\/tammetorubbq.ee\/lv\/wp-json\/wp\/v2\/product_cat?post=3527"},{"taxonomy":"product_tag","embeddable":true,"href":"https:\/\/tammetorubbq.ee\/lv\/wp-json\/wp\/v2\/product_tag?post=3527"}],"curies":[{"name":"wp","href":"https:\/\/api.w.org\/{rel}","templated":true}]}}