{"id":3529,"date":"2025-07-25T15:22:19","date_gmt":"2025-07-25T12:22:19","guid":{"rendered":"https:\/\/tammetorubbq.ee\/?post_type=product&#038;p=3529"},"modified":"2026-04-29T23:00:16","modified_gmt":"2026-04-29T20:00:16","slug":"virtuves-burvestibas-mad-king-steiku-berzet-200g","status":"publish","type":"product","link":"https:\/\/tammetorubbq.ee\/lv\/toode\/kitchen-spells-mad-king-steak-rub-200g\/","title":{"rendered":"Virtuves burvest\u012bbas Mad King Steiku iezie\u0161ana 200g"},"content":{"rendered":"<p><strong data-start=\"574\" data-end=\"590\">Sast\u0101vda\u013cas:<\/strong> s\u0101ls, paprika, melnie pipari, \u0137iploki, \u010dilli, s\u012bpoli, gar\u0161augi un citas gar\u0161vielas.<\/p>","protected":false},"excerpt":{"rendered":"<p data-start=\"73\" data-end=\"403\">Virtuves burvest\u012bbas <strong data-start=\"73\" data-end=\"100\">Trakais karalis<\/strong> Steiku berz\u0113jums ir gar\u0161vielu mais\u012bjums, kam nav robe\u017eu - drosm\u012bgs, intens\u012bvs un arom\u0101tisks!<\/p>\n<p data-start=\"73\" data-end=\"403\">\u0160is iezie\u0161anas l\u012bdzeklis ir paredz\u0113ts \u012bstiem ga\u013cas cien\u012bt\u0101jiem, kuri nebaid\u0101s no sp\u0113c\u012bg\u0101m gar\u0161\u0101m ar rakstur\u012bg\u0101m \u012bpa\u0161\u012bb\u0101m.<\/p>\n<p data-start=\"73\" data-end=\"403\">Mais\u012bjum\u0101 apvienotas klasisk\u0101s gar\u0161vielas ar d\u016bmakainu un nedaudz asu arom\u0101tu, kas pie\u0161\u0137ir ga\u013cai karalisku un neaizmirstamu gar\u0161as dzi\u013cumu.<\/p>\n<p data-start=\"405\" data-end=\"572\">Lieliski piem\u0113rots liellopu ga\u013cas, c\u016bkga\u013cas un med\u012bjuma ga\u013cas gar\u0161vielu pagatavo\u0161anai.<\/p>\n<p data-start=\"405\" data-end=\"572\">Ide\u0101li piem\u0113rots gril\u0113\u0161anai, cep\u0161anai vai gatavo\u0161anai zem\u0101 temperat\u016br\u0101 - \u013caujiet gar\u0161viel\u0101m dar\u012bt savu darbu!<\/p>\n<p data-start=\"405\" data-end=\"572\"><strong>\u013baujiet Mad King vald\u012bt j\u016bsu b\u0101rbekj\u016b - Mad King pie\u0161\u0137ir sp\u0113c\u012bgu un dumpiniecisku gar\u0161u ikvienam kumosam!<\/strong><\/p>","protected":false},"featured_media":3530,"comment_status":"open","ping_status":"closed","template":"","meta":{"_uf_show_specific_survey":0,"_uf_disable_surveys":false},"pwb-brand":[185],"product_brand":[],"product_cat":[21,20],"product_tag":[255,112,114,139,119],"class_list":{"0":"post-3529","1":"product","2":"type-product","3":"status-publish","4":"has-post-thumbnail","6":"pwb-brand-saldva","7":"product_cat-maitseainesegud","8":"product_cat-kampaania","9":"product_tag-kitchen-spells","10":"product_tag-lambaliha","11":"product_tag-sealiha","12":"product_tag-ulukiliha","13":"product_tag-veiseliha","15":"first","16":"outofstock","17":"sale","18":"taxable","19":"shipping-taxable","20":"purchasable","21":"product-type-simple"},"brands":[{"id":185,"name":"Saldva","slug":"saldva"}],"_links":{"self":[{"href":"https:\/\/tammetorubbq.ee\/lv\/wp-json\/wp\/v2\/product\/3529","targetHints":{"allow":["GET"]}}],"collection":[{"href":"https:\/\/tammetorubbq.ee\/lv\/wp-json\/wp\/v2\/product"}],"about":[{"href":"https:\/\/tammetorubbq.ee\/lv\/wp-json\/wp\/v2\/types\/product"}],"replies":[{"embeddable":true,"href":"https:\/\/tammetorubbq.ee\/lv\/wp-json\/wp\/v2\/comments?post=3529"}],"wp:featuredmedia":[{"embeddable":true,"href":"https:\/\/tammetorubbq.ee\/lv\/wp-json\/wp\/v2\/media\/3530"}],"wp:attachment":[{"href":"https:\/\/tammetorubbq.ee\/lv\/wp-json\/wp\/v2\/media?parent=3529"}],"wp:term":[{"taxonomy":"pwb-brand","embeddable":true,"href":"https:\/\/tammetorubbq.ee\/lv\/wp-json\/wp\/v2\/pwb-brand?post=3529"},{"taxonomy":"product_brand","embeddable":true,"href":"https:\/\/tammetorubbq.ee\/lv\/wp-json\/wp\/v2\/product_brand?post=3529"},{"taxonomy":"product_cat","embeddable":true,"href":"https:\/\/tammetorubbq.ee\/lv\/wp-json\/wp\/v2\/product_cat?post=3529"},{"taxonomy":"product_tag","embeddable":true,"href":"https:\/\/tammetorubbq.ee\/lv\/wp-json\/wp\/v2\/product_tag?post=3529"}],"curies":[{"name":"wp","href":"https:\/\/api.w.org\/{rel}","templated":true}]}}