{"id":3531,"date":"2025-07-25T15:29:44","date_gmt":"2025-07-25T12:29:44","guid":{"rendered":"https:\/\/tammetorubbq.ee\/?post_type=product&#038;p=3531"},"modified":"2026-05-17T10:00:17","modified_gmt":"2026-05-17T07:00:17","slug":"virtuves-burvestibas-oh-sweet-lord-berzet-210g","status":"publish","type":"product","link":"https:\/\/tammetorubbq.ee\/lv\/toode\/kitchen-spells-oh-sweet-lord-rub-210g\/","title":{"rendered":"Virtuves burvest\u012bbas Oh Sweet Lord Rub 210g"},"content":{"rendered":"<p><strong data-start=\"586\" data-end=\"602\">Sast\u0101vda\u013cas:<\/strong> br\u016bnais cukurs, paprika, s\u0101ls, \u0137iploki, s\u012bpoli, melnie pipari, \u010dilli, gar\u0161augi un gar\u0161vielas.<\/p>","protected":false},"excerpt":{"rendered":"<p data-start=\"72\" data-end=\"375\">Virtuves burvest\u012bbas<strong data-start=\"72\" data-end=\"104\"> Ak m\u012b\u013cais Kungs<\/strong> Rub\u012bns ir ide\u0101ls sald\u0101, d\u016bmakain\u0101 un pikant\u0101 arom\u0101ta apvienojums - ide\u0101li piem\u0113rots tiem, kas m\u012bl dzi\u013cas, bag\u0101t\u012bgas gar\u0161as ar karame\u013cu nokr\u0101su.<\/p>\n<p data-start=\"72\" data-end=\"375\">\u0160\u012b iezie\u0161ana izce\u013c ga\u013cas dabisko saldumu, vienlaikus pie\u0161\u0137irot tai gar\u0161as k\u0101rtu, kas ir ide\u0101li piem\u0113rota gril\u0113\u0161anas stila \u0113dienu gatavo\u0161anai.<\/p>\n<p data-start=\"377\" data-end=\"584\">Lieliska izv\u0113le c\u016bkga\u013cas, vistas ga\u013cas, ribi\u0146u un pat d\u0101rze\u0146u gar\u0161vielu pagatavo\u0161anai.<\/p>\n<p data-start=\"377\" data-end=\"584\">To \u012bpa\u0161i labi var l\u0113ni cept vai gril\u0113t, lai cukurs karameliz\u0113tos un veidotos krauk\u0161\u0137\u012bga, zeltaina garozi\u0146a.<\/p>\n<p data-start=\"377\" data-end=\"584\"><strong>Ak, Kungs - \u0161is berz\u0113jums liks jums tikai nop\u016bsties p\u0113c pirm\u0101 malka! Salds, d\u016bmakains un neatvair\u0101ms.<\/strong><\/p>\n<p><img loading=\"lazy\" decoding=\"async\" class=\"wp-image-3517\" src=\"http:\/\/tammetorubbq.ee\/wp-content\/uploads\/2025\/07\/Saldva-logo-300x300.avif\" alt=\"Saldva\" width=\"166\" height=\"166\" srcset=\"https:\/\/tammetorubbq.ee\/wp-content\/uploads\/2025\/07\/Saldva-logo-300x300.avif 300w, https:\/\/tammetorubbq.ee\/wp-content\/uploads\/2025\/07\/Saldva-logo-1024x1024.avif 1024w, https:\/\/tammetorubbq.ee\/wp-content\/uploads\/2025\/07\/Saldva-logo-150x150.avif 150w, https:\/\/tammetorubbq.ee\/wp-content\/uploads\/2025\/07\/Saldva-logo-768x768.avif 768w, https:\/\/tammetorubbq.ee\/wp-content\/uploads\/2025\/07\/Saldva-logo-1536x1536.avif 1536w, https:\/\/tammetorubbq.ee\/wp-content\/uploads\/2025\/07\/Saldva-logo-2048x2048.avif 2048w, https:\/\/tammetorubbq.ee\/wp-content\/uploads\/2025\/07\/Saldva-logo-12x12.avif 12w, https:\/\/tammetorubbq.ee\/wp-content\/uploads\/2025\/07\/Saldva-logo-600x600.avif 600w, https:\/\/tammetorubbq.ee\/wp-content\/uploads\/2025\/07\/Saldva-logo-64x64.avif 64w\" sizes=\"auto, (max-width: 166px) 100vw, 166px\" \/><\/p>","protected":false},"featured_media":3532,"comment_status":"open","ping_status":"closed","template":"","meta":{"_uf_show_specific_survey":0,"_uf_disable_surveys":false},"pwb-brand":[185],"product_brand":[],"product_cat":[21,20],"product_tag":[118,255,121,114,122],"class_list":{"0":"post-3531","1":"product","2":"type-product","3":"status-publish","4":"has-post-thumbnail","6":"pwb-brand-saldva","7":"product_cat-maitseainesegud","8":"product_cat-kampaania","9":"product_tag-kanaliha","10":"product_tag-kitchen-spells","11":"product_tag-koogiviljad","12":"product_tag-sealiha","13":"product_tag-searibi","15":"first","16":"outofstock","17":"sale","18":"taxable","19":"shipping-taxable","20":"purchasable","21":"product-type-simple"},"brands":[{"id":185,"name":"Saldva","slug":"saldva"}],"_links":{"self":[{"href":"https:\/\/tammetorubbq.ee\/lv\/wp-json\/wp\/v2\/product\/3531","targetHints":{"allow":["GET"]}}],"collection":[{"href":"https:\/\/tammetorubbq.ee\/lv\/wp-json\/wp\/v2\/product"}],"about":[{"href":"https:\/\/tammetorubbq.ee\/lv\/wp-json\/wp\/v2\/types\/product"}],"replies":[{"embeddable":true,"href":"https:\/\/tammetorubbq.ee\/lv\/wp-json\/wp\/v2\/comments?post=3531"}],"wp:featuredmedia":[{"embeddable":true,"href":"https:\/\/tammetorubbq.ee\/lv\/wp-json\/wp\/v2\/media\/3532"}],"wp:attachment":[{"href":"https:\/\/tammetorubbq.ee\/lv\/wp-json\/wp\/v2\/media?parent=3531"}],"wp:term":[{"taxonomy":"pwb-brand","embeddable":true,"href":"https:\/\/tammetorubbq.ee\/lv\/wp-json\/wp\/v2\/pwb-brand?post=3531"},{"taxonomy":"product_brand","embeddable":true,"href":"https:\/\/tammetorubbq.ee\/lv\/wp-json\/wp\/v2\/product_brand?post=3531"},{"taxonomy":"product_cat","embeddable":true,"href":"https:\/\/tammetorubbq.ee\/lv\/wp-json\/wp\/v2\/product_cat?post=3531"},{"taxonomy":"product_tag","embeddable":true,"href":"https:\/\/tammetorubbq.ee\/lv\/wp-json\/wp\/v2\/product_tag?post=3531"}],"curies":[{"name":"wp","href":"https:\/\/api.w.org\/{rel}","templated":true}]}}