{"id":3533,"date":"2025-07-25T15:37:18","date_gmt":"2025-07-25T12:37:18","guid":{"rendered":"https:\/\/tammetorubbq.ee\/?post_type=product&#038;p=3533"},"modified":"2026-05-17T08:00:12","modified_gmt":"2026-05-17T05:00:12","slug":"virtuves-burvestibas-drama-queen-berzet-200g","status":"publish","type":"product","link":"https:\/\/tammetorubbq.ee\/lv\/toode\/kitchen-spells-drama-queen-rub-200g\/","title":{"rendered":"Kitchen Spells Drama Queen Rub 200g"},"content":{"rendered":"<p><strong data-start=\"602\" data-end=\"618\">Sast\u0101vda\u013cas:<\/strong> br\u016bnais cukurs, paprika, \u010dilli, s\u0101ls, \u0137iploki, s\u012bpoli, melnie pipari, gar\u0161augi un gar\u0161vielas.<\/p>","protected":false},"excerpt":{"rendered":"<p data-start=\"70\" data-end=\"402\">Virtuves burvest\u012bbas<strong data-start=\"70\" data-end=\"100\"> Dr\u0101ma karaliene<\/strong> Rub ir drosm\u012bgi pikants gar\u0161u un rakstura mais\u012bjums, kas m\u012bl uzman\u012bbu - glu\u017ei k\u0101 \u012bsta dr\u0101mas karaliene!<\/p>\n<p data-start=\"70\" data-end=\"402\">\u0160aj\u0101 berz\u0113 apvienota d\u016bmu, salduma un pikantuma harmonija, kas katru \u0113dienu padara par piedz\u012bvojumu.<\/p>\n<p data-start=\"70\" data-end=\"402\">Izce\u013c ga\u013cas dabisko gar\u0161u un pie\u0161\u0137ir tai pikantu, nedaudz eksotisku gar\u0161u.<\/p>\n<p data-start=\"404\" data-end=\"600\">Ide\u0101li piem\u0113rots vistas, c\u016bkga\u013cas, liellopu ga\u013cas un pat ve\u0123et\u0101ro \u0113dienu pagatavo\u0161anai. Lieliska izv\u0113le gril\u0113\u0161anai, cep\u0161anai cepe\u0161kr\u0101sn\u012b vai cep\u0161anai uz pannas - visur, kur v\u0113laties izcelt gar\u0161u.<\/p>\n<p data-start=\"404\" data-end=\"600\"><strong>Drama Queen - jo katram \u0113dienam ir ties\u012bbas uz skatuves uzmirdz\u0113t! Intens\u012bva, drosm\u012bga un neaizmirstama gar\u0161a katr\u0101 kumos\u0101.<\/strong><\/p>\n<p><img loading=\"lazy\" decoding=\"async\" class=\"wp-image-3517\" src=\"http:\/\/tammetorubbq.ee\/wp-content\/uploads\/2025\/07\/Saldva-logo-300x300.avif\" alt=\"Saldva\" width=\"168\" height=\"168\" srcset=\"https:\/\/tammetorubbq.ee\/wp-content\/uploads\/2025\/07\/Saldva-logo-300x300.avif 300w, https:\/\/tammetorubbq.ee\/wp-content\/uploads\/2025\/07\/Saldva-logo-1024x1024.avif 1024w, https:\/\/tammetorubbq.ee\/wp-content\/uploads\/2025\/07\/Saldva-logo-150x150.avif 150w, https:\/\/tammetorubbq.ee\/wp-content\/uploads\/2025\/07\/Saldva-logo-768x768.avif 768w, https:\/\/tammetorubbq.ee\/wp-content\/uploads\/2025\/07\/Saldva-logo-1536x1536.avif 1536w, https:\/\/tammetorubbq.ee\/wp-content\/uploads\/2025\/07\/Saldva-logo-2048x2048.avif 2048w, https:\/\/tammetorubbq.ee\/wp-content\/uploads\/2025\/07\/Saldva-logo-12x12.avif 12w, https:\/\/tammetorubbq.ee\/wp-content\/uploads\/2025\/07\/Saldva-logo-600x600.avif 600w, https:\/\/tammetorubbq.ee\/wp-content\/uploads\/2025\/07\/Saldva-logo-64x64.avif 64w\" sizes=\"auto, (max-width: 168px) 100vw, 168px\" \/><\/p>","protected":false},"featured_media":3534,"comment_status":"open","ping_status":"closed","template":"","meta":{"_uf_show_specific_survey":0,"_uf_disable_surveys":false},"pwb-brand":[185],"product_brand":[],"product_cat":[21,20],"product_tag":[118,255,121,114,119],"class_list":{"0":"post-3533","1":"product","2":"type-product","3":"status-publish","4":"has-post-thumbnail","6":"pwb-brand-saldva","7":"product_cat-maitseainesegud","8":"product_cat-kampaania","9":"product_tag-kanaliha","10":"product_tag-kitchen-spells","11":"product_tag-koogiviljad","12":"product_tag-sealiha","13":"product_tag-veiseliha","15":"first","16":"instock","17":"sale","18":"taxable","19":"shipping-taxable","20":"purchasable","21":"product-type-simple"},"brands":[{"id":185,"name":"Saldva","slug":"saldva"}],"_links":{"self":[{"href":"https:\/\/tammetorubbq.ee\/lv\/wp-json\/wp\/v2\/product\/3533","targetHints":{"allow":["GET"]}}],"collection":[{"href":"https:\/\/tammetorubbq.ee\/lv\/wp-json\/wp\/v2\/product"}],"about":[{"href":"https:\/\/tammetorubbq.ee\/lv\/wp-json\/wp\/v2\/types\/product"}],"replies":[{"embeddable":true,"href":"https:\/\/tammetorubbq.ee\/lv\/wp-json\/wp\/v2\/comments?post=3533"}],"wp:featuredmedia":[{"embeddable":true,"href":"https:\/\/tammetorubbq.ee\/lv\/wp-json\/wp\/v2\/media\/3534"}],"wp:attachment":[{"href":"https:\/\/tammetorubbq.ee\/lv\/wp-json\/wp\/v2\/media?parent=3533"}],"wp:term":[{"taxonomy":"pwb-brand","embeddable":true,"href":"https:\/\/tammetorubbq.ee\/lv\/wp-json\/wp\/v2\/pwb-brand?post=3533"},{"taxonomy":"product_brand","embeddable":true,"href":"https:\/\/tammetorubbq.ee\/lv\/wp-json\/wp\/v2\/product_brand?post=3533"},{"taxonomy":"product_cat","embeddable":true,"href":"https:\/\/tammetorubbq.ee\/lv\/wp-json\/wp\/v2\/product_cat?post=3533"},{"taxonomy":"product_tag","embeddable":true,"href":"https:\/\/tammetorubbq.ee\/lv\/wp-json\/wp\/v2\/product_tag?post=3533"}],"curies":[{"name":"wp","href":"https:\/\/api.w.org\/{rel}","templated":true}]}}