{"id":3535,"date":"2025-07-25T15:44:33","date_gmt":"2025-07-25T12:44:33","guid":{"rendered":"https:\/\/tammetorubbq.ee\/?post_type=product&#038;p=3535"},"modified":"2026-04-29T22:00:08","modified_gmt":"2026-04-29T19:00:08","slug":"virtuves-burvestibas-gardezu-imperatora-berzet-190g","status":"publish","type":"product","link":"https:\/\/tammetorubbq.ee\/lv\/toode\/kitchen-spells-gourmet-emperor-rub-190g\/","title":{"rendered":"Virtuves burvest\u012bbas Gourmet Emperor Rub 190g"},"content":{"rendered":"<p><strong data-start=\"579\" data-end=\"595\">Sast\u0101vda\u013cas:<\/strong> s\u0101ls, paprika, \u0137iploki, s\u012bpoli, melnie pipari, rozmar\u012bns, timi\u0101ns, muskatrieksts, gar\u0161vielas un gar\u0161augi.<\/p>","protected":false},"excerpt":{"rendered":"<p data-start=\"74\" data-end=\"380\">Virtuves burvest\u012bbas<strong data-start=\"74\" data-end=\"108\"> Gard\u0113\u017eu imperators<\/strong> rub ir grezns un meistar\u012bgi sabalans\u0113ts gar\u0161vielu mais\u012bjums, kas rad\u012bts k\u0101 patiess gar\u0161as baud\u012bjums.<\/p>\n<p data-start=\"74\" data-end=\"380\">T\u0101 bag\u0101t\u012bgaj\u0101 sast\u0101v\u0101 apvienoti smalki gar\u0161augi, gar\u0161vielas un nedaudz d\u016bmakains arom\u0101ts, kas nodro\u0161ina dzi\u013cu un elegantu gar\u0161u, kas ir ide\u0101li piem\u0113rota gard\u0113\u017eu \u0113dieniem.<\/p>\n<p data-start=\"382\" data-end=\"577\">Lieliski piem\u0113rots liellopu ga\u013cas, j\u0113ra ga\u013cas, c\u016bkga\u013cas un m\u0101jputnu ga\u013cas gar\u0161vielu pagatavo\u0161anai.<\/p>\n<p data-start=\"382\" data-end=\"577\">T\u0101 lieliski gar\u0161o ar\u012b d\u0101rze\u0146us un ceptus \u0113dienus.<\/p>\n<p data-start=\"382\" data-end=\"577\">Ar \u0161o berz\u0113jumu jebkur\u0161 \u0113diens k\u013c\u016bst restor\u0101na l\u012bme\u0146a - bez piep\u016bles.<\/p>\n<p data-start=\"382\" data-end=\"577\"><strong>Gourmet Emperor - karaliskais mais\u012bjums, kas valda gar\u0161as pasaul\u0113. Izsmalcin\u0101ts, sp\u0113c\u012bgs un jebkura \u0113diena cien\u012bgs.<\/strong><\/p>\n<p><img loading=\"lazy\" decoding=\"async\" class=\"wp-image-3517\" src=\"http:\/\/tammetorubbq.ee\/wp-content\/uploads\/2025\/07\/Saldva-logo-300x300.avif\" alt=\"Saldva\" width=\"166\" height=\"166\" srcset=\"https:\/\/tammetorubbq.ee\/wp-content\/uploads\/2025\/07\/Saldva-logo-300x300.avif 300w, https:\/\/tammetorubbq.ee\/wp-content\/uploads\/2025\/07\/Saldva-logo-1024x1024.avif 1024w, https:\/\/tammetorubbq.ee\/wp-content\/uploads\/2025\/07\/Saldva-logo-150x150.avif 150w, https:\/\/tammetorubbq.ee\/wp-content\/uploads\/2025\/07\/Saldva-logo-768x768.avif 768w, https:\/\/tammetorubbq.ee\/wp-content\/uploads\/2025\/07\/Saldva-logo-1536x1536.avif 1536w, https:\/\/tammetorubbq.ee\/wp-content\/uploads\/2025\/07\/Saldva-logo-2048x2048.avif 2048w, https:\/\/tammetorubbq.ee\/wp-content\/uploads\/2025\/07\/Saldva-logo-12x12.avif 12w, https:\/\/tammetorubbq.ee\/wp-content\/uploads\/2025\/07\/Saldva-logo-600x600.avif 600w, https:\/\/tammetorubbq.ee\/wp-content\/uploads\/2025\/07\/Saldva-logo-64x64.avif 64w\" sizes=\"auto, (max-width: 166px) 100vw, 166px\" \/><\/p>","protected":false},"featured_media":3536,"comment_status":"open","ping_status":"closed","template":"","meta":{"_uf_show_specific_survey":0,"_uf_disable_surveys":false},"pwb-brand":[185],"product_brand":[],"product_cat":[21,20],"product_tag":[255,121,112,182,123,119],"class_list":{"0":"post-3535","1":"product","2":"type-product","3":"status-publish","4":"has-post-thumbnail","6":"pwb-brand-saldva","7":"product_cat-maitseainesegud","8":"product_cat-kampaania","9":"product_tag-kitchen-spells","10":"product_tag-koogiviljad","11":"product_tag-lambaliha","12":"product_tag-linnuliha","13":"product_tag-steik","14":"product_tag-veiseliha","16":"first","17":"instock","18":"sale","19":"taxable","20":"shipping-taxable","21":"purchasable","22":"product-type-simple"},"brands":[{"id":185,"name":"Saldva","slug":"saldva"}],"_links":{"self":[{"href":"https:\/\/tammetorubbq.ee\/lv\/wp-json\/wp\/v2\/product\/3535","targetHints":{"allow":["GET"]}}],"collection":[{"href":"https:\/\/tammetorubbq.ee\/lv\/wp-json\/wp\/v2\/product"}],"about":[{"href":"https:\/\/tammetorubbq.ee\/lv\/wp-json\/wp\/v2\/types\/product"}],"replies":[{"embeddable":true,"href":"https:\/\/tammetorubbq.ee\/lv\/wp-json\/wp\/v2\/comments?post=3535"}],"wp:featuredmedia":[{"embeddable":true,"href":"https:\/\/tammetorubbq.ee\/lv\/wp-json\/wp\/v2\/media\/3536"}],"wp:attachment":[{"href":"https:\/\/tammetorubbq.ee\/lv\/wp-json\/wp\/v2\/media?parent=3535"}],"wp:term":[{"taxonomy":"pwb-brand","embeddable":true,"href":"https:\/\/tammetorubbq.ee\/lv\/wp-json\/wp\/v2\/pwb-brand?post=3535"},{"taxonomy":"product_brand","embeddable":true,"href":"https:\/\/tammetorubbq.ee\/lv\/wp-json\/wp\/v2\/product_brand?post=3535"},{"taxonomy":"product_cat","embeddable":true,"href":"https:\/\/tammetorubbq.ee\/lv\/wp-json\/wp\/v2\/product_cat?post=3535"},{"taxonomy":"product_tag","embeddable":true,"href":"https:\/\/tammetorubbq.ee\/lv\/wp-json\/wp\/v2\/product_tag?post=3535"}],"curies":[{"name":"wp","href":"https:\/\/api.w.org\/{rel}","templated":true}]}}