{"id":3537,"date":"2025-07-25T15:52:35","date_gmt":"2025-07-25T12:52:35","guid":{"rendered":"https:\/\/tammetorubbq.ee\/?post_type=product&#038;p=3537"},"modified":"2026-04-15T06:00:14","modified_gmt":"2026-04-15T03:00:14","slug":"saldva-ultimate-rub-230g","status":"publish","type":"product","link":"https:\/\/tammetorubbq.ee\/lv\/product-2\/saldva-ultimate-rub-230g\/","title":{"rendered":"Saldva Ultimate Rub 230g"},"content":{"rendered":"<p><strong data-start=\"534\" data-end=\"550\">Sast\u0101vda\u013cas:<\/strong> s\u0101ls, melnie pipari, paprika, \u0137iploki, s\u012bpoli, gar\u0161augi, gar\u0161vielas.<\/p>","protected":false},"excerpt":{"rendered":"<p data-start=\"59\" data-end=\"322\">Saldva <strong data-start=\"59\" data-end=\"82\">Ultimate Rub<\/strong> ir visaptvero\u0161s gar\u0161u mais\u012bjums, kas katru \u0113dienu padara \u012bpa\u0161u.<\/p>\n<p data-start=\"59\" data-end=\"322\">\u0160aj\u0101 sp\u0113c\u012bgaj\u0101 un sabalans\u0113taj\u0101 berz\u0113jum\u0101 ir apvienota s\u0101ls, pipari, \u0137iploki, gar\u0161augi un gar\u0161vielas, lai izveidotu mais\u012bjumu, kas piem\u0113rots gandr\u012bz jebkurai ga\u013cai un \u0113dieniem - \u012bsts \"viss vien\u0101\" risin\u0101jums j\u016bsu virtuv\u0113.<\/p>\n<p data-start=\"324\" data-end=\"532\">Ide\u0101li piem\u0113rots liellopu ga\u013cas, c\u016bkga\u013cas, vistas ga\u013cas, d\u0101rze\u0146u un pat gril\u0113ta tofu pagatavo\u0161anai.<\/p>\n<p data-start=\"324\" data-end=\"532\">Izmantojiet pirms cep\u0161anas, gril\u0113\u0161anas vai cep\u0161anas, lai ieg\u016btu dzi\u013ci aromatiz\u0113tu \u0113dienu ar zeltaini br\u016bnu garozu.<\/p>\n<p data-start=\"324\" data-end=\"532\"><strong>Ultimate Rub - univers\u0101ls gar\u0161as burvis j\u016bsu virtuvei. Viegli lietojams, vienm\u0113r lieliski rezult\u0101ti!<\/strong><\/p>\n<p><img loading=\"lazy\" decoding=\"async\" class=\"wp-image-3517\" src=\"http:\/\/tammetorubbq.ee\/wp-content\/uploads\/2025\/07\/Saldva-logo-300x300.avif\" alt=\"Saldva\" width=\"169\" height=\"169\" srcset=\"https:\/\/tammetorubbq.ee\/wp-content\/uploads\/2025\/07\/Saldva-logo-300x300.avif 300w, https:\/\/tammetorubbq.ee\/wp-content\/uploads\/2025\/07\/Saldva-logo-1024x1024.avif 1024w, https:\/\/tammetorubbq.ee\/wp-content\/uploads\/2025\/07\/Saldva-logo-150x150.avif 150w, https:\/\/tammetorubbq.ee\/wp-content\/uploads\/2025\/07\/Saldva-logo-768x768.avif 768w, https:\/\/tammetorubbq.ee\/wp-content\/uploads\/2025\/07\/Saldva-logo-1536x1536.avif 1536w, https:\/\/tammetorubbq.ee\/wp-content\/uploads\/2025\/07\/Saldva-logo-2048x2048.avif 2048w, https:\/\/tammetorubbq.ee\/wp-content\/uploads\/2025\/07\/Saldva-logo-12x12.avif 12w, https:\/\/tammetorubbq.ee\/wp-content\/uploads\/2025\/07\/Saldva-logo-600x600.avif 600w, https:\/\/tammetorubbq.ee\/wp-content\/uploads\/2025\/07\/Saldva-logo-64x64.avif 64w\" sizes=\"auto, (max-width: 169px) 100vw, 169px\" \/><\/p>","protected":false},"featured_media":3538,"comment_status":"open","ping_status":"closed","template":"","meta":{"_uf_show_specific_survey":0,"_uf_disable_surveys":false},"pwb-brand":[185],"product_brand":[],"product_cat":[21],"product_tag":[118,121,114,123,119],"class_list":{"0":"post-3537","1":"product","2":"type-product","3":"status-publish","4":"has-post-thumbnail","6":"pwb-brand-saldva","7":"product_cat-maitseainesegud","8":"product_tag-kanaliha","9":"product_tag-koogiviljad","10":"product_tag-sealiha","11":"product_tag-steik","12":"product_tag-veiseliha","14":"first","15":"instock","16":"taxable","17":"shipping-taxable","18":"purchasable","19":"product-type-simple"},"brands":[{"id":185,"name":"Saldva","slug":"saldva"}],"_links":{"self":[{"href":"https:\/\/tammetorubbq.ee\/lv\/wp-json\/wp\/v2\/product\/3537","targetHints":{"allow":["GET"]}}],"collection":[{"href":"https:\/\/tammetorubbq.ee\/lv\/wp-json\/wp\/v2\/product"}],"about":[{"href":"https:\/\/tammetorubbq.ee\/lv\/wp-json\/wp\/v2\/types\/product"}],"replies":[{"embeddable":true,"href":"https:\/\/tammetorubbq.ee\/lv\/wp-json\/wp\/v2\/comments?post=3537"}],"wp:featuredmedia":[{"embeddable":true,"href":"https:\/\/tammetorubbq.ee\/lv\/wp-json\/wp\/v2\/media\/3538"}],"wp:attachment":[{"href":"https:\/\/tammetorubbq.ee\/lv\/wp-json\/wp\/v2\/media?parent=3537"}],"wp:term":[{"taxonomy":"pwb-brand","embeddable":true,"href":"https:\/\/tammetorubbq.ee\/lv\/wp-json\/wp\/v2\/pwb-brand?post=3537"},{"taxonomy":"product_brand","embeddable":true,"href":"https:\/\/tammetorubbq.ee\/lv\/wp-json\/wp\/v2\/product_brand?post=3537"},{"taxonomy":"product_cat","embeddable":true,"href":"https:\/\/tammetorubbq.ee\/lv\/wp-json\/wp\/v2\/product_cat?post=3537"},{"taxonomy":"product_tag","embeddable":true,"href":"https:\/\/tammetorubbq.ee\/lv\/wp-json\/wp\/v2\/product_tag?post=3537"}],"curies":[{"name":"wp","href":"https:\/\/api.w.org\/{rel}","templated":true}]}}