{"id":3539,"date":"2025-07-25T15:57:01","date_gmt":"2025-07-25T12:57:01","guid":{"rendered":"https:\/\/tammetorubbq.ee\/?post_type=product&#038;p=3539"},"modified":"2026-04-14T18:00:02","modified_gmt":"2026-04-14T15:00:02","slug":"saldva-kupinatas-cukas-berzet-220g","status":"publish","type":"product","link":"https:\/\/tammetorubbq.ee\/lv\/product-2\/saldva-kupinatas-cukas-berzet-220g\/","title":{"rendered":"Saldva Smoky Pig Rub 220g"},"content":{"rendered":"<p><strong data-start=\"620\" data-end=\"636\">Sast\u0101vda\u013cas:<\/strong> br\u016bnais cukurs, s\u0101ls, paprika, k\u016bpin\u0101ta paprika vai k\u016bpin\u0101ta paprika, \u0137iploki, s\u012bpoli, melnie pipari, \u010dilli, gar\u0161augi un gar\u0161vielas.<\/p>","protected":false},"excerpt":{"rendered":"<p>Saldva <strong data-start=\"68\" data-end=\"85\">D\u016bmaina c\u016bku berz\u0113\u0161ana<\/strong> ir drosm\u012bgs un d\u016bmakains gar\u0161u mais\u012bjums, kas padar\u012bs j\u016bsu ga\u013cas baud\u012b\u0161anu pavisam jaun\u0101 l\u012bmen\u012b.<\/p>\n<p>Intens\u012bva gril\u0113\u0161anas pieredze - \u0161\u012b mais\u012bjuma pasakaini d\u016bmakain\u0101 gar\u0161a ir ide\u0101li piem\u0113rota c\u016bkga\u013cas un ribi\u0146u \u0113dieniem ar pareizo raksturu.<\/p>\n<ul>\n<li data-start=\"336\" data-end=\"419\">\n<p data-start=\"338\" data-end=\"419\"><strong data-start=\"338\" data-end=\"367\">Bag\u0101t\u012bgs d\u016bmakains tonis<\/strong>, kas atg\u0101dina tradicion\u0101lo gril\u0113\u0161anu uz kokog\u013cu ogl\u0113m.<\/p>\n<\/li>\n<li data-start=\"420\" data-end=\"509\">\n<p data-start=\"422\" data-end=\"509\"><strong data-start=\"422\" data-end=\"441\">Piepild\u012bta gar\u0161a<\/strong>, kas ir harmonisks karame\u013cu cukura un gar\u0161vielu mais\u012bjums.<\/p>\n<\/li>\n<li data-start=\"510\" data-end=\"618\">\n<p data-start=\"512\" data-end=\"618\"><strong data-start=\"512\" data-end=\"574\">Ide\u0101li piem\u0113rots c\u016bkga\u013cas, ribi\u0146u un BBQ \u0113dienu pagatavo\u0161anai.<\/strong>, bet piem\u0113rots ar\u012b vistas ga\u013cai vai d\u0101rze\u0146iem<\/p>\n<\/li>\n<\/ul>\n<p><strong>Smoky Pig Rub pied\u0101v\u0101 gril\u0113\u0161anas pieredzi katr\u0101 kumos\u0101!<\/strong><\/p>\n<p>&nbsp;<\/p>\n<p><img loading=\"lazy\" decoding=\"async\" class=\"alignnone  wp-image-3517\" src=\"http:\/\/tammetorubbq.ee\/wp-content\/uploads\/2025\/07\/Saldva-logo-300x300.avif\" alt=\"Saldva\" width=\"165\" height=\"165\" srcset=\"https:\/\/tammetorubbq.ee\/wp-content\/uploads\/2025\/07\/Saldva-logo-300x300.avif 300w, https:\/\/tammetorubbq.ee\/wp-content\/uploads\/2025\/07\/Saldva-logo-1024x1024.avif 1024w, https:\/\/tammetorubbq.ee\/wp-content\/uploads\/2025\/07\/Saldva-logo-150x150.avif 150w, https:\/\/tammetorubbq.ee\/wp-content\/uploads\/2025\/07\/Saldva-logo-768x768.avif 768w, https:\/\/tammetorubbq.ee\/wp-content\/uploads\/2025\/07\/Saldva-logo-1536x1536.avif 1536w, https:\/\/tammetorubbq.ee\/wp-content\/uploads\/2025\/07\/Saldva-logo-2048x2048.avif 2048w, https:\/\/tammetorubbq.ee\/wp-content\/uploads\/2025\/07\/Saldva-logo-12x12.avif 12w, https:\/\/tammetorubbq.ee\/wp-content\/uploads\/2025\/07\/Saldva-logo-600x600.avif 600w, https:\/\/tammetorubbq.ee\/wp-content\/uploads\/2025\/07\/Saldva-logo-64x64.avif 64w\" sizes=\"auto, (max-width: 165px) 100vw, 165px\" \/><\/p>","protected":false},"featured_media":3540,"comment_status":"open","ping_status":"closed","template":"","meta":{"_uf_show_specific_survey":0,"_uf_disable_surveys":false},"pwb-brand":[185],"product_brand":[],"product_cat":[21],"product_tag":[114,122],"class_list":{"0":"post-3539","1":"product","2":"type-product","3":"status-publish","4":"has-post-thumbnail","6":"pwb-brand-saldva","7":"product_cat-maitseainesegud","8":"product_tag-sealiha","9":"product_tag-searibi","11":"first","12":"instock","13":"taxable","14":"shipping-taxable","15":"purchasable","16":"product-type-simple"},"brands":[{"id":185,"name":"Saldva","slug":"saldva"}],"_links":{"self":[{"href":"https:\/\/tammetorubbq.ee\/lv\/wp-json\/wp\/v2\/product\/3539","targetHints":{"allow":["GET"]}}],"collection":[{"href":"https:\/\/tammetorubbq.ee\/lv\/wp-json\/wp\/v2\/product"}],"about":[{"href":"https:\/\/tammetorubbq.ee\/lv\/wp-json\/wp\/v2\/types\/product"}],"replies":[{"embeddable":true,"href":"https:\/\/tammetorubbq.ee\/lv\/wp-json\/wp\/v2\/comments?post=3539"}],"wp:featuredmedia":[{"embeddable":true,"href":"https:\/\/tammetorubbq.ee\/lv\/wp-json\/wp\/v2\/media\/3540"}],"wp:attachment":[{"href":"https:\/\/tammetorubbq.ee\/lv\/wp-json\/wp\/v2\/media?parent=3539"}],"wp:term":[{"taxonomy":"pwb-brand","embeddable":true,"href":"https:\/\/tammetorubbq.ee\/lv\/wp-json\/wp\/v2\/pwb-brand?post=3539"},{"taxonomy":"product_brand","embeddable":true,"href":"https:\/\/tammetorubbq.ee\/lv\/wp-json\/wp\/v2\/product_brand?post=3539"},{"taxonomy":"product_cat","embeddable":true,"href":"https:\/\/tammetorubbq.ee\/lv\/wp-json\/wp\/v2\/product_cat?post=3539"},{"taxonomy":"product_tag","embeddable":true,"href":"https:\/\/tammetorubbq.ee\/lv\/wp-json\/wp\/v2\/product_tag?post=3539"}],"curies":[{"name":"wp","href":"https:\/\/api.w.org\/{rel}","templated":true}]}}