{"id":3543,"date":"2025-07-25T16:13:40","date_gmt":"2025-07-25T13:13:40","guid":{"rendered":"https:\/\/tammetorubbq.ee\/?post_type=product&#038;p=3543"},"modified":"2026-04-15T05:00:08","modified_gmt":"2026-04-15T02:00:08","slug":"saldva-devils-qazan-berzet-150g","status":"publish","type":"product","link":"https:\/\/tammetorubbq.ee\/lv\/product-2\/saldva-devils-qazan-berzet-150g\/","title":{"rendered":"Saldva Devil's Qazan Rub 150g"},"content":{"rendered":"<p><strong>Sast\u0101vda\u013cas:<\/strong> s\u0101ls, paprika, \u010dilli, \u0137iploki, s\u012bpoli, koriandrs, \u0137imenes, gar\u0161augi un gar\u0161vielas.<\/p>","protected":false},"excerpt":{"rendered":"<p>Saldva <strong data-start=\"44\" data-end=\"72\">Velna Qazan Rub<\/strong> ir asu un pikantu gar\u0161vielu mais\u012bjums, kas radies, iedvesmojoties no Vidus\u0101zijas tradicion\u0101l\u0101 cepe\u0161a jeb \"qazan\".<\/p>\n<p>T\u0101 intens\u012bvais un pikantais raksturs padara to par lielisku izv\u0113li tiem, kas mekl\u0113 sp\u0113c\u012bgas un pikantas gar\u0161as.<\/p>\n<p><strong data-start=\"446\" data-end=\"488\">Ide\u0101ls mais\u012bjums stipriem ga\u013cas \u0113dieniem<\/strong> - ir \u012bpa\u0161i piem\u0113rots liellopu, j\u0113ra un med\u012bjuma ga\u013cai.<\/p>\n<p><img loading=\"lazy\" decoding=\"async\" class=\"alignnone wp-image-3517\" src=\"http:\/\/tammetorubbq.ee\/wp-content\/uploads\/2025\/07\/Saldva-logo-300x300.avif\" alt=\"Saldva\" width=\"167\" height=\"167\" srcset=\"https:\/\/tammetorubbq.ee\/wp-content\/uploads\/2025\/07\/Saldva-logo-300x300.avif 300w, https:\/\/tammetorubbq.ee\/wp-content\/uploads\/2025\/07\/Saldva-logo-1024x1024.avif 1024w, https:\/\/tammetorubbq.ee\/wp-content\/uploads\/2025\/07\/Saldva-logo-150x150.avif 150w, https:\/\/tammetorubbq.ee\/wp-content\/uploads\/2025\/07\/Saldva-logo-768x768.avif 768w, https:\/\/tammetorubbq.ee\/wp-content\/uploads\/2025\/07\/Saldva-logo-1536x1536.avif 1536w, https:\/\/tammetorubbq.ee\/wp-content\/uploads\/2025\/07\/Saldva-logo-2048x2048.avif 2048w, https:\/\/tammetorubbq.ee\/wp-content\/uploads\/2025\/07\/Saldva-logo-12x12.avif 12w, https:\/\/tammetorubbq.ee\/wp-content\/uploads\/2025\/07\/Saldva-logo-600x600.avif 600w, https:\/\/tammetorubbq.ee\/wp-content\/uploads\/2025\/07\/Saldva-logo-64x64.avif 64w\" sizes=\"auto, (max-width: 167px) 100vw, 167px\" \/><\/p>","protected":false},"featured_media":3544,"comment_status":"open","ping_status":"closed","template":"","meta":{"_uf_show_specific_survey":0,"_uf_disable_surveys":false},"pwb-brand":[185],"product_brand":[],"product_cat":[21],"product_tag":[112,139,119,165],"class_list":{"0":"post-3543","1":"product","2":"type-product","3":"status-publish","4":"has-post-thumbnail","6":"pwb-brand-saldva","7":"product_cat-maitseainesegud","8":"product_tag-lambaliha","9":"product_tag-ulukiliha","10":"product_tag-veiseliha","11":"product_tag-veiseribi","13":"first","14":"instock","15":"taxable","16":"shipping-taxable","17":"purchasable","18":"product-type-simple"},"brands":[{"id":185,"name":"Saldva","slug":"saldva"}],"_links":{"self":[{"href":"https:\/\/tammetorubbq.ee\/lv\/wp-json\/wp\/v2\/product\/3543","targetHints":{"allow":["GET"]}}],"collection":[{"href":"https:\/\/tammetorubbq.ee\/lv\/wp-json\/wp\/v2\/product"}],"about":[{"href":"https:\/\/tammetorubbq.ee\/lv\/wp-json\/wp\/v2\/types\/product"}],"replies":[{"embeddable":true,"href":"https:\/\/tammetorubbq.ee\/lv\/wp-json\/wp\/v2\/comments?post=3543"}],"wp:featuredmedia":[{"embeddable":true,"href":"https:\/\/tammetorubbq.ee\/lv\/wp-json\/wp\/v2\/media\/3544"}],"wp:attachment":[{"href":"https:\/\/tammetorubbq.ee\/lv\/wp-json\/wp\/v2\/media?parent=3543"}],"wp:term":[{"taxonomy":"pwb-brand","embeddable":true,"href":"https:\/\/tammetorubbq.ee\/lv\/wp-json\/wp\/v2\/pwb-brand?post=3543"},{"taxonomy":"product_brand","embeddable":true,"href":"https:\/\/tammetorubbq.ee\/lv\/wp-json\/wp\/v2\/product_brand?post=3543"},{"taxonomy":"product_cat","embeddable":true,"href":"https:\/\/tammetorubbq.ee\/lv\/wp-json\/wp\/v2\/product_cat?post=3543"},{"taxonomy":"product_tag","embeddable":true,"href":"https:\/\/tammetorubbq.ee\/lv\/wp-json\/wp\/v2\/product_tag?post=3543"}],"curies":[{"name":"wp","href":"https:\/\/api.w.org\/{rel}","templated":true}]}}