{"id":3547,"date":"2025-07-25T16:23:31","date_gmt":"2025-07-25T13:23:31","guid":{"rendered":"https:\/\/tammetorubbq.ee\/?post_type=product&#038;p=3547"},"modified":"2026-04-14T18:00:07","modified_gmt":"2026-04-14T15:00:07","slug":"saldva-steiku-karalis-berzet-200g","status":"publish","type":"product","link":"https:\/\/tammetorubbq.ee\/lv\/product-2\/saldva-steiku-karalis-berzet-200g\/","title":{"rendered":"Saldva Steak King Rub 200g"},"content":{"rendered":"<p data-start=\"818\" data-end=\"837\"><strong>Sast\u0101vda\u013cas:<\/strong> s\u0101ls, melnie pipari, \u0137iploki, koriandrs, \u010dilli, krustnagli\u0146as, baltie, za\u013cie un roz\u0101 pipari, rap\u0161u e\u013c\u013ca.<\/p>","protected":false},"excerpt":{"rendered":"<p>Saldva <strong data-start=\"66\" data-end=\"91\">Steiku karalis <\/strong>ir gar\u0161u mais\u012bjums, kas rad\u012bts \u012bstiem ga\u013cas cien\u012bt\u0101jiem.<\/p>\n<p>T\u0101 pikantais un l\u012bdzsvarotais sast\u0101vs izce\u013c ga\u013cas dabisko gar\u0161u, sniedzot tai perfektu gril\u0113\u0161anas pieredzi.<\/p>\n<ul>\n<li data-start=\"314\" data-end=\"490\">\n<p data-start=\"316\" data-end=\"490\"><strong data-start=\"316\" data-end=\"339\">Klasisk\u0101 gar\u0161a<\/strong>: mais\u012bjuma sast\u0101v\u0101 ir s\u0101ls, melnie pipari, \u0137iploki, koriandrs, \u010dilli, krustnagli\u0146as, baltie, za\u013cie un s\u0101rtie pipari, kas pie\u0161\u0137ir ga\u013cai bag\u0101t\u012bgu un dzi\u013cu gar\u0161u.<\/p>\n<\/li>\n<li data-start=\"491\" data-end=\"590\">\n<p data-start=\"493\" data-end=\"590\"><strong data-start=\"493\" data-end=\"514\">Dabiskais sast\u0101vs<\/strong>: izgatavots no 100% dab\u012bg\u0101m sast\u0101vda\u013c\u0101m, bez m\u0101ksl\u012bg\u0101m piedev\u0101m.<\/p>\n<\/li>\n<li data-start=\"591\" data-end=\"735\">\n<p data-start=\"593\" data-end=\"735\"><strong data-start=\"593\" data-end=\"617\">Univers\u0101la lieto\u0161ana<\/strong>: lieliski piem\u0113rots liellopu ga\u013cas, c\u016bkga\u013cas, j\u0113ra ga\u013cas, vistas ga\u013cas, burgeru, kebabu un pat gril\u0113tu d\u0101rze\u0146u pagatavo\u0161anai.<\/p>\n<\/li>\n<\/ul>\n<p>&nbsp;<\/p>\n<p><img loading=\"lazy\" decoding=\"async\" class=\"alignnone wp-image-3517\" src=\"http:\/\/tammetorubbq.ee\/wp-content\/uploads\/2025\/07\/Saldva-logo-300x300.avif\" alt=\"Saldva\" width=\"166\" height=\"166\" srcset=\"https:\/\/tammetorubbq.ee\/wp-content\/uploads\/2025\/07\/Saldva-logo-300x300.avif 300w, https:\/\/tammetorubbq.ee\/wp-content\/uploads\/2025\/07\/Saldva-logo-1024x1024.avif 1024w, https:\/\/tammetorubbq.ee\/wp-content\/uploads\/2025\/07\/Saldva-logo-150x150.avif 150w, https:\/\/tammetorubbq.ee\/wp-content\/uploads\/2025\/07\/Saldva-logo-768x768.avif 768w, https:\/\/tammetorubbq.ee\/wp-content\/uploads\/2025\/07\/Saldva-logo-1536x1536.avif 1536w, https:\/\/tammetorubbq.ee\/wp-content\/uploads\/2025\/07\/Saldva-logo-2048x2048.avif 2048w, https:\/\/tammetorubbq.ee\/wp-content\/uploads\/2025\/07\/Saldva-logo-12x12.avif 12w, https:\/\/tammetorubbq.ee\/wp-content\/uploads\/2025\/07\/Saldva-logo-600x600.avif 600w, https:\/\/tammetorubbq.ee\/wp-content\/uploads\/2025\/07\/Saldva-logo-64x64.avif 64w\" sizes=\"auto, (max-width: 166px) 100vw, 166px\" \/><\/p>","protected":false},"featured_media":3548,"comment_status":"open","ping_status":"closed","template":"","meta":{"_uf_show_specific_survey":0,"_uf_disable_surveys":false},"pwb-brand":[185],"product_brand":[],"product_cat":[21],"product_tag":[118,121,112,319,114,123,119],"class_list":{"0":"post-3547","1":"product","2":"type-product","3":"status-publish","4":"has-post-thumbnail","6":"pwb-brand-saldva","7":"product_cat-maitseainesegud","8":"product_tag-kanaliha","9":"product_tag-koogiviljad","10":"product_tag-lambaliha","11":"product_tag-pardi-rinnafilee","12":"product_tag-sealiha","13":"product_tag-steik","14":"product_tag-veiseliha","16":"first","17":"instock","18":"taxable","19":"shipping-taxable","20":"purchasable","21":"product-type-simple"},"brands":[{"id":185,"name":"Saldva","slug":"saldva"}],"_links":{"self":[{"href":"https:\/\/tammetorubbq.ee\/lv\/wp-json\/wp\/v2\/product\/3547","targetHints":{"allow":["GET"]}}],"collection":[{"href":"https:\/\/tammetorubbq.ee\/lv\/wp-json\/wp\/v2\/product"}],"about":[{"href":"https:\/\/tammetorubbq.ee\/lv\/wp-json\/wp\/v2\/types\/product"}],"replies":[{"embeddable":true,"href":"https:\/\/tammetorubbq.ee\/lv\/wp-json\/wp\/v2\/comments?post=3547"}],"wp:featuredmedia":[{"embeddable":true,"href":"https:\/\/tammetorubbq.ee\/lv\/wp-json\/wp\/v2\/media\/3548"}],"wp:attachment":[{"href":"https:\/\/tammetorubbq.ee\/lv\/wp-json\/wp\/v2\/media?parent=3547"}],"wp:term":[{"taxonomy":"pwb-brand","embeddable":true,"href":"https:\/\/tammetorubbq.ee\/lv\/wp-json\/wp\/v2\/pwb-brand?post=3547"},{"taxonomy":"product_brand","embeddable":true,"href":"https:\/\/tammetorubbq.ee\/lv\/wp-json\/wp\/v2\/product_brand?post=3547"},{"taxonomy":"product_cat","embeddable":true,"href":"https:\/\/tammetorubbq.ee\/lv\/wp-json\/wp\/v2\/product_cat?post=3547"},{"taxonomy":"product_tag","embeddable":true,"href":"https:\/\/tammetorubbq.ee\/lv\/wp-json\/wp\/v2\/product_tag?post=3547"}],"curies":[{"name":"wp","href":"https:\/\/api.w.org\/{rel}","templated":true}]}}