{"id":3549,"date":"2025-07-25T16:27:47","date_gmt":"2025-07-25T13:27:47","guid":{"rendered":"https:\/\/tammetorubbq.ee\/?post_type=product&#038;p=3549"},"modified":"2026-04-14T18:00:29","modified_gmt":"2026-04-14T15:00:29","slug":"saldva-sweet-texas-rub-220g","status":"publish","type":"product","link":"https:\/\/tammetorubbq.ee\/lv\/product-2\/saldva-sweet-texas-rub-220g\/","title":{"rendered":"Saldva Sweet Texas Rub 220g"},"content":{"rendered":"<p data-start=\"576\" data-end=\"596\"><strong data-start=\"580\" data-end=\"596\">Koostisosad: <\/strong><span class=\"relative -mx-px my-[-0.2rem] rounded px-px py-[0.2rem] transition-colors duration-100 ease-in-out\">sool, pruun suhkur, punane magus paprika, sibul, k\u00fc\u00fcslauk, must pipar, seller, t\u0161illi, muskaatp\u00e4hkel, kurkum, kaneel.<\/span><\/p>\n","protected":false},"excerpt":{"rendered":"<p>Saldva <strong data-start=\"67\" data-end=\"93\">Sweet Texas <\/strong>rub on maitseainesegu, mis toob Texase BBQ s\u00fcdame otse teie grillile.<\/p>\n<p><span class=\"relative -mx-px my-[-0.2rem] rounded px-px py-[0.2rem] transition-colors duration-100 ease-in-out\">Selle tasakaalustatud segu \u00fchendab magususe, suitsuse noodid ja kerge v\u00fcrtsikuse, luues t\u00f5elise maitseelamuse.<\/span><\/p>\n<ul>\n<li data-start=\"280\" data-end=\"347\">\n<p data-start=\"282\" data-end=\"347\"><strong data-start=\"282\" data-end=\"308\">Tasakaalustatud maitse<\/strong>: <span class=\"relative -mx-px my-[-0.2rem] rounded px-px py-[0.2rem] transition-colors duration-100 ease-in-out\">magus pruun suhkur, suitsune punane paprika ja kerge v\u00fcrtsikus loovad harmoonilise maitseprofiili.<\/span><\/p>\n<\/li>\n<li data-start=\"348\" data-end=\"410\">\n<p data-start=\"350\" data-end=\"410\"><strong data-start=\"350\" data-end=\"371\">Looduslik koostis<\/strong>: <span class=\"relative -mx-px my-[-0.2rem] rounded px-px py-[0.2rem] transition-colors duration-100 ease-in-out\">valmistatud 100% looduslikest koostisosadest, ilma lisaaineteta.<\/span><\/p>\n<\/li>\n<li data-start=\"411\" data-end=\"477\">\n<p data-start=\"413\" data-end=\"477\"><strong data-start=\"413\" data-end=\"436\">Mitmek\u00fclgne kasutus<\/strong>: <span class=\"relative -mx-px my-[-0.2rem] rounded px-px py-[0.2rem] transition-colors duration-100 ease-in-out\">sobib ideaalselt veise-, sealiha, kana, lambaliha, grillitud k\u00f6\u00f6giviljade ja isegi kalatoitude maitsestamiseks.<\/span><\/p>\n<\/li>\n<\/ul>\n<p>&nbsp;<\/p>\n<p><img loading=\"lazy\" decoding=\"async\" class=\"alignnone wp-image-3517\" src=\"http:\/\/tammetorubbq.ee\/wp-content\/uploads\/2025\/07\/Saldva-logo-300x300.avif\" alt=\"Saldva\" width=\"163\" height=\"163\" srcset=\"https:\/\/tammetorubbq.ee\/wp-content\/uploads\/2025\/07\/Saldva-logo-300x300.avif 300w, https:\/\/tammetorubbq.ee\/wp-content\/uploads\/2025\/07\/Saldva-logo-1024x1024.avif 1024w, https:\/\/tammetorubbq.ee\/wp-content\/uploads\/2025\/07\/Saldva-logo-150x150.avif 150w, https:\/\/tammetorubbq.ee\/wp-content\/uploads\/2025\/07\/Saldva-logo-768x768.avif 768w, https:\/\/tammetorubbq.ee\/wp-content\/uploads\/2025\/07\/Saldva-logo-1536x1536.avif 1536w, https:\/\/tammetorubbq.ee\/wp-content\/uploads\/2025\/07\/Saldva-logo-2048x2048.avif 2048w, https:\/\/tammetorubbq.ee\/wp-content\/uploads\/2025\/07\/Saldva-logo-12x12.avif 12w, https:\/\/tammetorubbq.ee\/wp-content\/uploads\/2025\/07\/Saldva-logo-600x600.avif 600w, https:\/\/tammetorubbq.ee\/wp-content\/uploads\/2025\/07\/Saldva-logo-64x64.avif 64w\" sizes=\"auto, (max-width: 163px) 100vw, 163px\" \/><\/p>\n","protected":false},"featured_media":3550,"comment_status":"open","ping_status":"closed","template":"","meta":{"_uf_show_specific_survey":0,"_uf_disable_surveys":false},"pwb-brand":[185],"product_brand":[],"product_cat":[21],"product_tag":[118,121,112,114,123,119],"class_list":{"0":"post-3549","1":"product","2":"type-product","3":"status-publish","4":"has-post-thumbnail","6":"pwb-brand-saldva","7":"product_cat-maitseainesegud","8":"product_tag-kanaliha","9":"product_tag-koogiviljad","10":"product_tag-lambaliha","11":"product_tag-sealiha","12":"product_tag-steik","13":"product_tag-veiseliha","15":"first","16":"instock","17":"taxable","18":"shipping-taxable","19":"purchasable","20":"product-type-simple"},"brands":[{"id":185,"name":"Saldva","slug":"saldva"}],"_links":{"self":[{"href":"https:\/\/tammetorubbq.ee\/lv\/wp-json\/wp\/v2\/product\/3549","targetHints":{"allow":["GET"]}}],"collection":[{"href":"https:\/\/tammetorubbq.ee\/lv\/wp-json\/wp\/v2\/product"}],"about":[{"href":"https:\/\/tammetorubbq.ee\/lv\/wp-json\/wp\/v2\/types\/product"}],"replies":[{"embeddable":true,"href":"https:\/\/tammetorubbq.ee\/lv\/wp-json\/wp\/v2\/comments?post=3549"}],"wp:featuredmedia":[{"embeddable":true,"href":"https:\/\/tammetorubbq.ee\/lv\/wp-json\/wp\/v2\/media\/3550"}],"wp:attachment":[{"href":"https:\/\/tammetorubbq.ee\/lv\/wp-json\/wp\/v2\/media?parent=3549"}],"wp:term":[{"taxonomy":"pwb-brand","embeddable":true,"href":"https:\/\/tammetorubbq.ee\/lv\/wp-json\/wp\/v2\/pwb-brand?post=3549"},{"taxonomy":"product_brand","embeddable":true,"href":"https:\/\/tammetorubbq.ee\/lv\/wp-json\/wp\/v2\/product_brand?post=3549"},{"taxonomy":"product_cat","embeddable":true,"href":"https:\/\/tammetorubbq.ee\/lv\/wp-json\/wp\/v2\/product_cat?post=3549"},{"taxonomy":"product_tag","embeddable":true,"href":"https:\/\/tammetorubbq.ee\/lv\/wp-json\/wp\/v2\/product_tag?post=3549"}],"curies":[{"name":"wp","href":"https:\/\/api.w.org\/{rel}","templated":true}]}}