{"id":3628,"date":"2025-08-31T13:08:00","date_gmt":"2025-08-31T10:08:00","guid":{"rendered":"https:\/\/tammetorubbq.ee\/?post_type=product&#038;p=3628"},"modified":"2026-04-05T20:00:13","modified_gmt":"2026-04-05T17:00:13","slug":"liellopa-steiks-ar-kaulu-3x500g-nld","status":"publish","type":"product","link":"https:\/\/tammetorubbq.ee\/lv\/product-2\/liellopa-steiks-ar-kaulu-3x500g-nld\/","title":{"rendered":"Ga\u013cas fileja T-BONE steiks 3x500g GREENHILL (NLD)"},"content":{"rendered":"<p>Sasald\u0113\u0161anas metode: IVP -18\u00b0C<br \/>\nIepakojum\u0101: Iepakojum\u0101: ~1,5 kg<\/p>\n<p>Z\u012bmols: Greenhill<br \/>\nIzcelsmes valsts: N\u012bderlande<\/p>\n<p>&nbsp;<\/p>\n<p>Produktu nevar nos\u016bt\u012bt ar pakom\u0101tu vai kurjeru.<\/p>\n<p>Pas\u016bt\u012bjumu var sa\u0146emt p\u0113c iepriek\u0161\u0113jas vieno\u0161an\u0101s: P\u00e4rnu mnt. 232, Tallina.<\/p>\n<p>Rakstiet mums\u00a0<a href=\"https:\/\/tammetorubbq.ee\/lv\/product-2\/swift-swifta-sariba-st-louise-usa\/info%40tammetorubbq.ee\/\">info@tammetorubbq.ee<\/a>\u00a0vai zvaniet\u00a0<a href=\"http:\/\/+372%2056%20888%20638\/\" target=\"_blank\" rel=\"noopener\">+372 56 888 638<\/a><\/p>","protected":false},"excerpt":{"rendered":"<p>Ga\u013cas steiks no jaunlopiem, kas audz\u0113ti uz z\u0101les, sagriezts no mugurkaula. T\u0101 nosaukums c\u0113lies no T-veida kaula, kas paliek ga\u013cas iek\u0161pus\u0113.<\/p>\n<p>Vien\u0101 kaula pus\u0113 ir fileja (\u013coti m\u012bksta un maiga ga\u013ca), bet otr\u0101 kaula pus\u0113 ir \u0101r\u0113j\u0101 fileja\/antrekota da\u013ca (nedaudz ciet\u0101kas konsistences, bet \u013coti gar\u0161\u012bga).<\/p>\n<p>&nbsp;<\/p>\n<p>Viena iepakojuma svars ir ~ 1,5 kg. Iepakojumos ir 3 ~500g n\u016bji\u0146as.<\/p>\n<p>Produkts tiek p\u0101rdots p\u0113c svara. Prec\u012bza cena tiks apr\u0113\u0137in\u0101ta p\u0113c produkta nosv\u0113r\u0161anas.<\/p>\n<p>Nevilcinieties l\u016bgt \u012bpa\u0161u cenu liel\u0101kam daudzumam.<\/p>\n<p><strong>Produkts ir pieejams iepriek\u0161\u0113jam pas\u016bt\u012bjumam.\u00a0<\/strong><\/p>\n<p>T\u0101 k\u0101 \u0161is ir sv\u0113r\u0161anas produkts, nav iesp\u0113jams veikt pas\u016bt\u012bjumu tie\u0161saistes veikal\u0101.<\/p>\n<p>Lai pas\u016bt\u012btu, l\u016bdzu, rakstiet uz \u0161\u0101du adresi\u00a0<a href=\"https:\/\/tammetorubbq.ee\/lv\/product-2\/liellopa-krusu-karbonade-65kg-aus\/info%40tammetorubbq.ee\/\">info@tammetorubbq.ee<\/a>\u00a0vai zvaniet\u00a0<a href=\"http:\/\/+372%2056%20888%20638\/\">+372 56 888 638<\/a><\/p>\n<p><img loading=\"lazy\" decoding=\"async\" class=\"wp-image-1977\" src=\"http:\/\/tammetorubbq.ee\/wp-content\/uploads\/2024\/10\/Greenhill-Premium-High-Quality-Meat-logo-1-300x142.png\" alt=\"Greenhill Premium augstas kvalit\u0101tes ga\u013cas logotips\" width=\"177\" height=\"84\" srcset=\"https:\/\/tammetorubbq.ee\/wp-content\/uploads\/2024\/10\/Greenhill-Premium-High-Quality-Meat-logo-1-300x142.png 300w, https:\/\/tammetorubbq.ee\/wp-content\/uploads\/2024\/10\/Greenhill-Premium-High-Quality-Meat-logo-1-18x9.png 18w, https:\/\/tammetorubbq.ee\/wp-content\/uploads\/2024\/10\/Greenhill-Premium-High-Quality-Meat-logo-1-64x30.png 64w, https:\/\/tammetorubbq.ee\/wp-content\/uploads\/2024\/10\/Greenhill-Premium-High-Quality-Meat-logo-1.png 600w\" sizes=\"auto, (max-width: 177px) 100vw, 177px\" \/><\/p>\n<p>&nbsp;<\/p>","protected":false},"featured_media":3631,"comment_status":"open","ping_status":"closed","template":"","meta":{"_uf_show_specific_survey":0,"_uf_disable_surveys":false},"pwb-brand":[186],"product_brand":[],"product_cat":[71],"product_tag":[187,119],"class_list":{"0":"post-3628","1":"product","2":"type-product","3":"status-publish","4":"has-post-thumbnail","6":"pwb-brand-greenhill-quality-meat","7":"product_cat-liha","8":"product_tag-greenhill-quality-meat","9":"product_tag-veiseliha","11":"first","12":"outofstock","13":"taxable","14":"shipping-taxable","15":"purchasable","16":"product-type-simple"},"brands":[{"id":186,"name":"Greenhill Quality Meat","slug":"greenhill-quality-meat"}],"_links":{"self":[{"href":"https:\/\/tammetorubbq.ee\/lv\/wp-json\/wp\/v2\/product\/3628","targetHints":{"allow":["GET"]}}],"collection":[{"href":"https:\/\/tammetorubbq.ee\/lv\/wp-json\/wp\/v2\/product"}],"about":[{"href":"https:\/\/tammetorubbq.ee\/lv\/wp-json\/wp\/v2\/types\/product"}],"replies":[{"embeddable":true,"href":"https:\/\/tammetorubbq.ee\/lv\/wp-json\/wp\/v2\/comments?post=3628"}],"wp:featuredmedia":[{"embeddable":true,"href":"https:\/\/tammetorubbq.ee\/lv\/wp-json\/wp\/v2\/media\/3631"}],"wp:attachment":[{"href":"https:\/\/tammetorubbq.ee\/lv\/wp-json\/wp\/v2\/media?parent=3628"}],"wp:term":[{"taxonomy":"pwb-brand","embeddable":true,"href":"https:\/\/tammetorubbq.ee\/lv\/wp-json\/wp\/v2\/pwb-brand?post=3628"},{"taxonomy":"product_brand","embeddable":true,"href":"https:\/\/tammetorubbq.ee\/lv\/wp-json\/wp\/v2\/product_brand?post=3628"},{"taxonomy":"product_cat","embeddable":true,"href":"https:\/\/tammetorubbq.ee\/lv\/wp-json\/wp\/v2\/product_cat?post=3628"},{"taxonomy":"product_tag","embeddable":true,"href":"https:\/\/tammetorubbq.ee\/lv\/wp-json\/wp\/v2\/product_tag?post=3628"}],"curies":[{"name":"wp","href":"https:\/\/api.w.org\/{rel}","templated":true}]}}