{"id":3632,"date":"2025-08-31T13:31:01","date_gmt":"2025-08-31T10:31:01","guid":{"rendered":"https:\/\/tammetorubbq.ee\/?post_type=product&#038;p=3632"},"modified":"2026-04-05T21:00:25","modified_gmt":"2026-04-05T18:00:25","slug":"liellopa-ribeye-25kg-ar-zali-uru","status":"publish","type":"product","link":"https:\/\/tammetorubbq.ee\/lv\/product-2\/liellopa-ribeye-25kg-ar-zali-uru\/","title":{"rendered":"Lihaveise RIBEYE ~2,0kg SA Grass (URU)"},"content":{"rendered":"<p>Sasald\u0113\u0161anas metode: IVP -18\u00b0C<br \/>\nPakendis: 1,5-2,0kg<\/p>\n<p>Izcelsmes valsts: Urugvaja<\/p>\n<p>&nbsp;<\/p>\n<p>Produktu nevar nos\u016bt\u012bt ar pakom\u0101tu vai kurjeru.<\/p>\n<p>Tellimus on v\u00f5imalik Tallinnas k\u00e4tte saada eelneval kokkuleppel.<\/p>\n<p>Rakstiet mums\u00a0<a href=\"https:\/\/tammetorubbq.ee\/lv\/product-2\/swift-swifta-sariba-st-louise-usa\/info%40tammetorubbq.ee\/\">info@tammetorubbq.ee<\/a>\u00a0vai zvaniet\u00a0<a href=\"http:\/\/+372%2056%20888%20638\/\" target=\"_blank\" rel=\"noopener\">+372 56 888 638<\/a><\/p>","protected":false},"excerpt":{"rendered":"<p data-start=\"60\" data-end=\"135\"><strong data-start=\"60\" data-end=\"70\">Ribeye<\/strong> nogrie\u017e no liellopa muguras, tuvu paka\u013ck\u0101jim, ribu zon\u0101.<\/p>\n<p data-start=\"137\" data-end=\"436\">Igau\u0146u valod\u0101 to sauc par <strong data-start=\"168\" data-end=\"182\">antrekooti<\/strong>, un fran\u010du valod\u0101 <strong data-start=\"205\" data-end=\"218\">entrec\u00f4te<\/strong>. Ga\u013cu prec\u012bz\u0101k ieg\u016bst starp 6. un 12. ribu. \u0160aj\u0101 zon\u0101 uzkr\u0101jas vair\u0101k iek\u0161\u0113jo musku\u013cu tauku, veidojot skaistu baltu tauku t\u012bklu. <strong data-start=\"367\" data-end=\"387\">marmor\u0113\u0161ana<\/strong>, kas padara ribeye tik at\u0161\u0137ir\u012bgu un unik\u0101lu.<\/p>\n<p data-start=\"438\" data-end=\"485\">Rudzus parasti grie\u017e 2-3 cm biezum\u0101.<\/p>\n<p>\u00dche t\u00fcki kaal on 1,5-2,0kg.<\/p>\n<p>Produkts tiek p\u0101rdots p\u0113c svara. Prec\u012bza cena tiks apr\u0113\u0137in\u0101ta p\u0113c produkta nosv\u0113r\u0161anas.<\/p>\n<p>Nevilcinieties l\u016bgt \u012bpa\u0161u cenu liel\u0101kam daudzumam.<\/p>\n<p><strong>Produkts ir pieejams iepriek\u0161\u0113jam pas\u016bt\u012bjumam.\u00a0<\/strong><\/p>\n<p>T\u0101 k\u0101 \u0161is ir sv\u0113r\u0161anas produkts, nav iesp\u0113jams veikt pas\u016bt\u012bjumu tie\u0161saistes veikal\u0101.<\/p>\n<p>Lai pas\u016bt\u012btu, l\u016bdzu, rakstiet uz \u0161\u0101du adresi\u00a0<a href=\"https:\/\/tammetorubbq.ee\/lv\/product-2\/liellopa-krusu-karbonade-65kg-aus\/info%40tammetorubbq.ee\/\">info@tammetorubbq.ee<\/a>\u00a0vai zvaniet\u00a0<a href=\"http:\/\/+372%2056%20888%20638\/\">+372 56 888 638<\/a><\/p>","protected":false},"featured_media":3633,"comment_status":"open","ping_status":"closed","template":"","meta":{"_uf_show_specific_survey":0,"_uf_disable_surveys":false},"pwb-brand":[],"product_brand":[],"product_cat":[71],"product_tag":[189,188,119],"class_list":{"0":"post-3632","1":"product","2":"type-product","3":"status-publish","4":"has-post-thumbnail","6":"product_cat-liha","7":"product_tag-antrekoot","8":"product_tag-ribeye","9":"product_tag-veiseliha","11":"first","12":"outofstock","13":"taxable","14":"shipping-taxable","15":"purchasable","16":"product-type-simple"},"brands":[],"_links":{"self":[{"href":"https:\/\/tammetorubbq.ee\/lv\/wp-json\/wp\/v2\/product\/3632","targetHints":{"allow":["GET"]}}],"collection":[{"href":"https:\/\/tammetorubbq.ee\/lv\/wp-json\/wp\/v2\/product"}],"about":[{"href":"https:\/\/tammetorubbq.ee\/lv\/wp-json\/wp\/v2\/types\/product"}],"replies":[{"embeddable":true,"href":"https:\/\/tammetorubbq.ee\/lv\/wp-json\/wp\/v2\/comments?post=3632"}],"wp:featuredmedia":[{"embeddable":true,"href":"https:\/\/tammetorubbq.ee\/lv\/wp-json\/wp\/v2\/media\/3633"}],"wp:attachment":[{"href":"https:\/\/tammetorubbq.ee\/lv\/wp-json\/wp\/v2\/media?parent=3632"}],"wp:term":[{"taxonomy":"pwb-brand","embeddable":true,"href":"https:\/\/tammetorubbq.ee\/lv\/wp-json\/wp\/v2\/pwb-brand?post=3632"},{"taxonomy":"product_brand","embeddable":true,"href":"https:\/\/tammetorubbq.ee\/lv\/wp-json\/wp\/v2\/product_brand?post=3632"},{"taxonomy":"product_cat","embeddable":true,"href":"https:\/\/tammetorubbq.ee\/lv\/wp-json\/wp\/v2\/product_cat?post=3632"},{"taxonomy":"product_tag","embeddable":true,"href":"https:\/\/tammetorubbq.ee\/lv\/wp-json\/wp\/v2\/product_tag?post=3632"}],"curies":[{"name":"wp","href":"https:\/\/api.w.org\/{rel}","templated":true}]}}