{"id":3673,"date":"2025-09-11T08:40:54","date_gmt":"2025-09-11T05:40:54","guid":{"rendered":"https:\/\/tammetorubbq.ee\/?post_type=product&#038;p=3673"},"modified":"2026-04-15T06:00:10","modified_gmt":"2026-04-15T03:00:10","slug":"angus-oink-cure-me-pastrami-cure-300g","status":"publish","type":"product","link":"https:\/\/tammetorubbq.ee\/lv\/product-2\/angus-oink-cure-me-pastrami-cure-300g\/","title":{"rendered":"Angus &amp; Oink (Cure Me) Pastrami Cure 300g"},"content":{"rendered":"<p data-start=\"1203\" data-end=\"1220\"><strong data-start=\"1203\" data-end=\"1212\">Svars:<\/strong> 300 g<\/p>\n<p data-start=\"1223\" data-end=\"1265\"><strong data-start=\"1223\" data-end=\"1234\">Ra\u017eot\u0101js:<\/strong> Angus &amp; Oink (Apvienot\u0101 Karaliste)<\/p>\n<p data-start=\"1223\" data-end=\"1265\"><strong data-start=\"47\" data-end=\"62\">Sast\u0101vda\u013cas<\/strong>: j\u016bras s\u0101ls, cukurs, koriandrs, \u0137iploki, ingvers, krustnagli\u0146as, gar\u0161vielas, an\u010do \u010dilli, kadi\u0137is, pipari, E250 n\u0101trija nitr\u012bts, E251 n\u0101trija nitr\u0101ts, E301 n\u0101trija askorb\u0101ts.<\/p>","protected":false},"excerpt":{"rendered":"<p><strong data-start=\"146\" data-end=\"205\">Pagatavojiet autentisku \u0145ujorkas stila pastrami sav\u0101s m\u0101j\u0101s!<\/strong><\/p>\n<p><br data-start=\"205\" data-end=\"208\" \/>Angus &amp; Oink <strong data-start=\"221\" data-end=\"238\">Pastrami iz\u0101rst\u0113t<\/strong> ir \u012bpa\u0161i rad\u012bts gar\u0161u mais\u012bjums, kas izce\u013c klasisk\u0101 pastrami gar\u0161u un arom\u0101tu.<\/p>\n<p>Mais\u012bjum\u0101 ir apvienotas tradicion\u0101l\u0101s gar\u0161vielas un gar\u0161augi, t\u0101p\u0113c ga\u013cu ir viegli pagatavot, bet rezult\u0101ts ir neticami gar\u0161\u012bgs.<\/p>\n<ul>\n<li data-start=\"503\" data-end=\"560\">\n<p data-start=\"505\" data-end=\"560\"><strong data-start=\"505\" data-end=\"520\">Gatavs mais\u012bjums<\/strong> - sast\u0101vda\u013cas nav j\u0101sajauc pa\u0161iem.<\/p>\n<\/li>\n<li data-start=\"561\" data-end=\"622\">\n<p data-start=\"563\" data-end=\"622\"><strong data-start=\"563\" data-end=\"582\">Autentiska gar\u0161a<\/strong> - tradicion\u0101l\u0101s gar\u0161vielas un gar\u0161augi.<\/p>\n<\/li>\n<li data-start=\"623\" data-end=\"697\">\n<p data-start=\"625\" data-end=\"697\"><strong data-start=\"625\" data-end=\"644\">Viegli lietojams<\/strong> - ir piem\u0113rots gan ies\u0101c\u0113jiem, gan pieredz\u0113ju\u0161iem gril\u0113\u0161anas meistariem.<\/p>\n<\/li>\n<li data-start=\"698\" data-end=\"788\">\n<p data-start=\"700\" data-end=\"788\"><strong data-start=\"700\" data-end=\"723\">Augstas kvalit\u0101tes sast\u0101vs<\/strong> - Angus &amp; Oink ir slavena ar saviem augst\u0101k\u0101s kvalit\u0101tes gar\u0161vielu mais\u012bjumiem.<\/p>\n<\/li>\n<\/ul>\n<p data-start=\"795\" data-end=\"815\"><strong>K\u0101 lietot:<\/strong><\/p>\n<ol data-start=\"816\" data-end=\"1037\">\n<li data-start=\"816\" data-end=\"853\">\n<p data-start=\"819\" data-end=\"853\">Ga\u013cu vienm\u0113r\u012bgi p\u0101rkl\u0101jiet ar konserv\u0113jo\u0161\u0101 mais\u012bjuma k\u0101rtu.<\/p>\n<\/li>\n<li data-start=\"854\" data-end=\"899\">\n<p data-start=\"857\" data-end=\"899\">\u013bauj nost\u0101v\u0113ties ledusskap\u012b (s\u0101l\u012b\u0161anas process).<\/p>\n<\/li>\n<li data-start=\"900\" data-end=\"943\">\n<p data-start=\"903\" data-end=\"943\">Noskalojiet un p\u0113c gar\u0161as pievienojiet gar\u0161vielas.<\/p>\n<\/li>\n<li data-start=\"944\" data-end=\"1037\">\n<p data-start=\"947\" data-end=\"1037\">D\u016bmojiet vai l\u0113ni pagatavojiet, l\u012bdz ieg\u016bsiet klasisko pastrami gar\u0161u un konsistenci.<\/p>\n<\/li>\n<\/ol>\n<p>Ar vienu iepakojumu pietiek ~6 kg ga\u013cas pagatavo\u0161anai.<\/p>\n<p>&nbsp;<\/p>\n<p><img loading=\"lazy\" decoding=\"async\" class=\"alignnone wp-image-279\" src=\"http:\/\/tammetorubbq.ee\/wp-content\/uploads\/2023\/11\/Angus-Oink.png\" alt=\"\" width=\"134\" height=\"134\" srcset=\"https:\/\/tammetorubbq.ee\/wp-content\/uploads\/2023\/11\/Angus-Oink.png 225w, https:\/\/tammetorubbq.ee\/wp-content\/uploads\/2023\/11\/Angus-Oink-150x150.png 150w, https:\/\/tammetorubbq.ee\/wp-content\/uploads\/2023\/11\/Angus-Oink-12x12.png 12w, https:\/\/tammetorubbq.ee\/wp-content\/uploads\/2023\/11\/Angus-Oink-64x64.png 64w\" sizes=\"auto, (max-width: 134px) 100vw, 134px\" \/><\/p>","protected":false},"featured_media":3674,"comment_status":"open","ping_status":"closed","template":"","meta":{"_uf_show_specific_survey":0,"_uf_disable_surveys":false},"pwb-brand":[105],"product_brand":[],"product_cat":[21],"product_tag":[176,119],"class_list":{"0":"post-3673","1":"product","2":"type-product","3":"status-publish","4":"has-post-thumbnail","6":"pwb-brand-angus-oink","7":"product_cat-maitseainesegud","8":"product_tag-brisket","9":"product_tag-veiseliha","11":"first","12":"instock","13":"taxable","14":"shipping-taxable","15":"purchasable","16":"product-type-simple"},"brands":[{"id":105,"name":"Angus &amp; Oink","slug":"angus-oink"}],"_links":{"self":[{"href":"https:\/\/tammetorubbq.ee\/lv\/wp-json\/wp\/v2\/product\/3673","targetHints":{"allow":["GET"]}}],"collection":[{"href":"https:\/\/tammetorubbq.ee\/lv\/wp-json\/wp\/v2\/product"}],"about":[{"href":"https:\/\/tammetorubbq.ee\/lv\/wp-json\/wp\/v2\/types\/product"}],"replies":[{"embeddable":true,"href":"https:\/\/tammetorubbq.ee\/lv\/wp-json\/wp\/v2\/comments?post=3673"}],"wp:featuredmedia":[{"embeddable":true,"href":"https:\/\/tammetorubbq.ee\/lv\/wp-json\/wp\/v2\/media\/3674"}],"wp:attachment":[{"href":"https:\/\/tammetorubbq.ee\/lv\/wp-json\/wp\/v2\/media?parent=3673"}],"wp:term":[{"taxonomy":"pwb-brand","embeddable":true,"href":"https:\/\/tammetorubbq.ee\/lv\/wp-json\/wp\/v2\/pwb-brand?post=3673"},{"taxonomy":"product_brand","embeddable":true,"href":"https:\/\/tammetorubbq.ee\/lv\/wp-json\/wp\/v2\/product_brand?post=3673"},{"taxonomy":"product_cat","embeddable":true,"href":"https:\/\/tammetorubbq.ee\/lv\/wp-json\/wp\/v2\/product_cat?post=3673"},{"taxonomy":"product_tag","embeddable":true,"href":"https:\/\/tammetorubbq.ee\/lv\/wp-json\/wp\/v2\/product_tag?post=3673"}],"curies":[{"name":"wp","href":"https:\/\/api.w.org\/{rel}","templated":true}]}}