{"id":3677,"date":"2025-09-11T09:19:04","date_gmt":"2025-09-11T06:19:04","guid":{"rendered":"https:\/\/tammetorubbq.ee\/?post_type=product&#038;p=3677"},"modified":"2026-04-15T02:00:09","modified_gmt":"2026-04-14T23:00:09","slug":"angus-oink-cure-me-bacon-cure-honey-mustard-300g","status":"publish","type":"product","link":"https:\/\/tammetorubbq.ee\/lv\/product-2\/angus-oink-cure-me-bacon-cure-honey-mustard-300g\/","title":{"rendered":"Angus &amp; Oink (Cure Me) Bacon Cure Honey Mustard 300g"},"content":{"rendered":"<p data-start=\"1203\" data-end=\"1220\"><strong data-start=\"1203\" data-end=\"1212\">Svars:<\/strong>\u00a0300 g<\/p>\n<p data-start=\"1223\" data-end=\"1265\"><strong data-start=\"1223\" data-end=\"1234\">Ra\u017eot\u0101js:<\/strong>\u00a0Angus &amp; Oink (Apvienot\u0101 Karaliste)<\/p>\n<p><strong>Sast\u0101vda\u013cas<\/strong>: s\u0101ls, SINEP, rozmar\u012bns, melnie pipari, \u0137iploki, s\u012bpoli, cukurs, oregano, lauru lapa, timi\u0101ns, selerijas s\u0101ls (P\u0100RDEV\u0112JS), \u0137imenes, medus, kurkuma, n\u0101trija mitr\u012bts, n\u0101trija askorb\u0101ts, n\u0101trija nitr\u0101ts.<\/p>","protected":false},"excerpt":{"rendered":"<p><strong data-start=\"179\" data-end=\"248\">Pagatavojiet m\u0101j\u0101s autentisku k\u016bpin\u0101tu spe\u0137i ar saldo un pikanto gar\u0161u!<\/strong><\/p>\n<p><br data-start=\"248\" data-end=\"251\" \/>Angus &amp; Oink <strong data-start=\"264\" data-end=\"292\">Medus sinepju bekona iz\u0101rst\u0113\u0161ana<\/strong> ir \u012bpa\u0161s pikantu gar\u0161vielu mais\u012bjums, ko var izmantot, lai m\u0101j\u0101s pagatavotu savu medus un sinepju aromatiz\u0113to spe\u0137i.<\/p>\n<p>Mais\u012bjum\u0101 apvienota s\u0101ls, cukurs un r\u016bp\u012bgi atlas\u012btas gar\u0161vielas, nodro\u0161inot perfektu l\u012bdzsvaru starp saldo un s\u0101\u013co.<\/p>\n<ul>\n<li data-start=\"533\" data-end=\"614\">\n<p data-start=\"535\" data-end=\"614\"><strong data-start=\"535\" data-end=\"559\">Medus un sinepju gar\u0161a<\/strong> - klasiska saldo un pikanto gar\u0161u kombin\u0101cija.<\/p>\n<\/li>\n<li data-start=\"615\" data-end=\"686\">\n<p data-start=\"617\" data-end=\"686\"><strong data-start=\"617\" data-end=\"636\">Viegli lietojams<\/strong> - piem\u0113rots gan ies\u0101c\u0113jiem, gan pieredz\u0113ju\u0161iem pav\u0101riem.<\/p>\n<\/li>\n<li data-start=\"687\" data-end=\"763\">\n<p data-start=\"689\" data-end=\"763\"><strong data-start=\"689\" data-end=\"709\">Autentisks rezult\u0101ts<\/strong> - M\u0101j\u0101s gatavots spe\u0137is ir sul\u012bgs un gar\u0161\u012bgs.<\/p>\n<\/li>\n<li data-start=\"764\" data-end=\"865\">\n<p data-start=\"766\" data-end=\"865\"><strong data-start=\"766\" data-end=\"787\">Augst\u0101k\u0101 kvalit\u0101te<\/strong> - Angus &amp; Oink ir slavena ar saviem augstas kvalit\u0101tes gar\u0161vielu mais\u012bjumiem.<\/p>\n<\/li>\n<\/ul>\n<p data-start=\"872\" data-end=\"892\"><strong>K\u0101 lietot:<\/strong><\/p>\n<ol data-start=\"893\" data-end=\"1089\">\n<li data-start=\"893\" data-end=\"933\">\n<p data-start=\"896\" data-end=\"933\">C\u016bkga\u013cu vienm\u0113r\u012bgi p\u0101rkl\u0101jiet ar \u0101rstniecisko mais\u012bjumu.<\/p>\n<\/li>\n<li data-start=\"934\" data-end=\"983\">\n<p data-start=\"937\" data-end=\"983\">\u013bauj nost\u0101v\u0113ties ledusskap\u012b ieteicamo laiku.<\/p>\n<\/li>\n<li data-start=\"984\" data-end=\"1012\">\n<p data-start=\"987\" data-end=\"1012\">Noskalojiet un nosusiniet ga\u013cu.<\/p>\n<\/li>\n<li data-start=\"1013\" data-end=\"1089\">\n<p data-start=\"1016\" data-end=\"1089\">K\u016bpiniet, cepiet vai sagrieziet \u0161\u0137\u0113l\u0113s - rezult\u0101ts ir m\u0101j\u0101s gatavots medus sinepju bekons!<\/p>\n<\/li>\n<\/ol>\n<p>Ar vienu iepakojumu pietiek 6 kg ga\u013cas pagatavo\u0161anai.<\/p>\n<p>&nbsp;<\/p>\n<p><img loading=\"lazy\" decoding=\"async\" class=\"alignnone  wp-image-279\" src=\"http:\/\/tammetorubbq.ee\/wp-content\/uploads\/2023\/11\/Angus-Oink.png\" alt=\"\" width=\"135\" height=\"135\" srcset=\"https:\/\/tammetorubbq.ee\/wp-content\/uploads\/2023\/11\/Angus-Oink.png 225w, https:\/\/tammetorubbq.ee\/wp-content\/uploads\/2023\/11\/Angus-Oink-150x150.png 150w, https:\/\/tammetorubbq.ee\/wp-content\/uploads\/2023\/11\/Angus-Oink-12x12.png 12w, https:\/\/tammetorubbq.ee\/wp-content\/uploads\/2023\/11\/Angus-Oink-64x64.png 64w\" sizes=\"auto, (max-width: 135px) 100vw, 135px\" \/><\/p>","protected":false},"featured_media":3678,"comment_status":"open","ping_status":"closed","template":"","meta":{"_uf_show_specific_survey":0,"_uf_disable_surveys":false},"pwb-brand":[105],"product_brand":[],"product_cat":[21],"product_tag":[190,114],"class_list":{"0":"post-3677","1":"product","2":"type-product","3":"status-publish","4":"has-post-thumbnail","6":"pwb-brand-angus-oink","7":"product_cat-maitseainesegud","8":"product_tag-peekon","9":"product_tag-sealiha","11":"first","12":"instock","13":"taxable","14":"shipping-taxable","15":"purchasable","16":"product-type-simple"},"brands":[{"id":105,"name":"Angus &amp; Oink","slug":"angus-oink"}],"_links":{"self":[{"href":"https:\/\/tammetorubbq.ee\/lv\/wp-json\/wp\/v2\/product\/3677","targetHints":{"allow":["GET"]}}],"collection":[{"href":"https:\/\/tammetorubbq.ee\/lv\/wp-json\/wp\/v2\/product"}],"about":[{"href":"https:\/\/tammetorubbq.ee\/lv\/wp-json\/wp\/v2\/types\/product"}],"replies":[{"embeddable":true,"href":"https:\/\/tammetorubbq.ee\/lv\/wp-json\/wp\/v2\/comments?post=3677"}],"wp:featuredmedia":[{"embeddable":true,"href":"https:\/\/tammetorubbq.ee\/lv\/wp-json\/wp\/v2\/media\/3678"}],"wp:attachment":[{"href":"https:\/\/tammetorubbq.ee\/lv\/wp-json\/wp\/v2\/media?parent=3677"}],"wp:term":[{"taxonomy":"pwb-brand","embeddable":true,"href":"https:\/\/tammetorubbq.ee\/lv\/wp-json\/wp\/v2\/pwb-brand?post=3677"},{"taxonomy":"product_brand","embeddable":true,"href":"https:\/\/tammetorubbq.ee\/lv\/wp-json\/wp\/v2\/product_brand?post=3677"},{"taxonomy":"product_cat","embeddable":true,"href":"https:\/\/tammetorubbq.ee\/lv\/wp-json\/wp\/v2\/product_cat?post=3677"},{"taxonomy":"product_tag","embeddable":true,"href":"https:\/\/tammetorubbq.ee\/lv\/wp-json\/wp\/v2\/product_tag?post=3677"}],"curies":[{"name":"wp","href":"https:\/\/api.w.org\/{rel}","templated":true}]}}