{"id":3683,"date":"2025-09-11T09:52:22","date_gmt":"2025-09-11T06:52:22","guid":{"rendered":"https:\/\/tammetorubbq.ee\/?post_type=product&#038;p=3683"},"modified":"2026-05-06T18:00:20","modified_gmt":"2026-05-06T15:00:20","slug":"inkbird-iht-2pb-bluetooth-digitalais-termometrs","status":"publish","type":"product","link":"https:\/\/tammetorubbq.ee\/lv\/toode\/inkbird-iht-2pb-bluetooth-digitaalne-termomeeter\/","title":{"rendered":"Inkbird IHT-2PB Bluetooth digit\u0101lais termometrs"},"content":{"rendered":"<h4 data-start=\"248\" data-end=\"272\">\ud83e\udde0 Gudrs un punktu\u0101ls<\/h4>\n<ul data-start=\"274\" data-end=\"471\">\n<li data-start=\"274\" data-end=\"334\">\n<p data-start=\"276\" data-end=\"334\"><strong data-start=\"276\" data-end=\"295\">\u0100tra las\u012b\u0161ana:<\/strong> 2 sekun\u017eu laik\u0101 m\u0113ra temperat\u016bru.<\/p>\n<\/li>\n<li data-start=\"335\" data-end=\"379\">\n<p data-start=\"337\" data-end=\"379\"><strong data-start=\"337\" data-end=\"353\">Augsta precizit\u0101te:<\/strong> m\u0113r\u012bjumu k\u013c\u016bda ir tikai \u00b10,5 \u00b0C.<\/p>\n<\/li>\n<li data-start=\"380\" data-end=\"471\">\n<p data-start=\"382\" data-end=\"471\"><strong data-start=\"382\" data-end=\"409\">Pla\u0161s m\u0113r\u012bjumu diapazons:<\/strong> piem\u0113rots temperat\u016bras m\u0113r\u012b\u0161anai no -50 \u00b0C l\u012bdz 300 \u00b0C.<\/p>\n<\/li>\n<\/ul>\n<h4 data-start=\"478\" data-end=\"519\">\ud83d\udcf1 Bluetooth savienojums un vied\u0101 lietotne<\/h4>\n<ul data-start=\"521\" data-end=\"788\">\n<li data-start=\"521\" data-end=\"596\">\n<p data-start=\"523\" data-end=\"596\"><strong data-start=\"523\" data-end=\"546\">Bezvadu savienojums:<\/strong> savienojas ar viedt\u0101lruni l\u012bdz pat 100 metru att\u0101lum\u0101.<\/p>\n<\/li>\n<li data-start=\"597\" data-end=\"788\">\n<p data-start=\"599\" data-end=\"788\"><strong data-start=\"599\" data-end=\"623\">Piel\u0101gota lietotne:<\/strong> INKBIRD lietotne (pieejama iOS 11+ un Android 5.0+) \u013cauj iestat\u012bt temperat\u016bras trauksmes sign\u0101lus, taimerus un uzraudz\u012bt gatavo\u0161anas gaitu re\u0101llaik\u0101.<\/p>\n<\/li>\n<\/ul>\n<h4 data-start=\"795\" data-end=\"832\">\ud83d\udd27 Elast\u012bba un lieto\u0161anas \u0113rtums<\/h4>\n<ul data-start=\"834\" data-end=\"1091\">\n<li data-start=\"834\" data-end=\"933\">\n<p data-start=\"836\" data-end=\"933\"><strong data-start=\"836\" data-end=\"858\">Divi \u0101r\u0113jie zondi:<\/strong> vienlaikus m\u0113ra divus da\u017e\u0101dus p\u0101rtikas produktus vai da\u017e\u0101das gatavo\u0161anas temperat\u016bras.<\/p>\n<\/li>\n<li data-start=\"934\" data-end=\"998\">\n<p data-start=\"936\" data-end=\"998\"><strong data-start=\"936\" data-end=\"959\">Ieb\u016bv\u0113ta zonde:<\/strong> piem\u0113rots \u0101trai temperat\u016bras m\u0113r\u012b\u0161anai.<\/p>\n<\/li>\n<li data-start=\"999\" data-end=\"1091\">\n<p data-start=\"1001\" data-end=\"1091\"><strong data-start=\"1001\" data-end=\"1042\">Magn\u0113tisk\u0101 aizmugure un piekaramais \u0101\u0137is:<\/strong> viegli uzglab\u0101jams un lietojams virtuv\u0113 vai uz grila.<\/p>\n<\/li>\n<\/ul>\n<h4 data-start=\"1098\" data-end=\"1125\">\ud83d\udd0b Akumulators un iztur\u012bba<\/h4>\n<ul data-start=\"1127\" data-end=\"1283\">\n<li data-start=\"1127\" data-end=\"1204\">\n<p data-start=\"1129\" data-end=\"1204\"><strong data-start=\"1129\" data-end=\"1144\">Uzl\u0101d\u0113jams akumulators:<\/strong> pilna uzl\u0101de ilgst aptuveni 1 stundu un nodro\u0161ina ilgu akumulatora darb\u012bbas laiku.<\/p>\n<\/li>\n<li data-start=\"1205\" data-end=\"1283\">\n<p data-start=\"1207\" data-end=\"1283\"><strong data-start=\"1207\" data-end=\"1221\">\u016adensiztur\u012bgs:<\/strong> Aizsardz\u012bbas klase IPX5 \u013cauj lietot ar\u012b mitros apst\u0101k\u013cos.<\/p>\n<\/li>\n<\/ul>\n<p>&nbsp;<\/p>\n<h4 data-start=\"1290\" data-end=\"1315\">\ud83c\udf81 Lieliska d\u0101vana<\/h4>\n<p data-start=\"1317\" data-end=\"1462\">Lieliski piem\u0113rots k\u0101 d\u0101vana \u0113diena cien\u012bt\u0101jiem, b\u0101rbekj\u016b entuziastiem un m\u0101jas pav\u0101riem, kuri gatavo\u0161an\u0101 nov\u0113rt\u0113 precizit\u0101ti un \u0113rt\u012bbas.<\/p>","protected":false},"excerpt":{"rendered":"<p><strong>Precizit\u0101te, \u0113rt\u012bba un viedums vien\u0101 - ide\u0101la izv\u0113le gril\u0113\u0161anas meistariem, m\u0101jas pav\u0101riem un \u0113dienu m\u012b\u013cot\u0101jiem!<\/strong><\/p>\n<p data-start=\"98\" data-end=\"356\">\u013boti paroc\u012bgs, kompakts un neaizst\u0101jams r\u012bks ikvienam gril\u0113\u0161anai - <strong data-start=\"166\" data-end=\"217\">Inkbird IHT-2PB divu funkciju termometrs<\/strong>.<\/p>\n<p data-start=\"98\" data-end=\"356\">Tagad ar vienu ier\u012bci varat m\u0113r\u012bt temperat\u016bru gan k\u0101 \u0101tri nolas\u0101mu termometru, gan k\u0101 zondi, izmantojot Bluetooth, lai veiktu att\u0101lin\u0101tu gril\u0113\u0161anu.<\/p>\n<ul data-start=\"358\" data-end=\"1010\">\n<li data-start=\"358\" data-end=\"504\">\n<p data-start=\"360\" data-end=\"504\">Termometram ir <strong data-start=\"376\" data-end=\"392\">divi sensori<\/strong>, ko var izmantot netie\u0161ai gatavo\u0161anai, ilgsto\u0161ai un l\u0113nai gatavo\u0161anai, karstai k\u016bpin\u0101\u0161anai u. c.<\/p>\n<\/li>\n<li data-start=\"505\" data-end=\"656\">\n<p data-start=\"507\" data-end=\"656\"><strong data-start=\"507\" data-end=\"528\">Bluetooth savienojums<\/strong> \u013cauj termometru savienot ar viedt\u0101lruni, kur speci\u0101la lietotne nodro\u0161ina prec\u012bzu inform\u0101ciju par temperat\u016bru \u0113diena gatavo\u0161anai.<\/p>\n<\/li>\n<li data-start=\"657\" data-end=\"754\">\n<p data-start=\"659\" data-end=\"754\">\u0100trai temperat\u016bras m\u0113r\u012b\u0161anai varat izmantot <strong data-start=\"705\" data-end=\"724\">e\u0146\u0123u sensors<\/strong> bez papildu zond\u0113m.<\/p>\n<\/li>\n<li data-start=\"755\" data-end=\"820\">\n<p data-start=\"757\" data-end=\"820\">Termometrs ir <strong data-start=\"772\" data-end=\"782\">Lejupiel\u0101d\u0113t no<\/strong>, kas nodro\u0161ina \u0113rtu un ilgsto\u0161u lieto\u0161anu.<\/p>\n<\/li>\n<li data-start=\"821\" data-end=\"926\">\n<p data-start=\"823\" data-end=\"926\"><strong data-start=\"823\" data-end=\"857\">Liels, augstas kvalit\u0101tes LCD ekr\u0101ns<\/strong> nodro\u0161ina skaidru ciparu redzam\u012bbu saules gaism\u0101 un tums\u0101.<\/p>\n<\/li>\n<li data-start=\"927\" data-end=\"1010\">\n<p data-start=\"929\" data-end=\"1010\">Produkts darbojas <strong data-start=\"942\" data-end=\"965\">Inkbird lietotne<\/strong>, kas nodro\u0161ina \u0113rtu un prec\u012bzu gatavo\u0161anu.<\/p>\n<\/li>\n<\/ul>\n<p>&nbsp;<\/p>\n<p><img loading=\"lazy\" decoding=\"async\" class=\"alignnone wp-image-3250\" src=\"http:\/\/tammetorubbq.ee\/wp-content\/uploads\/2025\/05\/Inkbird-logo-PNG-300x85.png\" alt=\"\" width=\"187\" height=\"53\" srcset=\"https:\/\/tammetorubbq.ee\/wp-content\/uploads\/2025\/05\/Inkbird-logo-PNG-300x85.png 300w, https:\/\/tammetorubbq.ee\/wp-content\/uploads\/2025\/05\/Inkbird-logo-PNG-1024x290.png 1024w, https:\/\/tammetorubbq.ee\/wp-content\/uploads\/2025\/05\/Inkbird-logo-PNG-768x218.png 768w, https:\/\/tammetorubbq.ee\/wp-content\/uploads\/2025\/05\/Inkbird-logo-PNG-18x5.png 18w, https:\/\/tammetorubbq.ee\/wp-content\/uploads\/2025\/05\/Inkbird-logo-PNG-600x170.png 600w, https:\/\/tammetorubbq.ee\/wp-content\/uploads\/2025\/05\/Inkbird-logo-PNG-64x18.png 64w, https:\/\/tammetorubbq.ee\/wp-content\/uploads\/2025\/05\/Inkbird-logo-PNG.png 1192w\" sizes=\"auto, (max-width: 187px) 100vw, 187px\" \/><\/p>\n<p>&nbsp;<\/p>","protected":false},"featured_media":3684,"comment_status":"open","ping_status":"closed","template":"","meta":{"_uf_show_specific_survey":0,"_uf_disable_surveys":false},"pwb-brand":[67],"product_brand":[],"product_cat":[66,30],"product_tag":[134,116,115],"class_list":{"0":"post-3683","1":"product","2":"type-product","3":"status-publish","4":"has-post-thumbnail","6":"pwb-brand-inkbird","7":"product_cat-termomeetrid","8":"product_cat-grillimise-tarvikud","9":"product_tag-grillimise-tarvikud","10":"product_tag-inkbird","11":"product_tag-termomeeter","13":"first","14":"outofstock","15":"taxable","16":"shipping-taxable","17":"purchasable","18":"product-type-simple"},"brands":[{"id":67,"name":"Inkbird","slug":"inkbird"}],"_links":{"self":[{"href":"https:\/\/tammetorubbq.ee\/lv\/wp-json\/wp\/v2\/product\/3683","targetHints":{"allow":["GET"]}}],"collection":[{"href":"https:\/\/tammetorubbq.ee\/lv\/wp-json\/wp\/v2\/product"}],"about":[{"href":"https:\/\/tammetorubbq.ee\/lv\/wp-json\/wp\/v2\/types\/product"}],"replies":[{"embeddable":true,"href":"https:\/\/tammetorubbq.ee\/lv\/wp-json\/wp\/v2\/comments?post=3683"}],"wp:featuredmedia":[{"embeddable":true,"href":"https:\/\/tammetorubbq.ee\/lv\/wp-json\/wp\/v2\/media\/3684"}],"wp:attachment":[{"href":"https:\/\/tammetorubbq.ee\/lv\/wp-json\/wp\/v2\/media?parent=3683"}],"wp:term":[{"taxonomy":"pwb-brand","embeddable":true,"href":"https:\/\/tammetorubbq.ee\/lv\/wp-json\/wp\/v2\/pwb-brand?post=3683"},{"taxonomy":"product_brand","embeddable":true,"href":"https:\/\/tammetorubbq.ee\/lv\/wp-json\/wp\/v2\/product_brand?post=3683"},{"taxonomy":"product_cat","embeddable":true,"href":"https:\/\/tammetorubbq.ee\/lv\/wp-json\/wp\/v2\/product_cat?post=3683"},{"taxonomy":"product_tag","embeddable":true,"href":"https:\/\/tammetorubbq.ee\/lv\/wp-json\/wp\/v2\/product_tag?post=3683"}],"curies":[{"name":"wp","href":"https:\/\/api.w.org\/{rel}","templated":true}]}}