{"id":3739,"date":"2025-10-13T11:21:48","date_gmt":"2025-10-13T08:21:48","guid":{"rendered":"https:\/\/tammetorubbq.ee\/?post_type=product&#038;p=3739"},"modified":"2026-04-14T22:00:46","modified_gmt":"2026-04-14T19:00:46","slug":"yeti-stura-kartridzs-09kg","status":"publish","type":"product","link":"https:\/\/tammetorubbq.ee\/lv\/product-2\/yeti-stura-kartridzs-09kg\/","title":{"rendered":"YETI aukstuma iepakojums 0,9kg"},"content":{"rendered":"<p><strong data-start=\"148\" data-end=\"172\">Yeti - b\u016bv\u0113ts, lai kalpotu ilgi!<\/strong><\/p>\n<p>Yeti rad\u0101s 2006. gad\u0101 no aizrau\u0161an\u0101s ar dabu un piedz\u012bvojumiem. M\u0113r\u0137is bija vienk\u0101r\u0161s - rad\u012bt apr\u012bkojumu, kas iztur\u0113tu visgr\u016bt\u0101kos apst\u0101k\u013cus un ne\u013cautu jums vilties ikdienas piedz\u012bvojumos.<\/p>\n<p>Viss s\u0101k\u0101s ar ledus kastes uzlabo\u0161anu, bet \u0161odien Yeti kl\u0101st\u0101 ietilpst iztur\u012bgi termosi, dz\u0113rienu pudeles un piederumi, kas paredz\u0113ti ilgam kalpo\u0161anas laikam.<\/p>\n<p>Neatkar\u012bgi no t\u0101, vai tie ir kalni, j\u016bra vai me\u017es, Yeti vienm\u0113r ir gatavs doties ce\u013c\u0101.<\/p>","protected":false},"excerpt":{"rendered":"<p data-start=\"162\" data-end=\"215\"><strong data-start=\"166\" data-end=\"215\">Ilgsto\u0161s aukstums - t<\/strong><strong data-start=\"217\" data-end=\"260\">zin\u0101tniski rad\u012bti, gatavi piedz\u012bvojumiem.<\/strong><\/p>\n<p data-start=\"264\" data-end=\"464\">YETI Ice Block 900 g ir ide\u0101ls in\u017eenierijas un iztur\u012bbas apvienojums. \u0160is ledus bloks saglab\u0101s j\u016bsu dz\u0113rienus un \u0113dienus aukstus daudz ilg\u0101k nek\u0101 parastais ledus - bez \u016bdens aiztures no ku\u0161anas.<\/p>\n<p data-start=\"466\" data-end=\"644\"><strong data-start=\"466\" data-end=\"507\">\u012apa\u0161i iztur\u012bga konstrukcija<\/strong> Iztur\u012bgs pret kritieniem, triecieniem un triecieniem, t\u0101p\u0113c tas ir uzticams sabiedrotais ledusskap\u012b, ledus som\u0101 vai automa\u0161\u012bn\u0101.<\/p>\n<p data-start=\"646\" data-end=\"835\">Paldies <strong data-start=\"651\" data-end=\"670\">gudra forma<\/strong> YETI Ice sasalst \u0101tr\u0101k, lai to var\u0113tu lietot atk\u0101rtoti un \u0113rti. P\u0113c lieto\u0161anas vienk\u0101r\u0161i ielieciet to sald\u0113tav\u0101, un tas b\u016bs gatavs n\u0101kamajam izbraucienam.<\/p>\n<p data-start=\"837\" data-end=\"962\"><strong data-start=\"837\" data-end=\"858\">Ide\u0101ls papildin\u0101jums<\/strong> ledus rezerves, lai ilg\u0101k saglab\u0101tu aukstumu - gan pludmal\u0113, gan me\u017e\u0101, gan ce\u013c\u0101 uz jaunu piedz\u012bvojumu.<\/p>\n<p data-start=\"837\" data-end=\"962\"><img loading=\"lazy\" decoding=\"async\" class=\"alignnone wp-image-3722\" src=\"http:\/\/tammetorubbq.ee\/wp-content\/uploads\/2025\/10\/YETI-logo-300x84.png\" alt=\"YETI logotips\" width=\"171\" height=\"48\" srcset=\"https:\/\/tammetorubbq.ee\/wp-content\/uploads\/2025\/10\/YETI-logo-300x84.png 300w, https:\/\/tammetorubbq.ee\/wp-content\/uploads\/2025\/10\/YETI-logo-1024x287.png 1024w, https:\/\/tammetorubbq.ee\/wp-content\/uploads\/2025\/10\/YETI-logo-768x215.png 768w, https:\/\/tammetorubbq.ee\/wp-content\/uploads\/2025\/10\/YETI-logo-18x5.png 18w, https:\/\/tammetorubbq.ee\/wp-content\/uploads\/2025\/10\/YETI-logo-600x168.png 600w, https:\/\/tammetorubbq.ee\/wp-content\/uploads\/2025\/10\/YETI-logo-64x18.png 64w, https:\/\/tammetorubbq.ee\/wp-content\/uploads\/2025\/10\/YETI-logo.png 1298w\" sizes=\"auto, (max-width: 171px) 100vw, 171px\" \/><\/p>\n<p data-start=\"837\" data-end=\"962\">","protected":false},"featured_media":3740,"comment_status":"open","ping_status":"closed","template":"","meta":{"_uf_show_specific_survey":0,"_uf_disable_surveys":false},"pwb-brand":[204],"product_brand":[],"product_cat":[193,199],"product_tag":[207,206],"class_list":{"0":"post-3739","1":"product","2":"type-product","3":"status-publish","4":"has-post-thumbnail","6":"pwb-brand-yeti","7":"product_cat-yeti-coolerid-termotopsid","8":"product_cat-kulmakastid","9":"product_tag-kulmakast","10":"product_tag-kulmapatarei","12":"first","13":"instock","14":"taxable","15":"shipping-taxable","16":"purchasable","17":"product-type-simple"},"brands":[{"id":204,"name":"YETI","slug":"yeti"}],"_links":{"self":[{"href":"https:\/\/tammetorubbq.ee\/lv\/wp-json\/wp\/v2\/product\/3739","targetHints":{"allow":["GET"]}}],"collection":[{"href":"https:\/\/tammetorubbq.ee\/lv\/wp-json\/wp\/v2\/product"}],"about":[{"href":"https:\/\/tammetorubbq.ee\/lv\/wp-json\/wp\/v2\/types\/product"}],"replies":[{"embeddable":true,"href":"https:\/\/tammetorubbq.ee\/lv\/wp-json\/wp\/v2\/comments?post=3739"}],"wp:featuredmedia":[{"embeddable":true,"href":"https:\/\/tammetorubbq.ee\/lv\/wp-json\/wp\/v2\/media\/3740"}],"wp:attachment":[{"href":"https:\/\/tammetorubbq.ee\/lv\/wp-json\/wp\/v2\/media?parent=3739"}],"wp:term":[{"taxonomy":"pwb-brand","embeddable":true,"href":"https:\/\/tammetorubbq.ee\/lv\/wp-json\/wp\/v2\/pwb-brand?post=3739"},{"taxonomy":"product_brand","embeddable":true,"href":"https:\/\/tammetorubbq.ee\/lv\/wp-json\/wp\/v2\/product_brand?post=3739"},{"taxonomy":"product_cat","embeddable":true,"href":"https:\/\/tammetorubbq.ee\/lv\/wp-json\/wp\/v2\/product_cat?post=3739"},{"taxonomy":"product_tag","embeddable":true,"href":"https:\/\/tammetorubbq.ee\/lv\/wp-json\/wp\/v2\/product_tag?post=3739"}],"curies":[{"name":"wp","href":"https:\/\/api.w.org\/{rel}","templated":true}]}}