{"id":3748,"date":"2025-10-13T12:29:18","date_gmt":"2025-10-13T09:29:18","guid":{"rendered":"https:\/\/tammetorubbq.ee\/?post_type=product&#038;p=3748"},"modified":"2026-04-14T22:00:13","modified_gmt":"2026-04-14T19:00:13","slug":"yeti-uzacu-kaste-tundra-105-bisu-kaste","status":"publish","type":"product","link":"https:\/\/tammetorubbq.ee\/lv\/product-2\/yeti-uzacu-kaste-tundra-105-bisu-kaste\/","title":{"rendered":"YETI aukstuma kaste Tundra 105 (b\u0113\u0161s)"},"content":{"rendered":"<table class=\"woocommerce-product-attributes shop_attributes\" aria-label=\"Inform\u0101cija par produktu\">\n<tbody>\n<tr class=\"woocommerce-product-attributes-item woocommerce-product-attributes-item--weight\">\n<th class=\"woocommerce-product-attributes-item__label\" style=\"text-align: left;\" scope=\"row\">Svars<\/th>\n<td class=\"woocommerce-product-attributes-item__value\">16,3 kg<\/td>\n<\/tr>\n<tr class=\"woocommerce-product-attributes-item woocommerce-product-attributes-item--dimensions\">\n<th class=\"woocommerce-product-attributes-item__label\" scope=\"row\">Izm\u0113ri<\/th>\n<td class=\"woocommerce-product-attributes-item__value\">50,2 \u00d7 78,4 \u00d7 50,5 cm<\/td>\n<\/tr>\n<\/tbody>\n<\/table>\n<p>&nbsp;<\/p>\n<p><strong data-start=\"148\" data-end=\"172\">Yeti - b\u016bv\u0113ts, lai kalpotu ilgi!<\/strong><\/p>\n<p>Yeti rad\u0101s 2006. gad\u0101 no aizrau\u0161an\u0101s ar dabu un piedz\u012bvojumiem. M\u0113r\u0137is bija vienk\u0101r\u0161s - rad\u012bt apr\u012bkojumu, kas iztur\u0113tu visgr\u016bt\u0101kos apst\u0101k\u013cus un ne\u013cautu jums vilties ikdienas piedz\u012bvojumos.<\/p>\n<p>Viss s\u0101k\u0101s ar ledus kastes uzlabo\u0161anu, bet \u0161odien Yeti kl\u0101st\u0101 ietilpst iztur\u012bgi termosi, dz\u0113rienu pudeles un piederumi, kas paredz\u0113ti ilgam kalpo\u0161anas laikam.<\/p>\n<p>Neatkar\u012bgi no t\u0101, vai tie ir kalni, j\u016bra vai me\u017es, Yeti vienm\u0113r ir gatavs doties ce\u013c\u0101.<\/p>","protected":false},"excerpt":{"rendered":"<p data-start=\"288\" data-end=\"355\"><strong data-start=\"288\" data-end=\"353\">Kompakta jauda - veidota t\u0101, lai kalpotu vissmag\u0101kajos apst\u0101k\u013cos.<\/strong><\/p>\n<p data-start=\"357\" data-end=\"641\">YETI Tundra\u00ae 105 ir v\u0113s\u0101 kaste ar p\u0101rdom\u0101tu, kompaktu dizainu, kas ir ide\u0101li piem\u0113rots gar\u0101kiem piedz\u012bvojumiem, kad ir ierobe\u017eota vieta, bet nepiecie\u0161ama liel\u0101ka veiktsp\u0113ja.<\/p>\n<p data-start=\"357\" data-end=\"641\">T\u0101 augst\u0101kais korpuss \u013cauj k\u0101rt\u0101m sakraut ga\u013cu, dz\u0113rienus un ledu, saglab\u0101jot saturu v\u0113s\u0101ku ilg\u0101k nek\u0101 parastaj\u0101s sald\u0113tav\u0101s.<\/p>\n<h4 data-start=\"648\" data-end=\"683\">\ud83e\uddca <strong data-start=\"656\" data-end=\"681\">Izgatavots, lai kalpotu ilgi<\/strong><\/h4>\n<ul data-start=\"684\" data-end=\"914\">\n<li data-start=\"684\" data-end=\"762\">\n<p data-start=\"686\" data-end=\"762\"><strong data-start=\"686\" data-end=\"720\">Rotomolded konstrukcija<\/strong> nodro\u0161ina praktiski nesalau\u017eamu iztur\u012bbu.<\/p>\n<\/li>\n<li data-start=\"763\" data-end=\"838\">\n<p data-start=\"765\" data-end=\"838\"><strong data-start=\"765\" data-end=\"786\">T-REX\u00ae v\u0101ka sl\u0113dzenes<\/strong> - iztur\u012bgi un patent\u0113ti, tie nekad nesal\u016bst.<\/p>\n<\/li>\n<li data-start=\"839\" data-end=\"914\">\n<p data-start=\"841\" data-end=\"914\"><strong data-start=\"841\" data-end=\"871\">NEVERFAIL\u2122 e\u0146\u0123u sist\u0113ma<\/strong> - divu tapu konstrukcija nov\u0113r\u0161 l\u016bzumus.<\/p>\n<\/li>\n<\/ul>\n<h4 data-start=\"921\" data-end=\"952\">\ud83d\udc3b <strong data-start=\"929\" data-end=\"950\">Iztur\u012bgs dizains<\/strong><\/h4>\n<p data-start=\"953\" data-end=\"1106\">Apstiprin\u0101jusi Starpinstit\u016bciju grizli l\u0101\u010du komiteja (IGBC), ja tiek izmantotas Master Lock\u00ae piekaram\u0101s atsl\u0113gas. Kad me\u017eon\u012bba k\u013c\u016bst me\u017eon\u012bga, Tundra ir dro\u0161a.<\/p>\n<h4 data-start=\"1113\" data-end=\"1147\">\u2744\ufe0f <strong data-start=\"1121\" data-end=\"1145\">Le\u0123end\u0101ra izr\u0101de<\/strong><\/h4>\n<ul data-start=\"1148\" data-end=\"1468\">\n<li data-start=\"1148\" data-end=\"1233\">\n<p data-start=\"1150\" data-end=\"1233\"><strong data-start=\"1150\" data-end=\"1169\">FATWALL\u2122 dizains<\/strong> - l\u012bdz pat 3 collu izol\u0101cija maksim\u0101lai aukstuma saglab\u0101\u0161anai.<\/p>\n<\/li>\n<li data-start=\"1234\" data-end=\"1327\">\n<p data-start=\"1236\" data-end=\"1327\"><strong data-start=\"1236\" data-end=\"1263\">PERMAFROST\u2122 izol\u0101cija<\/strong> - zem\u0101 temperat\u016br\u0101 zem spiediena iesmidzin\u0101ts poliuret\u0101ns blo\u0137\u0113.<\/p>\n<\/li>\n<li data-start=\"1328\" data-end=\"1468\">\n<p data-start=\"1330\" data-end=\"1468\"><strong data-start=\"1330\" data-end=\"1357\">INTERLOCK\u2122 v\u0101ka sist\u0113ma<\/strong> un <strong data-start=\"1361\" data-end=\"1381\">COLDLOCK\u2122 bl\u012bve<\/strong> izveido herm\u0113tisku, sald\u0113tavas tipa barjeru, kas ne\u013cauj karstumam izk\u013c\u016bt un aukstumam iek\u013c\u016bt.<\/p>\n<\/li>\n<\/ul>\n<h4 data-start=\"1475\" data-end=\"1529\">\u2693 <strong data-start=\"1482\" data-end=\"1527\">Lieto\u0161anai ikdien\u0101 un ekstrem\u0101los apst\u0101k\u013cos<\/strong><\/h4>\n<ul data-start=\"1530\" data-end=\"1858\">\n<li data-start=\"1530\" data-end=\"1611\">\n<p data-start=\"1532\" data-end=\"1611\"><strong data-start=\"1532\" data-end=\"1558\">DOUBLEHAUL\u2122 rokturi<\/strong> - izgatavots no milit\u0101r\u0101s kategorijas poliestera auklas.<\/p>\n<\/li>\n<li data-start=\"1612\" data-end=\"1684\">\n<p data-start=\"1614\" data-end=\"1684\"><strong data-start=\"1614\" data-end=\"1637\">LIPGRIP\u2122 rokturi<\/strong> - netrauc\u0113 un nodro\u0161ina \u0113rtu valk\u0101\u0161anu.<\/p>\n<\/li>\n<li data-start=\"1685\" data-end=\"1770\">\n<p data-start=\"1687\" data-end=\"1770\"><strong data-start=\"1687\" data-end=\"1724\">BEARFOOT\u2122 pretsl\u012bdo\u0161as p\u0113das<\/strong> - notur\u0113t kast\u012bti viet\u0101 laiv\u0101 vai automa\u0161\u012bn\u0101.<\/p>\n<\/li>\n<li data-start=\"1771\" data-end=\"1858\">\n<p data-start=\"1773\" data-end=\"1858\"><strong data-start=\"1773\" data-end=\"1803\">ANCHORPOINT\u2122 saisto\u0161\u0101s zonas<\/strong> - viegli piestiprin\u0101ms pie laivas, piekabes vai kravas automa\u0161\u012bnas.<\/p>\n<\/li>\n<\/ul>\n<h4 data-start=\"1865\" data-end=\"1916\">\ud83d\udca7 <strong data-start=\"1873\" data-end=\"1914\">Gudra deta\u013ca katras sald\u0113tavas centr\u0101<\/strong><\/h4>\n<p data-start=\"1917\" data-end=\"2016\"><strong data-start=\"1917\" data-end=\"1944\">VORTEX\u2122 dren\u0101\u017eas sist\u0113ma<\/strong> ir necaurlaid\u012bgs un iztur\u012bgs, nodro\u0161inot \u0101tru un vieglu iztuk\u0161o\u0161anu.<\/p>\n<p data-start=\"1917\" data-end=\"2016\"><em><strong>Apskatiet ar\u012b citus Yeti pied\u0101v\u0101tos pakalpojumus <a href=\"https:\/\/tammetorubbq.ee\/lv\/produkta-birka\/stura-akumulators\/\">ar aukst\u0101m baterij\u0101m<\/a>.\u00a0<\/strong><\/em><\/p>\n<p><img loading=\"lazy\" decoding=\"async\" class=\"alignnone wp-image-3722\" src=\"http:\/\/tammetorubbq.ee\/wp-content\/uploads\/2025\/10\/YETI-logo-300x84.png\" alt=\"YETI logotips\" width=\"168\" height=\"47\" srcset=\"https:\/\/tammetorubbq.ee\/wp-content\/uploads\/2025\/10\/YETI-logo-300x84.png 300w, https:\/\/tammetorubbq.ee\/wp-content\/uploads\/2025\/10\/YETI-logo-1024x287.png 1024w, https:\/\/tammetorubbq.ee\/wp-content\/uploads\/2025\/10\/YETI-logo-768x215.png 768w, https:\/\/tammetorubbq.ee\/wp-content\/uploads\/2025\/10\/YETI-logo-18x5.png 18w, https:\/\/tammetorubbq.ee\/wp-content\/uploads\/2025\/10\/YETI-logo-600x168.png 600w, https:\/\/tammetorubbq.ee\/wp-content\/uploads\/2025\/10\/YETI-logo-64x18.png 64w, https:\/\/tammetorubbq.ee\/wp-content\/uploads\/2025\/10\/YETI-logo.png 1298w\" sizes=\"auto, (max-width: 168px) 100vw, 168px\" \/><\/p>\n<p>&nbsp;<\/p>\n<p><a href=\"https:\/\/tammetorubbq.ee\/lv\/maksajiet-velak\/\"><strong>P\u0112RCIET TAGAD, MAKS\u0100JIET V\u0112L\u0100K<\/strong><\/a>\u00a0- bez procentiem!<\/p>\n<p><img loading=\"lazy\" decoding=\"async\" class=\"alignnone wp-image-2646\" src=\"http:\/\/tammetorubbq.ee\/wp-content\/uploads\/2023\/12\/inbank-wordmark.png\" alt=\"\" width=\"167\" height=\"75\" srcset=\"https:\/\/tammetorubbq.ee\/wp-content\/uploads\/2023\/12\/inbank-wordmark.png 300w, https:\/\/tammetorubbq.ee\/wp-content\/uploads\/2023\/12\/inbank-wordmark-18x8.png 18w, https:\/\/tammetorubbq.ee\/wp-content\/uploads\/2023\/12\/inbank-wordmark-64x29.png 64w\" sizes=\"auto, (max-width: 167px) 100vw, 167px\" \/><\/p>\n<p>M\u0113s pied\u0101v\u0101jam ar\u012b iesp\u0113ju maks\u0101t v\u0113l\u0101k - vien\u0101, div\u0101s vai trij\u0101s vien\u0101d\u0101s da\u013c\u0101s bez procentiem vai papildu maksas.<\/p>\n<p>M\u016bsu iepirkumu groz\u0101 varat atrast da\u017e\u0101das maks\u0101jumu iesp\u0113jas.<\/p>","protected":false},"featured_media":3753,"comment_status":"open","ping_status":"closed","template":"","meta":{"_uf_show_specific_survey":0,"_uf_disable_surveys":false},"pwb-brand":[204],"product_brand":[],"product_cat":[193,199],"product_tag":[207],"class_list":{"0":"post-3748","1":"product","2":"type-product","3":"status-publish","4":"has-post-thumbnail","6":"pwb-brand-yeti","7":"product_cat-yeti-coolerid-termotopsid","8":"product_cat-kulmakastid","9":"product_tag-kulmakast","11":"first","12":"instock","13":"taxable","14":"shipping-taxable","15":"purchasable","16":"product-type-simple"},"brands":[{"id":204,"name":"YETI","slug":"yeti"}],"_links":{"self":[{"href":"https:\/\/tammetorubbq.ee\/lv\/wp-json\/wp\/v2\/product\/3748","targetHints":{"allow":["GET"]}}],"collection":[{"href":"https:\/\/tammetorubbq.ee\/lv\/wp-json\/wp\/v2\/product"}],"about":[{"href":"https:\/\/tammetorubbq.ee\/lv\/wp-json\/wp\/v2\/types\/product"}],"replies":[{"embeddable":true,"href":"https:\/\/tammetorubbq.ee\/lv\/wp-json\/wp\/v2\/comments?post=3748"}],"wp:featuredmedia":[{"embeddable":true,"href":"https:\/\/tammetorubbq.ee\/lv\/wp-json\/wp\/v2\/media\/3753"}],"wp:attachment":[{"href":"https:\/\/tammetorubbq.ee\/lv\/wp-json\/wp\/v2\/media?parent=3748"}],"wp:term":[{"taxonomy":"pwb-brand","embeddable":true,"href":"https:\/\/tammetorubbq.ee\/lv\/wp-json\/wp\/v2\/pwb-brand?post=3748"},{"taxonomy":"product_brand","embeddable":true,"href":"https:\/\/tammetorubbq.ee\/lv\/wp-json\/wp\/v2\/product_brand?post=3748"},{"taxonomy":"product_cat","embeddable":true,"href":"https:\/\/tammetorubbq.ee\/lv\/wp-json\/wp\/v2\/product_cat?post=3748"},{"taxonomy":"product_tag","embeddable":true,"href":"https:\/\/tammetorubbq.ee\/lv\/wp-json\/wp\/v2\/product_tag?post=3748"}],"curies":[{"name":"wp","href":"https:\/\/api.w.org\/{rel}","templated":true}]}}