{"id":3754,"date":"2025-10-13T12:42:27","date_gmt":"2025-10-13T09:42:27","guid":{"rendered":"https:\/\/tammetorubbq.ee\/?post_type=product&#038;p=3754"},"modified":"2026-04-14T18:01:04","modified_gmt":"2026-04-14T15:01:04","slug":"yeti-tommitsa-un-uzacu-kaste-uz-riteniem-tundra-haul-tumsi-peleka","status":"publish","type":"product","link":"https:\/\/tammetorubbq.ee\/lv\/product-2\/yeti-tommitsa-un-uzacu-kaste-uz-riteniem-tundra-haul-tumsi-peleka\/","title":{"rendered":"YETI Tundra Haul (tum\u0161i pel\u0113ks) ar vilkmi un rite\u0146iem"},"content":{"rendered":"<table class=\"woocommerce-product-attributes shop_attributes\" aria-label=\"Inform\u0101cija par produktu\">\n<tbody>\n<tr class=\"woocommerce-product-attributes-item woocommerce-product-attributes-item--weight\">\n<th class=\"woocommerce-product-attributes-item__label\" style=\"text-align: left;\" scope=\"row\">Svars<\/th>\n<td class=\"woocommerce-product-attributes-item__value\">16,8 kg<\/td>\n<\/tr>\n<tr class=\"woocommerce-product-attributes-item woocommerce-product-attributes-item--dimensions\">\n<th class=\"woocommerce-product-attributes-item__label\" style=\"text-align: left;\" scope=\"row\">Izm\u0113ri<\/th>\n<td class=\"woocommerce-product-attributes-item__value\">47,3 \u00d7 71,8 \u00d7 49,8 cm<\/td>\n<\/tr>\n<\/tbody>\n<\/table>\n<p>&nbsp;<\/p>\n<p><strong data-start=\"148\" data-end=\"172\">Yeti - b\u016bv\u0113ts, lai kalpotu ilgi!<\/strong><\/p>\n<p>Yeti rad\u0101s 2006. gad\u0101 no aizrau\u0161an\u0101s ar dabu un piedz\u012bvojumiem. M\u0113r\u0137is bija vienk\u0101r\u0161s - rad\u012bt apr\u012bkojumu, kas iztur\u0113tu visgr\u016bt\u0101kos apst\u0101k\u013cus un ne\u013cautu jums vilties ikdienas piedz\u012bvojumos.<\/p>\n<p>Viss s\u0101k\u0101s ar ledus kastes uzlabo\u0161anu, bet \u0161odien Yeti kl\u0101st\u0101 ietilpst iztur\u012bgi termosi, dz\u0113rienu pudeles un piederumi, kas paredz\u0113ti ilgam kalpo\u0161anas laikam.<\/p>\n<p>Neatkar\u012bgi no t\u0101, vai tie ir kalni, j\u016bra vai me\u017es, Yeti vienm\u0113r ir gatavs doties ce\u013c\u0101.<\/p>","protected":false},"excerpt":{"rendered":"<p><strong data-start=\"226\" data-end=\"312\">Pirmais YETI\u00ae dzes\u0113t\u0101js uz rite\u0146iem - le\u0123end\u0101rais Tundra k\u013cuvis v\u0113l mobil\u0101ks.<\/strong><\/p>\n<p>Tundra Haul\u00ae apvieno slaveno YETI iztur\u012bbu un nep\u0101rsp\u0113jamo izol\u0101cijas kvalit\u0101ti ar praktisku sakabes un rite\u0146u sist\u0113mu. Tas ir visiztur\u012bg\u0101kais pieejamais divu rite\u0146u dzes\u0113t\u0101js, kas ide\u0101li piem\u0113rots p\u0101rg\u0101jieniem, mak\u0161\u0137er\u0113\u0161anai, kempingiem vai ikdienas piedz\u012bvojumiem br\u012bv\u0101 dab\u0101.<\/p>\n<h4 data-start=\"585\" data-end=\"618\">\ud83d\udede <strong data-start=\"593\" data-end=\"616\">Mobilit\u0101te un komforts<\/strong><\/h4>\n<ul data-start=\"619\" data-end=\"1010\">\n<li data-start=\"619\" data-end=\"703\">\n<p data-start=\"621\" data-end=\"703\"><strong data-start=\"621\" data-end=\"642\">NEVERFLAT\u2122 rite\u0146i<\/strong> - viengabala riepas konstrukcija ir iztur\u012bga pret triecieniem un caurdur\u0161anu.<\/p>\n<\/li>\n<li data-start=\"704\" data-end=\"801\">\n<p data-start=\"706\" data-end=\"801\"><strong data-start=\"706\" data-end=\"728\">STRONGARM\u2122 rokturis<\/strong> - iztur\u012bga alum\u012bnija konstrukcija ar \u0113rtiem rokturiem, viegli p\u0101rn\u0113s\u0101jama.<\/p>\n<\/li>\n<li data-start=\"802\" data-end=\"854\">\n<p data-start=\"804\" data-end=\"854\"><strong data-start=\"804\" data-end=\"827\">LIPGRIP\u2122 rokturi<\/strong> - stingru un \u0113rtu satv\u0113rienu.<\/p>\n<\/li>\n<li data-start=\"855\" data-end=\"930\">\n<p data-start=\"857\" data-end=\"930\"><strong data-start=\"857\" data-end=\"887\">ANCHORPOINT\u2122 saisto\u0161\u0101s zonas<\/strong> - piestiprin\u0101t pie laivas, piekabes vai automa\u0161\u012bnas.<\/p>\n<\/li>\n<li data-start=\"931\" data-end=\"1010\">\n<p data-start=\"933\" data-end=\"1010\"><strong data-start=\"933\" data-end=\"964\">BEARFOOT\u2122 nesl\u012bdo\u0161as p\u0113das<\/strong> - tur\u0113t kast\u012bti laiv\u0101 vai transportl\u012bdzekl\u012b.<\/p>\n<\/li>\n<\/ul>\n<h4 data-start=\"1017\" data-end=\"1069\">\ud83e\uddf1 <strong data-start=\"1025\" data-end=\"1067\">Iztur\u012bga un dro\u0161a konstrukcija<\/strong><\/h4>\n<ul data-start=\"1070\" data-end=\"1334\">\n<li data-start=\"1070\" data-end=\"1122\">\n<p data-start=\"1072\" data-end=\"1122\"><strong data-start=\"1072\" data-end=\"1098\">Rotomolded korpuss<\/strong> - gandr\u012bz nesalau\u017eams.<\/p>\n<\/li>\n<li data-start=\"1123\" data-end=\"1189\">\n<p data-start=\"1125\" data-end=\"1189\"><strong data-start=\"1125\" data-end=\"1146\">T-REX\u2122 v\u0101ka sl\u0113dzenes<\/strong> - iztur\u012bgs, patent\u0113ts, nesal\u016bz\u012bs.<\/p>\n<\/li>\n<li data-start=\"1190\" data-end=\"1266\">\n<p data-start=\"1192\" data-end=\"1266\"><strong data-start=\"1192\" data-end=\"1222\">NEVERFAIL\u00ae e\u0146\u0123u sist\u0113ma<\/strong> - divu tapu konstrukcija nov\u0113r\u0161 l\u016bzumus.<\/p>\n<\/li>\n<li data-start=\"1267\" data-end=\"1334\">\n<p data-start=\"1269\" data-end=\"1334\"><strong data-start=\"1269\" data-end=\"1290\">Iztur\u012bgs dizains<\/strong> - IGBC apstiprin\u0101jums ar Master Lock\u00ae piekaramo sl\u0113dzeni.<\/p>\n<\/li>\n<\/ul>\n<h4 data-start=\"1341\" data-end=\"1381\">\u2744\ufe0f <strong data-start=\"1349\" data-end=\"1379\">Aukstuma maksim\u0101las veiktsp\u0113jas uztur\u0113\u0161ana<\/strong><\/h4>\n<ul data-start=\"1382\" data-end=\"1684\">\n<li data-start=\"1382\" data-end=\"1467\">\n<p data-start=\"1384\" data-end=\"1467\"><strong data-start=\"1384\" data-end=\"1403\">FATWALL\u2122 dizains<\/strong> - l\u012bdz pat 3 collu izol\u0101cija maksim\u0101lai aukstuma saglab\u0101\u0161anai.<\/p>\n<\/li>\n<li data-start=\"1468\" data-end=\"1561\">\n<p data-start=\"1470\" data-end=\"1561\"><strong data-start=\"1470\" data-end=\"1497\">PERMAFROST\u2122 izol\u0101cija<\/strong> - zem\u0101 temperat\u016br\u0101 zem spiediena iesmidzin\u0101ts poliuret\u0101ns blo\u0137\u0113.<\/p>\n<\/li>\n<li data-start=\"1562\" data-end=\"1684\">\n<p data-start=\"1564\" data-end=\"1684\"><strong data-start=\"1564\" data-end=\"1611\">INTERLOCK\u2122 v\u0101ka sist\u0113ma un COLDLOCK\u2122 bl\u012bv\u0113jums<\/strong> - sald\u0113tavas tipa barjeru, kas ne\u013cauj karstumam izk\u013c\u016bt un aukstumam iepl\u016bst.<\/p>\n<\/li>\n<\/ul>\n<h4 data-start=\"1691\" data-end=\"1721\">\ud83d\udca7 <strong data-start=\"1699\" data-end=\"1719\">Gudra inform\u0101cija<\/strong><\/h4>\n<p data-start=\"1722\" data-end=\"1825\"><strong data-start=\"1722\" data-end=\"1749\">VORTEX\u2122 dren\u0101\u017eas sist\u0113ma<\/strong> ir herm\u0113tisks, iztur\u012bgs un \u013cauj \u0101tri un viegli iztuk\u0161ot.<\/p>\n<p data-start=\"1722\" data-end=\"1825\"><strong>YETI Tundra Haul\u00ae - ja jums ir nepiecie\u0161ams dzes\u0113t\u0101js, kas p\u0101rvietojas kop\u0101 ar jums, sp\u0113j iztur\u0113t triecienus un saglab\u0101 v\u0113sumu visekstr\u0113m\u0101kajos apst\u0101k\u013cos.<\/strong><\/p>\n<p data-start=\"1917\" data-end=\"2016\"><em><strong>Apskatiet ar\u012b citus Yeti pied\u0101v\u0101tos pakalpojumus\u00a0<a href=\"https:\/\/tammetorubbq.ee\/lv\/produkta-birka\/stura-akumulators\/\">ar aukst\u0101m baterij\u0101m<\/a>.\u00a0<\/strong><\/em><\/p>\n<p><img loading=\"lazy\" decoding=\"async\" class=\"alignnone wp-image-3722\" src=\"http:\/\/tammetorubbq.ee\/wp-content\/uploads\/2025\/10\/YETI-logo-300x84.png\" alt=\"YETI logotips\" width=\"168\" height=\"47\" srcset=\"https:\/\/tammetorubbq.ee\/wp-content\/uploads\/2025\/10\/YETI-logo-300x84.png 300w, https:\/\/tammetorubbq.ee\/wp-content\/uploads\/2025\/10\/YETI-logo-1024x287.png 1024w, https:\/\/tammetorubbq.ee\/wp-content\/uploads\/2025\/10\/YETI-logo-768x215.png 768w, https:\/\/tammetorubbq.ee\/wp-content\/uploads\/2025\/10\/YETI-logo-18x5.png 18w, https:\/\/tammetorubbq.ee\/wp-content\/uploads\/2025\/10\/YETI-logo-600x168.png 600w, https:\/\/tammetorubbq.ee\/wp-content\/uploads\/2025\/10\/YETI-logo-64x18.png 64w, https:\/\/tammetorubbq.ee\/wp-content\/uploads\/2025\/10\/YETI-logo.png 1298w\" sizes=\"auto, (max-width: 168px) 100vw, 168px\" \/><\/p>\n<p>&nbsp;<\/p>\n<p><a href=\"https:\/\/tammetorubbq.ee\/lv\/maksajiet-velak\/\"><strong>P\u0112RCIET TAGAD, MAKS\u0100JIET V\u0112L\u0100K<\/strong><\/a>\u00a0- bez procentiem!<\/p>\n<p><img loading=\"lazy\" decoding=\"async\" class=\"alignnone wp-image-2646\" src=\"http:\/\/tammetorubbq.ee\/wp-content\/uploads\/2023\/12\/inbank-wordmark.png\" alt=\"\" width=\"167\" height=\"75\" srcset=\"https:\/\/tammetorubbq.ee\/wp-content\/uploads\/2023\/12\/inbank-wordmark.png 300w, https:\/\/tammetorubbq.ee\/wp-content\/uploads\/2023\/12\/inbank-wordmark-18x8.png 18w, https:\/\/tammetorubbq.ee\/wp-content\/uploads\/2023\/12\/inbank-wordmark-64x29.png 64w\" sizes=\"auto, (max-width: 167px) 100vw, 167px\" \/><\/p>\n<p>M\u0113s pied\u0101v\u0101jam ar\u012b iesp\u0113ju maks\u0101t v\u0113l\u0101k - vien\u0101, div\u0101s vai trij\u0101s vien\u0101d\u0101s da\u013c\u0101s bez procentiem vai papildu maksas.<\/p>\n<p>M\u016bsu iepirkumu groz\u0101 varat atrast da\u017e\u0101das maks\u0101jumu iesp\u0113jas.<\/p>","protected":false},"featured_media":3760,"comment_status":"open","ping_status":"closed","template":"","meta":{"_uf_show_specific_survey":0,"_uf_disable_surveys":false},"pwb-brand":[204],"product_brand":[],"product_cat":[193,199],"product_tag":[207],"class_list":{"0":"post-3754","1":"product","2":"type-product","3":"status-publish","4":"has-post-thumbnail","6":"pwb-brand-yeti","7":"product_cat-yeti-coolerid-termotopsid","8":"product_cat-kulmakastid","9":"product_tag-kulmakast","11":"first","12":"instock","13":"taxable","14":"shipping-taxable","15":"purchasable","16":"product-type-simple"},"brands":[{"id":204,"name":"YETI","slug":"yeti"}],"_links":{"self":[{"href":"https:\/\/tammetorubbq.ee\/lv\/wp-json\/wp\/v2\/product\/3754","targetHints":{"allow":["GET"]}}],"collection":[{"href":"https:\/\/tammetorubbq.ee\/lv\/wp-json\/wp\/v2\/product"}],"about":[{"href":"https:\/\/tammetorubbq.ee\/lv\/wp-json\/wp\/v2\/types\/product"}],"replies":[{"embeddable":true,"href":"https:\/\/tammetorubbq.ee\/lv\/wp-json\/wp\/v2\/comments?post=3754"}],"wp:featuredmedia":[{"embeddable":true,"href":"https:\/\/tammetorubbq.ee\/lv\/wp-json\/wp\/v2\/media\/3760"}],"wp:attachment":[{"href":"https:\/\/tammetorubbq.ee\/lv\/wp-json\/wp\/v2\/media?parent=3754"}],"wp:term":[{"taxonomy":"pwb-brand","embeddable":true,"href":"https:\/\/tammetorubbq.ee\/lv\/wp-json\/wp\/v2\/pwb-brand?post=3754"},{"taxonomy":"product_brand","embeddable":true,"href":"https:\/\/tammetorubbq.ee\/lv\/wp-json\/wp\/v2\/product_brand?post=3754"},{"taxonomy":"product_cat","embeddable":true,"href":"https:\/\/tammetorubbq.ee\/lv\/wp-json\/wp\/v2\/product_cat?post=3754"},{"taxonomy":"product_tag","embeddable":true,"href":"https:\/\/tammetorubbq.ee\/lv\/wp-json\/wp\/v2\/product_tag?post=3754"}],"curies":[{"name":"wp","href":"https:\/\/api.w.org\/{rel}","templated":true}]}}