{"id":3768,"date":"2025-10-13T13:03:01","date_gmt":"2025-10-13T10:03:01","guid":{"rendered":"https:\/\/tammetorubbq.ee\/?post_type=product&#038;p=3768"},"modified":"2026-04-14T22:00:36","modified_gmt":"2026-04-14T19:00:36","slug":"yeti-tommitsa-un-ritenu-kulmakast-tundra-haul-green","status":"publish","type":"product","link":"https:\/\/tammetorubbq.ee\/lv\/product-2\/yeti-tommitsa-un-ritenu-kulmakast-tundra-haul-green\/","title":{"rendered":"YETI Tundra Haul (za\u013ca) ar rite\u0146iem un vilk\u0161anas rokturi"},"content":{"rendered":"<table class=\"woocommerce-product-attributes shop_attributes\" aria-label=\"Inform\u0101cija par produktu\">\n<tbody>\n<tr class=\"woocommerce-product-attributes-item woocommerce-product-attributes-item--dimensions\">\n<th class=\"woocommerce-product-attributes-item__label\" style=\"text-align: left;\" scope=\"row\">Izm\u0113ri<\/th>\n<td class=\"woocommerce-product-attributes-item__value\">48,5 \u00d7 76 \u00d7 51,5 cm<\/td>\n<\/tr>\n<\/tbody>\n<\/table>\n<p><strong data-start=\"1037\" data-end=\"1052\">Uzman\u012bbu:<\/strong> Tundra Haul\u00ae nav sader\u012bgs ar sauso materi\u0101lu grozu.<\/p>\n<p><strong data-start=\"148\" data-end=\"172\">Yeti - b\u016bv\u0113ts, lai kalpotu ilgi!<\/strong><\/p>\n<p>Yeti rad\u0101s 2006. gad\u0101 no aizrau\u0161an\u0101s ar dabu un piedz\u012bvojumiem. M\u0113r\u0137is bija vienk\u0101r\u0161s - rad\u012bt apr\u012bkojumu, kas iztur\u0113tu visgr\u016bt\u0101kos apst\u0101k\u013cus un ne\u013cautu jums vilties ikdienas piedz\u012bvojumos.<\/p>\n<p>Viss s\u0101k\u0101s ar ledus kastes uzlabo\u0161anu, bet \u0161odien Yeti kl\u0101st\u0101 ietilpst iztur\u012bgi termosi, dz\u0113rienu pudeles un piederumi, kas paredz\u0113ti ilgam kalpo\u0161anas laikam.<\/p>\n<p>Neatkar\u012bgi no t\u0101, vai tie ir kalni, j\u016bra vai me\u017es, Yeti vienm\u0113r ir gatavs doties ce\u013c\u0101.<\/p>","protected":false},"excerpt":{"rendered":"<p><strong data-start=\"203\" data-end=\"247\">P\u0101rvietojiet viegl\u0101k, ilg\u0101k uzglab\u0101jiet aukst\u0101ku.<\/strong><\/p>\n<p>Tundra Haul\u00ae ir pirmais Tundra s\u0113rijas dzes\u0113t\u0101js ar rite\u0146iem, kas apvieno YETI le\u0123end\u0101ro iztur\u012bbu un lielisko izol\u0101ciju ar \u0113rtu mobilit\u0101ti. Ide\u0101li piem\u0113rots p\u0101rg\u0101jieniem, mak\u0161\u0137er\u0113\u0161anai, kempingiem vai ikdienas piedz\u012bvojumiem.<\/p>\n<h4 data-start=\"492\" data-end=\"524\">\ud83d\udede <strong data-start=\"500\" data-end=\"522\">Paredz\u0113ts kust\u012bbai<\/strong><\/h4>\n<ul data-start=\"525\" data-end=\"777\">\n<li data-start=\"525\" data-end=\"612\">\n<p data-start=\"527\" data-end=\"612\"><strong data-start=\"527\" data-end=\"548\">NeverFlat\u2122 rite\u0146i<\/strong> - iztur\u012bga viengabala konstrukcija, kas nesal\u016bz\u012bs un neizpl\u012bs\u012bs.<\/p>\n<\/li>\n<li data-start=\"613\" data-end=\"777\">\n<p data-start=\"615\" data-end=\"777\"><strong data-start=\"615\" data-end=\"637\">StrongArm\u2122 rokturis<\/strong> - Metin\u0101ts alum\u012bnijs ar \u0113rtiem izliektiem rokturiem, kas \u013cauj p\u0101rvietot kasti pa kreisi vai pa labi, nespie\u017eot pap\u0113\u017eiem.<\/p>\n<\/li>\n<\/ul>\n<h4 data-start=\"784\" data-end=\"821\">\ud83e\uddf1 <strong data-start=\"792\" data-end=\"819\">Iztur\u012bgs un dro\u0161s<\/strong><\/h4>\n<ul data-start=\"822\" data-end=\"1030\">\n<li data-start=\"822\" data-end=\"897\">\n<p data-start=\"824\" data-end=\"897\"><strong data-start=\"824\" data-end=\"846\">Veid\u0146u dizains<\/strong> - \u012bpa\u0161i iztur\u012bgs korpuss, praktiski iztur\u012bgs pret triecieniem.<\/p>\n<\/li>\n<li data-start=\"898\" data-end=\"1030\">\n<p data-start=\"900\" data-end=\"1030\"><strong data-start=\"900\" data-end=\"927\">PERMAFROST\u2122 izol\u0101cija<\/strong> - zem spiediena iesmidzin\u0101tas profesion\u0101las kvalit\u0101tes putas, kas ilg\u0101k saglab\u0101 ledu aukst\u0101ku pat karst\u0101s dien\u0101s.<\/p>\n<\/li>\n<\/ul>\n<p data-start=\"1917\" data-end=\"2016\"><em><strong>Apskatiet ar\u012b citus Yeti pied\u0101v\u0101tos pakalpojumus\u00a0<a href=\"https:\/\/tammetorubbq.ee\/lv\/produkta-birka\/stura-akumulators\/\">ar aukst\u0101m baterij\u0101m<\/a>.\u00a0<\/strong><\/em><\/p>\n<p><img loading=\"lazy\" decoding=\"async\" class=\"alignnone wp-image-3722\" src=\"http:\/\/tammetorubbq.ee\/wp-content\/uploads\/2025\/10\/YETI-logo-300x84.png\" alt=\"YETI logotips\" width=\"168\" height=\"47\" srcset=\"https:\/\/tammetorubbq.ee\/wp-content\/uploads\/2025\/10\/YETI-logo-300x84.png 300w, https:\/\/tammetorubbq.ee\/wp-content\/uploads\/2025\/10\/YETI-logo-1024x287.png 1024w, https:\/\/tammetorubbq.ee\/wp-content\/uploads\/2025\/10\/YETI-logo-768x215.png 768w, https:\/\/tammetorubbq.ee\/wp-content\/uploads\/2025\/10\/YETI-logo-18x5.png 18w, https:\/\/tammetorubbq.ee\/wp-content\/uploads\/2025\/10\/YETI-logo-600x168.png 600w, https:\/\/tammetorubbq.ee\/wp-content\/uploads\/2025\/10\/YETI-logo-64x18.png 64w, https:\/\/tammetorubbq.ee\/wp-content\/uploads\/2025\/10\/YETI-logo.png 1298w\" sizes=\"auto, (max-width: 168px) 100vw, 168px\" \/><\/p>\n<p>&nbsp;<\/p>\n<p><a href=\"https:\/\/tammetorubbq.ee\/lv\/maksajiet-velak\/\"><strong>P\u0112RCIET TAGAD, MAKS\u0100JIET V\u0112L\u0100K<\/strong><\/a>\u00a0- bez procentiem!<\/p>\n<p><img loading=\"lazy\" decoding=\"async\" class=\"alignnone wp-image-2646\" src=\"http:\/\/tammetorubbq.ee\/wp-content\/uploads\/2023\/12\/inbank-wordmark.png\" alt=\"\" width=\"167\" height=\"75\" srcset=\"https:\/\/tammetorubbq.ee\/wp-content\/uploads\/2023\/12\/inbank-wordmark.png 300w, https:\/\/tammetorubbq.ee\/wp-content\/uploads\/2023\/12\/inbank-wordmark-18x8.png 18w, https:\/\/tammetorubbq.ee\/wp-content\/uploads\/2023\/12\/inbank-wordmark-64x29.png 64w\" sizes=\"auto, (max-width: 167px) 100vw, 167px\" \/><\/p>\n<p>M\u0113s pied\u0101v\u0101jam ar\u012b iesp\u0113ju maks\u0101t v\u0113l\u0101k - vien\u0101, div\u0101s vai trij\u0101s vien\u0101d\u0101s da\u013c\u0101s bez procentiem vai papildu maksas.<\/p>\n<p>M\u016bsu iepirkumu groz\u0101 varat atrast da\u017e\u0101das maks\u0101jumu iesp\u0113jas.<\/p>","protected":false},"featured_media":3769,"comment_status":"open","ping_status":"closed","template":"","meta":{"_uf_show_specific_survey":0,"_uf_disable_surveys":false},"pwb-brand":[204],"product_brand":[],"product_cat":[193,199],"product_tag":[207],"class_list":{"0":"post-3768","1":"product","2":"type-product","3":"status-publish","4":"has-post-thumbnail","6":"pwb-brand-yeti","7":"product_cat-yeti-coolerid-termotopsid","8":"product_cat-kulmakastid","9":"product_tag-kulmakast","11":"first","12":"instock","13":"taxable","14":"shipping-taxable","15":"purchasable","16":"product-type-simple"},"brands":[{"id":204,"name":"YETI","slug":"yeti"}],"_links":{"self":[{"href":"https:\/\/tammetorubbq.ee\/lv\/wp-json\/wp\/v2\/product\/3768","targetHints":{"allow":["GET"]}}],"collection":[{"href":"https:\/\/tammetorubbq.ee\/lv\/wp-json\/wp\/v2\/product"}],"about":[{"href":"https:\/\/tammetorubbq.ee\/lv\/wp-json\/wp\/v2\/types\/product"}],"replies":[{"embeddable":true,"href":"https:\/\/tammetorubbq.ee\/lv\/wp-json\/wp\/v2\/comments?post=3768"}],"wp:featuredmedia":[{"embeddable":true,"href":"https:\/\/tammetorubbq.ee\/lv\/wp-json\/wp\/v2\/media\/3769"}],"wp:attachment":[{"href":"https:\/\/tammetorubbq.ee\/lv\/wp-json\/wp\/v2\/media?parent=3768"}],"wp:term":[{"taxonomy":"pwb-brand","embeddable":true,"href":"https:\/\/tammetorubbq.ee\/lv\/wp-json\/wp\/v2\/pwb-brand?post=3768"},{"taxonomy":"product_brand","embeddable":true,"href":"https:\/\/tammetorubbq.ee\/lv\/wp-json\/wp\/v2\/product_brand?post=3768"},{"taxonomy":"product_cat","embeddable":true,"href":"https:\/\/tammetorubbq.ee\/lv\/wp-json\/wp\/v2\/product_cat?post=3768"},{"taxonomy":"product_tag","embeddable":true,"href":"https:\/\/tammetorubbq.ee\/lv\/wp-json\/wp\/v2\/product_tag?post=3768"}],"curies":[{"name":"wp","href":"https:\/\/api.w.org\/{rel}","templated":true}]}}