{"id":3772,"date":"2025-10-13T13:11:56","date_gmt":"2025-10-13T10:11:56","guid":{"rendered":"https:\/\/tammetorubbq.ee\/?post_type=product&#038;p=3772"},"modified":"2026-04-14T18:01:41","modified_gmt":"2026-04-14T15:01:41","slug":"yeti-uzacu-kaste-ar-riteniem-roadie-48-sarkana","status":"publish","type":"product","link":"https:\/\/tammetorubbq.ee\/lv\/product-2\/yeti-uzacu-kaste-ar-riteniem-roadie-48-sarkana\/","title":{"rendered":"YETI Roadie 48 ar rite\u0146iem (sarkans)"},"content":{"rendered":"<table class=\"woocommerce-product-attributes shop_attributes\" aria-label=\"Inform\u0101cija par produktu\">\n<tbody>\n<tr class=\"woocommerce-product-attributes-item woocommerce-product-attributes-item--weight\">\n<th class=\"woocommerce-product-attributes-item__label\" style=\"text-align: left;\" scope=\"row\">Svars<\/th>\n<td class=\"woocommerce-product-attributes-item__value\">11,7 kg<\/td>\n<\/tr>\n<tr class=\"woocommerce-product-attributes-item woocommerce-product-attributes-item--dimensions\">\n<th class=\"woocommerce-product-attributes-item__label\" style=\"text-align: left;\" scope=\"row\">Izm\u0113ri<\/th>\n<td class=\"woocommerce-product-attributes-item__value\">50,5 \u00d7 50,3 \u00d7 52,1 cm<\/td>\n<\/tr>\n<\/tbody>\n<\/table>\n<p>&nbsp;<\/p>\n<p><strong data-start=\"148\" data-end=\"172\">Yeti - b\u016bv\u0113ts, lai kalpotu ilgi!<\/strong><\/p>\n<p>Yeti rad\u0101s 2006. gad\u0101 no aizrau\u0161an\u0101s ar dabu un piedz\u012bvojumiem. M\u0113r\u0137is bija vienk\u0101r\u0161s - rad\u012bt apr\u012bkojumu, kas iztur\u0113tu visgr\u016bt\u0101kos apst\u0101k\u013cus un ne\u013cautu jums vilties ikdienas piedz\u012bvojumos.<\/p>\n<p>Viss s\u0101k\u0101s ar ledus kastes uzlabo\u0161anu, bet \u0161odien Yeti kl\u0101st\u0101 ietilpst iztur\u012bgi termosi, dz\u0113rienu pudeles un piederumi, kas paredz\u0113ti ilgam kalpo\u0161anas laikam.<\/p>\n<p>Neatkar\u012bgi no t\u0101, vai tie ir kalni, j\u016bra vai me\u017es, Yeti vienm\u0113r ir gatavs doties ce\u013c\u0101.<\/p>","protected":false},"excerpt":{"rendered":"<p><strong data-start=\"196\" data-end=\"271\">Liela dzes\u0113\u0161anas kaste, kas paredz\u0113ta \u0113rtai dz\u0113rienu, p\u0101rtikas un ga\u013cas p\u0101rkrau\u0161anai.<\/strong><\/p>\n<p>Roadie\u00ae 48 rite\u0146u dzes\u0113t\u0101js uz rite\u0146iem ir manevr\u0113ts milzis, kas apvieno le\u0123end\u0101ro Tundra\u00ae kl\u0101sta iztur\u012bbu un izcilo aukstuma notur\u012bbu ar praktisku rite\u0146u sist\u0113mu. \u0160\u012b kaste ir praktiski iztur\u012bga pret sadr\u016b\u0161anu un saglab\u0101s ledu vair\u0101kas dienas.<\/p>\n<h4 data-start=\"528\" data-end=\"560\">\ud83d\udede <strong data-start=\"536\" data-end=\"558\">Paredz\u0113ts kust\u012bbai<\/strong><\/h4>\n<ul data-start=\"561\" data-end=\"968\">\n<li data-start=\"561\" data-end=\"646\">\n<p data-start=\"563\" data-end=\"646\"><strong data-start=\"563\" data-end=\"585\">PERISKOOP\u2122 rokturis<\/strong> - ievelkams, sp\u0113c\u012bgs un paredz\u0113ts liel\u0101m slodz\u0113m.<\/p>\n<\/li>\n<li data-start=\"647\" data-end=\"728\">\n<p data-start=\"649\" data-end=\"728\"><strong data-start=\"649\" data-end=\"670\">NEVERFLAT\u2122 rite\u0146i<\/strong> - triecieniztur\u012bga un pret caurdur\u0161anu iztur\u012bga viengabala riepas konstrukcija.<\/p>\n<\/li>\n<li data-start=\"729\" data-end=\"803\">\n<p data-start=\"731\" data-end=\"803\"><strong data-start=\"731\" data-end=\"754\">LIPGRIP\u2122 rokturi<\/strong> - netrauc\u0113t un atvieglot valk\u0101\u0161anu.<\/p>\n<\/li>\n<li data-start=\"804\" data-end=\"883\">\n<p data-start=\"806\" data-end=\"883\"><strong data-start=\"806\" data-end=\"837\">BEARFOOT\u2122 nesl\u012bdo\u0161as p\u0113das<\/strong> - tur\u0113t kast\u012bti laiv\u0101 vai transportl\u012bdzekl\u012b.<\/p>\n<\/li>\n<li data-start=\"884\" data-end=\"968\">\n<p data-start=\"886\" data-end=\"968\"><strong data-start=\"886\" data-end=\"916\">ANCHORPOINT\u2122 saisto\u0161\u0101s zonas<\/strong> - viegli piestiprin\u0101ms pie laivas, piekabes vai automa\u0161\u012bnas.<\/p>\n<\/li>\n<\/ul>\n<h4 data-start=\"975\" data-end=\"1012\">\ud83e\uddf1 <strong data-start=\"983\" data-end=\"1010\">Iztur\u012bgs un dro\u0161s<\/strong><\/h4>\n<ul data-start=\"1013\" data-end=\"1171\">\n<li data-start=\"1013\" data-end=\"1095\">\n<p data-start=\"1015\" data-end=\"1095\"><strong data-start=\"1015\" data-end=\"1044\">ROCKSOLID\u2122 konstrukcija<\/strong> - uz praktiski nesalauztu, bru\u0146otu sirdi.<\/p>\n<\/li>\n<li data-start=\"1096\" data-end=\"1171\">\n<p data-start=\"1098\" data-end=\"1171\"><strong data-start=\"1098\" data-end=\"1128\">NEVERFAIL\u2122 e\u0146\u0123u sist\u0113ma<\/strong> - divu tapu konstrukcija nov\u0113r\u0161 l\u016bzumus.<\/p>\n<\/li>\n<\/ul>\n<h4 data-start=\"1178\" data-end=\"1215\">\u2744\ufe0f <strong data-start=\"1186\" data-end=\"1213\">Izcila izol\u0101cija<\/strong><\/h4>\n<ul data-start=\"1216\" data-end=\"1424\">\n<li data-start=\"1216\" data-end=\"1298\">\n<p data-start=\"1218\" data-end=\"1298\"><strong data-start=\"1218\" data-end=\"1245\">PERMAFROST\u2122 izol\u0101cija<\/strong> - Spiediena iesmidzin\u0101tais poliuret\u0101ns ilgi saglab\u0101 aukstumu.<\/p>\n<\/li>\n<li data-start=\"1299\" data-end=\"1424\">\n<p data-start=\"1301\" data-end=\"1424\"><strong data-start=\"1301\" data-end=\"1347\">INTERLOCK\u2122 v\u0101ka sist\u0113ma un COLDLOCK\u2122 bl\u012bv\u0113jums<\/strong> - sald\u0113tavas kvalit\u0101tes barjeru, kas blo\u0137\u0113 aukstumu un ne\u013cauj iek\u013c\u016bt karstumam.<\/p>\n<\/li>\n<\/ul>\n<h4 data-start=\"1431\" data-end=\"1465\">\ud83d\udca1 <strong data-start=\"1439\" data-end=\"1463\">Vied\u0101s funkcijas<\/strong><\/h4>\n<ul data-start=\"1466\" data-end=\"1733\">\n<li data-start=\"1466\" data-end=\"1528\">\n<p data-start=\"1468\" data-end=\"1528\"><strong data-start=\"1468\" data-end=\"1483\">QUICKLATCH\u2122<\/strong> - \u0101trai un \u0113rtai atv\u0113r\u0161anai ar vienu roku.<\/p>\n<\/li>\n<li data-start=\"1529\" data-end=\"1652\">\n<p data-start=\"1531\" data-end=\"1652\"><strong data-start=\"1531\" data-end=\"1558\">\u013bOTI BEAUTIFUL iepako\u0161ana<\/strong> - taj\u0101 var novietot liel\u0101ko da\u013cu standarta v\u012bna pude\u013cu un 2 litru bezalkoholisko dz\u0113rienu pudeles vertik\u0101l\u0101 st\u0101vokl\u012b.<\/p>\n<\/li>\n<li data-start=\"1653\" data-end=\"1733\">\n<p data-start=\"1655\" data-end=\"1733\"><strong data-start=\"1655\" data-end=\"1680\">BESTDAM\u2122 dren\u0101\u017eas v\u0101ci\u0146\u0161<\/strong> - necaurlaid\u012bgs un nodro\u0161ina \u0101tru un \u0113rtu iztuk\u0161o\u0161anu.<\/p>\n<\/li>\n<\/ul>\n<p><strong>YETI Roadie\u00ae 48 - ja jums ir nepiecie\u0161ams dzes\u0113t\u0101js, kas p\u0101rvietojas kop\u0101 ar jums, iztur triecienus un saglab\u0101 v\u0113sumu ikvien\u0101 piedz\u012bvojum\u0101.<\/strong><\/p>\n<p data-start=\"1917\" data-end=\"2016\"><em><strong>Apskatiet ar\u012b citus Yeti pied\u0101v\u0101tos pakalpojumus\u00a0<a href=\"https:\/\/tammetorubbq.ee\/lv\/produkta-birka\/stura-akumulators\/\">ar aukst\u0101m baterij\u0101m<\/a>.\u00a0<\/strong><\/em><\/p>\n<p><img loading=\"lazy\" decoding=\"async\" class=\"alignnone wp-image-3722\" src=\"http:\/\/tammetorubbq.ee\/wp-content\/uploads\/2025\/10\/YETI-logo-300x84.png\" alt=\"YETI logotips\" width=\"168\" height=\"47\" srcset=\"https:\/\/tammetorubbq.ee\/wp-content\/uploads\/2025\/10\/YETI-logo-300x84.png 300w, https:\/\/tammetorubbq.ee\/wp-content\/uploads\/2025\/10\/YETI-logo-1024x287.png 1024w, https:\/\/tammetorubbq.ee\/wp-content\/uploads\/2025\/10\/YETI-logo-768x215.png 768w, https:\/\/tammetorubbq.ee\/wp-content\/uploads\/2025\/10\/YETI-logo-18x5.png 18w, https:\/\/tammetorubbq.ee\/wp-content\/uploads\/2025\/10\/YETI-logo-600x168.png 600w, https:\/\/tammetorubbq.ee\/wp-content\/uploads\/2025\/10\/YETI-logo-64x18.png 64w, https:\/\/tammetorubbq.ee\/wp-content\/uploads\/2025\/10\/YETI-logo.png 1298w\" sizes=\"auto, (max-width: 168px) 100vw, 168px\" \/><\/p>\n<p>&nbsp;<\/p>\n<p><a href=\"https:\/\/tammetorubbq.ee\/lv\/maksajiet-velak\/\"><strong>P\u0112RCIET TAGAD, MAKS\u0100JIET V\u0112L\u0100K<\/strong><\/a>\u00a0- bez procentiem!<\/p>\n<p><img loading=\"lazy\" decoding=\"async\" class=\"alignnone wp-image-2646\" src=\"http:\/\/tammetorubbq.ee\/wp-content\/uploads\/2023\/12\/inbank-wordmark.png\" alt=\"\" width=\"167\" height=\"75\" srcset=\"https:\/\/tammetorubbq.ee\/wp-content\/uploads\/2023\/12\/inbank-wordmark.png 300w, https:\/\/tammetorubbq.ee\/wp-content\/uploads\/2023\/12\/inbank-wordmark-18x8.png 18w, https:\/\/tammetorubbq.ee\/wp-content\/uploads\/2023\/12\/inbank-wordmark-64x29.png 64w\" sizes=\"auto, (max-width: 167px) 100vw, 167px\" \/><\/p>\n<p>M\u0113s pied\u0101v\u0101jam ar\u012b iesp\u0113ju maks\u0101t v\u0113l\u0101k - vien\u0101, div\u0101s vai trij\u0101s vien\u0101d\u0101s da\u013c\u0101s bez procentiem vai papildu maksas.<\/p>\n<p>M\u016bsu iepirkumu groz\u0101 varat atrast da\u017e\u0101das maks\u0101jumu iesp\u0113jas.<\/p>","protected":false},"featured_media":3779,"comment_status":"open","ping_status":"closed","template":"","meta":{"_uf_show_specific_survey":0,"_uf_disable_surveys":false},"pwb-brand":[204],"product_brand":[],"product_cat":[193,199],"product_tag":[207],"class_list":{"0":"post-3772","1":"product","2":"type-product","3":"status-publish","4":"has-post-thumbnail","6":"pwb-brand-yeti","7":"product_cat-yeti-coolerid-termotopsid","8":"product_cat-kulmakastid","9":"product_tag-kulmakast","11":"first","12":"instock","13":"taxable","14":"shipping-taxable","15":"purchasable","16":"product-type-simple"},"brands":[{"id":204,"name":"YETI","slug":"yeti"}],"_links":{"self":[{"href":"https:\/\/tammetorubbq.ee\/lv\/wp-json\/wp\/v2\/product\/3772","targetHints":{"allow":["GET"]}}],"collection":[{"href":"https:\/\/tammetorubbq.ee\/lv\/wp-json\/wp\/v2\/product"}],"about":[{"href":"https:\/\/tammetorubbq.ee\/lv\/wp-json\/wp\/v2\/types\/product"}],"replies":[{"embeddable":true,"href":"https:\/\/tammetorubbq.ee\/lv\/wp-json\/wp\/v2\/comments?post=3772"}],"wp:featuredmedia":[{"embeddable":true,"href":"https:\/\/tammetorubbq.ee\/lv\/wp-json\/wp\/v2\/media\/3779"}],"wp:attachment":[{"href":"https:\/\/tammetorubbq.ee\/lv\/wp-json\/wp\/v2\/media?parent=3772"}],"wp:term":[{"taxonomy":"pwb-brand","embeddable":true,"href":"https:\/\/tammetorubbq.ee\/lv\/wp-json\/wp\/v2\/pwb-brand?post=3772"},{"taxonomy":"product_brand","embeddable":true,"href":"https:\/\/tammetorubbq.ee\/lv\/wp-json\/wp\/v2\/product_brand?post=3772"},{"taxonomy":"product_cat","embeddable":true,"href":"https:\/\/tammetorubbq.ee\/lv\/wp-json\/wp\/v2\/product_cat?post=3772"},{"taxonomy":"product_tag","embeddable":true,"href":"https:\/\/tammetorubbq.ee\/lv\/wp-json\/wp\/v2\/product_tag?post=3772"}],"curies":[{"name":"wp","href":"https:\/\/api.w.org\/{rel}","templated":true}]}}