{"id":3790,"date":"2025-10-13T13:27:46","date_gmt":"2025-10-13T10:27:46","guid":{"rendered":"https:\/\/tammetorubbq.ee\/?post_type=product&#038;p=3790"},"modified":"2026-04-14T18:01:06","modified_gmt":"2026-04-14T15:01:06","slug":"yeti-miksta-uzacu-kaste-ar-plecu-siksnu-eu-hopper-flip-18-tumsi-zila","status":"publish","type":"product","link":"https:\/\/tammetorubbq.ee\/lv\/product-2\/yeti-miksta-uzacu-kaste-ar-plecu-siksnu-eu-hopper-flip-18-tumsi-zila\/","title":{"rendered":"YETI plecu siksna m\u012bkstai dzes\u0113\u0161anas kast\u012btei EU Hopper Flip 18 (tum\u0161i zila)"},"content":{"rendered":"<table class=\"woocommerce-product-attributes shop_attributes\" aria-label=\"Inform\u0101cija par produktu\">\n<tbody>\n<tr class=\"woocommerce-product-attributes-item woocommerce-product-attributes-item--weight\">\n<th class=\"woocommerce-product-attributes-item__label\" style=\"text-align: left;\" scope=\"row\">Svars<\/th>\n<td class=\"woocommerce-product-attributes-item__value\">2,3 kg<\/td>\n<\/tr>\n<tr class=\"woocommerce-product-attributes-item woocommerce-product-attributes-item--dimensions\">\n<th class=\"woocommerce-product-attributes-item__label\" scope=\"row\">Izm\u0113ri<\/th>\n<td class=\"woocommerce-product-attributes-item__value\">27,3 \u00d7 41,3 \u00d7 33 cm<\/td>\n<\/tr>\n<\/tbody>\n<\/table>\n<p>&nbsp;<\/p>\n<p><strong data-start=\"148\" data-end=\"172\">Yeti - b\u016bv\u0113ts, lai kalpotu ilgi!<\/strong><\/p>\n<p>Yeti rad\u0101s 2006. gad\u0101 no aizrau\u0161an\u0101s ar dabu un piedz\u012bvojumiem. M\u0113r\u0137is bija vienk\u0101r\u0161s - rad\u012bt apr\u012bkojumu, kas iztur\u0113tu visgr\u016bt\u0101kos apst\u0101k\u013cus un ne\u013cautu jums vilties ikdienas piedz\u012bvojumos.<\/p>\n<p>Viss s\u0101k\u0101s ar ledus kastes uzlabo\u0161anu, bet \u0161odien Yeti kl\u0101st\u0101 ietilpst iztur\u012bgi termosi, dz\u0113rienu pudeles un piederumi, kas paredz\u0113ti ilgam kalpo\u0161anas laikam.<\/p>\n<p>Neatkar\u012bgi no t\u0101, vai tie ir kalni, j\u016bra vai me\u017es, Yeti vienm\u0113r ir gatavs doties ce\u013c\u0101.<\/p>","protected":false},"excerpt":{"rendered":"<p><strong data-start=\"230\" data-end=\"289\">Uztur\u0113siet aukstumu vair\u0101kas dienas, un viss nepiecie\u0161amais b\u016bs pa rokai.<\/strong><\/p>\n<p>Hopper Flip\u00ae 18 ir ide\u0101ls sabiedrotais ned\u0113\u013cas nogales p\u0101rg\u0101jieniem un gar\u0101kiem ce\u013cojumiem. \u0160aj\u0101 m\u012bkstaj\u0101, necaurlaid\u012bgaj\u0101 un daudzpus\u012bgaj\u0101 dzes\u0113t\u0101j\u0101 apvienota YETI le\u0123end\u0101r\u0101 izol\u0101cija un praktiskas funkcijas, piem\u0113ram, instrumentu un piederumu tur\u0113t\u0101ji.\u00a0<strong data-start=\"541\" data-end=\"561\">HitchPoint\u2122 re\u017e\u0123is<\/strong>\u00a0sist\u0113m\u0101.<\/p>\n<h4 data-start=\"581\" data-end=\"621\">\u2744\ufe0f\u00a0<strong data-start=\"589\" data-end=\"619\">V\u0113suma saglab\u0101\u0161ana pie maksim\u0101las veiktsp\u0113jas<\/strong><\/h4>\n<ul data-start=\"622\" data-end=\"854\">\n<li data-start=\"622\" data-end=\"762\">\n<p data-start=\"624\" data-end=\"762\"><strong data-start=\"624\" data-end=\"649\">COLDCELL\u2122 izol\u0101cija<\/strong>\u00a0- Sl\u0113gtu \u0161\u016bnu gumijas putas, kas saturu saglab\u0101 aukstu daudz ilg\u0101k nek\u0101 parast\u0101s sald\u0113tavas.<\/p>\n<\/li>\n<li data-start=\"763\" data-end=\"854\">\n<p data-start=\"765\" data-end=\"854\"><strong data-start=\"765\" data-end=\"787\">HYDROLOK\u2122 r\u0101v\u0113jsl\u0113dz\u0113js<\/strong>\u00a0- 100% ir herm\u0113tisks, iztur\u012bgs un augstas veiktsp\u0113jas, ne\u013cauj iepl\u016bst aukstumam.<\/p>\n<\/li>\n<\/ul>\n<h4 data-start=\"861\" data-end=\"899\">\ud83e\uddf5\u00a0<strong data-start=\"869\" data-end=\"897\">Iztur\u012bgs un ilgm\u016b\u017e\u012bgs<\/strong><\/h4>\n<ul data-start=\"900\" data-end=\"1108\">\n<li data-start=\"900\" data-end=\"1021\">\n<p data-start=\"902\" data-end=\"1021\"><strong data-start=\"902\" data-end=\"919\">DRYHIDE\u2122 apvalks<\/strong>\u00a0- Augsta bl\u012bvuma audums, kas ir iztur\u012bgs pret sastr\u0113gumiem, UV stariem un pel\u0113jumu, t\u0101d\u0113j\u0101di pagarinot kastes kalpo\u0161anas laiku.<\/p>\n<\/li>\n<li data-start=\"1022\" data-end=\"1108\">\n<p data-start=\"1024\" data-end=\"1108\"><strong data-start=\"1024\" data-end=\"1047\">Pla\u0161a mutes atv\u0113r\u0161ana<\/strong>\u00a0- vieglu piek\u013cuvi un lab\u0101ku p\u0101rskatu par lodzi\u0146\u0101 eso\u0161o saturu.<\/p>\n<\/li>\n<\/ul>\n<p><strong>Hopper Flip\u00ae 18 - m\u012bksts dzes\u0113t\u0101js, kas p\u0101rvietojas kop\u0101 ar jums, nodro\u0161ina v\u0113sumu un \u013cauj \u0113rti uzglab\u0101t visus nepiecie\u0161amos r\u012bkus un dz\u0113rienus.<\/strong><\/p>\n<p data-start=\"1917\" data-end=\"2016\"><em><strong>Apskatiet ar\u012b citus Yeti pied\u0101v\u0101tos pakalpojumus\u00a0<a href=\"https:\/\/tammetorubbq.ee\/lv\/produkta-birka\/stura-akumulators\/\">ar aukst\u0101m baterij\u0101m<\/a>.\u00a0<\/strong><\/em><\/p>\n<p><img loading=\"lazy\" decoding=\"async\" class=\"alignnone wp-image-3722\" src=\"http:\/\/tammetorubbq.ee\/wp-content\/uploads\/2025\/10\/YETI-logo-300x84.png\" alt=\"YETI logotips\" width=\"168\" height=\"47\" srcset=\"https:\/\/tammetorubbq.ee\/wp-content\/uploads\/2025\/10\/YETI-logo-300x84.png 300w, https:\/\/tammetorubbq.ee\/wp-content\/uploads\/2025\/10\/YETI-logo-1024x287.png 1024w, https:\/\/tammetorubbq.ee\/wp-content\/uploads\/2025\/10\/YETI-logo-768x215.png 768w, https:\/\/tammetorubbq.ee\/wp-content\/uploads\/2025\/10\/YETI-logo-18x5.png 18w, https:\/\/tammetorubbq.ee\/wp-content\/uploads\/2025\/10\/YETI-logo-600x168.png 600w, https:\/\/tammetorubbq.ee\/wp-content\/uploads\/2025\/10\/YETI-logo-64x18.png 64w, https:\/\/tammetorubbq.ee\/wp-content\/uploads\/2025\/10\/YETI-logo.png 1298w\" sizes=\"auto, (max-width: 168px) 100vw, 168px\" \/><\/p>\n<p>&nbsp;<\/p>\n<p><a href=\"https:\/\/tammetorubbq.ee\/lv\/maksajiet-velak\/\"><strong>P\u0112RCIET TAGAD, MAKS\u0100JIET V\u0112L\u0100K<\/strong><\/a>\u00a0- bez procentiem!<\/p>\n<p><img loading=\"lazy\" decoding=\"async\" class=\"alignnone wp-image-2646\" src=\"http:\/\/tammetorubbq.ee\/wp-content\/uploads\/2023\/12\/inbank-wordmark.png\" alt=\"\" width=\"167\" height=\"75\" srcset=\"https:\/\/tammetorubbq.ee\/wp-content\/uploads\/2023\/12\/inbank-wordmark.png 300w, https:\/\/tammetorubbq.ee\/wp-content\/uploads\/2023\/12\/inbank-wordmark-18x8.png 18w, https:\/\/tammetorubbq.ee\/wp-content\/uploads\/2023\/12\/inbank-wordmark-64x29.png 64w\" sizes=\"auto, (max-width: 167px) 100vw, 167px\" \/><\/p>\n<p>M\u0113s pied\u0101v\u0101jam ar\u012b iesp\u0113ju maks\u0101t v\u0113l\u0101k - vien\u0101, div\u0101s vai trij\u0101s vien\u0101d\u0101s da\u013c\u0101s bez procentiem vai papildu maksas.<\/p>\n<p>M\u016bsu iepirkumu groz\u0101 varat atrast da\u017e\u0101das maks\u0101jumu iesp\u0113jas.<\/p>","protected":false},"featured_media":3796,"comment_status":"open","ping_status":"closed","template":"","meta":{"_uf_show_specific_survey":0,"_uf_disable_surveys":false},"pwb-brand":[204],"product_brand":[],"product_cat":[193,199],"product_tag":[207],"class_list":{"0":"post-3790","1":"product","2":"type-product","3":"status-publish","4":"has-post-thumbnail","6":"pwb-brand-yeti","7":"product_cat-yeti-coolerid-termotopsid","8":"product_cat-kulmakastid","9":"product_tag-kulmakast","11":"first","12":"instock","13":"taxable","14":"shipping-taxable","15":"purchasable","16":"product-type-simple"},"brands":[{"id":204,"name":"YETI","slug":"yeti"}],"_links":{"self":[{"href":"https:\/\/tammetorubbq.ee\/lv\/wp-json\/wp\/v2\/product\/3790","targetHints":{"allow":["GET"]}}],"collection":[{"href":"https:\/\/tammetorubbq.ee\/lv\/wp-json\/wp\/v2\/product"}],"about":[{"href":"https:\/\/tammetorubbq.ee\/lv\/wp-json\/wp\/v2\/types\/product"}],"replies":[{"embeddable":true,"href":"https:\/\/tammetorubbq.ee\/lv\/wp-json\/wp\/v2\/comments?post=3790"}],"wp:featuredmedia":[{"embeddable":true,"href":"https:\/\/tammetorubbq.ee\/lv\/wp-json\/wp\/v2\/media\/3796"}],"wp:attachment":[{"href":"https:\/\/tammetorubbq.ee\/lv\/wp-json\/wp\/v2\/media?parent=3790"}],"wp:term":[{"taxonomy":"pwb-brand","embeddable":true,"href":"https:\/\/tammetorubbq.ee\/lv\/wp-json\/wp\/v2\/pwb-brand?post=3790"},{"taxonomy":"product_brand","embeddable":true,"href":"https:\/\/tammetorubbq.ee\/lv\/wp-json\/wp\/v2\/product_brand?post=3790"},{"taxonomy":"product_cat","embeddable":true,"href":"https:\/\/tammetorubbq.ee\/lv\/wp-json\/wp\/v2\/product_cat?post=3790"},{"taxonomy":"product_tag","embeddable":true,"href":"https:\/\/tammetorubbq.ee\/lv\/wp-json\/wp\/v2\/product_tag?post=3790"}],"curies":[{"name":"wp","href":"https:\/\/api.w.org\/{rel}","templated":true}]}}