{"id":3797,"date":"2025-10-13T13:39:22","date_gmt":"2025-10-13T10:39:22","guid":{"rendered":"https:\/\/tammetorubbq.ee\/?post_type=product&#038;p=3797"},"modified":"2026-04-14T22:00:16","modified_gmt":"2026-04-14T19:00:16","slug":"yeti-uzacu-uzacis-roadie-24-2-0-tumsi-peleks","status":"publish","type":"product","link":"https:\/\/tammetorubbq.ee\/lv\/product-2\/yeti-uzacu-uzacis-roadie-24-2-0-tumsi-peleks\/","title":{"rendered":"YETI aukstuma kaste Roadie 24 2.0 (tum\u0161i pel\u0113ka)"},"content":{"rendered":"<table class=\"woocommerce-product-attributes shop_attributes\" aria-label=\"Inform\u0101cija par produktu\">\n<tbody>\n<tr class=\"woocommerce-product-attributes-item woocommerce-product-attributes-item--weight\">\n<th class=\"woocommerce-product-attributes-item__label\" style=\"text-align: left;\" scope=\"row\">Svars<\/th>\n<td class=\"woocommerce-product-attributes-item__value\">5,9 kg<\/td>\n<\/tr>\n<tr class=\"woocommerce-product-attributes-item woocommerce-product-attributes-item--dimensions\">\n<th class=\"woocommerce-product-attributes-item__label\" scope=\"row\">Izm\u0113ri<\/th>\n<td class=\"woocommerce-product-attributes-item__value\">35,6 \u00d7 42,2 \u00d7 44,2 cm<\/td>\n<\/tr>\n<\/tbody>\n<\/table>\n<p>&nbsp;<\/p>\n<p><strong data-start=\"148\" data-end=\"172\">Yeti - b\u016bv\u0113ts, lai kalpotu ilgi!<\/strong><\/p>\n<p>Yeti rad\u0101s 2006. gad\u0101 no aizrau\u0161an\u0101s ar dabu un piedz\u012bvojumiem. M\u0113r\u0137is bija vienk\u0101r\u0161s - rad\u012bt apr\u012bkojumu, kas iztur\u0113tu visgr\u016bt\u0101kos apst\u0101k\u013cus un ne\u013cautu jums vilties ikdienas piedz\u012bvojumos.<\/p>\n<p>Viss s\u0101k\u0101s ar ledus kastes uzlabo\u0161anu, bet \u0161odien Yeti kl\u0101st\u0101 ietilpst iztur\u012bgi termosi, dz\u0113rienu pudeles un piederumi, kas paredz\u0113ti ilgam kalpo\u0161anas laikam.<\/p>\n<p>Neatkar\u012bgi no t\u0101, vai tie ir kalni, j\u016bra vai me\u017es, Yeti vienm\u0113r ir gatavs doties ce\u013c\u0101.<\/p>","protected":false},"excerpt":{"rendered":"<p data-start=\"213\" data-end=\"454\"><strong data-start=\"213\" data-end=\"263\"><span style=\"color: #ff0000;\">JAUNS MODELIS<\/span> - kompakts, ietilp\u012bgs un vienm\u0113r gatavs piedz\u012bvojumiem.<\/strong><\/p>\n<p data-start=\"213\" data-end=\"454\">Roadie\u00ae 24 2.0 ir kompakts, bet ietilp\u012bgs dzes\u0113t\u0101js, kas viegli iek\u013caujas aiz vad\u012bt\u0101ja vai pasa\u017eiera s\u0113dek\u013ca - ide\u0101li piem\u0113rots gar\u0101kiem ce\u013cojumiem, p\u0101rg\u0101jieniem vai ned\u0113\u013cas nogales braucieniem.<\/p>\n<h4 data-start=\"461\" data-end=\"492\">\u2744\ufe0f <strong data-start=\"469\" data-end=\"490\">Svaigums dien\u0101m ilgi<\/strong><\/h4>\n<ul data-start=\"493\" data-end=\"741\">\n<li data-start=\"493\" data-end=\"572\">\n<p data-start=\"495\" data-end=\"572\">Uzglab\u0101t dz\u0113rienus un \u0113dienus aukstus <strong data-start=\"525\" data-end=\"542\">dien\u0101<\/strong>piem\u0113ram, Tundra\u00ae s\u0113rijas kastes.<\/p>\n<\/li>\n<li data-start=\"573\" data-end=\"673\">\n<p data-start=\"575\" data-end=\"673\"><strong data-start=\"575\" data-end=\"600\">Iek\u0161\u0113jais augstums 33 cm<\/strong> - piem\u0113rots liel\u0101kajai da\u013cai standarta v\u012bna un bezalkoholisko dz\u0113rienu pude\u013cu.<\/p>\n<\/li>\n<li data-start=\"674\" data-end=\"741\">\n<p data-start=\"676\" data-end=\"741\">Uztur l\u012bdz <strong data-start=\"689\" data-end=\"706\">33 dz\u0113rienu k\u0101rbas<\/strong> vai <strong data-start=\"711\" data-end=\"725\">11 kg ledus<\/strong> (tikai ledus).<\/p>\n<\/li>\n<\/ul>\n<h4 data-start=\"748\" data-end=\"785\">\ud83e\uddf1 <strong data-start=\"756\" data-end=\"783\">Iztur\u012bgs un viegli lietojams<\/strong><\/h4>\n<ul data-start=\"786\" data-end=\"1009\">\n<li data-start=\"786\" data-end=\"875\">\n<p data-start=\"788\" data-end=\"875\"><strong data-start=\"788\" data-end=\"817\">ROCKSOLID\u2122 konstrukcija<\/strong> - iztur\u012bgs, viegls un kompakts, lai iztur\u0113tu visgr\u016bt\u0101kos apst\u0101k\u013cus.<\/p>\n<\/li>\n<li data-start=\"876\" data-end=\"941\">\n<p data-start=\"878\" data-end=\"941\"><strong data-start=\"878\" data-end=\"902\">HEFTYHAULER\u2122 rokturis<\/strong> - \u0113rti valk\u0101t un \u0113rti \u0146emt l\u012bdzi.<\/p>\n<\/li>\n<li data-start=\"942\" data-end=\"1009\">\n<p data-start=\"944\" data-end=\"1009\"><strong data-start=\"944\" data-end=\"968\">QUICKLATCH\u2122 aizdare<\/strong> - Elast\u012bga un \u0101tra atv\u0113r\u0161ana ar vienu roku.<\/p>\n<\/li>\n<\/ul>\n<h4 data-start=\"1016\" data-end=\"1057\">\ud83c\udf77 <strong data-start=\"1024\" data-end=\"1055\">Videi draudz\u012bgs un praktisks<\/strong><\/h4>\n<ul data-start=\"1058\" data-end=\"1194\">\n<li data-start=\"1058\" data-end=\"1112\">\n<p data-start=\"1060\" data-end=\"1112\">Pietiekami augsts, lai saglab\u0101tu <strong data-start=\"1086\" data-end=\"1109\">v\u012bna pudeles vertik\u0101l\u0101 st\u0101vokl\u012b<\/strong>.<\/p>\n<\/li>\n<li data-start=\"1113\" data-end=\"1194\">\n<p data-start=\"1115\" data-end=\"1194\">Ide\u0101li piem\u0113rots <strong data-start=\"1132\" data-end=\"1191\">p\u0101rtikas un dz\u0113rienu uzglab\u0101\u0161anai ilgos ce\u013cojumos.<\/strong>.<\/p>\n<\/li>\n<\/ul>\n<p><strong>Jaun\u0101 Roadie\u00ae 24 2.0 - kompakta, iztur\u012bga un praktiska dzes\u0113\u0161anas kaste, kas saglab\u0101 saturu svaigu un mobilu jebkuros apst\u0101k\u013cos.<\/strong><\/p>\n<p data-start=\"1917\" data-end=\"2016\"><em><strong>Apskatiet ar\u012b citus Yeti pied\u0101v\u0101tos pakalpojumus\u00a0<a href=\"https:\/\/tammetorubbq.ee\/lv\/produkta-birka\/stura-akumulators\/\">ar aukst\u0101m baterij\u0101m<\/a>.\u00a0<\/strong><\/em><\/p>\n<p><img loading=\"lazy\" decoding=\"async\" class=\"alignnone wp-image-3722\" src=\"http:\/\/tammetorubbq.ee\/wp-content\/uploads\/2025\/10\/YETI-logo-300x84.png\" alt=\"YETI logotips\" width=\"168\" height=\"47\" srcset=\"https:\/\/tammetorubbq.ee\/wp-content\/uploads\/2025\/10\/YETI-logo-300x84.png 300w, https:\/\/tammetorubbq.ee\/wp-content\/uploads\/2025\/10\/YETI-logo-1024x287.png 1024w, https:\/\/tammetorubbq.ee\/wp-content\/uploads\/2025\/10\/YETI-logo-768x215.png 768w, https:\/\/tammetorubbq.ee\/wp-content\/uploads\/2025\/10\/YETI-logo-18x5.png 18w, https:\/\/tammetorubbq.ee\/wp-content\/uploads\/2025\/10\/YETI-logo-600x168.png 600w, https:\/\/tammetorubbq.ee\/wp-content\/uploads\/2025\/10\/YETI-logo-64x18.png 64w, https:\/\/tammetorubbq.ee\/wp-content\/uploads\/2025\/10\/YETI-logo.png 1298w\" sizes=\"auto, (max-width: 168px) 100vw, 168px\" \/><\/p>\n<p>&nbsp;<\/p>\n<p><a href=\"https:\/\/tammetorubbq.ee\/lv\/maksajiet-velak\/\"><strong>P\u0112RCIET TAGAD, MAKS\u0100JIET V\u0112L\u0100K<\/strong><\/a>\u00a0- bez procentiem!<\/p>\n<p><img loading=\"lazy\" decoding=\"async\" class=\"alignnone wp-image-2646\" src=\"http:\/\/tammetorubbq.ee\/wp-content\/uploads\/2023\/12\/inbank-wordmark.png\" alt=\"\" width=\"167\" height=\"75\" srcset=\"https:\/\/tammetorubbq.ee\/wp-content\/uploads\/2023\/12\/inbank-wordmark.png 300w, https:\/\/tammetorubbq.ee\/wp-content\/uploads\/2023\/12\/inbank-wordmark-18x8.png 18w, https:\/\/tammetorubbq.ee\/wp-content\/uploads\/2023\/12\/inbank-wordmark-64x29.png 64w\" sizes=\"auto, (max-width: 167px) 100vw, 167px\" \/><\/p>\n<p>M\u0113s pied\u0101v\u0101jam ar\u012b iesp\u0113ju maks\u0101t v\u0113l\u0101k - vien\u0101, div\u0101s vai trij\u0101s vien\u0101d\u0101s da\u013c\u0101s bez procentiem vai papildu maksas.<\/p>\n<p>M\u016bsu iepirkumu groz\u0101 varat atrast da\u017e\u0101das maks\u0101jumu iesp\u0113jas.<\/p>","protected":false},"featured_media":3802,"comment_status":"open","ping_status":"closed","template":"","meta":{"_uf_show_specific_survey":0,"_uf_disable_surveys":false},"pwb-brand":[204],"product_brand":[],"product_cat":[193,199],"product_tag":[207],"class_list":{"0":"post-3797","1":"product","2":"type-product","3":"status-publish","4":"has-post-thumbnail","6":"pwb-brand-yeti","7":"product_cat-yeti-coolerid-termotopsid","8":"product_cat-kulmakastid","9":"product_tag-kulmakast","11":"first","12":"instock","13":"taxable","14":"shipping-taxable","15":"purchasable","16":"product-type-simple"},"brands":[{"id":204,"name":"YETI","slug":"yeti"}],"_links":{"self":[{"href":"https:\/\/tammetorubbq.ee\/lv\/wp-json\/wp\/v2\/product\/3797","targetHints":{"allow":["GET"]}}],"collection":[{"href":"https:\/\/tammetorubbq.ee\/lv\/wp-json\/wp\/v2\/product"}],"about":[{"href":"https:\/\/tammetorubbq.ee\/lv\/wp-json\/wp\/v2\/types\/product"}],"replies":[{"embeddable":true,"href":"https:\/\/tammetorubbq.ee\/lv\/wp-json\/wp\/v2\/comments?post=3797"}],"wp:featuredmedia":[{"embeddable":true,"href":"https:\/\/tammetorubbq.ee\/lv\/wp-json\/wp\/v2\/media\/3802"}],"wp:attachment":[{"href":"https:\/\/tammetorubbq.ee\/lv\/wp-json\/wp\/v2\/media?parent=3797"}],"wp:term":[{"taxonomy":"pwb-brand","embeddable":true,"href":"https:\/\/tammetorubbq.ee\/lv\/wp-json\/wp\/v2\/pwb-brand?post=3797"},{"taxonomy":"product_brand","embeddable":true,"href":"https:\/\/tammetorubbq.ee\/lv\/wp-json\/wp\/v2\/product_brand?post=3797"},{"taxonomy":"product_cat","embeddable":true,"href":"https:\/\/tammetorubbq.ee\/lv\/wp-json\/wp\/v2\/product_cat?post=3797"},{"taxonomy":"product_tag","embeddable":true,"href":"https:\/\/tammetorubbq.ee\/lv\/wp-json\/wp\/v2\/product_tag?post=3797"}],"curies":[{"name":"wp","href":"https:\/\/api.w.org\/{rel}","templated":true}]}}