{"id":3809,"date":"2025-10-13T13:53:47","date_gmt":"2025-10-13T10:53:47","guid":{"rendered":"https:\/\/tammetorubbq.ee\/?post_type=product&#038;p=3809"},"modified":"2026-04-15T00:00:05","modified_gmt":"2026-04-14T21:00:05","slug":"yeti-uzacu-stabins-roadie-24-tumsi-peleks","status":"publish","type":"product","link":"https:\/\/tammetorubbq.ee\/lv\/product-2\/yeti-uzacu-stabins-roadie-24-tumsi-peleks\/","title":{"rendered":"YETI aukstuma kaste Roadie 24 (tum\u0161i pel\u0113ka)"},"content":{"rendered":"<table class=\"woocommerce-product-attributes shop_attributes\" aria-label=\"Inform\u0101cija par produktu\">\n<tbody>\n<tr class=\"woocommerce-product-attributes-item woocommerce-product-attributes-item--weight\">\n<th class=\"woocommerce-product-attributes-item__label\" style=\"text-align: left;\" scope=\"row\">Svars<\/th>\n<td class=\"woocommerce-product-attributes-item__value\">5,8 kg<\/td>\n<\/tr>\n<tr class=\"woocommerce-product-attributes-item woocommerce-product-attributes-item--dimensions\">\n<th class=\"woocommerce-product-attributes-item__label\" scope=\"row\">Izm\u0113ri<\/th>\n<td class=\"woocommerce-product-attributes-item__value\">35,6 \u00d7 42,2 \u00d7 44,2 cm<\/td>\n<\/tr>\n<\/tbody>\n<\/table>\n<p><strong data-start=\"148\" data-end=\"172\">Yeti - b\u016bv\u0113ts, lai kalpotu ilgi!<\/strong><\/p>\n<p>Yeti rad\u0101s 2006. gad\u0101 no aizrau\u0161an\u0101s ar dabu un piedz\u012bvojumiem. M\u0113r\u0137is bija vienk\u0101r\u0161s - rad\u012bt apr\u012bkojumu, kas iztur\u0113tu visgr\u016bt\u0101kos apst\u0101k\u013cus un ne\u013cautu jums vilties ikdienas piedz\u012bvojumos.<\/p>\n<p>Viss s\u0101k\u0101s ar ledus kastes uzlabo\u0161anu, bet \u0161odien Yeti kl\u0101st\u0101 ietilpst iztur\u012bgi termosi, dz\u0113rienu pudeles un piederumi, kas paredz\u0113ti ilgam kalpo\u0161anas laikam.<\/p>\n<p>Neatkar\u012bgi no t\u0101, vai tie ir kalni, j\u016bra vai me\u017es, Yeti vienm\u0113r ir gatavs doties ce\u013c\u0101.<\/p>","protected":false},"excerpt":{"rendered":"<p><strong data-start=\"199\" data-end=\"237\">Vienm\u0113r svaigs saturs.<\/strong><\/p>\n<p>Roadie\u00ae 24 ir pietiekami augsts, lai taj\u0101 ietilpin\u0101tu liel\u0101ko da\u013cu standarta v\u012bna pude\u013cu un saglab\u0101tu svaigus nepiecie\u0161amos dz\u0113rienus un p\u0101rtiku, un vienlaikus pietiekami kompakts, lai to var\u0113tu novietot aiz vad\u012bt\u0101ja vai pasa\u017eiera s\u0113dek\u013ca. Ide\u0101ls sabiedrotais gar\u0101kiem ce\u013cojumiem un ikdienas piedz\u012bvojumiem.<\/p>\n<h4 data-start=\"520\" data-end=\"558\">\ud83e\uddf1 <strong data-start=\"528\" data-end=\"556\">Iztur\u012bgs un praktisks<\/strong><\/h4>\n<ul data-start=\"559\" data-end=\"719\">\n<li data-start=\"559\" data-end=\"643\">\n<p data-start=\"561\" data-end=\"643\"><strong data-start=\"561\" data-end=\"590\">ROCKSOLID\u2122 konstrukcija<\/strong> - ir praktiski iztur\u012bgs pret sadursm\u0113m un \u013coti sp\u0113c\u012bgs.<\/p>\n<\/li>\n<li data-start=\"644\" data-end=\"719\">\n<p data-start=\"646\" data-end=\"719\"><strong data-start=\"646\" data-end=\"676\">NEVERFAIL\u2122 e\u0146\u0123u sist\u0113ma<\/strong> - divu tapu konstrukcija nov\u0113r\u0161 l\u016bzumus.<\/p>\n<\/li>\n<\/ul>\n<h4 data-start=\"726\" data-end=\"779\">\ud83d\udee0 <strong data-start=\"734\" data-end=\"777\">Viedie rokturi un stiprin\u0101jumu sist\u0113mas<\/strong><\/h4>\n<ul data-start=\"780\" data-end=\"1082\">\n<li data-start=\"780\" data-end=\"842\">\n<p data-start=\"782\" data-end=\"842\"><strong data-start=\"782\" data-end=\"806\">HEFTYHAULER\u2122 rokturis<\/strong> - \u0113rti n\u0113s\u0101t un valk\u0101t.<\/p>\n<\/li>\n<li data-start=\"843\" data-end=\"920\">\n<p data-start=\"845\" data-end=\"920\"><strong data-start=\"845\" data-end=\"868\">LIPGRIP\u2122 rokturi<\/strong> - netrauc\u0113 un atvieglo p\u0101rvieto\u0161anu.<\/p>\n<\/li>\n<li data-start=\"921\" data-end=\"997\">\n<p data-start=\"923\" data-end=\"997\"><strong data-start=\"923\" data-end=\"954\">BEARFOOT\u2122 nesl\u012bdo\u0161as p\u0113das<\/strong> - tur\u0113t kast\u012bti laiv\u0101 vai automa\u0161\u012bn\u0101.<\/p>\n<\/li>\n<li data-start=\"998\" data-end=\"1082\">\n<p data-start=\"1000\" data-end=\"1082\"><strong data-start=\"1000\" data-end=\"1030\">ANCHORPOINT\u2122 saisto\u0161\u0101s zonas<\/strong> - viegli piestiprin\u0101ms pie laivas, piekabes vai automa\u0161\u012bnas.<\/p>\n<\/li>\n<\/ul>\n<h4 data-start=\"1089\" data-end=\"1126\">\u2744\ufe0f <strong data-start=\"1097\" data-end=\"1124\">Izcila izol\u0101cija<\/strong><\/h4>\n<ul data-start=\"1127\" data-end=\"1336\">\n<li data-start=\"1127\" data-end=\"1210\">\n<p data-start=\"1129\" data-end=\"1210\"><strong data-start=\"1129\" data-end=\"1156\">PERMAFROST\u2122 izol\u0101cija<\/strong> - zem spiediena iesmidzin\u0101ts poliuret\u0101ns ilg\u0101k saglab\u0101 aukstumu.<\/p>\n<\/li>\n<li data-start=\"1211\" data-end=\"1336\">\n<p data-start=\"1213\" data-end=\"1336\"><strong data-start=\"1213\" data-end=\"1259\">INTERLOCK\u2122 v\u0101ka sist\u0113ma un COLDLOCK\u2122 bl\u012bv\u0113jums<\/strong> - sald\u0113tavas kvalit\u0101tes barjeru, kas blo\u0137\u0113 aukstumu un ne\u013cauj iek\u013c\u016bt karstumam.<\/p>\n<\/li>\n<\/ul>\n<h4 data-start=\"1343\" data-end=\"1384\">\ud83c\udf77 <strong data-start=\"1351\" data-end=\"1382\">Videi draudz\u012bgs un praktisks<\/strong><\/h4>\n<ul data-start=\"1385\" data-end=\"1525\">\n<li data-start=\"1385\" data-end=\"1467\">\n<p data-start=\"1387\" data-end=\"1467\">Ietilpst liel\u0101k\u0101 da\u013ca standarta v\u012bna pude\u013cu un 2 litru tilpuma bezalkoholisko dz\u0113rienu vertik\u0101l\u0101 st\u0101vokl\u012b.<\/p>\n<\/li>\n<li data-start=\"1468\" data-end=\"1525\">\n<p data-start=\"1470\" data-end=\"1525\"><strong data-start=\"1470\" data-end=\"1494\">QUICKLATCH\u2122 aizdare<\/strong> - \u0101tra atv\u0113r\u0161ana ar vienu roku.<\/p>\n<\/li>\n<\/ul>\n<p><strong>Roadie\u00ae 24 - kompakts, iztur\u012bgs un aukstuma saglab\u0101\u0161anas \u010dempions, kas dodas ar jums l\u012bdzi visos piedz\u012bvojumos.<\/strong><\/p>\n<p data-start=\"1917\" data-end=\"2016\"><em><strong>Apskatiet ar\u012b citus Yeti pied\u0101v\u0101tos pakalpojumus\u00a0<a href=\"https:\/\/tammetorubbq.ee\/lv\/produkta-birka\/stura-akumulators\/\">ar aukst\u0101m baterij\u0101m<\/a>.\u00a0<\/strong><\/em><\/p>\n<p><img loading=\"lazy\" decoding=\"async\" class=\"alignnone wp-image-3722\" src=\"http:\/\/tammetorubbq.ee\/wp-content\/uploads\/2025\/10\/YETI-logo-300x84.png\" alt=\"YETI logotips\" width=\"168\" height=\"47\" srcset=\"https:\/\/tammetorubbq.ee\/wp-content\/uploads\/2025\/10\/YETI-logo-300x84.png 300w, https:\/\/tammetorubbq.ee\/wp-content\/uploads\/2025\/10\/YETI-logo-1024x287.png 1024w, https:\/\/tammetorubbq.ee\/wp-content\/uploads\/2025\/10\/YETI-logo-768x215.png 768w, https:\/\/tammetorubbq.ee\/wp-content\/uploads\/2025\/10\/YETI-logo-18x5.png 18w, https:\/\/tammetorubbq.ee\/wp-content\/uploads\/2025\/10\/YETI-logo-600x168.png 600w, https:\/\/tammetorubbq.ee\/wp-content\/uploads\/2025\/10\/YETI-logo-64x18.png 64w, https:\/\/tammetorubbq.ee\/wp-content\/uploads\/2025\/10\/YETI-logo.png 1298w\" sizes=\"auto, (max-width: 168px) 100vw, 168px\" \/><\/p>\n<p>&nbsp;<\/p>\n<p><a href=\"https:\/\/tammetorubbq.ee\/lv\/maksajiet-velak\/\"><strong>P\u0112RCIET TAGAD, MAKS\u0100JIET V\u0112L\u0100K<\/strong><\/a>\u00a0- bez procentiem!<\/p>\n<p><img loading=\"lazy\" decoding=\"async\" class=\"alignnone wp-image-2646\" src=\"http:\/\/tammetorubbq.ee\/wp-content\/uploads\/2023\/12\/inbank-wordmark.png\" alt=\"\" width=\"167\" height=\"75\" srcset=\"https:\/\/tammetorubbq.ee\/wp-content\/uploads\/2023\/12\/inbank-wordmark.png 300w, https:\/\/tammetorubbq.ee\/wp-content\/uploads\/2023\/12\/inbank-wordmark-18x8.png 18w, https:\/\/tammetorubbq.ee\/wp-content\/uploads\/2023\/12\/inbank-wordmark-64x29.png 64w\" sizes=\"auto, (max-width: 167px) 100vw, 167px\" \/><\/p>\n<p>M\u0113s pied\u0101v\u0101jam ar\u012b iesp\u0113ju maks\u0101t v\u0113l\u0101k - vien\u0101, div\u0101s vai trij\u0101s vien\u0101d\u0101s da\u013c\u0101s bez procentiem vai papildu maksas.<\/p>\n<p>M\u016bsu iepirkumu groz\u0101 varat atrast da\u017e\u0101das maks\u0101jumu iesp\u0113jas.<\/p>","protected":false},"featured_media":3815,"comment_status":"open","ping_status":"closed","template":"","meta":{"_uf_show_specific_survey":0,"_uf_disable_surveys":false},"pwb-brand":[204],"product_brand":[],"product_cat":[193,199],"product_tag":[207],"class_list":{"0":"post-3809","1":"product","2":"type-product","3":"status-publish","4":"has-post-thumbnail","6":"pwb-brand-yeti","7":"product_cat-yeti-coolerid-termotopsid","8":"product_cat-kulmakastid","9":"product_tag-kulmakast","11":"first","12":"instock","13":"taxable","14":"shipping-taxable","15":"purchasable","16":"product-type-simple"},"brands":[{"id":204,"name":"YETI","slug":"yeti"}],"_links":{"self":[{"href":"https:\/\/tammetorubbq.ee\/lv\/wp-json\/wp\/v2\/product\/3809","targetHints":{"allow":["GET"]}}],"collection":[{"href":"https:\/\/tammetorubbq.ee\/lv\/wp-json\/wp\/v2\/product"}],"about":[{"href":"https:\/\/tammetorubbq.ee\/lv\/wp-json\/wp\/v2\/types\/product"}],"replies":[{"embeddable":true,"href":"https:\/\/tammetorubbq.ee\/lv\/wp-json\/wp\/v2\/comments?post=3809"}],"wp:featuredmedia":[{"embeddable":true,"href":"https:\/\/tammetorubbq.ee\/lv\/wp-json\/wp\/v2\/media\/3815"}],"wp:attachment":[{"href":"https:\/\/tammetorubbq.ee\/lv\/wp-json\/wp\/v2\/media?parent=3809"}],"wp:term":[{"taxonomy":"pwb-brand","embeddable":true,"href":"https:\/\/tammetorubbq.ee\/lv\/wp-json\/wp\/v2\/pwb-brand?post=3809"},{"taxonomy":"product_brand","embeddable":true,"href":"https:\/\/tammetorubbq.ee\/lv\/wp-json\/wp\/v2\/product_brand?post=3809"},{"taxonomy":"product_cat","embeddable":true,"href":"https:\/\/tammetorubbq.ee\/lv\/wp-json\/wp\/v2\/product_cat?post=3809"},{"taxonomy":"product_tag","embeddable":true,"href":"https:\/\/tammetorubbq.ee\/lv\/wp-json\/wp\/v2\/product_tag?post=3809"}],"curies":[{"name":"wp","href":"https:\/\/api.w.org\/{rel}","templated":true}]}}