{"id":3979,"date":"2025-10-15T14:55:35","date_gmt":"2025-10-15T11:55:35","guid":{"rendered":"https:\/\/tammetorubbq.ee\/?post_type=product&#038;p=3979"},"modified":"2026-04-20T11:00:47","modified_gmt":"2026-04-20T08:00:47","slug":"ninja-multicups-foodi-max-14-uhes-smartlid-75l","status":"publish","type":"product","link":"https:\/\/tammetorubbq.ee\/lv\/product-2\/ninja-multicups-foodi-max-14-uhes-smartlid-75l\/","title":{"rendered":"Ninja multikr\u0101sns Foodi MAX 14-in-one SmartLid 7,5L"},"content":{"rendered":"<table class=\"woocommerce-product-attributes shop_attributes\" aria-label=\"Inform\u0101cija par produktu\">\n<tbody>\n<tr class=\"woocommerce-product-attributes-item woocommerce-product-attributes-item--weight\">\n<th class=\"woocommerce-product-attributes-item__label\" style=\"text-align: left;\" scope=\"row\">Svars<\/th>\n<td class=\"woocommerce-product-attributes-item__value\">11,3 kg<\/td>\n<\/tr>\n<tr class=\"woocommerce-product-attributes-item woocommerce-product-attributes-item--dimensions\">\n<th class=\"woocommerce-product-attributes-item__label\" scope=\"row\">Izm\u0113ri<\/th>\n<td class=\"woocommerce-product-attributes-item__value\">39,8 \u00d7 39,1 \u00d7 43,8 cm<\/td>\n<\/tr>\n<\/tbody>\n<\/table>\n<p data-start=\"112\" data-end=\"348\"><strong data-start=\"112\" data-end=\"121\">Ninja<\/strong> <strong>pre\u010du z\u012bme<\/strong> ir paz\u012bstams amerik\u0101\u0146u sadz\u012bves tehnikas z\u012bmols, kas pieder uz\u0146\u0113mumam <strong data-start=\"187\" data-end=\"201\">SharkNinja<\/strong>. \u0160is z\u012bmols ir nov\u0113rt\u0113ts par t\u0101 <strong data-start=\"225\" data-end=\"269\">gudri un lietot\u0101jam draudz\u012bgi risin\u0101jumi.<\/strong> kas atvieglo un padara efekt\u012bv\u0101ku ikdienas gatavo\u0161anu.<\/p>\n<p data-start=\"350\" data-end=\"651\">Ninja kl\u0101st\u0101 ietilpst <strong data-start=\"380\" data-end=\"434\">blenderi, virtuves kombaini, fritieri, multikr\u0101snis.<\/strong> un arvien bie\u017e\u0101k ar\u012b <strong data-start=\"452\" data-end=\"474\">\u0101ra virtuves apr\u012bkojums<\/strong>. Visi produkti ir izstr\u0101d\u0101ti t\u0101, lai apvienotu <strong data-start=\"507\" data-end=\"564\">funkcionalit\u0101te, uzticam\u012bba un inovat\u012bvs dizains<\/strong>lai nodro\u0161in\u0101tu vislab\u0101ko instrumentu ikvienai virtuvei - gan m\u0101jas, gan profesion\u0101lai virtuvei.<\/p>","protected":false},"excerpt":{"rendered":"<p><strong data-start=\"223\" data-end=\"259\">Ninja Foot MAX 14-in-one SmartLid<\/strong> ir n\u0101kam\u0101s paaudzes <strong data-start=\"282\" data-end=\"308\">vied\u0101 multikult\u016bra<\/strong>, kas apvieno <strong data-start=\"322\" data-end=\"357\">14 da\u017e\u0101das gatavo\u0161anas funkcijas<\/strong> vien\u0101 ier\u012bc\u0113. Pateicoties inovat\u012bvajam <strong data-start=\"391\" data-end=\"418\">SmartLid\u2122 tehnolo\u0123ija<\/strong> re\u017e\u012bmus var p\u0101rsl\u0113gt ar vienu sl\u012bd\u0146a kust\u012bbu - ier\u012bce autom\u0101tiski atpaz\u012bst izv\u0113l\u0113to funkciju un attiec\u012bgi piel\u0101go cep\u0161anas procesu.<br data-start=\"559\" data-end=\"562\" \/>Liels <strong data-start=\"567\" data-end=\"596\">7,5 litru cepamais pods<\/strong> glab\u0101 l\u012bdz pat <strong data-start=\"610\" data-end=\"640\">6 porcijas vai 3 kg vistas ga\u013cas<\/strong>, kas ir ide\u0101li piem\u0113rots \u0123imen\u0113m un draugu komp\u0101nij\u0101m.<\/p>\n<h4 data-start=\"711\" data-end=\"737\"><strong data-start=\"716\" data-end=\"737\">Galven\u0101s iez\u012bmes<\/strong><\/h4>\n<ul data-start=\"738\" data-end=\"1491\">\n<li data-start=\"738\" data-end=\"970\">\n<p data-start=\"740\" data-end=\"970\"><strong data-start=\"740\" data-end=\"772\">3 re\u017e\u012bmi un 14 funkcijas:<\/strong> gatavo\u0161ana zem spiediena, v\u0101r\u012b\u0161ana tvaik\u0101, cep\u0161ana un cep\u0161ana tvaik\u0101, cep\u0161ana gais\u0101, gril\u0113\u0161ana, cep\u0161ana, \u017e\u0101v\u0113\u0161ana, apgrauzd\u0113\u0161ana, v\u0101r\u012b\u0161ana tvaik\u0101, l\u0113n\u0101 cep\u0161ana, jogurta un maizes gatavo\u0161ana.<\/p>\n<\/li>\n<li data-start=\"971\" data-end=\"1100\">\n<p data-start=\"973\" data-end=\"1100\"><strong data-start=\"973\" data-end=\"988\">Kombin\u0113tie tvaika apar\u0101ti<\/strong> - kombin\u0113tais tvaika re\u017e\u012bms nodro\u0161ina <strong data-start=\"1022\" data-end=\"1053\">sul\u012bgs un krauk\u0161\u0137\u012bgs rezult\u0101ts<\/strong> l\u012bdz 40% \u0101tr\u0101k nek\u0101 ar parastaj\u0101m metod\u0113m.<\/p>\n<\/li>\n<li data-start=\"1101\" data-end=\"1184\">\n<p data-start=\"1103\" data-end=\"1184\"><strong data-start=\"1103\" data-end=\"1123\">\u0112diena gatavo\u0161ana zem spiediena<\/strong> b\u016bs pieejams l\u012bdz <strong data-start=\"1136\" data-end=\"1153\">70% \u0101tr\u0101k<\/strong> un saglab\u0101 \u0113diena sul\u012bgumu.<\/p>\n<\/li>\n<li data-start=\"1185\" data-end=\"1276\">\n<p data-start=\"1187\" data-end=\"1276\"><strong data-start=\"1187\" data-end=\"1204\">Gaisa fr\u0113z\u0113\u0161ana<\/strong> samazina e\u013c\u013cas pat\u0113ri\u0146u l\u012bdz pat <strong data-start=\"1232\" data-end=\"1239\">75%<\/strong>, vienlaikus nodro\u0161inot izteiksm\u012bgu rezult\u0101tu.<\/p>\n<\/li>\n<li data-start=\"1277\" data-end=\"1361\">\n<p data-start=\"1279\" data-end=\"1361\"><strong data-start=\"1279\" data-end=\"1303\">Iztvaic\u0113\u0161anas funkcija<\/strong> \u013cauj m\u012bklai pacelties un cepties vien\u0101 veselum\u0101.<\/p>\n<\/li>\n<li data-start=\"1362\" data-end=\"1491\">\n<p data-start=\"1364\" data-end=\"1491\"><strong data-start=\"1364\" data-end=\"1422\">L\u0113na cep\u0161ana, \u017e\u0101v\u0113\u0161ana un jogurta funkcija<\/strong> rada neierobe\u017eotas iesp\u0113jas gatavot gan pikantus, gan saldus \u0113dienus.<\/p>\n<\/li>\n<\/ul>\n<h4 data-start=\"1498\" data-end=\"1524\"><strong data-start=\"1503\" data-end=\"1524\">Tehniskie dati<\/strong><\/h4>\n<ul data-start=\"1525\" data-end=\"1710\">\n<li data-start=\"1525\" data-end=\"1548\">\n<p data-start=\"1527\" data-end=\"1548\"><strong data-start=\"1527\" data-end=\"1539\">Jauda:<\/strong> 1760 W<\/p>\n<\/li>\n<li data-start=\"1549\" data-end=\"1581\">\n<p data-start=\"1551\" data-end=\"1581\"><strong data-start=\"1551\" data-end=\"1573\">Cep\u0161anas trauka ietilp\u012bba:<\/strong> 7,5 L<\/p>\n<\/li>\n<li data-start=\"1582\" data-end=\"1633\">\n<p data-start=\"1584\" data-end=\"1633\"><strong data-start=\"1584\" data-end=\"1597\">Materi\u0101ls:<\/strong> Nano keramikas nekorod\u0113jo\u0161s p\u0101rkl\u0101jums<\/p>\n<\/li>\n<li data-start=\"1634\" data-end=\"1672\">\n<p data-start=\"1636\" data-end=\"1672\"><strong data-start=\"1636\" data-end=\"1660\">Temperat\u016bras diapazons:<\/strong> 25-240 \u00b0C<\/p>\n<\/li>\n<li data-start=\"1673\" data-end=\"1710\">\n<p data-start=\"1675\" data-end=\"1710\"><strong data-start=\"1675\" data-end=\"1684\">Kr\u0101sa:<\/strong> melns \/ ner\u016bs\u0113jo\u0161ais t\u0113rauds<\/p>\n<\/li>\n<\/ul>\n<h4 data-start=\"1717\" data-end=\"1736\"><strong data-start=\"1722\" data-end=\"1736\">Pieg\u0101d\u0101<\/strong><\/h4>\n<ul data-start=\"1737\" data-end=\"1893\">\n<li data-start=\"1737\" data-end=\"1779\">\n<p data-start=\"1739\" data-end=\"1779\">7,5 L cepamais pods ar keramikas p\u0101rkl\u0101jumu<\/p>\n<\/li>\n<li data-start=\"1780\" data-end=\"1811\">\n<p data-start=\"1782\" data-end=\"1811\">4,7 L <strong data-start=\"1788\" data-end=\"1804\">Pav\u0101rs un krauk\u0161\u0137\u012bgs<\/strong> Cor<\/p>\n<\/li>\n<li data-start=\"1812\" data-end=\"1840\">\n<p data-start=\"1814\" data-end=\"1840\">Divpus\u0113js groz\u0101ms balsts<\/p>\n<\/li>\n<li data-start=\"1841\" data-end=\"1893\">\n<p data-start=\"1843\" data-end=\"1893\">Recep\u0161u gr\u0101mata ar gatavo\u0161anas tabul\u0101m<\/p>\n<\/li>\n<\/ul>\n<h4 data-start=\"1900\" data-end=\"1917\"><strong data-start=\"1905\" data-end=\"1917\">S\u012bk\u0101ka inform\u0101cija<\/strong><\/h4>\n<ul data-start=\"1918\" data-end=\"2091\">\n<li data-start=\"1918\" data-end=\"1972\">\n<p data-start=\"1920\" data-end=\"1972\">No\u0146emam\u0101s da\u013cas ir <strong data-start=\"1941\" data-end=\"1970\">var mazg\u0101t trauku mazg\u0101jam\u0101 ma\u0161\u012bn\u0101<\/strong><\/p>\n<\/li>\n<li data-start=\"1973\" data-end=\"2034\">\n<p data-start=\"1975\" data-end=\"2034\"><strong data-start=\"1975\" data-end=\"2001\">Pretsl\u012bd\u0113\u0161anas k\u0101jas<\/strong> un <strong data-start=\"2005\" data-end=\"2032\">v\u0113sas sienas<\/strong><\/p>\n<\/li>\n<li data-start=\"2035\" data-end=\"2091\">\n<p data-start=\"2037\" data-end=\"2091\"><strong data-start=\"2037\" data-end=\"2064\">Autom\u0101tiska izsl\u0113g\u0161an\u0101s<\/strong> nodro\u0161ina dro\u0161u lieto\u0161anu.<\/p>\n<\/li>\n<\/ul>\n<p><img loading=\"lazy\" decoding=\"async\" class=\"wp-image-3980\" src=\"http:\/\/tammetorubbq.ee\/wp-content\/uploads\/2025\/10\/Ninja-logo-300x300.webp\" alt=\"Ninja logotips\" width=\"180\" height=\"180\" srcset=\"https:\/\/tammetorubbq.ee\/wp-content\/uploads\/2025\/10\/Ninja-logo-300x300.webp 300w, https:\/\/tammetorubbq.ee\/wp-content\/uploads\/2025\/10\/Ninja-logo-150x150.webp 150w, https:\/\/tammetorubbq.ee\/wp-content\/uploads\/2025\/10\/Ninja-logo-12x12.webp 12w, https:\/\/tammetorubbq.ee\/wp-content\/uploads\/2025\/10\/Ninja-logo-600x600.webp 600w, https:\/\/tammetorubbq.ee\/wp-content\/uploads\/2025\/10\/Ninja-logo-64x64.webp 64w, https:\/\/tammetorubbq.ee\/wp-content\/uploads\/2025\/10\/Ninja-logo.webp 680w\" sizes=\"auto, (max-width: 180px) 100vw, 180px\" \/><\/p>\n<p><a href=\"https:\/\/tammetorubbq.ee\/lv\/maksajiet-velak\/\"><strong>P\u0112RCIET TAGAD, MAKS\u0100JIET V\u0112L\u0100K<\/strong><\/a>\u00a0- bez procentiem!<\/p>\n<p><img loading=\"lazy\" decoding=\"async\" class=\"alignnone wp-image-2646\" src=\"http:\/\/tammetorubbq.ee\/wp-content\/uploads\/2023\/12\/inbank-wordmark.png\" alt=\"\" width=\"167\" height=\"75\" srcset=\"https:\/\/tammetorubbq.ee\/wp-content\/uploads\/2023\/12\/inbank-wordmark.png 300w, https:\/\/tammetorubbq.ee\/wp-content\/uploads\/2023\/12\/inbank-wordmark-18x8.png 18w, https:\/\/tammetorubbq.ee\/wp-content\/uploads\/2023\/12\/inbank-wordmark-64x29.png 64w\" sizes=\"auto, (max-width: 167px) 100vw, 167px\" \/><\/p>\n<p>M\u0113s pied\u0101v\u0101jam ar\u012b iesp\u0113ju maks\u0101t v\u0113l\u0101k - vien\u0101, div\u0101s vai trij\u0101s vien\u0101d\u0101s da\u013c\u0101s bez procentiem vai papildu maksas.<\/p>\n<p>M\u016bsu iepirkumu groz\u0101 varat atrast da\u017e\u0101das maks\u0101jumu iesp\u0113jas.<\/p>","protected":false},"featured_media":3990,"comment_status":"open","ping_status":"closed","template":"","meta":{"_uf_show_specific_survey":0,"_uf_disable_surveys":false},"pwb-brand":[214],"product_brand":[],"product_cat":[194,197],"product_tag":[215],"class_list":{"0":"post-3979","1":"product","2":"type-product","3":"status-publish","4":"has-post-thumbnail","6":"pwb-brand-ninja","7":"product_cat-ninja-koogiseadmed","8":"product_cat-multikupsetaja","9":"product_tag-multikupsetaja","11":"first","12":"outofstock","13":"taxable","14":"shipping-taxable","15":"purchasable","16":"product-type-simple"},"brands":[{"id":214,"name":"Ninja","slug":"ninja"}],"_links":{"self":[{"href":"https:\/\/tammetorubbq.ee\/lv\/wp-json\/wp\/v2\/product\/3979","targetHints":{"allow":["GET"]}}],"collection":[{"href":"https:\/\/tammetorubbq.ee\/lv\/wp-json\/wp\/v2\/product"}],"about":[{"href":"https:\/\/tammetorubbq.ee\/lv\/wp-json\/wp\/v2\/types\/product"}],"replies":[{"embeddable":true,"href":"https:\/\/tammetorubbq.ee\/lv\/wp-json\/wp\/v2\/comments?post=3979"}],"wp:featuredmedia":[{"embeddable":true,"href":"https:\/\/tammetorubbq.ee\/lv\/wp-json\/wp\/v2\/media\/3990"}],"wp:attachment":[{"href":"https:\/\/tammetorubbq.ee\/lv\/wp-json\/wp\/v2\/media?parent=3979"}],"wp:term":[{"taxonomy":"pwb-brand","embeddable":true,"href":"https:\/\/tammetorubbq.ee\/lv\/wp-json\/wp\/v2\/pwb-brand?post=3979"},{"taxonomy":"product_brand","embeddable":true,"href":"https:\/\/tammetorubbq.ee\/lv\/wp-json\/wp\/v2\/product_brand?post=3979"},{"taxonomy":"product_cat","embeddable":true,"href":"https:\/\/tammetorubbq.ee\/lv\/wp-json\/wp\/v2\/product_cat?post=3979"},{"taxonomy":"product_tag","embeddable":true,"href":"https:\/\/tammetorubbq.ee\/lv\/wp-json\/wp\/v2\/product_tag?post=3979"}],"curies":[{"name":"wp","href":"https:\/\/api.w.org\/{rel}","templated":true}]}}