{"id":3991,"date":"2025-10-15T15:04:24","date_gmt":"2025-10-15T12:04:24","guid":{"rendered":"https:\/\/tammetorubbq.ee\/?post_type=product&#038;p=3991"},"modified":"2026-04-16T20:00:22","modified_gmt":"2026-04-16T17:00:22","slug":"ninja-kombineta-daudzkannu-plits-125l","status":"publish","type":"product","link":"https:\/\/tammetorubbq.ee\/lv\/product-2\/ninja-kombineta-daudzkannu-plits-125l\/","title":{"rendered":"Ninja Combi Multi Cooker 12,5 l multikult\u016bras katls"},"content":{"rendered":"<table class=\"woocommerce-product-attributes shop_attributes\" aria-label=\"Inform\u0101cija par produktu\">\n<tbody>\n<tr class=\"woocommerce-product-attributes-item woocommerce-product-attributes-item--weight\">\n<th class=\"woocommerce-product-attributes-item__label\" style=\"text-align: left;\" scope=\"row\">Svars<\/th>\n<td class=\"woocommerce-product-attributes-item__value\">10,8 kg<\/td>\n<\/tr>\n<tr class=\"woocommerce-product-attributes-item woocommerce-product-attributes-item--dimensions\">\n<th class=\"woocommerce-product-attributes-item__label\" scope=\"row\">Izm\u0113ri<\/th>\n<td class=\"woocommerce-product-attributes-item__value\">31 \u00d7 38 \u00d7 40 cm<\/td>\n<\/tr>\n<\/tbody>\n<\/table>\n<p data-start=\"112\" data-end=\"348\">\n<p data-start=\"112\" data-end=\"348\"><strong data-start=\"112\" data-end=\"121\">Ninja<\/strong>\u00a0<strong>pre\u010du z\u012bme<\/strong>\u00a0ir paz\u012bstams amerik\u0101\u0146u sadz\u012bves tehnikas z\u012bmols, kas pieder uz\u0146\u0113mumam\u00a0<strong data-start=\"187\" data-end=\"201\">SharkNinja<\/strong>. \u0160is z\u012bmols ir nov\u0113rt\u0113ts par t\u0101\u00a0<strong data-start=\"225\" data-end=\"269\">gudri un lietot\u0101jam draudz\u012bgi risin\u0101jumi.<\/strong>\u00a0kas atvieglo un padara efekt\u012bv\u0101ku ikdienas gatavo\u0161anu.<\/p>\n<p data-start=\"350\" data-end=\"651\">Ninja kl\u0101st\u0101 ietilpst\u00a0<strong data-start=\"380\" data-end=\"434\">blenderi, virtuves kombaini, fritieri, multikr\u0101snis.<\/strong>\u00a0un arvien bie\u017e\u0101k ar\u012b\u00a0<strong data-start=\"452\" data-end=\"474\">\u0101ra virtuves apr\u012bkojums<\/strong>. Visi produkti ir izstr\u0101d\u0101ti t\u0101, lai apvienotu\u00a0<strong data-start=\"507\" data-end=\"564\">funkcionalit\u0101te, uzticam\u012bba un inovat\u012bvs dizains<\/strong>lai nodro\u0161in\u0101tu vislab\u0101ko instrumentu ikvienai virtuvei - gan m\u0101jas, gan profesion\u0101lai virtuvei.<\/p>","protected":false},"excerpt":{"rendered":"<p data-start=\"180\" data-end=\"620\"><strong data-start=\"180\" data-end=\"208\">Kombin\u0113t\u0101 daudzfunkcion\u0101l\u0101 pl\u012bts Ninja<\/strong> apvieno <strong data-start=\"223\" data-end=\"277\">daudzfunkcion\u0101la gatavo\u0161anas ier\u012bce, karst\u0101 gaisa frit\u0113 un cepe\u0161kr\u0101sns funkcijas.<\/strong>, kas nodro\u0161ina \u0113rt\u012bbas un daudzpus\u012bbu ikdienas \u0113diena gatavo\u0161an\u0101. Pateicoties inovat\u012bvajam <strong data-start=\"367\" data-end=\"382\">HyperSteam\u2122<\/strong> un <strong data-start=\"386\" data-end=\"397\">Gaisa frit\u0113<\/strong> tehnolo\u0123iju, \u0113diens tiek pagatavots \u0101tr\u0101k, vienlaikus saglab\u0101jot t\u0101 sul\u012bgumu un gar\u0161u.<br data-start=\"472\" data-end=\"475\" \/>12 iepriek\u0161 iestat\u012btas funkcijas \u013cauj pagatavot visu, s\u0101kot no brokastu makaroniem l\u012bdz krauk\u0161\u0137\u012bgiem pamat\u0113dieniem un konditorejas izstr\u0101d\u0101jumiem, un tas viss vien\u0101 ier\u012bc\u0113.<\/p>\n<h4 data-start=\"627\" data-end=\"653\"><strong data-start=\"632\" data-end=\"653\">Galven\u0101s iez\u012bmes<\/strong><\/h4>\n<ul data-start=\"654\" data-end=\"1482\">\n<li data-start=\"654\" data-end=\"904\">\n<p data-start=\"656\" data-end=\"904\"><strong data-start=\"656\" data-end=\"691\">12 gatavo\u0161anas funkcijas:<\/strong> kombin\u0113ta gatavo\u0161ana, krauk\u0161\u0137\u012bga, kombin\u0113ta cep\u0161ana, r\u012bsu\/ makaronu cep\u0161ana, cep\u0161ana un saut\u0113\u0161ana, gatavo\u0161ana tvaik\u0101, l\u0113na cep\u0161ana, m\u012bklas audz\u0113\u0161ana, cep\u0161ana, atk\u0101rtota uzsild\u012b\u0161ana, karsta gaisa cep\u0161ana un gril\u0113\u0161ana.<\/p>\n<\/li>\n<li data-start=\"905\" data-end=\"1021\">\n<p data-start=\"907\" data-end=\"1021\"><strong data-start=\"907\" data-end=\"946\">HyperSteam\u2122 un Air Fry tehnolo\u0123ijas<\/strong> garantija <strong data-start=\"955\" data-end=\"987\">\u0101tri un konsekventi rezult\u0101ti<\/strong> - krauk\u0161\u0137\u012bgs no \u0101rpuses, sul\u012bgs no iek\u0161puses.<\/p>\n<\/li>\n<li data-start=\"1022\" data-end=\"1164\">\n<p data-start=\"1024\" data-end=\"1164\"><strong data-start=\"1024\" data-end=\"1052\">SmartSwitch\u2122 izv\u0113lnes r\u0101d\u012bt\u0101js<\/strong> atvieglo izv\u0113li <strong data-start=\"1079\" data-end=\"1088\">Combi<\/strong> (kombin\u0113ta tvaika un gaisa cep\u0161ana) vai <strong data-start=\"1130\" data-end=\"1141\">Gaisa frit\u0113<\/strong> (karst\u0101 gaisa) re\u017e\u012bm\u0101.<\/p>\n<\/li>\n<li data-start=\"1165\" data-end=\"1268\">\n<p data-start=\"1167\" data-end=\"1268\"><strong data-start=\"1167\" data-end=\"1186\">Durvis ar panor\u0101mas logu<\/strong> nodro\u0161ina iesp\u0113ju uzraudz\u012bt gatavo\u0161anu un nodro\u0161ina \u0113rtu piek\u013cuvi \u0113dienam.<\/p>\n<\/li>\n<li data-start=\"1269\" data-end=\"1322\">\n<p data-start=\"1271\" data-end=\"1322\">Izcep l\u012bdz <strong data-start=\"1285\" data-end=\"1319\">50% \u0101tr\u0101k nek\u0101 parast\u0101 cepe\u0161kr\u0101sns<\/strong>.<\/p>\n<\/li>\n<li data-start=\"1323\" data-end=\"1388\">\n<p data-start=\"1325\" data-end=\"1388\">Piem\u0113rots gan <strong data-start=\"1335\" data-end=\"1370\">svaigi un sald\u0113ti p\u0101rtikas produkti.<\/strong> sagatavoties.<\/p>\n<\/li>\n<li data-start=\"1389\" data-end=\"1482\">\n<p data-start=\"1391\" data-end=\"1482\">Sagatavot <strong data-start=\"1400\" data-end=\"1436\">pilnv\u0113rt\u012bga malt\u012bte vien\u0101 ier\u012bc\u0113<\/strong> - vienlaikus pagatavojiet ga\u013cu, d\u0101rze\u0146us un piedevas.<\/p>\n<\/li>\n<\/ul>\n<h4 data-start=\"1489\" data-end=\"1515\"><strong data-start=\"1494\" data-end=\"1515\">Iesp\u0113jamie izmanto\u0161anas veidi<\/strong><\/h4>\n<ul data-start=\"1516\" data-end=\"1852\">\n<li data-start=\"1516\" data-end=\"1590\">\n<p data-start=\"1518\" data-end=\"1590\"><strong data-start=\"1518\" data-end=\"1540\">Kombin\u0113to \u0113dienu veidot\u0101js<\/strong> - \u0101tri un vienm\u0113r\u012bgi pagatavo \u0113dienus no viena katla.<\/p>\n<\/li>\n<li data-start=\"1591\" data-end=\"1663\">\n<p data-start=\"1593\" data-end=\"1663\"><strong data-start=\"1593\" data-end=\"1608\">Combi Crisp<\/strong> - tvaic\u0113\u0161ana un krauk\u0161\u0137in\u0101\u0161ana vien\u0101 re\u017e\u012bm\u0101.<\/p>\n<\/li>\n<li data-start=\"1664\" data-end=\"1715\">\n<p data-start=\"1666\" data-end=\"1715\"><strong data-start=\"1666\" data-end=\"1680\">Kombin\u0113t\u0101 b\u0101ka<\/strong> - gais\u012bgi un m\u012bksti konditorejas izstr\u0101d\u0101jumi.<\/p>\n<\/li>\n<li data-start=\"1716\" data-end=\"1770\">\n<p data-start=\"1718\" data-end=\"1770\"><strong data-start=\"1718\" data-end=\"1729\">Gaisa frit\u0113<\/strong> - krauk\u0161\u0137\u012bgs ce\u013c\u0161 ar vai bez e\u013c\u013cas.<\/p>\n<\/li>\n<li data-start=\"1771\" data-end=\"1852\">\n<p data-start=\"1773\" data-end=\"1852\">Turkl\u0101t: tvaic\u0113\u0161ana, l\u0113na cep\u0161ana, apgrauzd\u0113\u0161ana un m\u012bklas audz\u0113\u0161ana.<\/p>\n<\/li>\n<\/ul>\n<h4 data-start=\"1859\" data-end=\"1885\"><strong data-start=\"1864\" data-end=\"1885\">Tehniskie dati<\/strong><\/h4>\n<ul data-start=\"1886\" data-end=\"1954\">\n<li data-start=\"1886\" data-end=\"1909\">\n<p data-start=\"1888\" data-end=\"1909\"><strong data-start=\"1888\" data-end=\"1900\">Jauda:<\/strong> 1780 W<\/p>\n<\/li>\n<li data-start=\"1910\" data-end=\"1935\">\n<p data-start=\"1912\" data-end=\"1935\"><strong data-start=\"1912\" data-end=\"1926\">Jauda:<\/strong> 12,5 L<\/p>\n<\/li>\n<li data-start=\"1936\" data-end=\"1954\">\n<p data-start=\"1938\" data-end=\"1954\"><strong data-start=\"1938\" data-end=\"1947\">Kr\u0101sa:<\/strong> z\u0101le<\/p>\n<\/li>\n<\/ul>\n<h4 data-start=\"1961\" data-end=\"1980\"><strong data-start=\"1966\" data-end=\"1980\">Pieg\u0101d\u0101<\/strong><\/h4>\n<ul data-start=\"1981\" data-end=\"2046\">\n<li data-start=\"1981\" data-end=\"2011\">\n<p data-start=\"1983\" data-end=\"2011\">Kombin\u0113t\u0101 panna<\/p>\n<\/li>\n<li data-start=\"2012\" data-end=\"2029\">\n<p data-start=\"2014\" data-end=\"2029\">Cep\u0161anas papl\u0101te<\/p>\n<\/li>\n<li data-start=\"2030\" data-end=\"2046\">\n<p data-start=\"2032\" data-end=\"2046\">Cep\u0161anas plaukts<\/p>\n<\/li>\n<\/ul>\n<h4 data-start=\"2053\" data-end=\"2070\"><strong data-start=\"2058\" data-end=\"2070\">S\u012bk\u0101ka inform\u0101cija<\/strong><\/h4>\n<ul data-start=\"2071\" data-end=\"2242\">\n<li data-start=\"2071\" data-end=\"2108\">\n<p data-start=\"2073\" data-end=\"2108\"><strong data-start=\"2073\" data-end=\"2106\">P\u0101rtikas sild\u012b\u0161anas funkcija<\/strong><\/p>\n<\/li>\n<li data-start=\"2109\" data-end=\"2155\">\n<p data-start=\"2111\" data-end=\"2155\"><strong data-start=\"2111\" data-end=\"2153\">Trauku mazg\u0101jam\u0101 ma\u0161\u012bn\u0101 mazg\u0101jami piederumi<\/strong><\/p>\n<\/li>\n<li data-start=\"2156\" data-end=\"2192\">\n<p data-start=\"2158\" data-end=\"2192\"><strong data-start=\"2158\" data-end=\"2190\">12 programm\u0113jami re\u017e\u012bmi<\/strong><\/p>\n<\/li>\n<li data-start=\"2193\" data-end=\"2242\">\n<p data-start=\"2195\" data-end=\"2242\"><strong data-start=\"2195\" data-end=\"2204\">Veids:<\/strong> daudzfunkcion\u0101lu p\u0101rtikas produktu ra\u017eot\u0101js<\/p>\n<\/li>\n<\/ul>\n<p><img loading=\"lazy\" decoding=\"async\" class=\"wp-image-3980\" src=\"http:\/\/tammetorubbq.ee\/wp-content\/uploads\/2025\/10\/Ninja-logo-300x300.webp\" alt=\"Ninja logotips\" width=\"180\" height=\"180\" srcset=\"https:\/\/tammetorubbq.ee\/wp-content\/uploads\/2025\/10\/Ninja-logo-300x300.webp 300w, https:\/\/tammetorubbq.ee\/wp-content\/uploads\/2025\/10\/Ninja-logo-150x150.webp 150w, https:\/\/tammetorubbq.ee\/wp-content\/uploads\/2025\/10\/Ninja-logo-12x12.webp 12w, https:\/\/tammetorubbq.ee\/wp-content\/uploads\/2025\/10\/Ninja-logo-600x600.webp 600w, https:\/\/tammetorubbq.ee\/wp-content\/uploads\/2025\/10\/Ninja-logo-64x64.webp 64w, https:\/\/tammetorubbq.ee\/wp-content\/uploads\/2025\/10\/Ninja-logo.webp 680w\" sizes=\"auto, (max-width: 180px) 100vw, 180px\" \/><\/p>\n<p><a href=\"https:\/\/tammetorubbq.ee\/lv\/maksajiet-velak\/\"><strong>P\u0112RCIET TAGAD, MAKS\u0100JIET V\u0112L\u0100K<\/strong><\/a>\u00a0- bez procentiem!<\/p>\n<p><img loading=\"lazy\" decoding=\"async\" class=\"alignnone wp-image-2646\" src=\"http:\/\/tammetorubbq.ee\/wp-content\/uploads\/2023\/12\/inbank-wordmark.png\" alt=\"\" width=\"167\" height=\"75\" srcset=\"https:\/\/tammetorubbq.ee\/wp-content\/uploads\/2023\/12\/inbank-wordmark.png 300w, https:\/\/tammetorubbq.ee\/wp-content\/uploads\/2023\/12\/inbank-wordmark-18x8.png 18w, https:\/\/tammetorubbq.ee\/wp-content\/uploads\/2023\/12\/inbank-wordmark-64x29.png 64w\" sizes=\"auto, (max-width: 167px) 100vw, 167px\" \/><\/p>\n<p>M\u0113s pied\u0101v\u0101jam ar\u012b iesp\u0113ju maks\u0101t v\u0113l\u0101k - vien\u0101, div\u0101s vai trij\u0101s vien\u0101d\u0101s da\u013c\u0101s bez procentiem vai papildu maksas.<\/p>\n<p>M\u016bsu iepirkumu groz\u0101 varat atrast da\u017e\u0101das maks\u0101jumu iesp\u0113jas.<\/p>","protected":false},"featured_media":3997,"comment_status":"open","ping_status":"closed","template":"","meta":{"_uf_show_specific_survey":0,"_uf_disable_surveys":false},"pwb-brand":[214],"product_brand":[],"product_cat":[194,197],"product_tag":[215],"class_list":{"0":"post-3991","1":"product","2":"type-product","3":"status-publish","4":"has-post-thumbnail","6":"pwb-brand-ninja","7":"product_cat-ninja-koogiseadmed","8":"product_cat-multikupsetaja","9":"product_tag-multikupsetaja","11":"first","12":"instock","13":"taxable","14":"shipping-taxable","15":"purchasable","16":"product-type-simple"},"brands":[{"id":214,"name":"Ninja","slug":"ninja"}],"_links":{"self":[{"href":"https:\/\/tammetorubbq.ee\/lv\/wp-json\/wp\/v2\/product\/3991","targetHints":{"allow":["GET"]}}],"collection":[{"href":"https:\/\/tammetorubbq.ee\/lv\/wp-json\/wp\/v2\/product"}],"about":[{"href":"https:\/\/tammetorubbq.ee\/lv\/wp-json\/wp\/v2\/types\/product"}],"replies":[{"embeddable":true,"href":"https:\/\/tammetorubbq.ee\/lv\/wp-json\/wp\/v2\/comments?post=3991"}],"wp:featuredmedia":[{"embeddable":true,"href":"https:\/\/tammetorubbq.ee\/lv\/wp-json\/wp\/v2\/media\/3997"}],"wp:attachment":[{"href":"https:\/\/tammetorubbq.ee\/lv\/wp-json\/wp\/v2\/media?parent=3991"}],"wp:term":[{"taxonomy":"pwb-brand","embeddable":true,"href":"https:\/\/tammetorubbq.ee\/lv\/wp-json\/wp\/v2\/pwb-brand?post=3991"},{"taxonomy":"product_brand","embeddable":true,"href":"https:\/\/tammetorubbq.ee\/lv\/wp-json\/wp\/v2\/product_brand?post=3991"},{"taxonomy":"product_cat","embeddable":true,"href":"https:\/\/tammetorubbq.ee\/lv\/wp-json\/wp\/v2\/product_cat?post=3991"},{"taxonomy":"product_tag","embeddable":true,"href":"https:\/\/tammetorubbq.ee\/lv\/wp-json\/wp\/v2\/product_tag?post=3991"}],"curies":[{"name":"wp","href":"https:\/\/api.w.org\/{rel}","templated":true}]}}