{"id":4012,"date":"2025-10-15T15:59:02","date_gmt":"2025-10-15T12:59:02","guid":{"rendered":"https:\/\/tammetorubbq.ee\/?post_type=product&#038;p=4012"},"modified":"2026-04-16T23:00:14","modified_gmt":"2026-04-16T20:00:14","slug":"ninja-jaatisemasin-creami","status":"publish","type":"product","link":"https:\/\/tammetorubbq.ee\/lv\/product-2\/ninja-jaatisemasin-creami\/","title":{"rendered":"Ninja sald\u0113juma veidot\u0101js Cream"},"content":{"rendered":"<table class=\"woocommerce-product-attributes shop_attributes\" aria-label=\"Inform\u0101cija par produktu\">\n<tbody>\n<tr class=\"woocommerce-product-attributes-item woocommerce-product-attributes-item--weight\">\n<th class=\"woocommerce-product-attributes-item__label\" style=\"text-align: left;\" scope=\"row\">Svars<\/th>\n<td class=\"woocommerce-product-attributes-item__value\">6,5 kg<\/td>\n<\/tr>\n<tr class=\"woocommerce-product-attributes-item woocommerce-product-attributes-item--dimensions\">\n<th class=\"woocommerce-product-attributes-item__label\" scope=\"row\">Izm\u0113ri<\/th>\n<td class=\"woocommerce-product-attributes-item__value\">27 \u00d7 16,5 \u00d7 40,5 cm<\/td>\n<\/tr>\n<\/tbody>\n<\/table>\n<p>&nbsp;<\/p>\n<p data-start=\"112\" data-end=\"348\"><strong data-start=\"112\" data-end=\"121\">Ninja<\/strong>\u00a0<strong>pre\u010du z\u012bme<\/strong>\u00a0ir paz\u012bstams amerik\u0101\u0146u sadz\u012bves tehnikas z\u012bmols, kas pieder uz\u0146\u0113mumam\u00a0<strong data-start=\"187\" data-end=\"201\">SharkNinja<\/strong>. \u0160is z\u012bmols ir nov\u0113rt\u0113ts par t\u0101\u00a0<strong data-start=\"225\" data-end=\"269\">gudri un lietot\u0101jam draudz\u012bgi risin\u0101jumi.<\/strong>\u00a0kas atvieglo un padara efekt\u012bv\u0101ku ikdienas gatavo\u0161anu.<\/p>\n<p data-start=\"350\" data-end=\"651\">Ninja kl\u0101st\u0101 ietilpst\u00a0<strong data-start=\"380\" data-end=\"434\">blenderi, virtuves kombaini, fritieri, multikr\u0101snis.<\/strong>\u00a0un arvien bie\u017e\u0101k ar\u012b\u00a0<strong data-start=\"452\" data-end=\"474\">\u0101ra virtuves apr\u012bkojums<\/strong>. Visi produkti ir izstr\u0101d\u0101ti t\u0101, lai apvienotu\u00a0<strong data-start=\"507\" data-end=\"564\">funkcionalit\u0101te, uzticam\u012bba un inovat\u012bvs dizains<\/strong>lai nodro\u0161in\u0101tu vislab\u0101ko instrumentu ikvienai virtuvei - gan m\u0101jas, gan profesion\u0101lai virtuvei.<\/p>","protected":false},"excerpt":{"rendered":"<p>Sagatavojiet m\u0101j\u0101s gatavotus saldumus tie\u0161i t\u0101, k\u0101 v\u0113laties - no. <strong data-start=\"184\" data-end=\"246\">sald\u0113jums, sald\u0113jums, \u017eelejas, sorbets, koktei\u013ci un vieglie sald\u0113jumi.<\/strong>. Ninja CREAMi <strong data-start=\"261\" data-end=\"285\">Creamify tehnolo\u0123ija<\/strong> \u0101tri padara sald\u0113to mais\u012bjumu gludu un kr\u0113mveida, nodro\u0161inot profesion\u0101la l\u012bme\u0146a rezult\u0101tus m\u0101jas apst\u0101k\u013cos.<\/p>\n<h4 data-start=\"415\" data-end=\"432\"><strong data-start=\"420\" data-end=\"432\">Funkcijas<\/strong><\/h4>\n<ul data-start=\"433\" data-end=\"831\">\n<li data-start=\"433\" data-end=\"556\">\n<p data-start=\"435\" data-end=\"556\"><strong data-start=\"435\" data-end=\"466\">7 iepriek\u0161 iestat\u012btas programmas:<\/strong> sald\u0113jums, sald\u0113jums, sald\u0113juma sald\u0113jums, sald\u0113juma sald\u0113jums, sorbets, sm\u016btijs, vieglais sald\u0113jums, piena koktei\u013ci un saldumu piedevas.<\/p>\n<\/li>\n<li data-start=\"557\" data-end=\"620\">\n<p data-start=\"559\" data-end=\"620\"><strong data-start=\"559\" data-end=\"584\">Creamify tehnolo\u0123ija:<\/strong> nodro\u0161ina perfektu kr\u0113mveida tekst\u016bru<\/p>\n<\/li>\n<li data-start=\"621\" data-end=\"711\">\n<p data-start=\"623\" data-end=\"711\">Iesp\u0113ja pievienot <strong data-start=\"639\" data-end=\"683\">\u0161okol\u0101des skaidi\u0146as, rieksti un cepumu gabali\u0146i<\/strong> vienm\u0113r\u012bgi vis\u0101 deserta garum\u0101.<\/p>\n<\/li>\n<li data-start=\"712\" data-end=\"763\">\n<p data-start=\"714\" data-end=\"763\">No\u0146emam\u0101s da\u013cas <strong data-start=\"732\" data-end=\"761\">var mazg\u0101t trauku mazg\u0101jam\u0101 ma\u0161\u012bn\u0101<\/strong><\/p>\n<\/li>\n<li data-start=\"764\" data-end=\"831\">\n<p data-start=\"766\" data-end=\"831\">Pieg\u0101d\u0101 <strong data-start=\"777\" data-end=\"801\">3 burci\u0146as ar desertiem<\/strong> l\u012bdz 1,4 litriem<\/p>\n<\/li>\n<\/ul>\n<h4 data-start=\"838\" data-end=\"857\"><strong data-start=\"843\" data-end=\"857\">Izmanto\u0161ana<\/strong><\/h4>\n<ol data-start=\"858\" data-end=\"1150\">\n<li data-start=\"858\" data-end=\"910\">\n<p data-start=\"861\" data-end=\"910\">Piepildiet burku ar sast\u0101vda\u013c\u0101m un sasald\u0113jiet uz 24 stund\u0101m.<\/p>\n<\/li>\n<li data-start=\"911\" data-end=\"971\">\n<p data-start=\"914\" data-end=\"971\">Apstr\u0101d\u0101jiet sald\u0113to mais\u012bjumu ar Ninja CREAM da\u017eu min\u016b\u0161u laik\u0101.<\/p>\n<\/li>\n<li data-start=\"972\" data-end=\"1067\">\n<p data-start=\"975\" data-end=\"1067\">Sagatavojiet gan ar pienu, gan <strong data-start=\"1003\" data-end=\"1054\">bezpiena, keto un ar zemu cukura saturu produkti.<\/strong> deserts<\/p>\n<\/li>\n<li data-start=\"1068\" data-end=\"1150\">\n<p data-start=\"1071\" data-end=\"1150\">Piem\u0113rots ar\u012b <strong data-start=\"1080\" data-end=\"1111\">brokastu koktei\u013cu maisi\u0146i<\/strong> un sald\u0113ta jogurta pagatavo\u0161anai<\/p>\n<\/li>\n<\/ol>\n<h4 data-start=\"1157\" data-end=\"1183\"><strong data-start=\"1162\" data-end=\"1183\">Tehniskie dati<\/strong><\/h4>\n<ul data-start=\"1184\" data-end=\"1315\">\n<li data-start=\"1184\" data-end=\"1202\">\n<p data-start=\"1186\" data-end=\"1202\">Jauda: 800 W<\/p>\n<\/li>\n<li data-start=\"1203\" data-end=\"1233\">\n<p data-start=\"1205\" data-end=\"1233\">Str\u0101vas vada garums: 0,88 m<\/p>\n<\/li>\n<li data-start=\"1234\" data-end=\"1260\">\n<p data-start=\"1236\" data-end=\"1260\">Kr\u0101sa: melna un sudraba<\/p>\n<\/li>\n<li data-start=\"1261\" data-end=\"1315\">\n<p data-start=\"1263\" data-end=\"1315\">Papildu inform\u0101cija: iek\u013cauta recep\u0161u gr\u0101mata ar da\u017e\u0101d\u0101m idej\u0101m<\/p>\n<\/li>\n<\/ul>\n<p>&nbsp;<\/p>\n<p>Skat\u012bt ar\u012b: <strong><a href=\"https:\/\/tammetorubbq.ee\/lv\/produkta-birka\/papildu-informacija\/\">Ninja papildu tas\u012b\u0161u un v\u0101ci\u0146u komplekti sald\u0113juma gatavot\u0101jam NC300<\/a><\/strong><\/p>\n<p><img loading=\"lazy\" decoding=\"async\" class=\"wp-image-3980\" src=\"http:\/\/tammetorubbq.ee\/wp-content\/uploads\/2025\/10\/Ninja-logo-300x300.webp\" alt=\"Ninja logotips\" width=\"180\" height=\"180\" srcset=\"https:\/\/tammetorubbq.ee\/wp-content\/uploads\/2025\/10\/Ninja-logo-300x300.webp 300w, https:\/\/tammetorubbq.ee\/wp-content\/uploads\/2025\/10\/Ninja-logo-150x150.webp 150w, https:\/\/tammetorubbq.ee\/wp-content\/uploads\/2025\/10\/Ninja-logo-12x12.webp 12w, https:\/\/tammetorubbq.ee\/wp-content\/uploads\/2025\/10\/Ninja-logo-600x600.webp 600w, https:\/\/tammetorubbq.ee\/wp-content\/uploads\/2025\/10\/Ninja-logo-64x64.webp 64w, https:\/\/tammetorubbq.ee\/wp-content\/uploads\/2025\/10\/Ninja-logo.webp 680w\" sizes=\"auto, (max-width: 180px) 100vw, 180px\" \/><\/p>\n<p><a href=\"https:\/\/tammetorubbq.ee\/lv\/maksajiet-velak\/\"><strong>P\u0112RCIET TAGAD, MAKS\u0100JIET V\u0112L\u0100K<\/strong><\/a>\u00a0- bez procentiem!<\/p>\n<p><img loading=\"lazy\" decoding=\"async\" class=\"alignnone wp-image-2646\" src=\"http:\/\/tammetorubbq.ee\/wp-content\/uploads\/2023\/12\/inbank-wordmark.png\" alt=\"\" width=\"167\" height=\"75\" srcset=\"https:\/\/tammetorubbq.ee\/wp-content\/uploads\/2023\/12\/inbank-wordmark.png 300w, https:\/\/tammetorubbq.ee\/wp-content\/uploads\/2023\/12\/inbank-wordmark-18x8.png 18w, https:\/\/tammetorubbq.ee\/wp-content\/uploads\/2023\/12\/inbank-wordmark-64x29.png 64w\" sizes=\"auto, (max-width: 167px) 100vw, 167px\" \/><\/p>\n<p>M\u0113s pied\u0101v\u0101jam ar\u012b iesp\u0113ju maks\u0101t v\u0113l\u0101k - vien\u0101, div\u0101s vai trij\u0101s vien\u0101d\u0101s da\u013c\u0101s bez procentiem vai papildu maksas.<\/p>\n<p>M\u016bsu iepirkumu groz\u0101 varat atrast da\u017e\u0101das maks\u0101jumu iesp\u0113jas.<\/p>","protected":false},"featured_media":4016,"comment_status":"open","ping_status":"closed","template":"","meta":{"_uf_show_specific_survey":0,"_uf_disable_surveys":false},"pwb-brand":[214],"product_brand":[],"product_cat":[194,198],"product_tag":[216],"class_list":{"0":"post-4012","1":"product","2":"type-product","3":"status-publish","4":"has-post-thumbnail","6":"pwb-brand-ninja","7":"product_cat-ninja-koogiseadmed","8":"product_cat-blenderid-ja-koogikombainid","9":"product_tag-jaatisemasin","11":"first","12":"instock","13":"taxable","14":"shipping-taxable","15":"purchasable","16":"product-type-simple"},"brands":[{"id":214,"name":"Ninja","slug":"ninja"}],"_links":{"self":[{"href":"https:\/\/tammetorubbq.ee\/lv\/wp-json\/wp\/v2\/product\/4012","targetHints":{"allow":["GET"]}}],"collection":[{"href":"https:\/\/tammetorubbq.ee\/lv\/wp-json\/wp\/v2\/product"}],"about":[{"href":"https:\/\/tammetorubbq.ee\/lv\/wp-json\/wp\/v2\/types\/product"}],"replies":[{"embeddable":true,"href":"https:\/\/tammetorubbq.ee\/lv\/wp-json\/wp\/v2\/comments?post=4012"}],"wp:featuredmedia":[{"embeddable":true,"href":"https:\/\/tammetorubbq.ee\/lv\/wp-json\/wp\/v2\/media\/4016"}],"wp:attachment":[{"href":"https:\/\/tammetorubbq.ee\/lv\/wp-json\/wp\/v2\/media?parent=4012"}],"wp:term":[{"taxonomy":"pwb-brand","embeddable":true,"href":"https:\/\/tammetorubbq.ee\/lv\/wp-json\/wp\/v2\/pwb-brand?post=4012"},{"taxonomy":"product_brand","embeddable":true,"href":"https:\/\/tammetorubbq.ee\/lv\/wp-json\/wp\/v2\/product_brand?post=4012"},{"taxonomy":"product_cat","embeddable":true,"href":"https:\/\/tammetorubbq.ee\/lv\/wp-json\/wp\/v2\/product_cat?post=4012"},{"taxonomy":"product_tag","embeddable":true,"href":"https:\/\/tammetorubbq.ee\/lv\/wp-json\/wp\/v2\/product_tag?post=4012"}],"curies":[{"name":"wp","href":"https:\/\/api.w.org\/{rel}","templated":true}]}}