{"id":4021,"date":"2025-10-15T16:10:52","date_gmt":"2025-10-15T13:10:52","guid":{"rendered":"https:\/\/tammetorubbq.ee\/?post_type=product&#038;p=4021"},"modified":"2026-04-16T20:00:05","modified_gmt":"2026-04-16T17:00:05","slug":"ninja-papildu-katlu-un-vacinu-komplekts-nc300-jac300-4-gab","status":"publish","type":"product","link":"https:\/\/tammetorubbq.ee\/lv\/product-2\/ninja-papildu-katlu-un-vacinu-komplekts-nc300-jac300-4-gab\/","title":{"rendered":"Ninja sald\u0113juma gatavot\u0101ja NC300 papildu trauku un v\u0101ci\u0146u komplekts (4 gab.)"},"content":{"rendered":"<p data-start=\"112\" data-end=\"348\"><strong data-start=\"112\" data-end=\"121\">Ninja<\/strong>\u00a0<strong>pre\u010du z\u012bme<\/strong>\u00a0ir paz\u012bstams amerik\u0101\u0146u sadz\u012bves tehnikas z\u012bmols, kas pieder uz\u0146\u0113mumam\u00a0<strong data-start=\"187\" data-end=\"201\">SharkNinja<\/strong>. \u0160is z\u012bmols ir nov\u0113rt\u0113ts par t\u0101\u00a0<strong data-start=\"225\" data-end=\"269\">gudri un lietot\u0101jam draudz\u012bgi risin\u0101jumi.<\/strong>\u00a0kas atvieglo un padara efekt\u012bv\u0101ku ikdienas gatavo\u0161anu.<\/p>\n<p data-start=\"350\" data-end=\"651\">Ninja kl\u0101st\u0101 ietilpst\u00a0<strong data-start=\"380\" data-end=\"434\">blenderi, virtuves kombaini, fritieri, multikr\u0101snis.<\/strong>\u00a0un arvien bie\u017e\u0101k ar\u012b\u00a0<strong data-start=\"452\" data-end=\"474\">\u0101ra virtuves apr\u012bkojums<\/strong>. Visi produkti ir izstr\u0101d\u0101ti t\u0101, lai apvienotu\u00a0<strong data-start=\"507\" data-end=\"564\">funkcionalit\u0101te, uzticam\u012bba un inovat\u012bvs dizains<\/strong>lai nodro\u0161in\u0101tu vislab\u0101ko instrumentu ikvienai virtuvei - gan m\u0101jas, gan profesion\u0101lai virtuvei.<\/p>","protected":false},"excerpt":{"rendered":"<p>Sagatavot un uzglab\u0101t uzreiz <strong data-start=\"217\" data-end=\"286\">l\u012bdz \u010detriem da\u017e\u0101diem sald\u0113juma, sald\u0113juma, sald\u0113juma sald\u0113juma, sorbeta vai koktei\u013ca arom\u0101tiem.<\/strong>. Ide\u0101ls risin\u0101jums, lai eksperiment\u0113tu ar jaun\u0101m gar\u0161\u0101m m\u0101j\u0101s vai gatavotu gardumus visai \u0123imenei.<\/p>\n<h4 data-start=\"394\" data-end=\"411\"><strong data-start=\"399\" data-end=\"411\">Funkcijas<\/strong><\/h4>\n<ul data-start=\"412\" data-end=\"605\">\n<li data-start=\"412\" data-end=\"466\">\n<p data-start=\"414\" data-end=\"466\">Pieg\u0101d\u0101 <strong data-start=\"425\" data-end=\"464\">4 x 470 ml deserta tas\u012btes un v\u0101ci\u0146i<\/strong><\/p>\n<\/li>\n<li data-start=\"467\" data-end=\"509\">\n<p data-start=\"469\" data-end=\"509\">Ra\u017eots <strong data-start=\"481\" data-end=\"507\">BPA nesaturo\u0161s materi\u0101ls<\/strong><\/p>\n<\/li>\n<li data-start=\"510\" data-end=\"563\">\n<p data-start=\"512\" data-end=\"563\">Virsma un v\u0101ki ir <strong data-start=\"532\" data-end=\"561\">var mazg\u0101t trauku mazg\u0101jam\u0101 ma\u0161\u012bn\u0101<\/strong><\/p>\n<\/li>\n<li data-start=\"564\" data-end=\"605\">\n<p data-start=\"566\" data-end=\"605\">Piem\u0113rots <strong data-start=\"572\" data-end=\"594\">Ninja CREAMi NC300<\/strong> ar modeli<\/p>\n<\/li>\n<\/ul>\n<h4 data-start=\"612\" data-end=\"631\"><strong data-start=\"617\" data-end=\"631\">Izmanto\u0161ana<\/strong><\/h4>\n<ol data-start=\"632\" data-end=\"768\">\n<li data-start=\"632\" data-end=\"673\">\n<p data-start=\"635\" data-end=\"673\">Piepildiet v\u0101ci\u0146us ar v\u0113lamaj\u0101m sast\u0101vda\u013c\u0101m<\/p>\n<\/li>\n<li data-start=\"674\" data-end=\"697\">\n<p data-start=\"677\" data-end=\"697\">Sasald\u0113t 24 stundas<\/p>\n<\/li>\n<li data-start=\"698\" data-end=\"768\">\n<p data-start=\"701\" data-end=\"768\">P\u0113c tam p\u0101rstr\u0101d\u0101jiet to kr\u0113m\u012bg\u0101 k\u0101rum\u0101 sald\u0113juma gatavo\u0161anas ier\u012bc\u0113 Ninja CREAM.<\/p>\n<\/li>\n<\/ol>\n<p><img loading=\"lazy\" decoding=\"async\" class=\"wp-image-3980\" src=\"http:\/\/tammetorubbq.ee\/wp-content\/uploads\/2025\/10\/Ninja-logo-300x300.webp\" alt=\"Ninja logotips\" width=\"180\" height=\"180\" srcset=\"https:\/\/tammetorubbq.ee\/wp-content\/uploads\/2025\/10\/Ninja-logo-300x300.webp 300w, https:\/\/tammetorubbq.ee\/wp-content\/uploads\/2025\/10\/Ninja-logo-150x150.webp 150w, https:\/\/tammetorubbq.ee\/wp-content\/uploads\/2025\/10\/Ninja-logo-12x12.webp 12w, https:\/\/tammetorubbq.ee\/wp-content\/uploads\/2025\/10\/Ninja-logo-600x600.webp 600w, https:\/\/tammetorubbq.ee\/wp-content\/uploads\/2025\/10\/Ninja-logo-64x64.webp 64w, https:\/\/tammetorubbq.ee\/wp-content\/uploads\/2025\/10\/Ninja-logo.webp 680w\" sizes=\"auto, (max-width: 180px) 100vw, 180px\" \/><\/p>","protected":false},"featured_media":4023,"comment_status":"open","ping_status":"closed","template":"","meta":{"_uf_show_specific_survey":0,"_uf_disable_surveys":false},"pwb-brand":[214],"product_brand":[],"product_cat":[194,198],"product_tag":[216,217],"class_list":{"0":"post-4021","1":"product","2":"type-product","3":"status-publish","4":"has-post-thumbnail","6":"pwb-brand-ninja","7":"product_cat-ninja-koogiseadmed","8":"product_cat-blenderid-ja-koogikombainid","9":"product_tag-jaatisemasin","10":"product_tag-lisatopsid","12":"first","13":"instock","14":"taxable","15":"shipping-taxable","16":"purchasable","17":"product-type-simple"},"brands":[{"id":214,"name":"Ninja","slug":"ninja"}],"_links":{"self":[{"href":"https:\/\/tammetorubbq.ee\/lv\/wp-json\/wp\/v2\/product\/4021","targetHints":{"allow":["GET"]}}],"collection":[{"href":"https:\/\/tammetorubbq.ee\/lv\/wp-json\/wp\/v2\/product"}],"about":[{"href":"https:\/\/tammetorubbq.ee\/lv\/wp-json\/wp\/v2\/types\/product"}],"replies":[{"embeddable":true,"href":"https:\/\/tammetorubbq.ee\/lv\/wp-json\/wp\/v2\/comments?post=4021"}],"wp:featuredmedia":[{"embeddable":true,"href":"https:\/\/tammetorubbq.ee\/lv\/wp-json\/wp\/v2\/media\/4023"}],"wp:attachment":[{"href":"https:\/\/tammetorubbq.ee\/lv\/wp-json\/wp\/v2\/media?parent=4021"}],"wp:term":[{"taxonomy":"pwb-brand","embeddable":true,"href":"https:\/\/tammetorubbq.ee\/lv\/wp-json\/wp\/v2\/pwb-brand?post=4021"},{"taxonomy":"product_brand","embeddable":true,"href":"https:\/\/tammetorubbq.ee\/lv\/wp-json\/wp\/v2\/product_brand?post=4021"},{"taxonomy":"product_cat","embeddable":true,"href":"https:\/\/tammetorubbq.ee\/lv\/wp-json\/wp\/v2\/product_cat?post=4021"},{"taxonomy":"product_tag","embeddable":true,"href":"https:\/\/tammetorubbq.ee\/lv\/wp-json\/wp\/v2\/product_tag?post=4021"}],"curies":[{"name":"wp","href":"https:\/\/api.w.org\/{rel}","templated":true}]}}