{"id":4027,"date":"2025-10-16T09:32:34","date_gmt":"2025-10-16T06:32:34","guid":{"rendered":"https:\/\/tammetorubbq.ee\/?post_type=product&#038;p=4027"},"modified":"2026-04-16T18:00:20","modified_gmt":"2026-04-16T15:00:20","slug":"ninja-bezvadu-blenderis-blast-compact-047l-melns","status":"publish","type":"product","link":"https:\/\/tammetorubbq.ee\/lv\/product-2\/ninja-bezvadu-blenderis-blast-compact-047l-melns\/","title":{"rendered":"Bezvadu blenderis Ninja Blast Compact 0,47L (melns)"},"content":{"rendered":"<table class=\"woocommerce-product-attributes shop_attributes\" aria-label=\"Inform\u0101cija par produktu\">\n<tbody>\n<tr class=\"woocommerce-product-attributes-item woocommerce-product-attributes-item--weight\">\n<th class=\"woocommerce-product-attributes-item__label\" style=\"text-align: left;\" scope=\"row\">Svars<\/th>\n<td class=\"woocommerce-product-attributes-item__value\">0,8 kg<\/td>\n<\/tr>\n<tr class=\"woocommerce-product-attributes-item woocommerce-product-attributes-item--dimensions\">\n<th class=\"woocommerce-product-attributes-item__label\" scope=\"row\">Izm\u0113ri<\/th>\n<td class=\"woocommerce-product-attributes-item__value\">9 \u00d7 9 \u00d7 27 cm<\/td>\n<\/tr>\n<\/tbody>\n<\/table>\n<p>&nbsp;<\/p>\n<p data-start=\"112\" data-end=\"348\"><strong data-start=\"112\" data-end=\"121\">Ninja<\/strong>\u00a0<strong>pre\u010du z\u012bme<\/strong>\u00a0ir paz\u012bstams amerik\u0101\u0146u sadz\u012bves tehnikas z\u012bmols, kas pieder uz\u0146\u0113mumam\u00a0<strong data-start=\"187\" data-end=\"201\">SharkNinja<\/strong>. \u0160is z\u012bmols ir nov\u0113rt\u0113ts par t\u0101\u00a0<strong data-start=\"225\" data-end=\"269\">gudri un lietot\u0101jam draudz\u012bgi risin\u0101jumi.<\/strong>\u00a0kas atvieglo un padara efekt\u012bv\u0101ku ikdienas gatavo\u0161anu.<\/p>\n<p data-start=\"350\" data-end=\"651\">Ninja kl\u0101st\u0101 ietilpst\u00a0<strong data-start=\"380\" data-end=\"434\">blenderi, virtuves kombaini, fritieri, multikr\u0101snis.<\/strong>\u00a0un arvien bie\u017e\u0101k ar\u012b\u00a0<strong data-start=\"452\" data-end=\"474\">\u0101ra virtuves apr\u012bkojums<\/strong>. Visi produkti ir izstr\u0101d\u0101ti t\u0101, lai apvienotu\u00a0<strong data-start=\"507\" data-end=\"564\">funkcionalit\u0101te, uzticam\u012bba un inovat\u012bvs dizains<\/strong>lai nodro\u0161in\u0101tu vislab\u0101ko instrumentu ikvienai virtuvei - gan m\u0101jas, gan profesion\u0101lai virtuvei.<\/p>","protected":false},"excerpt":{"rendered":"<p><strong data-start=\"127\" data-end=\"162\">Visur \u0146emiet l\u012bdzi savu kokteili!<\/strong><\/p>\n<p>Ninja Blast Compact ir bezvadu, p\u0101rn\u0113s\u0101jams un herm\u0113tisks blenderis, kas \u013cauj pagatavot svaigus dz\u0113rienus jebkur\u0101 laik\u0101 un viet\u0101 - sporta z\u0101l\u0113, biroj\u0101, automa\u0161\u012bn\u0101 vai ce\u013cojum\u0101. Pateicoties ieb\u016bv\u0113tajam akumulatoram un USB-C uzl\u0101dei, varat bez vadiem sajaukt savus iecien\u012btos mais\u012bjumus.<\/p>\n<h4 data-start=\"451\" data-end=\"468\"><strong data-start=\"456\" data-end=\"468\">Funkcijas<\/strong><\/h4>\n<ul data-start=\"469\" data-end=\"987\">\n<li data-start=\"469\" data-end=\"528\">\n<p data-start=\"471\" data-end=\"528\"><strong data-start=\"471\" data-end=\"496\">Bezvadu izmanto\u0161ana<\/strong> ar ieb\u016bv\u0113tu Li-Ion akumulatoru<\/p>\n<\/li>\n<li data-start=\"529\" data-end=\"569\">\n<p data-start=\"531\" data-end=\"569\"><strong data-start=\"531\" data-end=\"550\">USB-C uzl\u0101de<\/strong> - \u0113rti un \u0101tri<\/p>\n<\/li>\n<li data-start=\"570\" data-end=\"638\">\n<p data-start=\"572\" data-end=\"638\"><strong data-start=\"572\" data-end=\"587\">530 ml anum<\/strong> (ieteicam\u0101 ietilp\u012bba 470 ml) ar necaurlaid\u012bgu v\u0101ku<\/p>\n<\/li>\n<li data-start=\"639\" data-end=\"728\">\n<p data-start=\"641\" data-end=\"728\"><strong data-start=\"641\" data-end=\"655\">BlastBlade<\/strong> ner\u016bs\u0113jo\u0161\u0101 t\u0113rauda asmens efekt\u012bvi sasmalcina aug\u013cus, ledu un s\u0113klas.<\/p>\n<\/li>\n<li data-start=\"729\" data-end=\"793\">\n<p data-start=\"731\" data-end=\"793\"><strong data-start=\"731\" data-end=\"758\">Ninja Blast tehnolo\u0123ija<\/strong> nodro\u0161ina vienm\u0113r\u012bgu un kr\u0113m\u012bgu rezult\u0101tu<\/p>\n<\/li>\n<li data-start=\"794\" data-end=\"857\">\n<p data-start=\"796\" data-end=\"857\"><strong data-start=\"796\" data-end=\"823\">Var mazg\u0101t trauku mazg\u0101jam\u0101 ma\u0161\u012bn\u0101<\/strong> konteiners un v\u0101ks (aug\u0161\u0113jais plaukts)<\/p>\n<\/li>\n<li data-start=\"858\" data-end=\"917\">\n<p data-start=\"860\" data-end=\"917\"><strong data-start=\"860\" data-end=\"886\">Darb\u012bba ar vienu pogu<\/strong> - viegli un \u0101tri lietojams<\/p>\n<\/li>\n<li data-start=\"918\" data-end=\"987\">\n<p data-start=\"920\" data-end=\"987\"><strong data-start=\"920\" data-end=\"950\">Kompakts un kluss dizains<\/strong> - ide\u0101li piem\u0113rots l\u012bdz\u0146em\u0161anai<\/p>\n<\/li>\n<\/ul>\n<h4 data-start=\"994\" data-end=\"1020\"><strong data-start=\"999\" data-end=\"1020\">Tehniskie dati<\/strong><\/h4>\n<ul data-start=\"1021\" data-end=\"1156\">\n<li data-start=\"1021\" data-end=\"1044\">\n<p data-start=\"1023\" data-end=\"1044\">Baro\u0161ana: ar akumulatoru<\/p>\n<\/li>\n<li data-start=\"1045\" data-end=\"1061\">\n<p data-start=\"1047\" data-end=\"1061\">Ietilp\u012bba: 470 ml<\/p>\n<\/li>\n<li data-start=\"1062\" data-end=\"1100\">\n<p data-start=\"1064\" data-end=\"1100\">Materi\u0101ls: plastmasa, ner\u016bs\u0113jo\u0161\u0101 t\u0113rauda asmens<\/p>\n<\/li>\n<li data-start=\"1101\" data-end=\"1115\">\n<p data-start=\"1103\" data-end=\"1115\">Kr\u0101sa: melna<\/p>\n<\/li>\n<li data-start=\"1116\" data-end=\"1136\">\n<p data-start=\"1118\" data-end=\"1136\">Uzl\u0101de: USB-C<\/p>\n<\/li>\n<li data-start=\"1137\" data-end=\"1156\">\n<p data-start=\"1139\" data-end=\"1156\">\u0100trumu skaits: 1<\/p>\n<\/li>\n<\/ul>\n<h4 data-start=\"1163\" data-end=\"1182\"><strong data-start=\"1168\" data-end=\"1182\">Pieg\u0101d\u0101<\/strong><\/h4>\n<ul data-start=\"1183\" data-end=\"1286\">\n<li data-start=\"1183\" data-end=\"1210\">\n<p data-start=\"1185\" data-end=\"1210\">Blenderis ar motoriz\u0113tu pamatni<\/p>\n<\/li>\n<li data-start=\"1211\" data-end=\"1246\">\n<p data-start=\"1213\" data-end=\"1246\">530 ml trauks ar herm\u0113tisku v\u0101ku<\/p>\n<\/li>\n<li data-start=\"1247\" data-end=\"1271\">\n<p data-start=\"1249\" data-end=\"1271\">USB-C uzl\u0101des kabelis<\/p>\n<\/li>\n<li data-start=\"1272\" data-end=\"1286\">\n<p data-start=\"1274\" data-end=\"1286\">Asme\u0146u aizsardz\u012bba<\/p>\n<\/li>\n<\/ul>\n<p><strong data-start=\"1293\" data-end=\"1332\">Ide\u0101li piem\u0113rots akt\u012bvai personai<\/strong>, kas v\u0113las baud\u012bt svaigu kokteili vai prote\u012bna dz\u0113rienu jebkur\u0101 viet\u0101 un laik\u0101.<\/p>\n<p><img loading=\"lazy\" decoding=\"async\" class=\"\" src=\"http:\/\/tammetorubbq.ee\/wp-content\/uploads\/2025\/10\/Ninja-logo-300x300.webp\" alt=\"Ninja logotips\" width=\"198\" height=\"198\" \/><\/p>","protected":false},"featured_media":4029,"comment_status":"open","ping_status":"closed","template":"","meta":{"_uf_show_specific_survey":0,"_uf_disable_surveys":false},"pwb-brand":[214],"product_brand":[],"product_cat":[194,198],"product_tag":[218],"class_list":{"0":"post-4027","1":"product","2":"type-product","3":"status-publish","4":"has-post-thumbnail","6":"pwb-brand-ninja","7":"product_cat-ninja-koogiseadmed","8":"product_cat-blenderid-ja-koogikombainid","9":"product_tag-blender","11":"first","12":"instock","13":"taxable","14":"shipping-taxable","15":"purchasable","16":"product-type-simple"},"brands":[{"id":214,"name":"Ninja","slug":"ninja"}],"_links":{"self":[{"href":"https:\/\/tammetorubbq.ee\/lv\/wp-json\/wp\/v2\/product\/4027","targetHints":{"allow":["GET"]}}],"collection":[{"href":"https:\/\/tammetorubbq.ee\/lv\/wp-json\/wp\/v2\/product"}],"about":[{"href":"https:\/\/tammetorubbq.ee\/lv\/wp-json\/wp\/v2\/types\/product"}],"replies":[{"embeddable":true,"href":"https:\/\/tammetorubbq.ee\/lv\/wp-json\/wp\/v2\/comments?post=4027"}],"wp:featuredmedia":[{"embeddable":true,"href":"https:\/\/tammetorubbq.ee\/lv\/wp-json\/wp\/v2\/media\/4029"}],"wp:attachment":[{"href":"https:\/\/tammetorubbq.ee\/lv\/wp-json\/wp\/v2\/media?parent=4027"}],"wp:term":[{"taxonomy":"pwb-brand","embeddable":true,"href":"https:\/\/tammetorubbq.ee\/lv\/wp-json\/wp\/v2\/pwb-brand?post=4027"},{"taxonomy":"product_brand","embeddable":true,"href":"https:\/\/tammetorubbq.ee\/lv\/wp-json\/wp\/v2\/product_brand?post=4027"},{"taxonomy":"product_cat","embeddable":true,"href":"https:\/\/tammetorubbq.ee\/lv\/wp-json\/wp\/v2\/product_cat?post=4027"},{"taxonomy":"product_tag","embeddable":true,"href":"https:\/\/tammetorubbq.ee\/lv\/wp-json\/wp\/v2\/product_tag?post=4027"}],"curies":[{"name":"wp","href":"https:\/\/api.w.org\/{rel}","templated":true}]}}