{"id":4038,"date":"2025-10-16T09:55:35","date_gmt":"2025-10-16T06:55:35","guid":{"rendered":"https:\/\/tammetorubbq.ee\/?post_type=product&#038;p=4038"},"modified":"2026-04-26T11:00:01","modified_gmt":"2026-04-26T08:00:01","slug":"ninja-blender-2in1-auto-iq","status":"publish","type":"product","link":"https:\/\/tammetorubbq.ee\/lv\/product-2\/ninja-blender-2in1-auto-iq\/","title":{"rendered":"Ninja blenderis 2in1 Auto-iQ"},"content":{"rendered":"<table class=\"woocommerce-product-attributes shop_attributes\" aria-label=\"Inform\u0101cija par produktu\">\n<tbody>\n<tr class=\"woocommerce-product-attributes-item woocommerce-product-attributes-item--weight\">\n<th class=\"woocommerce-product-attributes-item__label\" style=\"text-align: left;\" scope=\"row\">Svars<\/th>\n<td class=\"woocommerce-product-attributes-item__value\">4,51 kg<\/td>\n<\/tr>\n<tr class=\"woocommerce-product-attributes-item woocommerce-product-attributes-item--dimensions\">\n<th class=\"woocommerce-product-attributes-item__label\" scope=\"row\">Izm\u0113ri<\/th>\n<td class=\"woocommerce-product-attributes-item__value\">2519 \u00d7 21 \u00d7 44,5 cm<\/td>\n<\/tr>\n<\/tbody>\n<\/table>\n<p>&nbsp;<\/p>\n<p data-start=\"112\" data-end=\"348\"><strong data-start=\"112\" data-end=\"121\">Ninja<\/strong>\u00a0<strong>pre\u010du z\u012bme<\/strong>\u00a0ir paz\u012bstams amerik\u0101\u0146u sadz\u012bves tehnikas z\u012bmols, kas pieder uz\u0146\u0113mumam\u00a0<strong data-start=\"187\" data-end=\"201\">SharkNinja<\/strong>. \u0160is z\u012bmols ir nov\u0113rt\u0113ts par t\u0101\u00a0<strong data-start=\"225\" data-end=\"269\">gudri un lietot\u0101jam draudz\u012bgi risin\u0101jumi.<\/strong>\u00a0kas atvieglo un padara efekt\u012bv\u0101ku ikdienas gatavo\u0161anu.<\/p>\n<p data-start=\"350\" data-end=\"651\">Ninja kl\u0101st\u0101 ietilpst\u00a0<strong data-start=\"380\" data-end=\"434\">blenderi, virtuves kombaini, fritieri, multikr\u0101snis.<\/strong>\u00a0un arvien bie\u017e\u0101k ar\u012b\u00a0<strong data-start=\"452\" data-end=\"474\">\u0101ra virtuves apr\u012bkojums<\/strong>. Visi produkti ir izstr\u0101d\u0101ti t\u0101, lai apvienotu\u00a0<strong data-start=\"507\" data-end=\"564\">funkcionalit\u0101te, uzticam\u012bba un inovat\u012bvs dizains<\/strong>lai nodro\u0161in\u0101tu vislab\u0101ko instrumentu ikvienai virtuvei - gan m\u0101jas, gan profesion\u0101lai virtuvei.<\/p>","protected":false},"excerpt":{"rendered":"<p><strong data-start=\"154\" data-end=\"190\">Viena ier\u012bce - bezgal\u012bgas iesp\u0113jas.<\/strong><\/p>\n<p>Ninja 2-in-1 Auto-iQ blenderis ir jaud\u012bgs un daudzpus\u012bgs r\u012bks ikdienas \u0113diena gatavo\u0161anai. Tas apvieno <strong data-start=\"305\" data-end=\"330\">pilna izm\u0113ra blenderis<\/strong> un <strong data-start=\"334\" data-end=\"366\">p\u0101rn\u0113s\u0101jamais koktei\u013cu blenderis<\/strong>lai j\u016bs var\u0113tu pagatavot dz\u0113rienus, m\u0113rces vai desertus tie\u0161i t\u0101, k\u0101 jums pat\u012bk. Pateicoties <strong data-start=\"456\" data-end=\"481\">Auto-iQ tehnolo\u0123ija<\/strong> visu darbu paveiks j\u016bsu viet\u0101 - autom\u0101tisk\u0101s sajauk\u0161anas programmas nodro\u0161ina perfekti vienm\u0113r\u012bgu rezult\u0101tu ar vienu pogas piesk\u0101rienu.<\/p>\n<h4 data-start=\"608\" data-end=\"634\"><strong data-start=\"613\" data-end=\"634\">Galven\u0101s iez\u012bmes<\/strong><\/h4>\n<ul data-start=\"635\" data-end=\"1147\">\n<li data-start=\"635\" data-end=\"744\">\n<p data-start=\"637\" data-end=\"744\"><strong data-start=\"637\" data-end=\"664\">2-in-one lieto\u0161ana:<\/strong> liels <strong data-start=\"670\" data-end=\"691\">2,1 L blendera kr\u016bze<\/strong> (1,9 l tilpums) un <strong data-start=\"715\" data-end=\"742\">700 ml trauks l\u012bdz\u0146em\u0161anai<\/strong><\/p>\n<\/li>\n<li data-start=\"745\" data-end=\"826\">\n<p data-start=\"747\" data-end=\"826\"><strong data-start=\"747\" data-end=\"770\">Auto-iQ tehnolo\u0123ija<\/strong> - tr\u012bs autom\u0101tiskie impulsu, pauzes un sajauk\u0161anas mode\u013ci.<\/p>\n<\/li>\n<li data-start=\"827\" data-end=\"886\">\n<p data-start=\"829\" data-end=\"886\"><strong data-start=\"829\" data-end=\"856\">7 autom\u0101tisk\u0101s programmas<\/strong> un <strong data-start=\"860\" data-end=\"884\">3 manu\u0101lie \u0101trumi<\/strong><\/p>\n<\/li>\n<li data-start=\"887\" data-end=\"971\">\n<p data-start=\"889\" data-end=\"971\"><strong data-start=\"889\" data-end=\"913\">Jaud\u012bgs 1200 W motors<\/strong> - acumirkl\u012b sasmalcina ledu, riekstus un \u0161\u0137iedrvielas.<\/p>\n<\/li>\n<li data-start=\"972\" data-end=\"1043\">\n<p data-start=\"974\" data-end=\"1043\"><strong data-start=\"974\" data-end=\"996\">Pro Extractor asmens<\/strong> - vienm\u0113r nodro\u0161ina kr\u0113m\u012bgu un z\u012bdainu rezult\u0101tu.<\/p>\n<\/li>\n<li data-start=\"1044\" data-end=\"1088\">\n<p data-start=\"1046\" data-end=\"1088\"><strong data-start=\"1046\" data-end=\"1060\">LCD ekr\u0101ns<\/strong> un intuit\u012bvs vad\u012bbas panelis<\/p>\n<\/li>\n<li data-start=\"1089\" data-end=\"1147\">\n<p data-start=\"1091\" data-end=\"1147\"><strong data-start=\"1091\" data-end=\"1125\">Mazg\u0101jamas trauku mazg\u0101jam\u0101 ma\u0161\u012bn\u0101<\/strong> vieglai apkopei<\/p>\n<\/li>\n<\/ul>\n<h4 data-start=\"1154\" data-end=\"1184\"><strong data-start=\"1159\" data-end=\"1184\">Izmanto\u0161ana un priek\u0161roc\u012bbas<\/strong><\/h4>\n<ul data-start=\"1185\" data-end=\"1540\">\n<li data-start=\"1185\" data-end=\"1259\">\n<p data-start=\"1187\" data-end=\"1259\">Sagatavot <strong data-start=\"1196\" data-end=\"1257\">koktei\u013ci, koktei\u013ci, m\u0113rces, m\u0113rces, m\u0113rces, zupas un deserti.<\/strong><\/p>\n<\/li>\n<li data-start=\"1260\" data-end=\"1352\">\n<p data-start=\"1262\" data-end=\"1352\">Liels kr\u016bze \u0123imenes \u0113diena gatavo\u0161anai, maz\u0101ka aug\u0161da\u013ca \u0101tram r\u012bta kokteilim.<\/p>\n<\/li>\n<li data-start=\"1353\" data-end=\"1444\">\n<p data-start=\"1355\" data-end=\"1444\">Izmantojot Auto-iQ programmas, blenderis darbojas autonomi - nav j\u0101nojau\u0161, cik ilgi blenderis j\u0101liek blender\u0113t.<\/p>\n<\/li>\n<li data-start=\"1445\" data-end=\"1540\">\n<p data-start=\"1447\" data-end=\"1540\"><strong data-start=\"1447\" data-end=\"1490\">Nomain\u0101mi ner\u016bs\u0113jo\u0161\u0101 t\u0113rauda asme\u0146i<\/strong>, p\u0101rbaud\u012bts vair\u0101k nek\u0101 <strong data-start=\"1510\" data-end=\"1538\">1000 ledus izl\u0101des cikli<\/strong><\/p>\n<\/li>\n<\/ul>\n<h4 data-start=\"1547\" data-end=\"1573\"><strong data-start=\"1552\" data-end=\"1573\">Tehniskie dati<\/strong><\/h4>\n<ul data-start=\"1574\" data-end=\"1795\">\n<li data-start=\"1574\" data-end=\"1597\">\n<p data-start=\"1576\" data-end=\"1597\">Jauda: <strong data-start=\"1585\" data-end=\"1595\">1200 W<\/strong><\/p>\n<\/li>\n<li data-start=\"1598\" data-end=\"1636\">\n<p data-start=\"1600\" data-end=\"1636\">Jauda: <strong data-start=\"1611\" data-end=\"1634\">1,9 L (tilpums)<\/strong><\/p>\n<\/li>\n<li data-start=\"1637\" data-end=\"1660\">\n<p data-start=\"1639\" data-end=\"1660\">\u0100trumu skaits: <strong data-start=\"1653\" data-end=\"1658\">3<\/strong><\/p>\n<\/li>\n<li data-start=\"1661\" data-end=\"1687\">\n<p data-start=\"1663\" data-end=\"1687\">Programmu skaits: <strong data-start=\"1680\" data-end=\"1685\">7<\/strong><\/p>\n<\/li>\n<li data-start=\"1688\" data-end=\"1718\">\n<p data-start=\"1690\" data-end=\"1718\">Puls\u0101cijas re\u017e\u012bms: <strong data-start=\"1709\" data-end=\"1716\">J\u0101<\/strong><\/p>\n<\/li>\n<li data-start=\"1719\" data-end=\"1764\">\n<p data-start=\"1721\" data-end=\"1764\">Materi\u0101ls: <strong data-start=\"1731\" data-end=\"1762\">plastmasa un ner\u016bs\u0113jo\u0161ais t\u0113rauds<\/strong><\/p>\n<\/li>\n<li data-start=\"1765\" data-end=\"1795\">\n<p data-start=\"1767\" data-end=\"1795\">Kr\u0101sa: <strong data-start=\"1773\" data-end=\"1793\">meln\u0101 un sudraba kr\u0101s\u0101<\/strong><\/p>\n<\/li>\n<\/ul>\n<h4 data-start=\"1802\" data-end=\"1819\"><strong data-start=\"1807\" data-end=\"1819\">S\u012bk\u0101ka inform\u0101cija<\/strong><\/h4>\n<ul data-start=\"1820\" data-end=\"1989\">\n<li data-start=\"1820\" data-end=\"1869\">\n<p data-start=\"1822\" data-end=\"1869\">Pretsl\u012bdo\u0161as k\u0101jas stabilit\u0101tei<\/p>\n<\/li>\n<li data-start=\"1870\" data-end=\"1965\">\n<p data-start=\"1872\" data-end=\"1965\">Komplekt\u0101 ietilpst: motora b\u0101ze, 2,1 l blendera kr\u016bze ar v\u0101ku, 700 ml burka ar v\u0101ku, main\u0101mie asme\u0146i.<\/p>\n<\/li>\n<li data-start=\"1966\" data-end=\"1989\">\n<p data-start=\"1968\" data-end=\"1989\">Nav kabe\u013ca tur\u0113t\u0101ja<\/p>\n<\/li>\n<\/ul>\n<p><img loading=\"lazy\" decoding=\"async\" class=\"wp-image-3980\" src=\"http:\/\/tammetorubbq.ee\/wp-content\/uploads\/2025\/10\/Ninja-logo-300x300.webp\" alt=\"Ninja logotips\" width=\"180\" height=\"180\" srcset=\"https:\/\/tammetorubbq.ee\/wp-content\/uploads\/2025\/10\/Ninja-logo-300x300.webp 300w, https:\/\/tammetorubbq.ee\/wp-content\/uploads\/2025\/10\/Ninja-logo-150x150.webp 150w, https:\/\/tammetorubbq.ee\/wp-content\/uploads\/2025\/10\/Ninja-logo-12x12.webp 12w, https:\/\/tammetorubbq.ee\/wp-content\/uploads\/2025\/10\/Ninja-logo-600x600.webp 600w, https:\/\/tammetorubbq.ee\/wp-content\/uploads\/2025\/10\/Ninja-logo-64x64.webp 64w, https:\/\/tammetorubbq.ee\/wp-content\/uploads\/2025\/10\/Ninja-logo.webp 680w\" sizes=\"auto, (max-width: 180px) 100vw, 180px\" \/><\/p>\n<p><a href=\"https:\/\/tammetorubbq.ee\/lv\/maksajiet-velak\/\"><strong>P\u0112RCIET TAGAD, MAKS\u0100JIET V\u0112L\u0100K<\/strong><\/a>\u00a0- bez procentiem!<\/p>\n<p><img loading=\"lazy\" decoding=\"async\" class=\"alignnone wp-image-2646\" src=\"http:\/\/tammetorubbq.ee\/wp-content\/uploads\/2023\/12\/inbank-wordmark.png\" alt=\"\" width=\"167\" height=\"75\" srcset=\"https:\/\/tammetorubbq.ee\/wp-content\/uploads\/2023\/12\/inbank-wordmark.png 300w, https:\/\/tammetorubbq.ee\/wp-content\/uploads\/2023\/12\/inbank-wordmark-18x8.png 18w, https:\/\/tammetorubbq.ee\/wp-content\/uploads\/2023\/12\/inbank-wordmark-64x29.png 64w\" sizes=\"auto, (max-width: 167px) 100vw, 167px\" \/><\/p>\n<p>M\u0113s pied\u0101v\u0101jam ar\u012b iesp\u0113ju maks\u0101t v\u0113l\u0101k - vien\u0101, div\u0101s vai trij\u0101s vien\u0101d\u0101s da\u013c\u0101s bez procentiem vai papildu maksas.<\/p>\n<p>M\u016bsu iepirkumu groz\u0101 varat atrast da\u017e\u0101das maks\u0101jumu iesp\u0113jas.<\/p>","protected":false},"featured_media":4043,"comment_status":"open","ping_status":"closed","template":"","meta":{"_uf_show_specific_survey":0,"_uf_disable_surveys":false},"pwb-brand":[214],"product_brand":[],"product_cat":[194,198],"product_tag":[218],"class_list":{"0":"post-4038","1":"product","2":"type-product","3":"status-publish","4":"has-post-thumbnail","6":"pwb-brand-ninja","7":"product_cat-ninja-koogiseadmed","8":"product_cat-blenderid-ja-koogikombainid","9":"product_tag-blender","11":"first","12":"instock","13":"taxable","14":"shipping-taxable","15":"purchasable","16":"product-type-simple"},"brands":[{"id":214,"name":"Ninja","slug":"ninja"}],"_links":{"self":[{"href":"https:\/\/tammetorubbq.ee\/lv\/wp-json\/wp\/v2\/product\/4038","targetHints":{"allow":["GET"]}}],"collection":[{"href":"https:\/\/tammetorubbq.ee\/lv\/wp-json\/wp\/v2\/product"}],"about":[{"href":"https:\/\/tammetorubbq.ee\/lv\/wp-json\/wp\/v2\/types\/product"}],"replies":[{"embeddable":true,"href":"https:\/\/tammetorubbq.ee\/lv\/wp-json\/wp\/v2\/comments?post=4038"}],"wp:featuredmedia":[{"embeddable":true,"href":"https:\/\/tammetorubbq.ee\/lv\/wp-json\/wp\/v2\/media\/4043"}],"wp:attachment":[{"href":"https:\/\/tammetorubbq.ee\/lv\/wp-json\/wp\/v2\/media?parent=4038"}],"wp:term":[{"taxonomy":"pwb-brand","embeddable":true,"href":"https:\/\/tammetorubbq.ee\/lv\/wp-json\/wp\/v2\/pwb-brand?post=4038"},{"taxonomy":"product_brand","embeddable":true,"href":"https:\/\/tammetorubbq.ee\/lv\/wp-json\/wp\/v2\/product_brand?post=4038"},{"taxonomy":"product_cat","embeddable":true,"href":"https:\/\/tammetorubbq.ee\/lv\/wp-json\/wp\/v2\/product_cat?post=4038"},{"taxonomy":"product_tag","embeddable":true,"href":"https:\/\/tammetorubbq.ee\/lv\/wp-json\/wp\/v2\/product_tag?post=4038"}],"curies":[{"name":"wp","href":"https:\/\/api.w.org\/{rel}","templated":true}]}}