{"id":404,"date":"2023-12-03T11:29:41","date_gmt":"2023-12-03T09:29:41","guid":{"rendered":"https:\/\/tammetorubbq.ee\/?post_type=product&#038;p=404"},"modified":"2026-04-16T21:00:05","modified_gmt":"2026-04-16T18:00:05","slug":"bbq-succahi-dumakains-zvers","status":"publish","type":"product","link":"https:\/\/tammetorubbq.ee\/lv\/product-2\/bbq-succahi-dumakains-zvers\/","title":{"rendered":"BBQ Sm\u0113\u0137\u0113\u0161anas deglis Smoky Beast"},"content":{"rendered":"<p><strong>D\u016bmains zv\u0113rs<\/strong>\u00a0ir liel\u0101ka ietilp\u012bba nek\u0101 liel\u0101kajiem Kamado keramikas grilu mode\u013ciem (ar mar\u0137\u0113jumu XL, Big Joe\/Pro Joe). Abu grilu kop\u0113j\u0101 virsmas plat\u012bba ir 5865 cm2.<\/p>\n<p>Nav nepiecie\u0161ams glab\u0101t vai p\u0101rkl\u0101t grilu telp\u0101s uz ziemu, jo Cor-Ten un ner\u016bs\u0113jo\u0161ais t\u0113rauds var iztur\u0113t jebk\u0101dus laikapst\u0101k\u013cus. T\u0113rauds ar\u012b labi iztur temperat\u016bras sv\u0101rst\u012bbas - nav j\u0101baid\u0101s no t\u0101 l\u016b\u0161anas vai plais\u0101\u0161anas.<\/p>\n<p>Ja v\u0113laties p\u0101rvietot grilu no vienas vietas uz citu vai aizdot to draugam vai kaimi\u0146am, tas ir vienk\u0101r\u0161i - grilu var p\u0101rvad\u0101t kravas automa\u0161\u012bnas kast\u0113. Tas nav delik\u0101ts produkts, ar kuru b\u016btu j\u0101r\u012bkojas \u013coti uzman\u012bgi.<\/p>\n<p>&nbsp;<\/p>\n<p><strong>Tehniskie dati:<\/strong><\/p>\n<p>Cen\u0101 iek\u013cauts: kokog\u013cu vanna, modulis grila briket\u0113m, s\u0101nu plaukti.<strong><br \/>\n<\/strong><br \/>\nGrils ir izgatavots no 3 mm Cor-Ten t\u0113rauda, svars 101 kg.<br \/>\nGatavo\u0161anas un sild\u012b\u0161anas kameras ir atdal\u0101mas, un skurste\u0146i ir atdal\u0101mi.<br \/>\nGrila grili nav kr\u0101soti.<\/p>\n<p>Nesalau\u017eamas e\u0146\u0123es (5 mm ner\u016bs\u0113jo\u0161\u0101 t\u0113rauda).<\/p>\n<p>Cep\u0161anas papl\u0101tes izm\u0113rs ir 70 x 50 cm.<\/p>\n<p>Divas cep\u0161anas formas da\u017e\u0101dos l\u012bme\u0146os ar izm\u0113riem 68\u00d749 cm un 68\u00d734 cm. Materi\u0101ls ner\u016bs\u0113jo\u0161ais t\u0113rauds.<\/p>\n<p>Ietilp\u012bba: divos plauktos vienlaic\u012bgi var novietot aptuveni 20 kg kulin\u0101rijas ribi\u0146u.<\/p>\n<p>D\u016bmvadi ab\u0101s pus\u0113s nodro\u0161ina vienm\u0113r\u012bgu siltuma sadal\u012bjumu.<\/p>\n<p>\u016adens \u016bdens vann\u0101 tiek pievienots pa \u012bpa\u0161u cauruli, un kr\u0101sns nav j\u0101atver.<\/p>\n<p>Tauki izpl\u016bst no kr\u0101sns pa sl\u012bpu tekni un pil \u012bpa\u0161\u0101 spain\u012b.<\/p>\n<p>D\u016bmvadu aug\u0161da\u013c\u0101 ir aizb\u012bd\u0146i, kurus var izmantot, lai regul\u0113tu temperat\u016bru kr\u0101sn\u012b.<\/p>\n<p>Grils ir apr\u012bkots ar \u0101r\u0113jo termometru (skala 0-300 C).<\/p>\n<p>Kam\u012bna dzi\u013cums 48 cm, \u010duguna dibens.<\/p>\n<p>Pl\u012bts priek\u0161pus\u0113 ir 20\u00d720 cm pl\u012bts, kas paredz\u0113ta mop m\u0113r\u010du sild\u012b\u0161anai.<\/p>\n<p>Durvis var fiks\u0113t divos st\u0101vok\u013cos - tas ir labs veids, k\u0101 regul\u0113t temperat\u016bru.<\/p>\n<p>Divsienu durti\u0146as katlam nodro\u0161ina lab\u0101ku karstumiztur\u012bbu<\/p>\n<p>&nbsp;<\/p>\n<p>D\u016bmain\u0101 zv\u0113ra materi\u0101ls: Cor-Ten t\u0113rauds ir gandr\u012bz t\u012brs oglek\u013ca t\u0113rauds, bet apstr\u0101d\u0101ts, lai uz t\u0101 virsmas izveidotu aizsargk\u0101rtu, kas iztur\u0113tu dabas stihiju. Cor-Ten s\u0101kotn\u0113ji ir pel\u0113c\u012bgs, p\u0113c tam sarkan\u012bgi br\u016bns (r\u016bsai l\u012bdz\u012bgs tonis), laika gait\u0101 k\u013c\u016bst tum\u0161\u0101ks. Pareizi izmantots, Cor-Ten t\u0113rauds ir izteiksm\u012bgs, ilgm\u016b\u017e\u012bgs un neprasa apkopi, un tas unik\u0101l\u0101 veid\u0101 iztur\u0113s laika p\u0101rbaudi.<\/p>","protected":false},"excerpt":{"rendered":"<p><strong>Klassikaline kahe korstnaga BBQ-suitsuahi, millega k\u00fcpsetades saab parimaid maitseelamusi.<\/strong><\/p>\n<p>Valmistatakse k\u00e4sit\u00f6\u00f6na Cor-Ten terasest. BBQ-k\u00fcpsetamiseks saab ahju k\u00fctta nii puude- kui grillbriketiga.<\/p>\n<p>Lisaks saab kasutada ka <strong>s\u00f6egrillina<\/strong>. Kui BBQ k\u00fcpsetamiseks v\u00f5i suitsutamiseks tuleb kuumus alt k\u00fcttekoldest, siis grillimise jaoks on spetsiaalne s\u00f6evann, mis paigaldatakse k\u00fcpsetusrestide alla.<\/p>\n<p>Cor-Ten t\u0113rauda sarkan\u012bgi br\u016bn\u0101 kr\u0101sa ir saska\u0146ota ar ner\u016bs\u0113jo\u0161\u0101 t\u0113rauda deta\u013c\u0101m, un Smoky Beast izce\u013cas ar savu p\u0101rsteidzo\u0161o izskatu. Saturs neatpaliek no izskata, jo iepriek\u0161\u0113j\u0101s paaudzes mode\u013ci ir uzvar\u0113ju\u0161i daudzos gril\u0113\u0161anas konkursos.<\/p>\n<p><strong>NB! <\/strong>Alates 2025 aprillist on tuhasahtel ning rasva-, vee-, ja s\u00f6evannid valmistatud roostevabast terasest. Grillihooaja alguses ei pea tegema enam vannidele roostehooldust!<\/p>\n<p>&nbsp;<\/p>\n<p><img loading=\"lazy\" decoding=\"async\" class=\"alignnone wp-image-951\" src=\"http:\/\/tammetorubbq.ee\/wp-content\/uploads\/2023\/11\/GrillSymbol.png\" alt=\"\" width=\"153\" height=\"42\" srcset=\"https:\/\/tammetorubbq.ee\/wp-content\/uploads\/2023\/11\/GrillSymbol.png 273w, https:\/\/tammetorubbq.ee\/wp-content\/uploads\/2023\/11\/GrillSymbol-18x5.png 18w, https:\/\/tammetorubbq.ee\/wp-content\/uploads\/2023\/11\/GrillSymbol-64x18.png 64w\" sizes=\"auto, (max-width: 153px) 100vw, 153px\" \/><\/p>\n<p>&nbsp;<\/p>\n<p><a href=\"https:\/\/tammetorubbq.ee\/lv\/maksajiet-velak\/\"><strong>P\u0112RCIET TAGAD, MAKS\u0100JIET V\u0112L\u0100K<\/strong><\/a>\u00a0- bez procentiem!<\/p>\n<p><img loading=\"lazy\" decoding=\"async\" class=\"alignnone wp-image-2646\" src=\"http:\/\/tammetorubbq.ee\/wp-content\/uploads\/2023\/12\/inbank-wordmark.png\" alt=\"\" width=\"167\" height=\"75\" srcset=\"https:\/\/tammetorubbq.ee\/wp-content\/uploads\/2023\/12\/inbank-wordmark.png 300w, https:\/\/tammetorubbq.ee\/wp-content\/uploads\/2023\/12\/inbank-wordmark-18x8.png 18w, https:\/\/tammetorubbq.ee\/wp-content\/uploads\/2023\/12\/inbank-wordmark-64x29.png 64w\" sizes=\"auto, (max-width: 167px) 100vw, 167px\" \/><\/p>\n<p>M\u0113s pied\u0101v\u0101jam ar\u012b iesp\u0113ju maks\u0101t v\u0113l\u0101k - vien\u0101, div\u0101s vai trij\u0101s vien\u0101d\u0101s da\u013c\u0101s bez procentiem vai papildu maksas.<\/p>\n<p>M\u016bsu iepirkumu groz\u0101 varat atrast da\u017e\u0101das maks\u0101jumu iesp\u0113jas.<\/p>","protected":false},"featured_media":405,"comment_status":"open","ping_status":"closed","template":"","meta":{"_uf_show_specific_survey":0,"_uf_disable_surveys":false},"pwb-brand":[92],"product_brand":[],"product_cat":[57,53],"product_tag":[77,147,78,76],"class_list":{"0":"post-404","1":"product","2":"type-product","3":"status-publish","4":"has-post-thumbnail","6":"pwb-brand-grillsymbol","7":"product_cat-bbq-suitsuahjud","8":"product_cat-grillid","9":"product_tag-bbq-ahi","10":"product_tag-grillsymbol","11":"product_tag-soegrill","12":"product_tag-suitsuahi","14":"first","15":"instock","16":"taxable","17":"shipping-taxable","18":"purchasable","19":"product-type-simple"},"brands":[{"id":92,"name":"GrillSymbol","slug":"grila-simbols"}],"_links":{"self":[{"href":"https:\/\/tammetorubbq.ee\/lv\/wp-json\/wp\/v2\/product\/404","targetHints":{"allow":["GET"]}}],"collection":[{"href":"https:\/\/tammetorubbq.ee\/lv\/wp-json\/wp\/v2\/product"}],"about":[{"href":"https:\/\/tammetorubbq.ee\/lv\/wp-json\/wp\/v2\/types\/product"}],"replies":[{"embeddable":true,"href":"https:\/\/tammetorubbq.ee\/lv\/wp-json\/wp\/v2\/comments?post=404"}],"wp:featuredmedia":[{"embeddable":true,"href":"https:\/\/tammetorubbq.ee\/lv\/wp-json\/wp\/v2\/media\/405"}],"wp:attachment":[{"href":"https:\/\/tammetorubbq.ee\/lv\/wp-json\/wp\/v2\/media?parent=404"}],"wp:term":[{"taxonomy":"pwb-brand","embeddable":true,"href":"https:\/\/tammetorubbq.ee\/lv\/wp-json\/wp\/v2\/pwb-brand?post=404"},{"taxonomy":"product_brand","embeddable":true,"href":"https:\/\/tammetorubbq.ee\/lv\/wp-json\/wp\/v2\/product_brand?post=404"},{"taxonomy":"product_cat","embeddable":true,"href":"https:\/\/tammetorubbq.ee\/lv\/wp-json\/wp\/v2\/product_cat?post=404"},{"taxonomy":"product_tag","embeddable":true,"href":"https:\/\/tammetorubbq.ee\/lv\/wp-json\/wp\/v2\/product_tag?post=404"}],"curies":[{"name":"wp","href":"https:\/\/api.w.org\/{rel}","templated":true}]}}