{"id":4044,"date":"2025-10-16T10:02:14","date_gmt":"2025-10-16T07:02:14","guid":{"rendered":"https:\/\/tammetorubbq.ee\/?post_type=product&#038;p=4044"},"modified":"2026-05-02T12:00:10","modified_gmt":"2026-05-02T09:00:10","slug":"ninja-blnder-noteikt-jaudu-pro","status":"publish","type":"product","link":"https:\/\/tammetorubbq.ee\/lv\/toode\/ninja-blnder-detect-power-pro\/","title":{"rendered":"Ninja blnder Detect\u2122 Power Pro"},"content":{"rendered":"<table class=\"woocommerce-product-attributes shop_attributes\" aria-label=\"Inform\u0101cija par produktu\">\n<tbody>\n<tr class=\"woocommerce-product-attributes-item woocommerce-product-attributes-item--weight\">\n<th class=\"woocommerce-product-attributes-item__label\" style=\"text-align: left;\" scope=\"row\">Svars<\/th>\n<td class=\"woocommerce-product-attributes-item__value\">3,9 kg<\/td>\n<\/tr>\n<tr class=\"woocommerce-product-attributes-item woocommerce-product-attributes-item--dimensions\">\n<th class=\"woocommerce-product-attributes-item__label\" scope=\"row\">Izm\u0113ri<\/th>\n<td class=\"woocommerce-product-attributes-item__value\">17,5 \u00d7 21 \u00d7 44,5 cm<\/td>\n<\/tr>\n<\/tbody>\n<\/table>\n<p>&nbsp;<\/p>\n<p data-start=\"112\" data-end=\"348\"><strong data-start=\"112\" data-end=\"121\">Ninja<\/strong>\u00a0<strong>pre\u010du z\u012bme<\/strong>\u00a0ir paz\u012bstams amerik\u0101\u0146u sadz\u012bves tehnikas z\u012bmols, kas pieder uz\u0146\u0113mumam\u00a0<strong data-start=\"187\" data-end=\"201\">SharkNinja<\/strong>. \u0160is z\u012bmols ir nov\u0113rt\u0113ts par t\u0101\u00a0<strong data-start=\"225\" data-end=\"269\">gudri un lietot\u0101jam draudz\u012bgi risin\u0101jumi.<\/strong>\u00a0kas atvieglo un padara efekt\u012bv\u0101ku ikdienas gatavo\u0161anu.<\/p>\n<p data-start=\"350\" data-end=\"651\">Ninja kl\u0101st\u0101 ietilpst\u00a0<strong data-start=\"380\" data-end=\"434\">blenderi, virtuves kombaini, fritieri, multikr\u0101snis.<\/strong>\u00a0un arvien bie\u017e\u0101k ar\u012b\u00a0<strong data-start=\"452\" data-end=\"474\">\u0101ra virtuves apr\u012bkojums<\/strong>. Visi produkti ir izstr\u0101d\u0101ti t\u0101, lai apvienotu\u00a0<strong data-start=\"507\" data-end=\"564\">funkcionalit\u0101te, uzticam\u012bba un inovat\u012bvs dizains<\/strong>lai nodro\u0161in\u0101tu vislab\u0101ko instrumentu ikvienai virtuvei - gan m\u0101jas, gan profesion\u0101lai virtuvei.<\/p>","protected":false},"excerpt":{"rendered":"<p><strong data-start=\"203\" data-end=\"231\">Targem. Sp\u0113c\u012bg\u0101ks. Prec\u012bz\u0101ks.<\/strong><\/p>\n<p>Ninja Detect\u2122 Power Blender Pro ir gudra un jaud\u012bga virtuves ier\u012bce, kas apvieno klasisk\u0101 blendera un person\u012bg\u0101 sm\u016btijveidot\u0101ja funkcijas. Pateicoties <strong data-start=\"380\" data-end=\"409\">BlendSense\u2122 tehnolo\u0123ija<\/strong> autom\u0101tiski nosaka sast\u0101vda\u013cu daudzumu un bl\u012bvumu un piel\u0101go \u0101trumu, laiku un jaudu, lai katru reizi ieg\u016btu perfektu rezult\u0101tu - neatkar\u012bgi no t\u0101, vai tas ir kokteilis, zupa vai sald\u0113ts dz\u0113riens.<\/p>\n<h4 data-start=\"605\" data-end=\"631\"><strong data-start=\"610\" data-end=\"631\">Galven\u0101s iez\u012bmes<\/strong><\/h4>\n<ul data-start=\"632\" data-end=\"1216\">\n<li data-start=\"632\" data-end=\"724\">\n<p data-start=\"634\" data-end=\"724\"><strong data-start=\"634\" data-end=\"661\">BlendSense\u2122 tehnolo\u0123ija<\/strong> - autom\u0101tiski nosaka sast\u0101vda\u013cas un piel\u0101go darb\u012bbas re\u017e\u012bmu.<\/p>\n<\/li>\n<li data-start=\"725\" data-end=\"811\">\n<p data-start=\"727\" data-end=\"811\"><strong data-start=\"727\" data-end=\"772\">10 manu\u0101lie \u0101trumi + puls\u0101cijas re\u017e\u012bms<\/strong> prec\u012bzai konsistences kontrolei<\/p>\n<\/li>\n<li data-start=\"812\" data-end=\"891\">\n<p data-start=\"814\" data-end=\"891\"><strong data-start=\"814\" data-end=\"838\">Jaud\u012bgs 1200 W motors<\/strong> acumirkl\u012b sasmalcina pat smagas un sald\u0113tas sast\u0101vda\u013cas.<\/p>\n<\/li>\n<li data-start=\"892\" data-end=\"970\">\n<p data-start=\"894\" data-end=\"970\"><strong data-start=\"894\" data-end=\"915\">2,1 L blendera kr\u016bze<\/strong> (1,9 l ietilp\u012bba) ar \u0113rtu rokturi un izlie\u0161anas uzgali<\/p>\n<\/li>\n<li data-start=\"971\" data-end=\"1049\">\n<p data-start=\"973\" data-end=\"1049\"><strong data-start=\"973\" data-end=\"1004\">15 iepriek\u0161 iestat\u012btas programmas<\/strong> da\u017e\u0101d\u0101m recept\u0113m un sast\u0101vda\u013c\u0101m<\/p>\n<\/li>\n<li data-start=\"1050\" data-end=\"1143\">\n<p data-start=\"1052\" data-end=\"1143\"><strong data-start=\"1052\" data-end=\"1104\">Tr\u012bssl\u0101\u0146u ner\u016bs\u0113jo\u0161\u0101 t\u0113rauda komplekts<\/strong> nodro\u0161ina vienm\u0113r\u012bgu un z\u012bdainu rezult\u0101tu<\/p>\n<\/li>\n<li data-start=\"1144\" data-end=\"1216\">\n<p data-start=\"1146\" data-end=\"1216\"><strong data-start=\"1146\" data-end=\"1180\">Mazg\u0101jamas trauku mazg\u0101jam\u0101 ma\u0161\u012bn\u0101<\/strong> \u0101trai un vieglai t\u012br\u012b\u0161anai<\/p>\n<\/li>\n<\/ul>\n<h4 data-start=\"1223\" data-end=\"1269\"><strong data-start=\"1228\" data-end=\"1269\">K\u0101 darbojas BlendSense\u2122 tehnolo\u0123ija<\/strong><\/h4>\n<ul data-start=\"1270\" data-end=\"1544\">\n<li data-start=\"1270\" data-end=\"1354\">\n<p data-start=\"1272\" data-end=\"1354\"><strong data-start=\"1272\" data-end=\"1298\">Griezes momenta noteik\u0161ana<\/strong> regul\u0113 jaudu atkar\u012bb\u0101 no sast\u0101vda\u013cu bl\u012bvuma.<\/p>\n<\/li>\n<li data-start=\"1355\" data-end=\"1442\">\n<p data-start=\"1357\" data-end=\"1442\"><strong data-start=\"1357\" data-end=\"1373\">Ledus noteik\u0161ana<\/strong> optimiz\u0113 smalcin\u0101\u0161anas jaudu sald\u0113tiem dz\u0113rieniem un koktei\u013ciem.<\/p>\n<\/li>\n<li data-start=\"1443\" data-end=\"1544\">\n<p data-start=\"1445\" data-end=\"1544\"><strong data-start=\"1445\" data-end=\"1464\">Daudzuma noteik\u0161ana<\/strong> autom\u0101tiski piel\u0101go mais\u012b\u0161anas \u0101trumu un laiku, lai sasniegtu ide\u0101lu rezult\u0101tu.<\/p>\n<\/li>\n<\/ul>\n<h4 data-start=\"1551\" data-end=\"1577\"><strong data-start=\"1556\" data-end=\"1577\">Tehniskie dati<\/strong><\/h4>\n<ul data-start=\"1578\" data-end=\"1802\">\n<li data-start=\"1578\" data-end=\"1601\">\n<p data-start=\"1580\" data-end=\"1601\">Jauda: <strong data-start=\"1589\" data-end=\"1599\">1200 W<\/strong><\/p>\n<\/li>\n<li data-start=\"1602\" data-end=\"1641\">\n<p data-start=\"1604\" data-end=\"1641\">Kr\u016bzes ietilp\u012bba: <strong data-start=\"1616\" data-end=\"1639\">1,9 L (tilpums)<\/strong><\/p>\n<\/li>\n<li data-start=\"1642\" data-end=\"1666\">\n<p data-start=\"1644\" data-end=\"1666\">\u0100trumu skaits: <strong data-start=\"1658\" data-end=\"1664\">10<\/strong><\/p>\n<\/li>\n<li data-start=\"1667\" data-end=\"1697\">\n<p data-start=\"1669\" data-end=\"1697\">Puls\u0101cijas re\u017e\u012bms: <strong data-start=\"1688\" data-end=\"1695\">J\u0101<\/strong><\/p>\n<\/li>\n<li data-start=\"1698\" data-end=\"1725\">\n<p data-start=\"1700\" data-end=\"1725\">Programmu skaits: <strong data-start=\"1717\" data-end=\"1723\">15<\/strong><\/p>\n<\/li>\n<li data-start=\"1726\" data-end=\"1771\">\n<p data-start=\"1728\" data-end=\"1771\">Materi\u0101ls: <strong data-start=\"1738\" data-end=\"1769\">plastmasa un ner\u016bs\u0113jo\u0161ais t\u0113rauds<\/strong><\/p>\n<\/li>\n<li data-start=\"1772\" data-end=\"1802\">\n<p data-start=\"1774\" data-end=\"1802\">Kr\u0101sa: <strong data-start=\"1780\" data-end=\"1800\">meln\u0101 un sudraba kr\u0101s\u0101<\/strong><\/p>\n<\/li>\n<\/ul>\n<h4 data-start=\"1809\" data-end=\"1826\"><strong data-start=\"1814\" data-end=\"1826\">S\u012bk\u0101ka inform\u0101cija<\/strong><\/h4>\n<ul data-start=\"1827\" data-end=\"2019\">\n<li data-start=\"1827\" data-end=\"1906\">\n<p data-start=\"1829\" data-end=\"1906\">Blendera funkcijas: ledus drupin\u0101\u0161ana, blend\u0113\u0161ana, koktei\u013cu, m\u0113r\u010du un zupu pagatavo\u0161ana.<\/p>\n<\/li>\n<li data-start=\"1907\" data-end=\"1941\">\n<p data-start=\"1909\" data-end=\"1941\">Komplekt\u0101 ietilpst: 2,1 L kr\u016bze un v\u0101ks<\/p>\n<\/li>\n<li data-start=\"1942\" data-end=\"2019\">\n<p data-start=\"1944\" data-end=\"2019\">\u012apa\u0161as funkcijas: BlendSense\u2122 tehnolo\u0123ija un iepriek\u0161 iestat\u012btas autom\u0101tisk\u0101s programmas.<\/p>\n<\/li>\n<\/ul>\n<p><img loading=\"lazy\" decoding=\"async\" class=\"wp-image-3980\" src=\"http:\/\/tammetorubbq.ee\/wp-content\/uploads\/2025\/10\/Ninja-logo-300x300.webp\" alt=\"Ninja logotips\" width=\"180\" height=\"180\" srcset=\"https:\/\/tammetorubbq.ee\/wp-content\/uploads\/2025\/10\/Ninja-logo-300x300.webp 300w, https:\/\/tammetorubbq.ee\/wp-content\/uploads\/2025\/10\/Ninja-logo-150x150.webp 150w, https:\/\/tammetorubbq.ee\/wp-content\/uploads\/2025\/10\/Ninja-logo-12x12.webp 12w, https:\/\/tammetorubbq.ee\/wp-content\/uploads\/2025\/10\/Ninja-logo-600x600.webp 600w, https:\/\/tammetorubbq.ee\/wp-content\/uploads\/2025\/10\/Ninja-logo-64x64.webp 64w, https:\/\/tammetorubbq.ee\/wp-content\/uploads\/2025\/10\/Ninja-logo.webp 680w\" sizes=\"auto, (max-width: 180px) 100vw, 180px\" \/><\/p>\n<p><a href=\"https:\/\/tammetorubbq.ee\/lv\/maksajiet-velak\/\"><strong>P\u0112RCIET TAGAD, MAKS\u0100JIET V\u0112L\u0100K<\/strong><\/a>\u00a0- bez procentiem!<\/p>\n<p><img loading=\"lazy\" decoding=\"async\" class=\"alignnone wp-image-2646\" src=\"http:\/\/tammetorubbq.ee\/wp-content\/uploads\/2023\/12\/inbank-wordmark.png\" alt=\"\" width=\"167\" height=\"75\" srcset=\"https:\/\/tammetorubbq.ee\/wp-content\/uploads\/2023\/12\/inbank-wordmark.png 300w, https:\/\/tammetorubbq.ee\/wp-content\/uploads\/2023\/12\/inbank-wordmark-18x8.png 18w, https:\/\/tammetorubbq.ee\/wp-content\/uploads\/2023\/12\/inbank-wordmark-64x29.png 64w\" sizes=\"auto, (max-width: 167px) 100vw, 167px\" \/><\/p>\n<p>M\u0113s pied\u0101v\u0101jam ar\u012b iesp\u0113ju maks\u0101t v\u0113l\u0101k - vien\u0101, div\u0101s vai trij\u0101s vien\u0101d\u0101s da\u013c\u0101s bez procentiem vai papildu maksas.<\/p>\n<p>M\u016bsu iepirkumu groz\u0101 varat atrast da\u017e\u0101das maks\u0101jumu iesp\u0113jas.<\/p>","protected":false},"featured_media":4050,"comment_status":"open","ping_status":"closed","template":"","meta":{"_uf_show_specific_survey":0,"_uf_disable_surveys":false},"pwb-brand":[214],"product_brand":[],"product_cat":[194,198],"product_tag":[218],"class_list":{"0":"post-4044","1":"product","2":"type-product","3":"status-publish","4":"has-post-thumbnail","6":"pwb-brand-ninja","7":"product_cat-ninja-koogiseadmed","8":"product_cat-blenderid-ja-koogikombainid","9":"product_tag-blender","11":"first","12":"instock","13":"taxable","14":"shipping-taxable","15":"purchasable","16":"product-type-simple"},"brands":[{"id":214,"name":"Ninja","slug":"ninja"}],"_links":{"self":[{"href":"https:\/\/tammetorubbq.ee\/lv\/wp-json\/wp\/v2\/product\/4044","targetHints":{"allow":["GET"]}}],"collection":[{"href":"https:\/\/tammetorubbq.ee\/lv\/wp-json\/wp\/v2\/product"}],"about":[{"href":"https:\/\/tammetorubbq.ee\/lv\/wp-json\/wp\/v2\/types\/product"}],"replies":[{"embeddable":true,"href":"https:\/\/tammetorubbq.ee\/lv\/wp-json\/wp\/v2\/comments?post=4044"}],"wp:featuredmedia":[{"embeddable":true,"href":"https:\/\/tammetorubbq.ee\/lv\/wp-json\/wp\/v2\/media\/4050"}],"wp:attachment":[{"href":"https:\/\/tammetorubbq.ee\/lv\/wp-json\/wp\/v2\/media?parent=4044"}],"wp:term":[{"taxonomy":"pwb-brand","embeddable":true,"href":"https:\/\/tammetorubbq.ee\/lv\/wp-json\/wp\/v2\/pwb-brand?post=4044"},{"taxonomy":"product_brand","embeddable":true,"href":"https:\/\/tammetorubbq.ee\/lv\/wp-json\/wp\/v2\/product_brand?post=4044"},{"taxonomy":"product_cat","embeddable":true,"href":"https:\/\/tammetorubbq.ee\/lv\/wp-json\/wp\/v2\/product_cat?post=4044"},{"taxonomy":"product_tag","embeddable":true,"href":"https:\/\/tammetorubbq.ee\/lv\/wp-json\/wp\/v2\/product_tag?post=4044"}],"curies":[{"name":"wp","href":"https:\/\/api.w.org\/{rel}","templated":true}]}}