{"id":4051,"date":"2025-10-16T10:14:22","date_gmt":"2025-10-16T07:14:22","guid":{"rendered":"https:\/\/tammetorubbq.ee\/?post_type=product&#038;p=4051"},"modified":"2026-04-16T18:00:04","modified_gmt":"2026-04-16T15:00:04","slug":"ninja-supiblender-foodi-17l","status":"publish","type":"product","link":"https:\/\/tammetorubbq.ee\/lv\/product-2\/ninja-supiblender-foodi-17l\/","title":{"rendered":"Ninja supermikseris Foodi 1,7L"},"content":{"rendered":"<table class=\"woocommerce-product-attributes shop_attributes\" aria-label=\"Inform\u0101cija par produktu\">\n<tbody>\n<tr class=\"woocommerce-product-attributes-item woocommerce-product-attributes-item--weight\">\n<th class=\"woocommerce-product-attributes-item__label\" style=\"text-align: left;\" scope=\"row\">Svars<\/th>\n<td class=\"woocommerce-product-attributes-item__value\">5,6 kg<\/td>\n<\/tr>\n<tr class=\"woocommerce-product-attributes-item woocommerce-product-attributes-item--dimensions\">\n<th class=\"woocommerce-product-attributes-item__label\" scope=\"row\">Izm\u0113ri<\/th>\n<td class=\"woocommerce-product-attributes-item__value\">21,5 \u00d7 20 \u00d7 45 cm<\/td>\n<\/tr>\n<\/tbody>\n<\/table>\n<p>&nbsp;<\/p>\n<p data-start=\"112\" data-end=\"348\"><strong data-start=\"112\" data-end=\"121\">Ninja<\/strong>\u00a0<strong>pre\u010du z\u012bme<\/strong>\u00a0ir paz\u012bstams amerik\u0101\u0146u sadz\u012bves tehnikas z\u012bmols, kas pieder uz\u0146\u0113mumam\u00a0<strong data-start=\"187\" data-end=\"201\">SharkNinja<\/strong>. \u0160is z\u012bmols ir nov\u0113rt\u0113ts par t\u0101\u00a0<strong data-start=\"225\" data-end=\"269\">gudri un lietot\u0101jam draudz\u012bgi risin\u0101jumi.<\/strong>\u00a0kas atvieglo un padara efekt\u012bv\u0101ku ikdienas gatavo\u0161anu.<\/p>\n<p data-start=\"350\" data-end=\"651\">Ninja kl\u0101st\u0101 ietilpst\u00a0<strong data-start=\"380\" data-end=\"434\">blenderi, virtuves kombaini, fritieri, multikr\u0101snis.<\/strong>\u00a0un arvien bie\u017e\u0101k ar\u012b\u00a0<strong data-start=\"452\" data-end=\"474\">\u0101ra virtuves apr\u012bkojums<\/strong>. Visi produkti ir izstr\u0101d\u0101ti t\u0101, lai apvienotu\u00a0<strong data-start=\"507\" data-end=\"564\">funkcionalit\u0101te, uzticam\u012bba un inovat\u012bvs dizains<\/strong>lai nodro\u0161in\u0101tu vislab\u0101ko instrumentu ikvienai virtuvei - gan m\u0101jas, gan profesion\u0101lai virtuvei.<\/p>","protected":false},"excerpt":{"rendered":"<p><strong data-start=\"123\" data-end=\"177\">Sagatavojiet karstos un aukstos ce\u013cus ar vienu piesk\u0101rienu.<\/strong><\/p>\n<p>Ninja zupu blender\u012b ir apvienots jaud\u012bgs blenderis ar gudru sild\u012b\u0161anas funkciju, lai j\u016bs var\u0113tu pagatavot kr\u0113m\u012bgas zupas un svaigus koktei\u013cus. Ieb\u016bv\u0113ts <strong data-start=\"349\" data-end=\"371\">prec\u012bzs sildelements<\/strong> Uzkars\u0113 un pagatavo zupu tikai 20 min\u016bt\u0113s, bet jaud\u012bgais nazis nodro\u0161ina vienm\u0113r\u012bgu un z\u012bdainu rezult\u0101tu.<\/p>\n<h4 data-start=\"491\" data-end=\"517\"><strong data-start=\"496\" data-end=\"517\">Galven\u0101s iez\u012bmes<\/strong><\/h4>\n<ul data-start=\"518\" data-end=\"970\">\n<li data-start=\"518\" data-end=\"592\">\n<p data-start=\"520\" data-end=\"592\"><strong data-start=\"520\" data-end=\"550\">Ieb\u016bv\u0113ts sildelements<\/strong> - pagatavo un sajauc zupu tikai 20 min\u016bt\u0113s.<\/p>\n<\/li>\n<li data-start=\"593\" data-end=\"676\">\n<p data-start=\"595\" data-end=\"676\"><strong data-start=\"595\" data-end=\"618\">Jaud\u012bgs smalcin\u0101t\u0101js<\/strong> viegli apstr\u0101d\u0101 aug\u013cus, d\u0101rze\u0146us, riekstus un sald\u0113jumu.<\/p>\n<\/li>\n<li data-start=\"677\" data-end=\"746\">\n<p data-start=\"679\" data-end=\"746\"><strong data-start=\"679\" data-end=\"703\">10 Auto-iQ programma<\/strong> nodro\u0161ina prec\u012bzu un autom\u0101tisku ra\u017eo\u0161anu.<\/p>\n<\/li>\n<li data-start=\"747\" data-end=\"810\">\n<p data-start=\"749\" data-end=\"810\"><strong data-start=\"749\" data-end=\"774\">Karstumiztur\u012bga stikla kr\u016bze<\/strong> ar pret \u0161\u013cakat\u0101m dro\u0161u v\u0101ku un m\u0113rgl\u0101zi<\/p>\n<\/li>\n<li data-start=\"811\" data-end=\"875\">\n<p data-start=\"813\" data-end=\"875\"><strong data-start=\"813\" data-end=\"833\">T\u012br\u012b\u0161anas programma<\/strong> un nel\u012bpo\u0161s p\u0101rkl\u0101jums, kas atvieglo apkopi<\/p>\n<\/li>\n<li data-start=\"876\" data-end=\"970\">\n<p data-start=\"878\" data-end=\"970\">Piem\u0113rots zup\u0101m, m\u0113rc\u0113m, iev\u0101r\u012bjumiem, desertiem, koktei\u013ciem un aukstiem dz\u0113rieniem.<\/p>\n<\/li>\n<\/ul>\n<h4 data-start=\"977\" data-end=\"1003\"><strong data-start=\"982\" data-end=\"1003\">Tehniskie dati<\/strong><\/h4>\n<ul data-start=\"1004\" data-end=\"1310\">\n<li data-start=\"1004\" data-end=\"1027\">\n<p data-start=\"1006\" data-end=\"1027\">Jauda: <strong data-start=\"1015\" data-end=\"1025\">1000 W<\/strong><\/p>\n<\/li>\n<li data-start=\"1028\" data-end=\"1053\">\n<p data-start=\"1030\" data-end=\"1053\">Kr\u016bzes ietilp\u012bba: <strong data-start=\"1042\" data-end=\"1051\">1,7 L<\/strong><\/p>\n<\/li>\n<li data-start=\"1054\" data-end=\"1089\">\n<p data-start=\"1056\" data-end=\"1089\">Materi\u0101ls: <strong data-start=\"1066\" data-end=\"1087\">karstumiztur\u012bgs stikls<\/strong><\/p>\n<\/li>\n<li data-start=\"1090\" data-end=\"1113\">\n<p data-start=\"1092\" data-end=\"1113\">\u0100trumu skaits: <strong data-start=\"1106\" data-end=\"1111\">3<\/strong><\/p>\n<\/li>\n<li data-start=\"1114\" data-end=\"1144\">\n<p data-start=\"1116\" data-end=\"1144\">Puls\u0101cijas re\u017e\u012bms: <strong data-start=\"1135\" data-end=\"1142\">J\u0101<\/strong><\/p>\n<\/li>\n<li data-start=\"1145\" data-end=\"1177\">\n<p data-start=\"1147\" data-end=\"1177\">Pa\u0161att\u012br\u012b\u0161an\u0101s programma: <strong data-start=\"1168\" data-end=\"1175\">J\u0101<\/strong><\/p>\n<\/li>\n<li data-start=\"1178\" data-end=\"1221\">\n<p data-start=\"1180\" data-end=\"1221\">Da\u013cas var mazg\u0101t trauku mazg\u0101jam\u0101 ma\u0161\u012bn\u0101: <strong data-start=\"1212\" data-end=\"1219\">J\u0101<\/strong><\/p>\n<\/li>\n<li data-start=\"1222\" data-end=\"1260\">\n<p data-start=\"1224\" data-end=\"1260\">Siltuma saglab\u0101\u0161anas funkcija: <strong data-start=\"1251\" data-end=\"1258\">J\u0101<\/strong><\/p>\n<\/li>\n<li data-start=\"1261\" data-end=\"1310\">\n<p data-start=\"1263\" data-end=\"1310\">Taimeris un <strong data-start=\"1273\" data-end=\"1287\">LED ekr\u0101ns<\/strong> \u0113rtai brauk\u0161anai<\/p>\n<\/li>\n<\/ul>\n<h4 data-start=\"1317\" data-end=\"1334\"><strong data-start=\"1322\" data-end=\"1334\">S\u012bk\u0101ka inform\u0101cija<\/strong><\/h4>\n<ul data-start=\"1335\" data-end=\"1560\">\n<li data-start=\"1335\" data-end=\"1418\">\n<p data-start=\"1337\" data-end=\"1418\">Blendera funkcijas: ledus drupin\u0101\u0161ana, blend\u0113\u0161ana, gatavo\u0161ana un siltuma saglab\u0101\u0161ana.<\/p>\n<\/li>\n<li data-start=\"1419\" data-end=\"1493\">\n<p data-start=\"1421\" data-end=\"1493\">Auto-iQ tehnolo\u0123ija nodro\u0161ina autom\u0101tisku temperat\u016bras un \u0101truma kontroli<\/p>\n<\/li>\n<li data-start=\"1494\" data-end=\"1560\">\n<p data-start=\"1496\" data-end=\"1560\">Nesl\u012bdo\u0161a pamatne un aizsargs pret \u0161\u013cakat\u0101m dro\u0161ai lieto\u0161anai<\/p>\n<\/li>\n<\/ul>\n<p><img loading=\"lazy\" decoding=\"async\" class=\"wp-image-3980\" src=\"http:\/\/tammetorubbq.ee\/wp-content\/uploads\/2025\/10\/Ninja-logo-300x300.webp\" alt=\"Ninja logotips\" width=\"180\" height=\"180\" srcset=\"https:\/\/tammetorubbq.ee\/wp-content\/uploads\/2025\/10\/Ninja-logo-300x300.webp 300w, https:\/\/tammetorubbq.ee\/wp-content\/uploads\/2025\/10\/Ninja-logo-150x150.webp 150w, https:\/\/tammetorubbq.ee\/wp-content\/uploads\/2025\/10\/Ninja-logo-12x12.webp 12w, https:\/\/tammetorubbq.ee\/wp-content\/uploads\/2025\/10\/Ninja-logo-600x600.webp 600w, https:\/\/tammetorubbq.ee\/wp-content\/uploads\/2025\/10\/Ninja-logo-64x64.webp 64w, https:\/\/tammetorubbq.ee\/wp-content\/uploads\/2025\/10\/Ninja-logo.webp 680w\" sizes=\"auto, (max-width: 180px) 100vw, 180px\" \/><\/p>\n<p><a href=\"https:\/\/tammetorubbq.ee\/lv\/maksajiet-velak\/\"><strong>P\u0112RCIET TAGAD, MAKS\u0100JIET V\u0112L\u0100K<\/strong><\/a>\u00a0- bez procentiem!<\/p>\n<p><img loading=\"lazy\" decoding=\"async\" class=\"alignnone wp-image-2646\" src=\"http:\/\/tammetorubbq.ee\/wp-content\/uploads\/2023\/12\/inbank-wordmark.png\" alt=\"\" width=\"167\" height=\"75\" srcset=\"https:\/\/tammetorubbq.ee\/wp-content\/uploads\/2023\/12\/inbank-wordmark.png 300w, https:\/\/tammetorubbq.ee\/wp-content\/uploads\/2023\/12\/inbank-wordmark-18x8.png 18w, https:\/\/tammetorubbq.ee\/wp-content\/uploads\/2023\/12\/inbank-wordmark-64x29.png 64w\" sizes=\"auto, (max-width: 167px) 100vw, 167px\" \/><\/p>\n<p>M\u0113s pied\u0101v\u0101jam ar\u012b iesp\u0113ju maks\u0101t v\u0113l\u0101k - vien\u0101, div\u0101s vai trij\u0101s vien\u0101d\u0101s da\u013c\u0101s bez procentiem vai papildu maksas.<\/p>\n<p>M\u016bsu iepirkumu groz\u0101 varat atrast da\u017e\u0101das maks\u0101jumu iesp\u0113jas.<\/p>","protected":false},"featured_media":4056,"comment_status":"open","ping_status":"closed","template":"","meta":{"_uf_show_specific_survey":0,"_uf_disable_surveys":false},"pwb-brand":[214],"product_brand":[],"product_cat":[194,198],"product_tag":[218],"class_list":{"0":"post-4051","1":"product","2":"type-product","3":"status-publish","4":"has-post-thumbnail","6":"pwb-brand-ninja","7":"product_cat-ninja-koogiseadmed","8":"product_cat-blenderid-ja-koogikombainid","9":"product_tag-blender","11":"first","12":"instock","13":"taxable","14":"shipping-taxable","15":"purchasable","16":"product-type-simple"},"brands":[{"id":214,"name":"Ninja","slug":"ninja"}],"_links":{"self":[{"href":"https:\/\/tammetorubbq.ee\/lv\/wp-json\/wp\/v2\/product\/4051","targetHints":{"allow":["GET"]}}],"collection":[{"href":"https:\/\/tammetorubbq.ee\/lv\/wp-json\/wp\/v2\/product"}],"about":[{"href":"https:\/\/tammetorubbq.ee\/lv\/wp-json\/wp\/v2\/types\/product"}],"replies":[{"embeddable":true,"href":"https:\/\/tammetorubbq.ee\/lv\/wp-json\/wp\/v2\/comments?post=4051"}],"wp:featuredmedia":[{"embeddable":true,"href":"https:\/\/tammetorubbq.ee\/lv\/wp-json\/wp\/v2\/media\/4056"}],"wp:attachment":[{"href":"https:\/\/tammetorubbq.ee\/lv\/wp-json\/wp\/v2\/media?parent=4051"}],"wp:term":[{"taxonomy":"pwb-brand","embeddable":true,"href":"https:\/\/tammetorubbq.ee\/lv\/wp-json\/wp\/v2\/pwb-brand?post=4051"},{"taxonomy":"product_brand","embeddable":true,"href":"https:\/\/tammetorubbq.ee\/lv\/wp-json\/wp\/v2\/product_brand?post=4051"},{"taxonomy":"product_cat","embeddable":true,"href":"https:\/\/tammetorubbq.ee\/lv\/wp-json\/wp\/v2\/product_cat?post=4051"},{"taxonomy":"product_tag","embeddable":true,"href":"https:\/\/tammetorubbq.ee\/lv\/wp-json\/wp\/v2\/product_tag?post=4051"}],"curies":[{"name":"wp","href":"https:\/\/api.w.org\/{rel}","templated":true}]}}